{"id":47505,"date":"2026-03-07T10:30:34","date_gmt":"2026-03-07T09:30:34","guid":{"rendered":"https:\/\/lentraide.es\/?post_type=product&#038;p=47505"},"modified":"2026-03-07T11:41:56","modified_gmt":"2026-03-07T10:41:56","slug":"cocktail-golf","status":"publish","type":"product","link":"https:\/\/lentraide.es\/fr\/tienda\/cocktail-golf\/","title":{"rendered":"Cocktail Tournoi Golf \u2013 12 Juin 2026 \u00e0 20h"},"content":{"rendered":"<div class=\"wpb-content-wrapper\"><p>[vc_row css_animation=\u00a0\u00bb\u00a0\u00bb row_type=\u00a0\u00bbrow\u00a0\u00bb use_row_as_full_screen_section=\u00a0\u00bbno\u00a0\u00bb type=\u00a0\u00bbfull_width\u00a0\u00bb angled_section=\u00a0\u00bbno\u00a0\u00bb text_align=\u00a0\u00bbleft\u00a0\u00bb background_image_as_pattern=\u00a0\u00bbwithout_pattern\u00a0\u00bb][vc_column]\n<div class=\"wpcf7 no-js\" id=\"wpcf7-f47369-o1\" lang=\"fr-FR\" dir=\"ltr\" data-wpcf7-id=\"47369\">\n<div class=\"screen-reader-response\"><p role=\"status\" aria-live=\"polite\" aria-atomic=\"true\"><\/p> <ul><\/ul><\/div>\n<form action=\"\/fr\/wp-json\/wp\/v2\/product\/47505#wpcf7-f47369-o1\" method=\"post\" class=\"wpcf7-form init default\" aria-label=\"Formulaire de contact\" novalidate=\"novalidate\" data-status=\"init\">\n<fieldset class=\"hidden-fields-container\"><input type=\"hidden\" name=\"_wpcf7\" value=\"47369\" \/><input type=\"hidden\" name=\"_wpcf7_version\" value=\"6.1.5\" \/><input type=\"hidden\" name=\"_wpcf7_locale\" value=\"fr_FR\" \/><input type=\"hidden\" name=\"_wpcf7_unit_tag\" value=\"wpcf7-f47369-o1\" \/><input type=\"hidden\" name=\"_wpcf7_container_post\" value=\"0\" \/><input type=\"hidden\" name=\"_wpcf7_posted_data_hash\" value=\"\" \/><input type=\"hidden\" name=\"_wpcf7_recaptcha_response\" value=\"\" \/>\n<\/fieldset>\n<div class=\"vc_row\">\n\t<div class=\"form-group\">\n\t\t<div class=\"vc_col-sm-4\">\n\t\t\t<p><b><label> Pr\u00e9nom\/Nombre<br \/>\n<span class=\"wpcf7-form-control-wrap\" data-name=\"Nombre1\"><input size=\"40\" maxlength=\"400\" class=\"wpcf7-form-control wpcf7-text wpcf7-validates-as-required\" aria-required=\"true\" aria-invalid=\"false\" value=\"\" type=\"text\" name=\"Nombre1\" \/><\/span> <\/label><\/b>\n\t\t\t<\/p>\n\t\t<\/div>\n\t\t<div class=\"vc_col-sm-4\">\n\t\t\t<p><b><label> Nom\/Apellidos<br \/>\n<span class=\"wpcf7-form-control-wrap\" data-name=\"Apellido1\"><input size=\"40\" maxlength=\"400\" class=\"wpcf7-form-control wpcf7-text wpcf7-validates-as-required\" aria-required=\"true\" aria-invalid=\"false\" value=\"\" type=\"text\" name=\"Apellido1\" \/><\/span> <\/label><\/b>\n\t\t\t<\/p>\n\t\t<\/div>\n\t\t<div class=\"vc_col-sm-4\">\n\t\t\t<p><b><label> DNI\/NIE<br \/>\n<span class=\"wpcf7-form-control-wrap\" data-name=\"Identification1\"><input size=\"40\" maxlength=\"400\" class=\"wpcf7-form-control wpcf7-text wpcf7-validates-as-required\" aria-required=\"true\" aria-invalid=\"false\" value=\"\" type=\"text\" name=\"Identification1\" \/><\/span> <\/label><\/b>\n\t\t\t<\/p>\n\t\t<\/div>\n\t<\/div>\n<\/div>\n<div class=\"vc_row\">\n\t<div class=\"form-group\">\n\t\t<div class=\"vc_col-sm-4\">\n\t\t\t<p><label> <b> Pr\u00e9nom\/Nombre<br \/>\n<span class=\"wpcf7-form-control-wrap\" data-name=\"Nombre2\"><input size=\"40\" maxlength=\"400\" class=\"wpcf7-form-control wpcf7-text\" aria-invalid=\"false\" value=\"\" type=\"text\" name=\"Nombre2\" \/><\/span> <\/b> <\/label>\n\t\t\t<\/p>\n\t\t<\/div>\n\t\t<div class=\"vc_col-sm-4\">\n\t\t\t<p><label> <b> Nom\/Apellidos<br \/>\n<span class=\"wpcf7-form-control-wrap\" data-name=\"Apellido2\"><input size=\"40\" maxlength=\"400\" class=\"wpcf7-form-control wpcf7-text\" aria-invalid=\"false\" value=\"\" type=\"text\" name=\"Apellido2\" \/><\/span> <\/b><\/label>\n\t\t\t<\/p>\n\t\t<\/div>\n\t\t<div class=\"vc_col-sm-4\">\n\t\t\t<p><label> <b> DNI\/NIE<br \/>\n<span class=\"wpcf7-form-control-wrap\" data-name=\"Identification2\"><input size=\"40\" maxlength=\"400\" class=\"wpcf7-form-control wpcf7-text\" aria-invalid=\"false\" value=\"\" type=\"text\" name=\"Identification2\" \/><\/span> <\/b> <\/label>\n\t\t\t<\/p>\n\t\t<\/div>\n\t<\/div>\n<\/div>\n<div class=\"vc_row\">\n\t<div class=\"form-group\">\n\t\t<div class=\"vc_col-sm-4\">\n\t\t\t<p><label> <b> Pr\u00e9nom\/Nombre<br \/>\n<span class=\"wpcf7-form-control-wrap\" data-name=\"Nombre3\"><input size=\"40\" maxlength=\"400\" class=\"wpcf7-form-control wpcf7-text\" aria-invalid=\"false\" value=\"\" type=\"text\" name=\"Nombre3\" \/><\/span> <\/b> <\/label>\n\t\t\t<\/p>\n\t\t<\/div>\n\t\t<div class=\"vc_col-sm-4\">\n\t\t\t<p><label> <b> Nom\/Apellidos<br \/>\n<span class=\"wpcf7-form-control-wrap\" data-name=\"Apellido3\"><input size=\"40\" maxlength=\"400\" class=\"wpcf7-form-control wpcf7-text\" aria-invalid=\"false\" value=\"\" type=\"text\" name=\"Apellido3\" \/><\/span> <\/b> <\/label>\n\t\t\t<\/p>\n\t\t<\/div>\n\t\t<div class=\"vc_col-sm-4\">\n\t\t\t<p><label> <b> DNI\/NIE <span class=\"wpcf7-form-control-wrap\" data-name=\"Identification3\"><input size=\"40\" maxlength=\"400\" class=\"wpcf7-form-control wpcf7-text\" aria-invalid=\"false\" value=\"\" type=\"text\" name=\"Identification3\" \/><\/span> <\/b> <\/label>\n\t\t\t<\/p>\n\t\t<\/div>\n\t<\/div>\n<\/div>\n<div class=\"vc_row\">\n\t<div class=\"form-group\">\n\t\t<div class=\"vc_col-sm-4\">\n\t\t\t<p><label> <b> Pr\u00e9nom\/Nombre<br \/>\n<span class=\"wpcf7-form-control-wrap\" data-name=\"Nombre4\"><input size=\"40\" maxlength=\"400\" class=\"wpcf7-form-control wpcf7-text\" aria-invalid=\"false\" value=\"\" type=\"text\" name=\"Nombre4\" \/><\/span> <\/b> <\/label>\n\t\t\t<\/p>\n\t\t<\/div>\n\t\t<div class=\"vc_col-sm-4\">\n\t\t\t<p><label> <b> Nom\/Apellidos<br \/>\n<span class=\"wpcf7-form-control-wrap\" data-name=\"Apellido4\"><input size=\"40\" maxlength=\"400\" class=\"wpcf7-form-control wpcf7-text\" aria-invalid=\"false\" value=\"\" type=\"text\" name=\"Apellido4\" \/><\/span> <\/b><\/label>\n\t\t\t<\/p>\n\t\t<\/div>\n\t\t<div class=\"vc_col-sm-4\">\n\t\t\t<p><label> <b> DNI\/NIE<br \/>\n<span class=\"wpcf7-form-control-wrap\" data-name=\"Identification4\"><input size=\"40\" maxlength=\"400\" class=\"wpcf7-form-control wpcf7-text\" aria-invalid=\"false\" value=\"\" type=\"text\" name=\"Identification4\" \/><\/span> <\/b> <\/label>\n\t\t\t<\/p>\n\t\t<\/div>\n\t<\/div>\n<\/div>\n<div class=\"vc_row\">\n\t<p><b> V\u00e9hicule\/Veh\u00edculo<\/b>\n\t<\/p>\n<\/div>\n<div class=\"vc_row\">\n\t<div class=\"form-group\">\n\t\t<div class=\"vc_col-sm-3\">\n\t\t\t<p><b><label> Marque\/Marca<br \/>\n<span class=\"wpcf7-form-control-wrap\" data-name=\"Marca\"><input size=\"40\" maxlength=\"400\" class=\"wpcf7-form-control wpcf7-text wpcf7-validates-as-required\" aria-required=\"true\" aria-invalid=\"false\" value=\"\" type=\"text\" name=\"Marca\" \/><\/span> <\/label><\/b>\n\t\t\t<\/p>\n\t\t<\/div>\n\t\t<div class=\"vc_col-sm-3\">\n\t\t\t<p><b><label> Mod\u00e8le\/Modelo<br \/>\n<span class=\"wpcf7-form-control-wrap\" data-name=\"Modelo\"><input size=\"40\" maxlength=\"400\" class=\"wpcf7-form-control wpcf7-text wpcf7-validates-as-required\" aria-required=\"true\" aria-invalid=\"false\" value=\"\" type=\"text\" name=\"Modelo\" \/><\/span> <\/label><\/b>\n\t\t\t<\/p>\n\t\t<\/div>\n\t<\/div>\n<\/div>\n<div class=\"vc_row\">\n\t<div class=\"form-group\">\n\t\t<div class=\"vc_col-sm-3\">\n\t\t\t<p><b><label> Couleur\/Color<br \/>\n<span class=\"wpcf7-form-control-wrap\" data-name=\"Color\"><input size=\"40\" maxlength=\"400\" class=\"wpcf7-form-control wpcf7-text wpcf7-validates-as-required\" aria-required=\"true\" aria-invalid=\"false\" value=\"\" type=\"text\" name=\"Color\" \/><\/span> <\/label><\/b>\n\t\t\t<\/p>\n\t\t<\/div>\n\t\t<div class=\"vc_col-sm-3\">\n\t\t\t<p><b><label> Immatriculation\/Matricula<br \/>\n<span class=\"wpcf7-form-control-wrap\" data-name=\"Matricula\"><input size=\"40\" maxlength=\"400\" class=\"wpcf7-form-control wpcf7-text wpcf7-validates-as-required\" aria-required=\"true\" aria-invalid=\"false\" value=\"\" type=\"text\" name=\"Matricula\" \/><\/span> <\/label><\/b>\n\t\t\t<\/p>\n\t\t<\/div>\n\t<\/div>\n<\/div>\n<div class=\"vc_row\">\n\t<p><b> Pour terminer votre inscription, veuillez indiquer votre mail puis cliquer sur VALIDER.<\/b><br \/>\nPara completar su inscripci\u00f3n, indique su correo electr\u00f3nico y haga clic en VALIDAR.\n\t<\/p>\n<\/div>\n<div class=\"vc_row\">\n\t<div class=\"form-group\">\n\t\t<p><b><label> Mail\/Correo<br \/>\n<span class=\"wpcf7-form-control-wrap\" data-name=\"Email\"><input size=\"40\" maxlength=\"400\" class=\"wpcf7-form-control wpcf7-email wpcf7-validates-as-required wpcf7-text wpcf7-validates-as-email\" aria-required=\"true\" aria-invalid=\"false\" value=\"\" type=\"email\" name=\"Email\" \/><\/span> <\/label><\/b>\n\t\t<\/p>\n\t<\/div>\n<\/div>\n<div class=\"vc_row\">\n\t<p><input class=\"wpcf7-form-control wpcf7-submit has-spinner\" type=\"submit\" value=\"Valider\/Validar\" \/>\n\t<\/p>\n<\/div>\n<div class=\"vc_row\">\n\t<p><b><br \/>\nVotre formulaire sera valid\u00e9 quand vous verrez apparaitre au bout de quelques secondes un pop-up vert indiquant la validation. ATTENTION, pour compl\u00e9ter votre inscription, merci d'ajouter le produit choisi \u00e0 votre panier, et \u00e0 proc\u00e9der au paiement.<\/b><br \/>\nSu formulario ser\u00e1 validado cuando, al cabo de unos segundos, aparezca un pop-up verde indicando la validaci\u00f3n. ATENCI\u00d3N, para completar su inscripci\u00f3n, a\u00f1ada el producto seleccionado a su carrito y proceda al pago.\n\t<\/p>\n<\/div><div class=\"wpcf7-response-output\" aria-hidden=\"true\"><\/div>\n<\/form>\n<\/div>\n[\/vc_column][\/vc_row]<\/p>\n<\/div>","protected":false},"excerpt":{"rendered":"<h4 style=\"text-align: justify;\">Venez passer une soir\u00e9e agr\u00e9able sur la Base A\u00e9rienne de Torrej\u00f3n.<\/h4>\n<h4 style=\"text-align: justify;\">Au programme, remise des prix du tournoi et Grande Tombola (de tr\u00e9s nombreux lots \u00e0 gagner).<\/h4>\n<h4 style=\"text-align: justify;\">Pour pouvoir acc\u00e9der \u00e0 la Base A\u00e9rienne, pour des raisons de s\u00e9curit\u00e9, il est INDISPENDABLE de remplir le formulaire ci-dessous dans la partie \u00abDESCRIPTION\u00a0\u00bb et nous fournir toutes les informations demand\u00e9es, et ce pour toute personne souhaitant entrer sur la Base A\u00e9rienne. Cela s&rsquo;applique \u00e0 toute personne participant au tournoi et\/ou au cocktail.<\/h4>\n","protected":false},"featured_media":63116,"template":"","meta":{"_acf_changed":false},"product_brand":[],"product_cat":[149],"product_tag":[],"class_list":{"0":"post-47505","1":"product","2":"type-product","3":"status-publish","4":"has-post-thumbnail","6":"product_cat-evenements","8":"first","9":"instock","10":"featured","11":"virtual","12":"purchasable","13":"product-type-simple"},"acf":[],"yoast_head":"<!-- This site is optimized with the Yoast SEO plugin v27.3 - https:\/\/yoast.com\/product\/yoast-seo-wordpress\/ -->\n<title>Cocktail Tournoi Golf \u2013 12 Juin 2026 \u00e0 20h | Entraide Fran\u00e7aise<\/title>\n<meta name=\"description\" content=\"Tournoi de golf de l&#039;Entraide Fran\u00e7aise\" \/>\n<meta name=\"robots\" content=\"index, follow, max-snippet:-1, max-image-preview:large, max-video-preview:-1\" \/>\n<link rel=\"canonical\" href=\"https:\/\/lentraide.es\/fr\/tienda\/cocktail-golf\/\" \/>\n<meta property=\"og:locale\" content=\"fr_FR\" \/>\n<meta property=\"og:type\" content=\"article\" \/>\n<meta property=\"og:title\" content=\"Cocktail Tournoi Golf \u2013 12 Juin 2026 \u00e0 20h | Entraide Fran\u00e7aise\" \/>\n<meta property=\"og:description\" content=\"Tournoi de golf de l&#039;Entraide Fran\u00e7aise\" \/>\n<meta property=\"og:url\" content=\"https:\/\/lentraide.es\/fr\/tienda\/cocktail-golf\/\" \/>\n<meta property=\"og:site_name\" content=\"Entraide Fran\u00e7aise\" \/>\n<meta property=\"article:publisher\" content=\"https:\/\/www.facebook.com\/entraide.francaisemadrid\" \/>\n<meta property=\"article:modified_time\" content=\"2026-03-07T10:41:56+00:00\" \/>\n<meta property=\"og:image\" content=\"https:\/\/lentraide.es\/wp-content\/uploads\/2025\/02\/Coctel-Golf.png\" \/>\n\t<meta property=\"og:image:width\" content=\"500\" \/>\n\t<meta property=\"og:image:height\" content=\"500\" \/>\n\t<meta property=\"og:image:type\" content=\"image\/png\" \/>\n<meta name=\"twitter:card\" content=\"summary_large_image\" \/>\n<meta name=\"twitter:label1\" content=\"Tiempo de lectura\" \/>\n\t<meta name=\"twitter:data1\" content=\"1 minute\" \/>\n<script type=\"application\/ld+json\" class=\"yoast-schema-graph\">{\"@context\":\"https:\\\/\\\/schema.org\",\"@graph\":[{\"@type\":\"WebPage\",\"@id\":\"https:\\\/\\\/lentraide.es\\\/fr\\\/tienda\\\/cocktail-golf\\\/\",\"url\":\"https:\\\/\\\/lentraide.es\\\/fr\\\/tienda\\\/cocktail-golf\\\/\",\"name\":\"Cocktail Tournoi Golf \u2013 12 Juin 2026 \u00e0 20h | Entraide Fran\u00e7aise\",\"isPartOf\":{\"@id\":\"https:\\\/\\\/lentraide.es\\\/fr\\\/#website\"},\"primaryImageOfPage\":{\"@id\":\"https:\\\/\\\/lentraide.es\\\/fr\\\/tienda\\\/cocktail-golf\\\/#primaryimage\"},\"image\":{\"@id\":\"https:\\\/\\\/lentraide.es\\\/fr\\\/tienda\\\/cocktail-golf\\\/#primaryimage\"},\"thumbnailUrl\":\"https:\\\/\\\/lentraide.es\\\/wp-content\\\/uploads\\\/2025\\\/02\\\/Coctel-Golf.png\",\"datePublished\":\"2026-03-07T09:30:34+00:00\",\"dateModified\":\"2026-03-07T10:41:56+00:00\",\"description\":\"Tournoi de golf de l'Entraide Fran\u00e7aise\",\"breadcrumb\":{\"@id\":\"https:\\\/\\\/lentraide.es\\\/fr\\\/tienda\\\/cocktail-golf\\\/#breadcrumb\"},\"inLanguage\":\"es\",\"potentialAction\":[{\"@type\":\"ReadAction\",\"target\":[\"https:\\\/\\\/lentraide.es\\\/fr\\\/tienda\\\/cocktail-golf\\\/\"]}]},{\"@type\":\"ImageObject\",\"inLanguage\":\"es\",\"@id\":\"https:\\\/\\\/lentraide.es\\\/fr\\\/tienda\\\/cocktail-golf\\\/#primaryimage\",\"url\":\"https:\\\/\\\/lentraide.es\\\/wp-content\\\/uploads\\\/2025\\\/02\\\/Coctel-Golf.png\",\"contentUrl\":\"https:\\\/\\\/lentraide.es\\\/wp-content\\\/uploads\\\/2025\\\/02\\\/Coctel-Golf.png\",\"width\":500,\"height\":500},{\"@type\":\"BreadcrumbList\",\"@id\":\"https:\\\/\\\/lentraide.es\\\/fr\\\/tienda\\\/cocktail-golf\\\/#breadcrumb\",\"itemListElement\":[{\"@type\":\"ListItem\",\"position\":1,\"name\":\"Accueil\",\"item\":\"https:\\\/\\\/lentraide.es\\\/fr\\\/\"},{\"@type\":\"ListItem\",\"position\":2,\"name\":\"Boutique\",\"item\":\"https:\\\/\\\/lentraide.es\\\/fr\\\/boutique-new\\\/\"},{\"@type\":\"ListItem\",\"position\":3,\"name\":\"Cocktail Tournoi Golf \u2013 12 Juin 2026 \u00e0 20h\"}]},{\"@type\":\"WebSite\",\"@id\":\"https:\\\/\\\/lentraide.es\\\/fr\\\/#website\",\"url\":\"https:\\\/\\\/lentraide.es\\\/fr\\\/\",\"name\":\"Entraide Fran\u00e7aise\",\"description\":\"Une main tendue vers la France\",\"publisher\":{\"@id\":\"https:\\\/\\\/lentraide.es\\\/fr\\\/#organization\"},\"alternateName\":\"L'entraide\",\"potentialAction\":[{\"@type\":\"SearchAction\",\"target\":{\"@type\":\"EntryPoint\",\"urlTemplate\":\"https:\\\/\\\/lentraide.es\\\/fr\\\/?s={search_term_string}\"},\"query-input\":{\"@type\":\"PropertyValueSpecification\",\"valueRequired\":true,\"valueName\":\"search_term_string\"}}],\"inLanguage\":\"es\"},{\"@type\":\"Organization\",\"@id\":\"https:\\\/\\\/lentraide.es\\\/fr\\\/#organization\",\"name\":\"Entraide Fran\u00e7aise\",\"alternateName\":\"L'entraide\",\"url\":\"https:\\\/\\\/lentraide.es\\\/fr\\\/\",\"logo\":{\"@type\":\"ImageObject\",\"inLanguage\":\"es\",\"@id\":\"https:\\\/\\\/lentraide.es\\\/fr\\\/#\\\/schema\\\/logo\\\/image\\\/\",\"url\":\"https:\\\/\\\/lentraide.es\\\/wp-content\\\/uploads\\\/2015\\\/07\\\/LOGO-azul2.png\",\"contentUrl\":\"https:\\\/\\\/lentraide.es\\\/wp-content\\\/uploads\\\/2015\\\/07\\\/LOGO-azul2.png\",\"width\":232,\"height\":146,\"caption\":\"Entraide Fran\u00e7aise\"},\"image\":{\"@id\":\"https:\\\/\\\/lentraide.es\\\/fr\\\/#\\\/schema\\\/logo\\\/image\\\/\"},\"sameAs\":[\"https:\\\/\\\/www.facebook.com\\\/entraide.francaisemadrid\",\"https:\\\/\\\/www.instagram.com\\\/entraidefrancaisemadrid\\\/\"]}]}<\/script>\n<!-- \/ Yoast SEO plugin. -->","yoast_head_json":{"title":"Cocktail Tournoi Golf \u2013 12 Juin 2026 \u00e0 20h | Entraide Fran\u00e7aise","description":"Tournoi de golf de l'Entraide Fran\u00e7aise","robots":{"index":"index","follow":"follow","max-snippet":"max-snippet:-1","max-image-preview":"max-image-preview:large","max-video-preview":"max-video-preview:-1"},"canonical":"https:\/\/lentraide.es\/fr\/tienda\/cocktail-golf\/","og_locale":"fr_FR","og_type":"article","og_title":"Cocktail Tournoi Golf \u2013 12 Juin 2026 \u00e0 20h | Entraide Fran\u00e7aise","og_description":"Tournoi de golf de l'Entraide Fran\u00e7aise","og_url":"https:\/\/lentraide.es\/fr\/tienda\/cocktail-golf\/","og_site_name":"Entraide Fran\u00e7aise","article_publisher":"https:\/\/www.facebook.com\/entraide.francaisemadrid","article_modified_time":"2026-03-07T10:41:56+00:00","og_image":[{"width":500,"height":500,"url":"https:\/\/lentraide.es\/wp-content\/uploads\/2025\/02\/Coctel-Golf.png","type":"image\/png"}],"twitter_card":"summary_large_image","twitter_misc":{"Tiempo de lectura":"1 minute"},"schema":{"@context":"https:\/\/schema.org","@graph":[{"@type":"WebPage","@id":"https:\/\/lentraide.es\/fr\/tienda\/cocktail-golf\/","url":"https:\/\/lentraide.es\/fr\/tienda\/cocktail-golf\/","name":"Cocktail Tournoi Golf \u2013 12 Juin 2026 \u00e0 20h | Entraide Fran\u00e7aise","isPartOf":{"@id":"https:\/\/lentraide.es\/fr\/#website"},"primaryImageOfPage":{"@id":"https:\/\/lentraide.es\/fr\/tienda\/cocktail-golf\/#primaryimage"},"image":{"@id":"https:\/\/lentraide.es\/fr\/tienda\/cocktail-golf\/#primaryimage"},"thumbnailUrl":"https:\/\/lentraide.es\/wp-content\/uploads\/2025\/02\/Coctel-Golf.png","datePublished":"2026-03-07T09:30:34+00:00","dateModified":"2026-03-07T10:41:56+00:00","description":"Tournoi de golf de l'Entraide Fran\u00e7aise","breadcrumb":{"@id":"https:\/\/lentraide.es\/fr\/tienda\/cocktail-golf\/#breadcrumb"},"inLanguage":"es","potentialAction":[{"@type":"ReadAction","target":["https:\/\/lentraide.es\/fr\/tienda\/cocktail-golf\/"]}]},{"@type":"ImageObject","inLanguage":"es","@id":"https:\/\/lentraide.es\/fr\/tienda\/cocktail-golf\/#primaryimage","url":"https:\/\/lentraide.es\/wp-content\/uploads\/2025\/02\/Coctel-Golf.png","contentUrl":"https:\/\/lentraide.es\/wp-content\/uploads\/2025\/02\/Coctel-Golf.png","width":500,"height":500},{"@type":"BreadcrumbList","@id":"https:\/\/lentraide.es\/fr\/tienda\/cocktail-golf\/#breadcrumb","itemListElement":[{"@type":"ListItem","position":1,"name":"Accueil","item":"https:\/\/lentraide.es\/fr\/"},{"@type":"ListItem","position":2,"name":"Boutique","item":"https:\/\/lentraide.es\/fr\/boutique-new\/"},{"@type":"ListItem","position":3,"name":"Cocktail Tournoi Golf \u2013 12 Juin 2026 \u00e0 20h"}]},{"@type":"WebSite","@id":"https:\/\/lentraide.es\/fr\/#website","url":"https:\/\/lentraide.es\/fr\/","name":"Entraide Fran\u00e7aise","description":"Une main tendue vers la France","publisher":{"@id":"https:\/\/lentraide.es\/fr\/#organization"},"alternateName":"L'entraide","potentialAction":[{"@type":"SearchAction","target":{"@type":"EntryPoint","urlTemplate":"https:\/\/lentraide.es\/fr\/?s={search_term_string}"},"query-input":{"@type":"PropertyValueSpecification","valueRequired":true,"valueName":"search_term_string"}}],"inLanguage":"es"},{"@type":"Organization","@id":"https:\/\/lentraide.es\/fr\/#organization","name":"Entraide Fran\u00e7aise","alternateName":"L'entraide","url":"https:\/\/lentraide.es\/fr\/","logo":{"@type":"ImageObject","inLanguage":"es","@id":"https:\/\/lentraide.es\/fr\/#\/schema\/logo\/image\/","url":"https:\/\/lentraide.es\/wp-content\/uploads\/2015\/07\/LOGO-azul2.png","contentUrl":"https:\/\/lentraide.es\/wp-content\/uploads\/2015\/07\/LOGO-azul2.png","width":232,"height":146,"caption":"Entraide Fran\u00e7aise"},"image":{"@id":"https:\/\/lentraide.es\/fr\/#\/schema\/logo\/image\/"},"sameAs":["https:\/\/www.facebook.com\/entraide.francaisemadrid","https:\/\/www.instagram.com\/entraidefrancaisemadrid\/"]}]}},"_links":{"self":[{"href":"https:\/\/lentraide.es\/fr\/wp-json\/wp\/v2\/product\/47505","targetHints":{"allow":["GET"]}}],"collection":[{"href":"https:\/\/lentraide.es\/fr\/wp-json\/wp\/v2\/product"}],"about":[{"href":"https:\/\/lentraide.es\/fr\/wp-json\/wp\/v2\/types\/product"}],"wp:featuredmedia":[{"embeddable":true,"href":"https:\/\/lentraide.es\/fr\/wp-json\/wp\/v2\/media\/63116"}],"wp:attachment":[{"href":"https:\/\/lentraide.es\/fr\/wp-json\/wp\/v2\/media?parent=47505"}],"wp:term":[{"taxonomy":"product_brand","embeddable":true,"href":"https:\/\/lentraide.es\/fr\/wp-json\/wp\/v2\/product_brand?post=47505"},{"taxonomy":"product_cat","embeddable":true,"href":"https:\/\/lentraide.es\/fr\/wp-json\/wp\/v2\/product_cat?post=47505"},{"taxonomy":"product_tag","embeddable":true,"href":"https:\/\/lentraide.es\/fr\/wp-json\/wp\/v2\/product_tag?post=47505"}],"curies":[{"name":"wp","href":"https:\/\/api.w.org\/{rel}","templated":true}]}}