{"id":51300,"date":"2023-11-03T18:59:49","date_gmt":"2023-11-03T17:59:49","guid":{"rendered":"https:\/\/lentraide.es\/?post_type=product&#038;p=51300"},"modified":"2025-12-11T22:41:57","modified_gmt":"2025-12-11T21:41:57","slug":"gesiers-canard-confits","status":"publish","type":"product","link":"https:\/\/lentraide.es\/fr\/tienda\/gesiers-canard-confits\/","title":{"rendered":"G\u00e9siers de canard confits 200 g"},"content":{"rendered":"<h4><strong>G\u00e9siers de canard confits 200 g<\/strong><\/h4>\n<p><strong>Ingr\u00e9dients : g\u00e9siers de canard confits, graisse de canard, sel, poivre, thym, laurier.<br \/>\n<\/strong>Dur\u00e9e limite de conservation : 5 ans.<\/p>\n","protected":false},"excerpt":{"rendered":"<p><strong>Ingr\u00e9dients : g\u00e9siers de canard confits, graisse de canard, sel, poivre, thym, laurier.<br \/>\n<\/strong>Dur\u00e9e limite de conservation : 5 ans.<\/p>\n","protected":false},"featured_media":51298,"template":"","meta":{"_acf_changed":false},"product_brand":[],"product_cat":[244,166],"product_tag":[],"class_list":{"0":"post-51300","1":"product","2":"type-product","3":"status-publish","4":"has-post-thumbnail","6":"product_cat-foie-gras-noel","7":"product_cat-vente-de-noel","9":"first","10":"outofstock","11":"shipping-taxable","12":"purchasable","13":"product-type-simple"},"acf":[],"yoast_head":"<!-- This site is optimized with the Yoast SEO plugin v27.3 - https:\/\/yoast.com\/product\/yoast-seo-wordpress\/ -->\n<title>G\u00e9siers de canard confits 200 g | Entraide Fran\u00e7aise<\/title>\n<meta name=\"robots\" content=\"index, follow, max-snippet:-1, max-image-preview:large, max-video-preview:-1\" \/>\n<link rel=\"canonical\" href=\"https:\/\/lentraide.es\/fr\/tienda\/gesiers-canard-confits\/\" \/>\n<meta property=\"og:locale\" content=\"fr_FR\" \/>\n<meta property=\"og:type\" content=\"article\" \/>\n<meta property=\"og:title\" content=\"G\u00e9siers de canard confits 200 g | Entraide Fran\u00e7aise\" \/>\n<meta property=\"og:description\" content=\"Ingr\u00e9dients : g\u00e9siers de canard confits, graisse de canard, sel, poivre, thym, laurier. Dur\u00e9e limite de conservation : 5 ans.\" \/>\n<meta property=\"og:url\" content=\"https:\/\/lentraide.es\/fr\/tienda\/gesiers-canard-confits\/\" \/>\n<meta property=\"og:site_name\" content=\"Entraide Fran\u00e7aise\" \/>\n<meta property=\"article:publisher\" content=\"https:\/\/www.facebook.com\/entraide.francaisemadrid\" \/>\n<meta property=\"article:modified_time\" content=\"2025-12-11T21:41:57+00:00\" \/>\n<meta property=\"og:image\" content=\"https:\/\/lentraide.es\/wp-content\/uploads\/2023\/11\/confit-de-mollejas-de-pato.png\" \/>\n\t<meta property=\"og:image:width\" content=\"236\" \/>\n\t<meta property=\"og:image:height\" content=\"305\" \/>\n\t<meta property=\"og:image:type\" content=\"image\/png\" \/>\n<meta name=\"twitter:card\" content=\"summary_large_image\" \/>\n<meta name=\"twitter:label1\" content=\"Tiempo de lectura\" \/>\n\t<meta name=\"twitter:data1\" content=\"1 minute\" \/>\n<script type=\"application\/ld+json\" class=\"yoast-schema-graph\">{\"@context\":\"https:\\\/\\\/schema.org\",\"@graph\":[{\"@type\":\"WebPage\",\"@id\":\"https:\\\/\\\/lentraide.es\\\/fr\\\/tienda\\\/gesiers-canard-confits\\\/\",\"url\":\"https:\\\/\\\/lentraide.es\\\/fr\\\/tienda\\\/gesiers-canard-confits\\\/\",\"name\":\"G\u00e9siers de canard confits 200 g | Entraide Fran\u00e7aise\",\"isPartOf\":{\"@id\":\"https:\\\/\\\/lentraide.es\\\/fr\\\/#website\"},\"primaryImageOfPage\":{\"@id\":\"https:\\\/\\\/lentraide.es\\\/fr\\\/tienda\\\/gesiers-canard-confits\\\/#primaryimage\"},\"image\":{\"@id\":\"https:\\\/\\\/lentraide.es\\\/fr\\\/tienda\\\/gesiers-canard-confits\\\/#primaryimage\"},\"thumbnailUrl\":\"https:\\\/\\\/lentraide.es\\\/wp-content\\\/uploads\\\/2023\\\/11\\\/confit-de-mollejas-de-pato.png\",\"datePublished\":\"2023-11-03T17:59:49+00:00\",\"dateModified\":\"2025-12-11T21:41:57+00:00\",\"breadcrumb\":{\"@id\":\"https:\\\/\\\/lentraide.es\\\/fr\\\/tienda\\\/gesiers-canard-confits\\\/#breadcrumb\"},\"inLanguage\":\"es\",\"potentialAction\":[{\"@type\":\"ReadAction\",\"target\":[\"https:\\\/\\\/lentraide.es\\\/fr\\\/tienda\\\/gesiers-canard-confits\\\/\"]}]},{\"@type\":\"ImageObject\",\"inLanguage\":\"es\",\"@id\":\"https:\\\/\\\/lentraide.es\\\/fr\\\/tienda\\\/gesiers-canard-confits\\\/#primaryimage\",\"url\":\"https:\\\/\\\/lentraide.es\\\/wp-content\\\/uploads\\\/2023\\\/11\\\/confit-de-mollejas-de-pato.png\",\"contentUrl\":\"https:\\\/\\\/lentraide.es\\\/wp-content\\\/uploads\\\/2023\\\/11\\\/confit-de-mollejas-de-pato.png\",\"width\":236,\"height\":305},{\"@type\":\"BreadcrumbList\",\"@id\":\"https:\\\/\\\/lentraide.es\\\/fr\\\/tienda\\\/gesiers-canard-confits\\\/#breadcrumb\",\"itemListElement\":[{\"@type\":\"ListItem\",\"position\":1,\"name\":\"Accueil\",\"item\":\"https:\\\/\\\/lentraide.es\\\/fr\\\/\"},{\"@type\":\"ListItem\",\"position\":2,\"name\":\"Boutique\",\"item\":\"https:\\\/\\\/lentraide.es\\\/fr\\\/boutique-new\\\/\"},{\"@type\":\"ListItem\",\"position\":3,\"name\":\"G\u00e9siers de canard confits 200 g\"}]},{\"@type\":\"WebSite\",\"@id\":\"https:\\\/\\\/lentraide.es\\\/fr\\\/#website\",\"url\":\"https:\\\/\\\/lentraide.es\\\/fr\\\/\",\"name\":\"Entraide Fran\u00e7aise\",\"description\":\"Une main tendue vers la France\",\"publisher\":{\"@id\":\"https:\\\/\\\/lentraide.es\\\/fr\\\/#organization\"},\"alternateName\":\"L'entraide\",\"potentialAction\":[{\"@type\":\"SearchAction\",\"target\":{\"@type\":\"EntryPoint\",\"urlTemplate\":\"https:\\\/\\\/lentraide.es\\\/fr\\\/?s={search_term_string}\"},\"query-input\":{\"@type\":\"PropertyValueSpecification\",\"valueRequired\":true,\"valueName\":\"search_term_string\"}}],\"inLanguage\":\"es\"},{\"@type\":\"Organization\",\"@id\":\"https:\\\/\\\/lentraide.es\\\/fr\\\/#organization\",\"name\":\"Entraide Fran\u00e7aise\",\"alternateName\":\"L'entraide\",\"url\":\"https:\\\/\\\/lentraide.es\\\/fr\\\/\",\"logo\":{\"@type\":\"ImageObject\",\"inLanguage\":\"es\",\"@id\":\"https:\\\/\\\/lentraide.es\\\/fr\\\/#\\\/schema\\\/logo\\\/image\\\/\",\"url\":\"https:\\\/\\\/lentraide.es\\\/wp-content\\\/uploads\\\/2015\\\/07\\\/LOGO-azul2.png\",\"contentUrl\":\"https:\\\/\\\/lentraide.es\\\/wp-content\\\/uploads\\\/2015\\\/07\\\/LOGO-azul2.png\",\"width\":232,\"height\":146,\"caption\":\"Entraide Fran\u00e7aise\"},\"image\":{\"@id\":\"https:\\\/\\\/lentraide.es\\\/fr\\\/#\\\/schema\\\/logo\\\/image\\\/\"},\"sameAs\":[\"https:\\\/\\\/www.facebook.com\\\/entraide.francaisemadrid\",\"https:\\\/\\\/www.instagram.com\\\/entraidefrancaisemadrid\\\/\"]}]}<\/script>\n<!-- \/ Yoast SEO plugin. -->","yoast_head_json":{"title":"G\u00e9siers de canard confits 200 g | Entraide Fran\u00e7aise","robots":{"index":"index","follow":"follow","max-snippet":"max-snippet:-1","max-image-preview":"max-image-preview:large","max-video-preview":"max-video-preview:-1"},"canonical":"https:\/\/lentraide.es\/fr\/tienda\/gesiers-canard-confits\/","og_locale":"fr_FR","og_type":"article","og_title":"G\u00e9siers de canard confits 200 g | Entraide Fran\u00e7aise","og_description":"Ingr\u00e9dients : g\u00e9siers de canard confits, graisse de canard, sel, poivre, thym, laurier. Dur\u00e9e limite de conservation : 5 ans.","og_url":"https:\/\/lentraide.es\/fr\/tienda\/gesiers-canard-confits\/","og_site_name":"Entraide Fran\u00e7aise","article_publisher":"https:\/\/www.facebook.com\/entraide.francaisemadrid","article_modified_time":"2025-12-11T21:41:57+00:00","og_image":[{"width":236,"height":305,"url":"https:\/\/lentraide.es\/wp-content\/uploads\/2023\/11\/confit-de-mollejas-de-pato.png","type":"image\/png"}],"twitter_card":"summary_large_image","twitter_misc":{"Tiempo de lectura":"1 minute"},"schema":{"@context":"https:\/\/schema.org","@graph":[{"@type":"WebPage","@id":"https:\/\/lentraide.es\/fr\/tienda\/gesiers-canard-confits\/","url":"https:\/\/lentraide.es\/fr\/tienda\/gesiers-canard-confits\/","name":"G\u00e9siers de canard confits 200 g | Entraide Fran\u00e7aise","isPartOf":{"@id":"https:\/\/lentraide.es\/fr\/#website"},"primaryImageOfPage":{"@id":"https:\/\/lentraide.es\/fr\/tienda\/gesiers-canard-confits\/#primaryimage"},"image":{"@id":"https:\/\/lentraide.es\/fr\/tienda\/gesiers-canard-confits\/#primaryimage"},"thumbnailUrl":"https:\/\/lentraide.es\/wp-content\/uploads\/2023\/11\/confit-de-mollejas-de-pato.png","datePublished":"2023-11-03T17:59:49+00:00","dateModified":"2025-12-11T21:41:57+00:00","breadcrumb":{"@id":"https:\/\/lentraide.es\/fr\/tienda\/gesiers-canard-confits\/#breadcrumb"},"inLanguage":"es","potentialAction":[{"@type":"ReadAction","target":["https:\/\/lentraide.es\/fr\/tienda\/gesiers-canard-confits\/"]}]},{"@type":"ImageObject","inLanguage":"es","@id":"https:\/\/lentraide.es\/fr\/tienda\/gesiers-canard-confits\/#primaryimage","url":"https:\/\/lentraide.es\/wp-content\/uploads\/2023\/11\/confit-de-mollejas-de-pato.png","contentUrl":"https:\/\/lentraide.es\/wp-content\/uploads\/2023\/11\/confit-de-mollejas-de-pato.png","width":236,"height":305},{"@type":"BreadcrumbList","@id":"https:\/\/lentraide.es\/fr\/tienda\/gesiers-canard-confits\/#breadcrumb","itemListElement":[{"@type":"ListItem","position":1,"name":"Accueil","item":"https:\/\/lentraide.es\/fr\/"},{"@type":"ListItem","position":2,"name":"Boutique","item":"https:\/\/lentraide.es\/fr\/boutique-new\/"},{"@type":"ListItem","position":3,"name":"G\u00e9siers de canard confits 200 g"}]},{"@type":"WebSite","@id":"https:\/\/lentraide.es\/fr\/#website","url":"https:\/\/lentraide.es\/fr\/","name":"Entraide Fran\u00e7aise","description":"Une main tendue vers la France","publisher":{"@id":"https:\/\/lentraide.es\/fr\/#organization"},"alternateName":"L'entraide","potentialAction":[{"@type":"SearchAction","target":{"@type":"EntryPoint","urlTemplate":"https:\/\/lentraide.es\/fr\/?s={search_term_string}"},"query-input":{"@type":"PropertyValueSpecification","valueRequired":true,"valueName":"search_term_string"}}],"inLanguage":"es"},{"@type":"Organization","@id":"https:\/\/lentraide.es\/fr\/#organization","name":"Entraide Fran\u00e7aise","alternateName":"L'entraide","url":"https:\/\/lentraide.es\/fr\/","logo":{"@type":"ImageObject","inLanguage":"es","@id":"https:\/\/lentraide.es\/fr\/#\/schema\/logo\/image\/","url":"https:\/\/lentraide.es\/wp-content\/uploads\/2015\/07\/LOGO-azul2.png","contentUrl":"https:\/\/lentraide.es\/wp-content\/uploads\/2015\/07\/LOGO-azul2.png","width":232,"height":146,"caption":"Entraide Fran\u00e7aise"},"image":{"@id":"https:\/\/lentraide.es\/fr\/#\/schema\/logo\/image\/"},"sameAs":["https:\/\/www.facebook.com\/entraide.francaisemadrid","https:\/\/www.instagram.com\/entraidefrancaisemadrid\/"]}]}},"_links":{"self":[{"href":"https:\/\/lentraide.es\/fr\/wp-json\/wp\/v2\/product\/51300","targetHints":{"allow":["GET"]}}],"collection":[{"href":"https:\/\/lentraide.es\/fr\/wp-json\/wp\/v2\/product"}],"about":[{"href":"https:\/\/lentraide.es\/fr\/wp-json\/wp\/v2\/types\/product"}],"wp:featuredmedia":[{"embeddable":true,"href":"https:\/\/lentraide.es\/fr\/wp-json\/wp\/v2\/media\/51298"}],"wp:attachment":[{"href":"https:\/\/lentraide.es\/fr\/wp-json\/wp\/v2\/media?parent=51300"}],"wp:term":[{"taxonomy":"product_brand","embeddable":true,"href":"https:\/\/lentraide.es\/fr\/wp-json\/wp\/v2\/product_brand?post=51300"},{"taxonomy":"product_cat","embeddable":true,"href":"https:\/\/lentraide.es\/fr\/wp-json\/wp\/v2\/product_cat?post=51300"},{"taxonomy":"product_tag","embeddable":true,"href":"https:\/\/lentraide.es\/fr\/wp-json\/wp\/v2\/product_tag?post=51300"}],"curies":[{"name":"wp","href":"https:\/\/api.w.org\/{rel}","templated":true}]}}