{"id":51364,"date":"2023-11-01T12:00:06","date_gmt":"2023-11-01T11:00:06","guid":{"rendered":"https:\/\/lentraide.es\/?post_type=product&#038;p=51364"},"modified":"2026-01-07T23:04:16","modified_gmt":"2026-01-07T22:04:16","slug":"petit-apero-des-amis","status":"publish","type":"product","link":"https:\/\/lentraide.es\/fr\/tienda\/petit-apero-des-amis\/","title":{"rendered":"Petit Ap\u00e9ro des Amis"},"content":{"rendered":"<h4><strong>Petit Ap\u00e9ro des Amis<\/strong><\/h4>\n<p><strong>Enchantez vos proches<\/strong>\u00a0avec notre coffret-cadeau\u00a0<em>Petit ap\u00e9ro des amis<\/em>, imagin\u00e9\u00a0<strong>pour orchestrer facilement un superbe ap\u00e9ritif dinatoire \u00e0 la maison<\/strong>. En un tour de main, il permet de lancer les festivit\u00e9s gr\u00e2ce \u00e0 nos\u00a0<strong>savoureuses recettes de poissons<\/strong>\u00a0!<\/p>\n<p>Con\u00e7ues avec l\u2019amour de la mer et de ses tr\u00e9sors, nos bo\u00eetes ap\u00e9ritives r\u00e9v\u00e8lent\u00a0<strong>une mosa\u00efque de saveurs fra\u00eeches et iod\u00e9es<\/strong>. Sardine, maquereau, thon, et saumon s\u2019y d\u00e9clinent en de d\u00e9licieuses pr\u00e9parations :\u00a0<strong>\u00e9miett\u00e9s, cr\u00e8mes, rillettes, concass\u00e9s\u2026<\/strong>\u00a0leur vari\u00e9t\u00e9 de go\u00fbts et de textures permet de\u00a0<strong>r\u00e9galer toute l\u2019assembl\u00e9e<\/strong>\u00a0!<\/p>\n","protected":false},"excerpt":{"rendered":"<p><strong>Enchantez vos proches<\/strong>\u00a0avec notre coffret-cadeau\u00a0<em>Petit ap\u00e9ro des amis<\/em>, imagin\u00e9\u00a0<strong>pour orchestrer facilement un superbe ap\u00e9ritif dinatoire \u00e0 la maison<\/strong>. En un tour de main, il permet de lancer les festivit\u00e9s gr\u00e2ce \u00e0 nos\u00a0<strong>savoureuses recettes de poissons<\/strong>\u00a0!<\/p>\n<p>Con\u00e7ues avec l\u2019amour de la mer et de ses tr\u00e9sors, nos bo\u00eetes ap\u00e9ritives r\u00e9v\u00e8lent\u00a0<strong>une mosa\u00efque de saveurs fra\u00eeches et iod\u00e9es<\/strong>. Sardine, maquereau, thon, et saumon s\u2019y d\u00e9clinent en de d\u00e9licieuses pr\u00e9parations :\u00a0<strong>\u00e9miett\u00e9s, cr\u00e8mes, rillettes, concass\u00e9s\u2026<\/strong>\u00a0leur vari\u00e9t\u00e9 de go\u00fbts et de textures permet de\u00a0<strong>r\u00e9galer toute l\u2019assembl\u00e9e<\/strong>\u00a0!<\/p>\n","protected":false},"featured_media":51380,"template":"","meta":{"_acf_changed":false},"product_brand":[],"product_cat":[166],"product_tag":[],"class_list":{"0":"post-51364","1":"product","2":"type-product","3":"status-publish","4":"has-post-thumbnail","6":"product_cat-vente-de-noel","8":"first","9":"outofstock","10":"shipping-taxable","11":"purchasable","12":"product-type-simple"},"acf":[],"yoast_head":"<!-- This site is optimized with the Yoast SEO plugin v27.3 - https:\/\/yoast.com\/product\/yoast-seo-wordpress\/ -->\n<title>Petit Ap\u00e9ro des Amis | Entraide Fran\u00e7aise<\/title>\n<meta name=\"robots\" content=\"index, follow, max-snippet:-1, max-image-preview:large, max-video-preview:-1\" \/>\n<link rel=\"canonical\" href=\"https:\/\/lentraide.es\/fr\/tienda\/petit-apero-des-amis\/\" \/>\n<meta property=\"og:locale\" content=\"fr_FR\" \/>\n<meta property=\"og:type\" content=\"article\" \/>\n<meta property=\"og:title\" content=\"Petit Ap\u00e9ro des Amis | Entraide Fran\u00e7aise\" \/>\n<meta property=\"og:description\" content=\"Enchantez vos proches\u00a0avec notre coffret-cadeau\u00a0Petit ap\u00e9ro des amis, imagin\u00e9\u00a0pour orchestrer facilement un superbe ap\u00e9ritif dinatoire \u00e0 la maison. En un tour de main, il permet de lancer les festivit\u00e9s gr\u00e2ce \u00e0 nos\u00a0savoureuses recettes de poissons\u00a0!  Con\u00e7ues avec l\u2019amour de la mer et de ses tr\u00e9sors, nos bo\u00eetes ap\u00e9ritives r\u00e9v\u00e8lent\u00a0une mosa\u00efque de saveurs fra\u00eeches et iod\u00e9es. Sardine, maquereau, thon, et saumon s\u2019y d\u00e9clinent en de d\u00e9licieuses pr\u00e9parations :\u00a0\u00e9miett\u00e9s, cr\u00e8mes, rillettes, concass\u00e9s\u2026\u00a0leur vari\u00e9t\u00e9 de go\u00fbts et de textures permet de\u00a0r\u00e9galer toute l\u2019assembl\u00e9e\u00a0!\" \/>\n<meta property=\"og:url\" content=\"https:\/\/lentraide.es\/fr\/tienda\/petit-apero-des-amis\/\" \/>\n<meta property=\"og:site_name\" content=\"Entraide Fran\u00e7aise\" \/>\n<meta property=\"article:publisher\" content=\"https:\/\/www.facebook.com\/entraide.francaisemadrid\" \/>\n<meta property=\"article:modified_time\" content=\"2026-01-07T22:04:16+00:00\" \/>\n<meta property=\"og:image\" content=\"https:\/\/lentraide.es\/wp-content\/uploads\/2023\/11\/petit-apero-des-amis-1.png\" \/>\n\t<meta property=\"og:image:width\" content=\"480\" \/>\n\t<meta property=\"og:image:height\" content=\"480\" \/>\n\t<meta property=\"og:image:type\" content=\"image\/png\" \/>\n<meta name=\"twitter:card\" content=\"summary_large_image\" \/>\n<meta name=\"twitter:label1\" content=\"Tiempo de lectura\" \/>\n\t<meta name=\"twitter:data1\" content=\"1 minute\" \/>\n<script type=\"application\/ld+json\" class=\"yoast-schema-graph\">{\"@context\":\"https:\\\/\\\/schema.org\",\"@graph\":[{\"@type\":\"WebPage\",\"@id\":\"https:\\\/\\\/lentraide.es\\\/fr\\\/tienda\\\/petit-apero-des-amis\\\/\",\"url\":\"https:\\\/\\\/lentraide.es\\\/fr\\\/tienda\\\/petit-apero-des-amis\\\/\",\"name\":\"Petit Ap\u00e9ro des Amis | Entraide Fran\u00e7aise\",\"isPartOf\":{\"@id\":\"https:\\\/\\\/lentraide.es\\\/fr\\\/#website\"},\"primaryImageOfPage\":{\"@id\":\"https:\\\/\\\/lentraide.es\\\/fr\\\/tienda\\\/petit-apero-des-amis\\\/#primaryimage\"},\"image\":{\"@id\":\"https:\\\/\\\/lentraide.es\\\/fr\\\/tienda\\\/petit-apero-des-amis\\\/#primaryimage\"},\"thumbnailUrl\":\"https:\\\/\\\/lentraide.es\\\/wp-content\\\/uploads\\\/2023\\\/11\\\/petit-apero-des-amis-1.png\",\"datePublished\":\"2023-11-01T11:00:06+00:00\",\"dateModified\":\"2026-01-07T22:04:16+00:00\",\"breadcrumb\":{\"@id\":\"https:\\\/\\\/lentraide.es\\\/fr\\\/tienda\\\/petit-apero-des-amis\\\/#breadcrumb\"},\"inLanguage\":\"es\",\"potentialAction\":[{\"@type\":\"ReadAction\",\"target\":[\"https:\\\/\\\/lentraide.es\\\/fr\\\/tienda\\\/petit-apero-des-amis\\\/\"]}]},{\"@type\":\"ImageObject\",\"inLanguage\":\"es\",\"@id\":\"https:\\\/\\\/lentraide.es\\\/fr\\\/tienda\\\/petit-apero-des-amis\\\/#primaryimage\",\"url\":\"https:\\\/\\\/lentraide.es\\\/wp-content\\\/uploads\\\/2023\\\/11\\\/petit-apero-des-amis-1.png\",\"contentUrl\":\"https:\\\/\\\/lentraide.es\\\/wp-content\\\/uploads\\\/2023\\\/11\\\/petit-apero-des-amis-1.png\",\"width\":480,\"height\":480},{\"@type\":\"BreadcrumbList\",\"@id\":\"https:\\\/\\\/lentraide.es\\\/fr\\\/tienda\\\/petit-apero-des-amis\\\/#breadcrumb\",\"itemListElement\":[{\"@type\":\"ListItem\",\"position\":1,\"name\":\"Accueil\",\"item\":\"https:\\\/\\\/lentraide.es\\\/fr\\\/\"},{\"@type\":\"ListItem\",\"position\":2,\"name\":\"Boutique\",\"item\":\"https:\\\/\\\/lentraide.es\\\/fr\\\/boutique-new\\\/\"},{\"@type\":\"ListItem\",\"position\":3,\"name\":\"Petit Ap\u00e9ro des Amis\"}]},{\"@type\":\"WebSite\",\"@id\":\"https:\\\/\\\/lentraide.es\\\/fr\\\/#website\",\"url\":\"https:\\\/\\\/lentraide.es\\\/fr\\\/\",\"name\":\"Entraide Fran\u00e7aise\",\"description\":\"Une main tendue vers la France\",\"publisher\":{\"@id\":\"https:\\\/\\\/lentraide.es\\\/fr\\\/#organization\"},\"alternateName\":\"L'entraide\",\"potentialAction\":[{\"@type\":\"SearchAction\",\"target\":{\"@type\":\"EntryPoint\",\"urlTemplate\":\"https:\\\/\\\/lentraide.es\\\/fr\\\/?s={search_term_string}\"},\"query-input\":{\"@type\":\"PropertyValueSpecification\",\"valueRequired\":true,\"valueName\":\"search_term_string\"}}],\"inLanguage\":\"es\"},{\"@type\":\"Organization\",\"@id\":\"https:\\\/\\\/lentraide.es\\\/fr\\\/#organization\",\"name\":\"Entraide Fran\u00e7aise\",\"alternateName\":\"L'entraide\",\"url\":\"https:\\\/\\\/lentraide.es\\\/fr\\\/\",\"logo\":{\"@type\":\"ImageObject\",\"inLanguage\":\"es\",\"@id\":\"https:\\\/\\\/lentraide.es\\\/fr\\\/#\\\/schema\\\/logo\\\/image\\\/\",\"url\":\"https:\\\/\\\/lentraide.es\\\/wp-content\\\/uploads\\\/2015\\\/07\\\/LOGO-azul2.png\",\"contentUrl\":\"https:\\\/\\\/lentraide.es\\\/wp-content\\\/uploads\\\/2015\\\/07\\\/LOGO-azul2.png\",\"width\":232,\"height\":146,\"caption\":\"Entraide Fran\u00e7aise\"},\"image\":{\"@id\":\"https:\\\/\\\/lentraide.es\\\/fr\\\/#\\\/schema\\\/logo\\\/image\\\/\"},\"sameAs\":[\"https:\\\/\\\/www.facebook.com\\\/entraide.francaisemadrid\",\"https:\\\/\\\/www.instagram.com\\\/entraidefrancaisemadrid\\\/\"]}]}<\/script>\n<!-- \/ Yoast SEO plugin. -->","yoast_head_json":{"title":"Petit Ap\u00e9ro des Amis | Entraide Fran\u00e7aise","robots":{"index":"index","follow":"follow","max-snippet":"max-snippet:-1","max-image-preview":"max-image-preview:large","max-video-preview":"max-video-preview:-1"},"canonical":"https:\/\/lentraide.es\/fr\/tienda\/petit-apero-des-amis\/","og_locale":"fr_FR","og_type":"article","og_title":"Petit Ap\u00e9ro des Amis | Entraide Fran\u00e7aise","og_description":"Enchantez vos proches\u00a0avec notre coffret-cadeau\u00a0Petit ap\u00e9ro des amis, imagin\u00e9\u00a0pour orchestrer facilement un superbe ap\u00e9ritif dinatoire \u00e0 la maison. En un tour de main, il permet de lancer les festivit\u00e9s gr\u00e2ce \u00e0 nos\u00a0savoureuses recettes de poissons\u00a0!  Con\u00e7ues avec l\u2019amour de la mer et de ses tr\u00e9sors, nos bo\u00eetes ap\u00e9ritives r\u00e9v\u00e8lent\u00a0une mosa\u00efque de saveurs fra\u00eeches et iod\u00e9es. Sardine, maquereau, thon, et saumon s\u2019y d\u00e9clinent en de d\u00e9licieuses pr\u00e9parations :\u00a0\u00e9miett\u00e9s, cr\u00e8mes, rillettes, concass\u00e9s\u2026\u00a0leur vari\u00e9t\u00e9 de go\u00fbts et de textures permet de\u00a0r\u00e9galer toute l\u2019assembl\u00e9e\u00a0!","og_url":"https:\/\/lentraide.es\/fr\/tienda\/petit-apero-des-amis\/","og_site_name":"Entraide Fran\u00e7aise","article_publisher":"https:\/\/www.facebook.com\/entraide.francaisemadrid","article_modified_time":"2026-01-07T22:04:16+00:00","og_image":[{"width":480,"height":480,"url":"https:\/\/lentraide.es\/wp-content\/uploads\/2023\/11\/petit-apero-des-amis-1.png","type":"image\/png"}],"twitter_card":"summary_large_image","twitter_misc":{"Tiempo de lectura":"1 minute"},"schema":{"@context":"https:\/\/schema.org","@graph":[{"@type":"WebPage","@id":"https:\/\/lentraide.es\/fr\/tienda\/petit-apero-des-amis\/","url":"https:\/\/lentraide.es\/fr\/tienda\/petit-apero-des-amis\/","name":"Petit Ap\u00e9ro des Amis | Entraide Fran\u00e7aise","isPartOf":{"@id":"https:\/\/lentraide.es\/fr\/#website"},"primaryImageOfPage":{"@id":"https:\/\/lentraide.es\/fr\/tienda\/petit-apero-des-amis\/#primaryimage"},"image":{"@id":"https:\/\/lentraide.es\/fr\/tienda\/petit-apero-des-amis\/#primaryimage"},"thumbnailUrl":"https:\/\/lentraide.es\/wp-content\/uploads\/2023\/11\/petit-apero-des-amis-1.png","datePublished":"2023-11-01T11:00:06+00:00","dateModified":"2026-01-07T22:04:16+00:00","breadcrumb":{"@id":"https:\/\/lentraide.es\/fr\/tienda\/petit-apero-des-amis\/#breadcrumb"},"inLanguage":"es","potentialAction":[{"@type":"ReadAction","target":["https:\/\/lentraide.es\/fr\/tienda\/petit-apero-des-amis\/"]}]},{"@type":"ImageObject","inLanguage":"es","@id":"https:\/\/lentraide.es\/fr\/tienda\/petit-apero-des-amis\/#primaryimage","url":"https:\/\/lentraide.es\/wp-content\/uploads\/2023\/11\/petit-apero-des-amis-1.png","contentUrl":"https:\/\/lentraide.es\/wp-content\/uploads\/2023\/11\/petit-apero-des-amis-1.png","width":480,"height":480},{"@type":"BreadcrumbList","@id":"https:\/\/lentraide.es\/fr\/tienda\/petit-apero-des-amis\/#breadcrumb","itemListElement":[{"@type":"ListItem","position":1,"name":"Accueil","item":"https:\/\/lentraide.es\/fr\/"},{"@type":"ListItem","position":2,"name":"Boutique","item":"https:\/\/lentraide.es\/fr\/boutique-new\/"},{"@type":"ListItem","position":3,"name":"Petit Ap\u00e9ro des Amis"}]},{"@type":"WebSite","@id":"https:\/\/lentraide.es\/fr\/#website","url":"https:\/\/lentraide.es\/fr\/","name":"Entraide Fran\u00e7aise","description":"Une main tendue vers la France","publisher":{"@id":"https:\/\/lentraide.es\/fr\/#organization"},"alternateName":"L'entraide","potentialAction":[{"@type":"SearchAction","target":{"@type":"EntryPoint","urlTemplate":"https:\/\/lentraide.es\/fr\/?s={search_term_string}"},"query-input":{"@type":"PropertyValueSpecification","valueRequired":true,"valueName":"search_term_string"}}],"inLanguage":"es"},{"@type":"Organization","@id":"https:\/\/lentraide.es\/fr\/#organization","name":"Entraide Fran\u00e7aise","alternateName":"L'entraide","url":"https:\/\/lentraide.es\/fr\/","logo":{"@type":"ImageObject","inLanguage":"es","@id":"https:\/\/lentraide.es\/fr\/#\/schema\/logo\/image\/","url":"https:\/\/lentraide.es\/wp-content\/uploads\/2015\/07\/LOGO-azul2.png","contentUrl":"https:\/\/lentraide.es\/wp-content\/uploads\/2015\/07\/LOGO-azul2.png","width":232,"height":146,"caption":"Entraide Fran\u00e7aise"},"image":{"@id":"https:\/\/lentraide.es\/fr\/#\/schema\/logo\/image\/"},"sameAs":["https:\/\/www.facebook.com\/entraide.francaisemadrid","https:\/\/www.instagram.com\/entraidefrancaisemadrid\/"]}]}},"_links":{"self":[{"href":"https:\/\/lentraide.es\/fr\/wp-json\/wp\/v2\/product\/51364","targetHints":{"allow":["GET"]}}],"collection":[{"href":"https:\/\/lentraide.es\/fr\/wp-json\/wp\/v2\/product"}],"about":[{"href":"https:\/\/lentraide.es\/fr\/wp-json\/wp\/v2\/types\/product"}],"wp:featuredmedia":[{"embeddable":true,"href":"https:\/\/lentraide.es\/fr\/wp-json\/wp\/v2\/media\/51380"}],"wp:attachment":[{"href":"https:\/\/lentraide.es\/fr\/wp-json\/wp\/v2\/media?parent=51364"}],"wp:term":[{"taxonomy":"product_brand","embeddable":true,"href":"https:\/\/lentraide.es\/fr\/wp-json\/wp\/v2\/product_brand?post=51364"},{"taxonomy":"product_cat","embeddable":true,"href":"https:\/\/lentraide.es\/fr\/wp-json\/wp\/v2\/product_cat?post=51364"},{"taxonomy":"product_tag","embeddable":true,"href":"https:\/\/lentraide.es\/fr\/wp-json\/wp\/v2\/product_tag?post=51364"}],"curies":[{"name":"wp","href":"https:\/\/api.w.org\/{rel}","templated":true}]}}