{"id":51369,"date":"2023-11-01T12:00:34","date_gmt":"2023-11-01T11:00:34","guid":{"rendered":"https:\/\/lentraide.es\/?post_type=product&#038;p=51369"},"modified":"2026-01-07T23:04:00","modified_gmt":"2026-01-07T22:04:00","slug":"plein-ouest","status":"publish","type":"product","link":"https:\/\/lentraide.es\/fr\/tienda\/plein-ouest\/","title":{"rendered":"Plein Ouest"},"content":{"rendered":"<h4><strong>Coffret Plein Ouest<\/strong><\/h4>\n<p>Notre coffret r\u00e9gion\u00a0<em>Plein Ouest<\/em>\u00a0offre\u00a0<strong>une vir\u00e9e dans l\u2019univers culinaire breton<\/strong>\u00a0\u00e0 travers\u00a0<strong>5 de nos incontournables recettes<\/strong>\u00a0imagin\u00e9es depuis Quiberon. M\u00ealant\u00a0<strong>produits embl\u00e9matiques et derni\u00e8res cr\u00e9ations<\/strong>, on y plonge au c\u0153ur du savoir-faire artisanal de la belle-iloise, de son esprit d\u2019innovation.<\/p>\n<p>Des plus classiques aux plus cuisin\u00e9es, d\u00e9couvrez\u00a0<strong>un panel de saveurs marines et iod\u00e9es<\/strong>\u00a0en d\u00e9gustant\u00a0<strong>sardines, maquereaux et thon blanc germon<\/strong>\u00a0d\u2019une absolue qualit\u00e9. Parmi les ingr\u00e9dients s\u00e9lectionn\u00e9s :\u00a0<strong>algues bio du Finist\u00e8re<\/strong>,\u00a0<strong>c\u0153urs d\u2019artichauts<\/strong>\u00a0et\u00a0<strong>graines de sarrasin grill\u00e9es<\/strong>.<\/p>\n","protected":false},"excerpt":{"rendered":"<p>Notre coffret r\u00e9gion\u00a0<em>Plein Ouest<\/em>\u00a0offre\u00a0<strong>une vir\u00e9e dans l\u2019univers culinaire breton<\/strong>\u00a0\u00e0 travers\u00a0<strong>5 de nos incontournables recettes<\/strong>\u00a0imagin\u00e9es depuis Quiberon. M\u00ealant\u00a0<strong>produits embl\u00e9matiques et derni\u00e8res cr\u00e9ations<\/strong>, on y plonge au c\u0153ur du savoir-faire artisanal de la belle-iloise, de son esprit d\u2019innovation.<\/p>\n<p>Des plus classiques aux plus cuisin\u00e9es, d\u00e9couvrez\u00a0<strong>un panel de saveurs marines et iod\u00e9es<\/strong>\u00a0en d\u00e9gustant\u00a0<strong>sardines, maquereaux et thon blanc germon<\/strong>\u00a0d\u2019une absolue qualit\u00e9. Parmi les ingr\u00e9dients s\u00e9lectionn\u00e9s :\u00a0<strong>algues bio du Finist\u00e8re<\/strong>,\u00a0<strong>c\u0153urs d\u2019artichauts<\/strong>\u00a0et\u00a0<strong>graines de sarrasin grill\u00e9es<\/strong>.<\/p>\n","protected":false},"featured_media":51388,"template":"","meta":{"_acf_changed":false},"product_brand":[],"product_cat":[166],"product_tag":[],"class_list":{"0":"post-51369","1":"product","2":"type-product","3":"status-publish","4":"has-post-thumbnail","6":"product_cat-vente-de-noel","8":"first","9":"outofstock","10":"shipping-taxable","11":"purchasable","12":"product-type-simple"},"acf":[],"yoast_head":"<!-- This site is optimized with the Yoast SEO plugin v26.9 - https:\/\/yoast.com\/product\/yoast-seo-wordpress\/ -->\n<title>Plein Ouest | Entraide Fran\u00e7aise<\/title>\n<meta name=\"robots\" content=\"index, follow, max-snippet:-1, max-image-preview:large, max-video-preview:-1\" \/>\n<link rel=\"canonical\" href=\"https:\/\/lentraide.es\/fr\/tienda\/plein-ouest\/\" \/>\n<meta property=\"og:locale\" content=\"fr_FR\" \/>\n<meta property=\"og:type\" content=\"article\" \/>\n<meta property=\"og:title\" content=\"Plein Ouest | Entraide Fran\u00e7aise\" \/>\n<meta property=\"og:description\" content=\"Notre coffret r\u00e9gion\u00a0Plein Ouest\u00a0offre\u00a0une vir\u00e9e dans l\u2019univers culinaire breton\u00a0\u00e0 travers\u00a05 de nos incontournables recettes\u00a0imagin\u00e9es depuis Quiberon. M\u00ealant\u00a0produits embl\u00e9matiques et derni\u00e8res cr\u00e9ations, on y plonge au c\u0153ur du savoir-faire artisanal de la belle-iloise, de son esprit d\u2019innovation.  Des plus classiques aux plus cuisin\u00e9es, d\u00e9couvrez\u00a0un panel de saveurs marines et iod\u00e9es\u00a0en d\u00e9gustant\u00a0sardines, maquereaux et thon blanc germon\u00a0d\u2019une absolue qualit\u00e9. Parmi les ingr\u00e9dients s\u00e9lectionn\u00e9s :\u00a0algues bio du Finist\u00e8re,\u00a0c\u0153urs d\u2019artichauts\u00a0et\u00a0graines de sarrasin grill\u00e9es.\" \/>\n<meta property=\"og:url\" content=\"https:\/\/lentraide.es\/fr\/tienda\/plein-ouest\/\" \/>\n<meta property=\"og:site_name\" content=\"Entraide Fran\u00e7aise\" \/>\n<meta property=\"article:publisher\" content=\"https:\/\/www.facebook.com\/entraide.francaisemadrid\" \/>\n<meta property=\"article:modified_time\" content=\"2026-01-07T22:04:00+00:00\" \/>\n<meta property=\"og:image\" content=\"https:\/\/lentraide.es\/wp-content\/uploads\/2023\/11\/plein-ouest-1.png\" \/>\n\t<meta property=\"og:image:width\" content=\"480\" \/>\n\t<meta property=\"og:image:height\" content=\"480\" \/>\n\t<meta property=\"og:image:type\" content=\"image\/png\" \/>\n<meta name=\"twitter:card\" content=\"summary_large_image\" \/>\n<meta name=\"twitter:label1\" content=\"Tiempo de lectura\" \/>\n\t<meta name=\"twitter:data1\" content=\"1 minute\" \/>\n<script type=\"application\/ld+json\" class=\"yoast-schema-graph\">{\"@context\":\"https:\/\/schema.org\",\"@graph\":[{\"@type\":\"WebPage\",\"@id\":\"https:\/\/lentraide.es\/fr\/tienda\/plein-ouest\/\",\"url\":\"https:\/\/lentraide.es\/fr\/tienda\/plein-ouest\/\",\"name\":\"Plein Ouest | Entraide Fran\u00e7aise\",\"isPartOf\":{\"@id\":\"https:\/\/lentraide.es\/fr\/#website\"},\"primaryImageOfPage\":{\"@id\":\"https:\/\/lentraide.es\/fr\/tienda\/plein-ouest\/#primaryimage\"},\"image\":{\"@id\":\"https:\/\/lentraide.es\/fr\/tienda\/plein-ouest\/#primaryimage\"},\"thumbnailUrl\":\"https:\/\/lentraide.es\/wp-content\/uploads\/2023\/11\/plein-ouest-1.png\",\"datePublished\":\"2023-11-01T11:00:34+00:00\",\"dateModified\":\"2026-01-07T22:04:00+00:00\",\"breadcrumb\":{\"@id\":\"https:\/\/lentraide.es\/fr\/tienda\/plein-ouest\/#breadcrumb\"},\"inLanguage\":\"es\",\"potentialAction\":[{\"@type\":\"ReadAction\",\"target\":[\"https:\/\/lentraide.es\/fr\/tienda\/plein-ouest\/\"]}]},{\"@type\":\"ImageObject\",\"inLanguage\":\"es\",\"@id\":\"https:\/\/lentraide.es\/fr\/tienda\/plein-ouest\/#primaryimage\",\"url\":\"https:\/\/lentraide.es\/wp-content\/uploads\/2023\/11\/plein-ouest-1.png\",\"contentUrl\":\"https:\/\/lentraide.es\/wp-content\/uploads\/2023\/11\/plein-ouest-1.png\",\"width\":480,\"height\":480},{\"@type\":\"BreadcrumbList\",\"@id\":\"https:\/\/lentraide.es\/fr\/tienda\/plein-ouest\/#breadcrumb\",\"itemListElement\":[{\"@type\":\"ListItem\",\"position\":1,\"name\":\"Accueil\",\"item\":\"https:\/\/lentraide.es\/fr\/\"},{\"@type\":\"ListItem\",\"position\":2,\"name\":\"Boutique\",\"item\":\"https:\/\/lentraide.es\/fr\/boutique-new\/\"},{\"@type\":\"ListItem\",\"position\":3,\"name\":\"Plein Ouest\"}]},{\"@type\":\"WebSite\",\"@id\":\"https:\/\/lentraide.es\/fr\/#website\",\"url\":\"https:\/\/lentraide.es\/fr\/\",\"name\":\"Entraide Fran\u00e7aise\",\"description\":\"Une main tendue vers la France\",\"publisher\":{\"@id\":\"https:\/\/lentraide.es\/fr\/#organization\"},\"alternateName\":\"L'entraide\",\"potentialAction\":[{\"@type\":\"SearchAction\",\"target\":{\"@type\":\"EntryPoint\",\"urlTemplate\":\"https:\/\/lentraide.es\/fr\/?s={search_term_string}\"},\"query-input\":{\"@type\":\"PropertyValueSpecification\",\"valueRequired\":true,\"valueName\":\"search_term_string\"}}],\"inLanguage\":\"es\"},{\"@type\":\"Organization\",\"@id\":\"https:\/\/lentraide.es\/fr\/#organization\",\"name\":\"Entraide Fran\u00e7aise\",\"alternateName\":\"L'entraide\",\"url\":\"https:\/\/lentraide.es\/fr\/\",\"logo\":{\"@type\":\"ImageObject\",\"inLanguage\":\"es\",\"@id\":\"https:\/\/lentraide.es\/fr\/#\/schema\/logo\/image\/\",\"url\":\"https:\/\/lentraide.es\/wp-content\/uploads\/2015\/07\/LOGO-azul2.png\",\"contentUrl\":\"https:\/\/lentraide.es\/wp-content\/uploads\/2015\/07\/LOGO-azul2.png\",\"width\":232,\"height\":146,\"caption\":\"Entraide Fran\u00e7aise\"},\"image\":{\"@id\":\"https:\/\/lentraide.es\/fr\/#\/schema\/logo\/image\/\"},\"sameAs\":[\"https:\/\/www.facebook.com\/entraide.francaisemadrid\",\"https:\/\/www.instagram.com\/entraidefrancaisemadrid\/\"]}]}<\/script>\n<!-- \/ Yoast SEO plugin. -->","yoast_head_json":{"title":"Plein Ouest | Entraide Fran\u00e7aise","robots":{"index":"index","follow":"follow","max-snippet":"max-snippet:-1","max-image-preview":"max-image-preview:large","max-video-preview":"max-video-preview:-1"},"canonical":"https:\/\/lentraide.es\/fr\/tienda\/plein-ouest\/","og_locale":"fr_FR","og_type":"article","og_title":"Plein Ouest | Entraide Fran\u00e7aise","og_description":"Notre coffret r\u00e9gion\u00a0Plein Ouest\u00a0offre\u00a0une vir\u00e9e dans l\u2019univers culinaire breton\u00a0\u00e0 travers\u00a05 de nos incontournables recettes\u00a0imagin\u00e9es depuis Quiberon. M\u00ealant\u00a0produits embl\u00e9matiques et derni\u00e8res cr\u00e9ations, on y plonge au c\u0153ur du savoir-faire artisanal de la belle-iloise, de son esprit d\u2019innovation.  Des plus classiques aux plus cuisin\u00e9es, d\u00e9couvrez\u00a0un panel de saveurs marines et iod\u00e9es\u00a0en d\u00e9gustant\u00a0sardines, maquereaux et thon blanc germon\u00a0d\u2019une absolue qualit\u00e9. Parmi les ingr\u00e9dients s\u00e9lectionn\u00e9s :\u00a0algues bio du Finist\u00e8re,\u00a0c\u0153urs d\u2019artichauts\u00a0et\u00a0graines de sarrasin grill\u00e9es.","og_url":"https:\/\/lentraide.es\/fr\/tienda\/plein-ouest\/","og_site_name":"Entraide Fran\u00e7aise","article_publisher":"https:\/\/www.facebook.com\/entraide.francaisemadrid","article_modified_time":"2026-01-07T22:04:00+00:00","og_image":[{"width":480,"height":480,"url":"https:\/\/lentraide.es\/wp-content\/uploads\/2023\/11\/plein-ouest-1.png","type":"image\/png"}],"twitter_card":"summary_large_image","twitter_misc":{"Tiempo de lectura":"1 minute"},"schema":{"@context":"https:\/\/schema.org","@graph":[{"@type":"WebPage","@id":"https:\/\/lentraide.es\/fr\/tienda\/plein-ouest\/","url":"https:\/\/lentraide.es\/fr\/tienda\/plein-ouest\/","name":"Plein Ouest | Entraide Fran\u00e7aise","isPartOf":{"@id":"https:\/\/lentraide.es\/fr\/#website"},"primaryImageOfPage":{"@id":"https:\/\/lentraide.es\/fr\/tienda\/plein-ouest\/#primaryimage"},"image":{"@id":"https:\/\/lentraide.es\/fr\/tienda\/plein-ouest\/#primaryimage"},"thumbnailUrl":"https:\/\/lentraide.es\/wp-content\/uploads\/2023\/11\/plein-ouest-1.png","datePublished":"2023-11-01T11:00:34+00:00","dateModified":"2026-01-07T22:04:00+00:00","breadcrumb":{"@id":"https:\/\/lentraide.es\/fr\/tienda\/plein-ouest\/#breadcrumb"},"inLanguage":"es","potentialAction":[{"@type":"ReadAction","target":["https:\/\/lentraide.es\/fr\/tienda\/plein-ouest\/"]}]},{"@type":"ImageObject","inLanguage":"es","@id":"https:\/\/lentraide.es\/fr\/tienda\/plein-ouest\/#primaryimage","url":"https:\/\/lentraide.es\/wp-content\/uploads\/2023\/11\/plein-ouest-1.png","contentUrl":"https:\/\/lentraide.es\/wp-content\/uploads\/2023\/11\/plein-ouest-1.png","width":480,"height":480},{"@type":"BreadcrumbList","@id":"https:\/\/lentraide.es\/fr\/tienda\/plein-ouest\/#breadcrumb","itemListElement":[{"@type":"ListItem","position":1,"name":"Accueil","item":"https:\/\/lentraide.es\/fr\/"},{"@type":"ListItem","position":2,"name":"Boutique","item":"https:\/\/lentraide.es\/fr\/boutique-new\/"},{"@type":"ListItem","position":3,"name":"Plein Ouest"}]},{"@type":"WebSite","@id":"https:\/\/lentraide.es\/fr\/#website","url":"https:\/\/lentraide.es\/fr\/","name":"Entraide Fran\u00e7aise","description":"Une main tendue vers la France","publisher":{"@id":"https:\/\/lentraide.es\/fr\/#organization"},"alternateName":"L'entraide","potentialAction":[{"@type":"SearchAction","target":{"@type":"EntryPoint","urlTemplate":"https:\/\/lentraide.es\/fr\/?s={search_term_string}"},"query-input":{"@type":"PropertyValueSpecification","valueRequired":true,"valueName":"search_term_string"}}],"inLanguage":"es"},{"@type":"Organization","@id":"https:\/\/lentraide.es\/fr\/#organization","name":"Entraide Fran\u00e7aise","alternateName":"L'entraide","url":"https:\/\/lentraide.es\/fr\/","logo":{"@type":"ImageObject","inLanguage":"es","@id":"https:\/\/lentraide.es\/fr\/#\/schema\/logo\/image\/","url":"https:\/\/lentraide.es\/wp-content\/uploads\/2015\/07\/LOGO-azul2.png","contentUrl":"https:\/\/lentraide.es\/wp-content\/uploads\/2015\/07\/LOGO-azul2.png","width":232,"height":146,"caption":"Entraide Fran\u00e7aise"},"image":{"@id":"https:\/\/lentraide.es\/fr\/#\/schema\/logo\/image\/"},"sameAs":["https:\/\/www.facebook.com\/entraide.francaisemadrid","https:\/\/www.instagram.com\/entraidefrancaisemadrid\/"]}]}},"_links":{"self":[{"href":"https:\/\/lentraide.es\/fr\/wp-json\/wp\/v2\/product\/51369","targetHints":{"allow":["GET"]}}],"collection":[{"href":"https:\/\/lentraide.es\/fr\/wp-json\/wp\/v2\/product"}],"about":[{"href":"https:\/\/lentraide.es\/fr\/wp-json\/wp\/v2\/types\/product"}],"wp:featuredmedia":[{"embeddable":true,"href":"https:\/\/lentraide.es\/fr\/wp-json\/wp\/v2\/media\/51388"}],"wp:attachment":[{"href":"https:\/\/lentraide.es\/fr\/wp-json\/wp\/v2\/media?parent=51369"}],"wp:term":[{"taxonomy":"product_brand","embeddable":true,"href":"https:\/\/lentraide.es\/fr\/wp-json\/wp\/v2\/product_brand?post=51369"},{"taxonomy":"product_cat","embeddable":true,"href":"https:\/\/lentraide.es\/fr\/wp-json\/wp\/v2\/product_cat?post=51369"},{"taxonomy":"product_tag","embeddable":true,"href":"https:\/\/lentraide.es\/fr\/wp-json\/wp\/v2\/product_tag?post=51369"}],"curies":[{"name":"wp","href":"https:\/\/api.w.org\/{rel}","templated":true}]}}