{"id":51370,"date":"2023-11-01T12:00:07","date_gmt":"2023-11-01T11:00:07","guid":{"rendered":"https:\/\/lentraide.es\/?post_type=product&#038;p=51370"},"modified":"2026-01-07T23:04:08","modified_gmt":"2026-01-07T22:04:08","slug":"on-dirait-le-sud","status":"publish","type":"product","link":"https:\/\/lentraide.es\/fr\/tienda\/on-dirait-le-sud\/","title":{"rendered":"On Dirait le Sud"},"content":{"rendered":"<h4><strong>On Dirait le Sud<\/strong><\/h4>\n<p>Notre coffret r\u00e9gion\u00a0<em>On dirait le Sud<\/em>\u00a0r\u00e9unit\u00a0<strong>nos 5 recettes les plus m\u00e9ridionales<\/strong>\u00a0pour offrir en cadeau\u00a0<strong>une savoureuse \u00e9vasion proven\u00e7ale<\/strong>. Nos tendres poissons \u2013\u00a0<strong>sardine, maquereau et thon<\/strong>\u00a0\u2013 s\u2019y parfument tour \u00e0 tour de\u00a0<strong>saveurs oliv\u00e9es et citronn\u00e9es<\/strong>, d\u2019une pointe d\u2019<strong>ail<\/strong>, d\u2019<strong>herbes<\/strong>\u00a0ou de\u00a0<strong>tomate s\u00e9ch\u00e9e<\/strong>. On y d\u00e9couvre notamment\u00a0<strong>la douceur fruit\u00e9e du citron de Menton<\/strong>, qui b\u00e9n\u00e9ficie d\u2019une Indication G\u00e9ographique Prot\u00e9g\u00e9e (<strong>IGP<\/strong>) car il est\u00a0<strong>cultiv\u00e9 de mani\u00e8re naturelle et traditionnelle<\/strong>\u00a0sur une petite zone de 5 communes situ\u00e9es \u00e0 moins de 7km de la M\u00e9diterran\u00e9e.<\/p>\n","protected":false},"excerpt":{"rendered":"<p>Notre coffret r\u00e9gion\u00a0<em>On dirait le Sud<\/em>\u00a0r\u00e9unit\u00a0<strong>nos 5 recettes les plus m\u00e9ridionales<\/strong>\u00a0pour offrir en cadeau\u00a0<strong>une savoureuse \u00e9vasion proven\u00e7ale<\/strong>. Nos tendres poissons \u2013\u00a0<strong>sardine, maquereau et thon<\/strong>\u00a0\u2013 s\u2019y parfument tour \u00e0 tour de\u00a0<strong>saveurs oliv\u00e9es et citronn\u00e9es<\/strong>, d\u2019une pointe d\u2019<strong>ail<\/strong>, d\u2019<strong>herbes<\/strong>\u00a0ou de\u00a0<strong>tomate s\u00e9ch\u00e9e<\/strong>. On y d\u00e9couvre notamment\u00a0<strong>la douceur fruit\u00e9e du citron de Menton<\/strong>, qui b\u00e9n\u00e9ficie d\u2019une Indication G\u00e9ographique Prot\u00e9g\u00e9e (<strong>IGP<\/strong>) car il est\u00a0<strong>cultiv\u00e9 de mani\u00e8re naturelle et traditionnelle<\/strong>\u00a0sur une petite zone de 5 communes situ\u00e9es \u00e0 moins de 7km de la M\u00e9diterran\u00e9e.<\/p>\n","protected":false},"featured_media":51384,"template":"","meta":{"_acf_changed":false},"product_brand":[],"product_cat":[166],"product_tag":[],"class_list":{"0":"post-51370","1":"product","2":"type-product","3":"status-publish","4":"has-post-thumbnail","6":"product_cat-vente-de-noel","8":"first","9":"outofstock","10":"shipping-taxable","11":"purchasable","12":"product-type-simple"},"acf":[],"yoast_head":"<!-- This site is optimized with the Yoast SEO plugin v26.9 - https:\/\/yoast.com\/product\/yoast-seo-wordpress\/ -->\n<title>On Dirait le Sud | Entraide Fran\u00e7aise<\/title>\n<meta name=\"robots\" content=\"index, follow, max-snippet:-1, max-image-preview:large, max-video-preview:-1\" \/>\n<link rel=\"canonical\" href=\"https:\/\/lentraide.es\/fr\/tienda\/on-dirait-le-sud\/\" \/>\n<meta property=\"og:locale\" content=\"fr_FR\" \/>\n<meta property=\"og:type\" content=\"article\" \/>\n<meta property=\"og:title\" content=\"On Dirait le Sud | Entraide Fran\u00e7aise\" \/>\n<meta property=\"og:description\" content=\"Notre coffret r\u00e9gion\u00a0On dirait le Sud\u00a0r\u00e9unit\u00a0nos 5 recettes les plus m\u00e9ridionales\u00a0pour offrir en cadeau\u00a0une savoureuse \u00e9vasion proven\u00e7ale. Nos tendres poissons \u2013\u00a0sardine, maquereau et thon\u00a0\u2013 s\u2019y parfument tour \u00e0 tour de\u00a0saveurs oliv\u00e9es et citronn\u00e9es, d\u2019une pointe d\u2019ail, d\u2019herbes\u00a0ou de\u00a0tomate s\u00e9ch\u00e9e. On y d\u00e9couvre notamment\u00a0la douceur fruit\u00e9e du citron de Menton, qui b\u00e9n\u00e9ficie d\u2019une Indication G\u00e9ographique Prot\u00e9g\u00e9e (IGP) car il est\u00a0cultiv\u00e9 de mani\u00e8re naturelle et traditionnelle\u00a0sur une petite zone de 5 communes situ\u00e9es \u00e0 moins de 7km de la M\u00e9diterran\u00e9e.\" \/>\n<meta property=\"og:url\" content=\"https:\/\/lentraide.es\/fr\/tienda\/on-dirait-le-sud\/\" \/>\n<meta property=\"og:site_name\" content=\"Entraide Fran\u00e7aise\" \/>\n<meta property=\"article:publisher\" content=\"https:\/\/www.facebook.com\/entraide.francaisemadrid\" \/>\n<meta property=\"article:modified_time\" content=\"2026-01-07T22:04:08+00:00\" \/>\n<meta property=\"og:image\" content=\"https:\/\/lentraide.es\/wp-content\/uploads\/2023\/11\/on-dirait-le-sud-1.png\" \/>\n\t<meta property=\"og:image:width\" content=\"480\" \/>\n\t<meta property=\"og:image:height\" content=\"480\" \/>\n\t<meta property=\"og:image:type\" content=\"image\/png\" \/>\n<meta name=\"twitter:card\" content=\"summary_large_image\" \/>\n<meta name=\"twitter:label1\" content=\"Tiempo de lectura\" \/>\n\t<meta name=\"twitter:data1\" content=\"1 minute\" \/>\n<script type=\"application\/ld+json\" class=\"yoast-schema-graph\">{\"@context\":\"https:\/\/schema.org\",\"@graph\":[{\"@type\":\"WebPage\",\"@id\":\"https:\/\/lentraide.es\/fr\/tienda\/on-dirait-le-sud\/\",\"url\":\"https:\/\/lentraide.es\/fr\/tienda\/on-dirait-le-sud\/\",\"name\":\"On Dirait le Sud | Entraide Fran\u00e7aise\",\"isPartOf\":{\"@id\":\"https:\/\/lentraide.es\/fr\/#website\"},\"primaryImageOfPage\":{\"@id\":\"https:\/\/lentraide.es\/fr\/tienda\/on-dirait-le-sud\/#primaryimage\"},\"image\":{\"@id\":\"https:\/\/lentraide.es\/fr\/tienda\/on-dirait-le-sud\/#primaryimage\"},\"thumbnailUrl\":\"https:\/\/lentraide.es\/wp-content\/uploads\/2023\/11\/on-dirait-le-sud-1.png\",\"datePublished\":\"2023-11-01T11:00:07+00:00\",\"dateModified\":\"2026-01-07T22:04:08+00:00\",\"breadcrumb\":{\"@id\":\"https:\/\/lentraide.es\/fr\/tienda\/on-dirait-le-sud\/#breadcrumb\"},\"inLanguage\":\"es\",\"potentialAction\":[{\"@type\":\"ReadAction\",\"target\":[\"https:\/\/lentraide.es\/fr\/tienda\/on-dirait-le-sud\/\"]}]},{\"@type\":\"ImageObject\",\"inLanguage\":\"es\",\"@id\":\"https:\/\/lentraide.es\/fr\/tienda\/on-dirait-le-sud\/#primaryimage\",\"url\":\"https:\/\/lentraide.es\/wp-content\/uploads\/2023\/11\/on-dirait-le-sud-1.png\",\"contentUrl\":\"https:\/\/lentraide.es\/wp-content\/uploads\/2023\/11\/on-dirait-le-sud-1.png\",\"width\":480,\"height\":480},{\"@type\":\"BreadcrumbList\",\"@id\":\"https:\/\/lentraide.es\/fr\/tienda\/on-dirait-le-sud\/#breadcrumb\",\"itemListElement\":[{\"@type\":\"ListItem\",\"position\":1,\"name\":\"Accueil\",\"item\":\"https:\/\/lentraide.es\/fr\/\"},{\"@type\":\"ListItem\",\"position\":2,\"name\":\"Boutique\",\"item\":\"https:\/\/lentraide.es\/fr\/boutique-new\/\"},{\"@type\":\"ListItem\",\"position\":3,\"name\":\"On Dirait le Sud\"}]},{\"@type\":\"WebSite\",\"@id\":\"https:\/\/lentraide.es\/fr\/#website\",\"url\":\"https:\/\/lentraide.es\/fr\/\",\"name\":\"Entraide Fran\u00e7aise\",\"description\":\"Une main tendue vers la France\",\"publisher\":{\"@id\":\"https:\/\/lentraide.es\/fr\/#organization\"},\"alternateName\":\"L'entraide\",\"potentialAction\":[{\"@type\":\"SearchAction\",\"target\":{\"@type\":\"EntryPoint\",\"urlTemplate\":\"https:\/\/lentraide.es\/fr\/?s={search_term_string}\"},\"query-input\":{\"@type\":\"PropertyValueSpecification\",\"valueRequired\":true,\"valueName\":\"search_term_string\"}}],\"inLanguage\":\"es\"},{\"@type\":\"Organization\",\"@id\":\"https:\/\/lentraide.es\/fr\/#organization\",\"name\":\"Entraide Fran\u00e7aise\",\"alternateName\":\"L'entraide\",\"url\":\"https:\/\/lentraide.es\/fr\/\",\"logo\":{\"@type\":\"ImageObject\",\"inLanguage\":\"es\",\"@id\":\"https:\/\/lentraide.es\/fr\/#\/schema\/logo\/image\/\",\"url\":\"https:\/\/lentraide.es\/wp-content\/uploads\/2015\/07\/LOGO-azul2.png\",\"contentUrl\":\"https:\/\/lentraide.es\/wp-content\/uploads\/2015\/07\/LOGO-azul2.png\",\"width\":232,\"height\":146,\"caption\":\"Entraide Fran\u00e7aise\"},\"image\":{\"@id\":\"https:\/\/lentraide.es\/fr\/#\/schema\/logo\/image\/\"},\"sameAs\":[\"https:\/\/www.facebook.com\/entraide.francaisemadrid\",\"https:\/\/www.instagram.com\/entraidefrancaisemadrid\/\"]}]}<\/script>\n<!-- \/ Yoast SEO plugin. -->","yoast_head_json":{"title":"On Dirait le Sud | Entraide Fran\u00e7aise","robots":{"index":"index","follow":"follow","max-snippet":"max-snippet:-1","max-image-preview":"max-image-preview:large","max-video-preview":"max-video-preview:-1"},"canonical":"https:\/\/lentraide.es\/fr\/tienda\/on-dirait-le-sud\/","og_locale":"fr_FR","og_type":"article","og_title":"On Dirait le Sud | Entraide Fran\u00e7aise","og_description":"Notre coffret r\u00e9gion\u00a0On dirait le Sud\u00a0r\u00e9unit\u00a0nos 5 recettes les plus m\u00e9ridionales\u00a0pour offrir en cadeau\u00a0une savoureuse \u00e9vasion proven\u00e7ale. Nos tendres poissons \u2013\u00a0sardine, maquereau et thon\u00a0\u2013 s\u2019y parfument tour \u00e0 tour de\u00a0saveurs oliv\u00e9es et citronn\u00e9es, d\u2019une pointe d\u2019ail, d\u2019herbes\u00a0ou de\u00a0tomate s\u00e9ch\u00e9e. On y d\u00e9couvre notamment\u00a0la douceur fruit\u00e9e du citron de Menton, qui b\u00e9n\u00e9ficie d\u2019une Indication G\u00e9ographique Prot\u00e9g\u00e9e (IGP) car il est\u00a0cultiv\u00e9 de mani\u00e8re naturelle et traditionnelle\u00a0sur une petite zone de 5 communes situ\u00e9es \u00e0 moins de 7km de la M\u00e9diterran\u00e9e.","og_url":"https:\/\/lentraide.es\/fr\/tienda\/on-dirait-le-sud\/","og_site_name":"Entraide Fran\u00e7aise","article_publisher":"https:\/\/www.facebook.com\/entraide.francaisemadrid","article_modified_time":"2026-01-07T22:04:08+00:00","og_image":[{"width":480,"height":480,"url":"https:\/\/lentraide.es\/wp-content\/uploads\/2023\/11\/on-dirait-le-sud-1.png","type":"image\/png"}],"twitter_card":"summary_large_image","twitter_misc":{"Tiempo de lectura":"1 minute"},"schema":{"@context":"https:\/\/schema.org","@graph":[{"@type":"WebPage","@id":"https:\/\/lentraide.es\/fr\/tienda\/on-dirait-le-sud\/","url":"https:\/\/lentraide.es\/fr\/tienda\/on-dirait-le-sud\/","name":"On Dirait le Sud | Entraide Fran\u00e7aise","isPartOf":{"@id":"https:\/\/lentraide.es\/fr\/#website"},"primaryImageOfPage":{"@id":"https:\/\/lentraide.es\/fr\/tienda\/on-dirait-le-sud\/#primaryimage"},"image":{"@id":"https:\/\/lentraide.es\/fr\/tienda\/on-dirait-le-sud\/#primaryimage"},"thumbnailUrl":"https:\/\/lentraide.es\/wp-content\/uploads\/2023\/11\/on-dirait-le-sud-1.png","datePublished":"2023-11-01T11:00:07+00:00","dateModified":"2026-01-07T22:04:08+00:00","breadcrumb":{"@id":"https:\/\/lentraide.es\/fr\/tienda\/on-dirait-le-sud\/#breadcrumb"},"inLanguage":"es","potentialAction":[{"@type":"ReadAction","target":["https:\/\/lentraide.es\/fr\/tienda\/on-dirait-le-sud\/"]}]},{"@type":"ImageObject","inLanguage":"es","@id":"https:\/\/lentraide.es\/fr\/tienda\/on-dirait-le-sud\/#primaryimage","url":"https:\/\/lentraide.es\/wp-content\/uploads\/2023\/11\/on-dirait-le-sud-1.png","contentUrl":"https:\/\/lentraide.es\/wp-content\/uploads\/2023\/11\/on-dirait-le-sud-1.png","width":480,"height":480},{"@type":"BreadcrumbList","@id":"https:\/\/lentraide.es\/fr\/tienda\/on-dirait-le-sud\/#breadcrumb","itemListElement":[{"@type":"ListItem","position":1,"name":"Accueil","item":"https:\/\/lentraide.es\/fr\/"},{"@type":"ListItem","position":2,"name":"Boutique","item":"https:\/\/lentraide.es\/fr\/boutique-new\/"},{"@type":"ListItem","position":3,"name":"On Dirait le Sud"}]},{"@type":"WebSite","@id":"https:\/\/lentraide.es\/fr\/#website","url":"https:\/\/lentraide.es\/fr\/","name":"Entraide Fran\u00e7aise","description":"Une main tendue vers la France","publisher":{"@id":"https:\/\/lentraide.es\/fr\/#organization"},"alternateName":"L'entraide","potentialAction":[{"@type":"SearchAction","target":{"@type":"EntryPoint","urlTemplate":"https:\/\/lentraide.es\/fr\/?s={search_term_string}"},"query-input":{"@type":"PropertyValueSpecification","valueRequired":true,"valueName":"search_term_string"}}],"inLanguage":"es"},{"@type":"Organization","@id":"https:\/\/lentraide.es\/fr\/#organization","name":"Entraide Fran\u00e7aise","alternateName":"L'entraide","url":"https:\/\/lentraide.es\/fr\/","logo":{"@type":"ImageObject","inLanguage":"es","@id":"https:\/\/lentraide.es\/fr\/#\/schema\/logo\/image\/","url":"https:\/\/lentraide.es\/wp-content\/uploads\/2015\/07\/LOGO-azul2.png","contentUrl":"https:\/\/lentraide.es\/wp-content\/uploads\/2015\/07\/LOGO-azul2.png","width":232,"height":146,"caption":"Entraide Fran\u00e7aise"},"image":{"@id":"https:\/\/lentraide.es\/fr\/#\/schema\/logo\/image\/"},"sameAs":["https:\/\/www.facebook.com\/entraide.francaisemadrid","https:\/\/www.instagram.com\/entraidefrancaisemadrid\/"]}]}},"_links":{"self":[{"href":"https:\/\/lentraide.es\/fr\/wp-json\/wp\/v2\/product\/51370","targetHints":{"allow":["GET"]}}],"collection":[{"href":"https:\/\/lentraide.es\/fr\/wp-json\/wp\/v2\/product"}],"about":[{"href":"https:\/\/lentraide.es\/fr\/wp-json\/wp\/v2\/types\/product"}],"wp:featuredmedia":[{"embeddable":true,"href":"https:\/\/lentraide.es\/fr\/wp-json\/wp\/v2\/media\/51384"}],"wp:attachment":[{"href":"https:\/\/lentraide.es\/fr\/wp-json\/wp\/v2\/media?parent=51370"}],"wp:term":[{"taxonomy":"product_brand","embeddable":true,"href":"https:\/\/lentraide.es\/fr\/wp-json\/wp\/v2\/product_brand?post=51370"},{"taxonomy":"product_cat","embeddable":true,"href":"https:\/\/lentraide.es\/fr\/wp-json\/wp\/v2\/product_cat?post=51370"},{"taxonomy":"product_tag","embeddable":true,"href":"https:\/\/lentraide.es\/fr\/wp-json\/wp\/v2\/product_tag?post=51370"}],"curies":[{"name":"wp","href":"https:\/\/api.w.org\/{rel}","templated":true}]}}