{"id":51539,"date":"2023-11-06T12:00:30","date_gmt":"2023-11-06T11:00:30","guid":{"rendered":"https:\/\/lentraide.es\/?post_type=product&#038;p=51539"},"modified":"2025-12-11T22:40:48","modified_gmt":"2025-12-11T21:40:48","slug":"huile-noix","status":"publish","type":"product","link":"https:\/\/lentraide.es\/fr\/tienda\/huile-noix\/","title":{"rendered":"Huile de Noix"},"content":{"rendered":"<div class=\"wpb-content-wrapper\"><p>[vc_row css_animation=\u00a0\u00bb\u00a0\u00bb row_type=\u00a0\u00bbrow\u00a0\u00bb use_row_as_full_screen_section=\u00a0\u00bbno\u00a0\u00bb type=\u00a0\u00bbfull_width\u00a0\u00bb angled_section=\u00a0\u00bbno\u00a0\u00bb text_align=\u00a0\u00bbleft\u00a0\u00bb background_image_as_pattern=\u00a0\u00bbwithout_pattern\u00a0\u00bb][vc_column][vc_column_text]<\/p>\n<h4><strong>L\u2019iconique huile de Noix La Tourangelle \u00e0 l\u2019inimitable go\u00fbt toast\u00e9.<\/strong><\/h4>\n<p>Issue d\u2019un savoir-faire authentique plus que centenaire, les noix sont toast\u00e9es avant d\u2019\u00eatre press\u00e9es.<br \/>\nProduit embl\u00e9matique de notre marque, son go\u00fbt est unique ! D\u00e9couvrez ses saveurs de noix d\u00e9licatement toast\u00e9es qui rehausseront vos vinaigrettes, viandes rouges, plats en sauce, grillades et m\u00eame vos p\u00e2tisseries !<br \/>\nL\u2019huile de Noix est naturellement riche en Om\u00e9ga 3, un acides gras essentiel au bon fonctionnement de notre corps. Elle est id\u00e9ale pour r\u00e9\u00e9quilibrer le rapport avec les om\u00e9ga 6, ce qui en fait un atout sant\u00e9 au quotidien.[\/vc_column_text][\/vc_column][\/vc_row]<\/p>\n<\/div>","protected":false},"excerpt":{"rendered":"<h4><strong>L\u2019iconique huile de Noix La Tourangelle \u00e0 l\u2019inimitable go\u00fbt toast\u00e9.<\/strong><\/h4>\n<p>Issue d\u2019un savoir-faire authentique plus que centenaire, les noix sont toast\u00e9es avant d\u2019\u00eatre press\u00e9es.<br \/>\nProduit embl\u00e9matique de notre marque, son go\u00fbt est unique ! D\u00e9couvrez ses saveurs de noix d\u00e9licatement toast\u00e9es qui rehausseront vos vinaigrettes, viandes rouges, plats en sauce, grillades et m\u00eame vos p\u00e2tisseries !<br \/>\nL\u2019huile de Noix est naturellement riche en Om\u00e9ga 3, un acides gras essentiel au bon fonctionnement de notre corps. Elle est id\u00e9ale pour r\u00e9\u00e9quilibrer le rapport avec les om\u00e9ga 6, ce qui en fait un atout sant\u00e9 au quotidien.<\/p>\n","protected":false},"featured_media":51407,"template":"","meta":{"_acf_changed":false},"product_brand":[],"product_cat":[248,166],"product_tag":[],"class_list":{"0":"post-51539","1":"product","2":"type-product","3":"status-publish","4":"has-post-thumbnail","6":"product_cat-huiles-noel","7":"product_cat-vente-de-noel","9":"first","10":"outofstock","11":"shipping-taxable","12":"purchasable","13":"product-type-simple"},"acf":[],"yoast_head":"<!-- This site is optimized with the Yoast SEO plugin v26.9 - https:\/\/yoast.com\/product\/yoast-seo-wordpress\/ -->\n<title>Huile de Noix | Entraide Fran\u00e7aise<\/title>\n<meta name=\"robots\" content=\"index, follow, max-snippet:-1, max-image-preview:large, max-video-preview:-1\" \/>\n<link rel=\"canonical\" href=\"https:\/\/lentraide.es\/fr\/tienda\/huile-noix\/\" \/>\n<meta property=\"og:locale\" content=\"fr_FR\" \/>\n<meta property=\"og:type\" content=\"article\" \/>\n<meta property=\"og:title\" content=\"Huile de Noix | Entraide Fran\u00e7aise\" \/>\n<meta property=\"og:description\" content=\"L\u2019iconique huile de Noix La Tourangelle \u00e0 l\u2019inimitable go\u00fbt toast\u00e9. Issue d\u2019un savoir-faire authentique plus que centenaire, les noix sont toast\u00e9es avant d\u2019\u00eatre press\u00e9es. Produit embl\u00e9matique de notre marque, son go\u00fbt est unique ! D\u00e9couvrez ses saveurs de noix d\u00e9licatement toast\u00e9es qui rehausseront vos vinaigrettes, viandes rouges, plats en sauce, grillades et m\u00eame vos p\u00e2tisseries ! L\u2019huile de Noix est naturellement riche en Om\u00e9ga 3, un acides gras essentiel au bon fonctionnement de notre corps. Elle est id\u00e9ale pour r\u00e9\u00e9quilibrer le rapport avec les om\u00e9ga 6, ce qui en fait un atout sant\u00e9 au quotidien.\" \/>\n<meta property=\"og:url\" content=\"https:\/\/lentraide.es\/fr\/tienda\/huile-noix\/\" \/>\n<meta property=\"og:site_name\" content=\"Entraide Fran\u00e7aise\" \/>\n<meta property=\"article:publisher\" content=\"https:\/\/www.facebook.com\/entraide.francaisemadrid\" \/>\n<meta property=\"article:modified_time\" content=\"2025-12-11T21:40:48+00:00\" \/>\n<meta property=\"og:image\" content=\"https:\/\/lentraide.es\/wp-content\/uploads\/2023\/11\/huile-de-noix-1.png\" \/>\n\t<meta property=\"og:image:width\" content=\"752\" \/>\n\t<meta property=\"og:image:height\" content=\"752\" \/>\n\t<meta property=\"og:image:type\" content=\"image\/png\" \/>\n<meta name=\"twitter:card\" content=\"summary_large_image\" \/>\n<meta name=\"twitter:label1\" content=\"Tiempo de lectura\" \/>\n\t<meta name=\"twitter:data1\" content=\"1 minute\" \/>\n<script type=\"application\/ld+json\" class=\"yoast-schema-graph\">{\"@context\":\"https:\/\/schema.org\",\"@graph\":[{\"@type\":\"WebPage\",\"@id\":\"https:\/\/lentraide.es\/fr\/tienda\/huile-noix\/\",\"url\":\"https:\/\/lentraide.es\/fr\/tienda\/huile-noix\/\",\"name\":\"Huile de Noix | Entraide Fran\u00e7aise\",\"isPartOf\":{\"@id\":\"https:\/\/lentraide.es\/fr\/#website\"},\"primaryImageOfPage\":{\"@id\":\"https:\/\/lentraide.es\/fr\/tienda\/huile-noix\/#primaryimage\"},\"image\":{\"@id\":\"https:\/\/lentraide.es\/fr\/tienda\/huile-noix\/#primaryimage\"},\"thumbnailUrl\":\"https:\/\/lentraide.es\/wp-content\/uploads\/2023\/11\/huile-de-noix-1.png\",\"datePublished\":\"2023-11-06T11:00:30+00:00\",\"dateModified\":\"2025-12-11T21:40:48+00:00\",\"breadcrumb\":{\"@id\":\"https:\/\/lentraide.es\/fr\/tienda\/huile-noix\/#breadcrumb\"},\"inLanguage\":\"es\",\"potentialAction\":[{\"@type\":\"ReadAction\",\"target\":[\"https:\/\/lentraide.es\/fr\/tienda\/huile-noix\/\"]}]},{\"@type\":\"ImageObject\",\"inLanguage\":\"es\",\"@id\":\"https:\/\/lentraide.es\/fr\/tienda\/huile-noix\/#primaryimage\",\"url\":\"https:\/\/lentraide.es\/wp-content\/uploads\/2023\/11\/huile-de-noix-1.png\",\"contentUrl\":\"https:\/\/lentraide.es\/wp-content\/uploads\/2023\/11\/huile-de-noix-1.png\",\"width\":752,\"height\":752},{\"@type\":\"BreadcrumbList\",\"@id\":\"https:\/\/lentraide.es\/fr\/tienda\/huile-noix\/#breadcrumb\",\"itemListElement\":[{\"@type\":\"ListItem\",\"position\":1,\"name\":\"Accueil\",\"item\":\"https:\/\/lentraide.es\/fr\/\"},{\"@type\":\"ListItem\",\"position\":2,\"name\":\"Boutique\",\"item\":\"https:\/\/lentraide.es\/fr\/boutique-new\/\"},{\"@type\":\"ListItem\",\"position\":3,\"name\":\"Huile de Noix\"}]},{\"@type\":\"WebSite\",\"@id\":\"https:\/\/lentraide.es\/fr\/#website\",\"url\":\"https:\/\/lentraide.es\/fr\/\",\"name\":\"Entraide Fran\u00e7aise\",\"description\":\"Une main tendue vers la France\",\"publisher\":{\"@id\":\"https:\/\/lentraide.es\/fr\/#organization\"},\"alternateName\":\"L'entraide\",\"potentialAction\":[{\"@type\":\"SearchAction\",\"target\":{\"@type\":\"EntryPoint\",\"urlTemplate\":\"https:\/\/lentraide.es\/fr\/?s={search_term_string}\"},\"query-input\":{\"@type\":\"PropertyValueSpecification\",\"valueRequired\":true,\"valueName\":\"search_term_string\"}}],\"inLanguage\":\"es\"},{\"@type\":\"Organization\",\"@id\":\"https:\/\/lentraide.es\/fr\/#organization\",\"name\":\"Entraide Fran\u00e7aise\",\"alternateName\":\"L'entraide\",\"url\":\"https:\/\/lentraide.es\/fr\/\",\"logo\":{\"@type\":\"ImageObject\",\"inLanguage\":\"es\",\"@id\":\"https:\/\/lentraide.es\/fr\/#\/schema\/logo\/image\/\",\"url\":\"https:\/\/lentraide.es\/wp-content\/uploads\/2015\/07\/LOGO-azul2.png\",\"contentUrl\":\"https:\/\/lentraide.es\/wp-content\/uploads\/2015\/07\/LOGO-azul2.png\",\"width\":232,\"height\":146,\"caption\":\"Entraide Fran\u00e7aise\"},\"image\":{\"@id\":\"https:\/\/lentraide.es\/fr\/#\/schema\/logo\/image\/\"},\"sameAs\":[\"https:\/\/www.facebook.com\/entraide.francaisemadrid\",\"https:\/\/www.instagram.com\/entraidefrancaisemadrid\/\"]}]}<\/script>\n<!-- \/ Yoast SEO plugin. -->","yoast_head_json":{"title":"Huile de Noix | Entraide Fran\u00e7aise","robots":{"index":"index","follow":"follow","max-snippet":"max-snippet:-1","max-image-preview":"max-image-preview:large","max-video-preview":"max-video-preview:-1"},"canonical":"https:\/\/lentraide.es\/fr\/tienda\/huile-noix\/","og_locale":"fr_FR","og_type":"article","og_title":"Huile de Noix | Entraide Fran\u00e7aise","og_description":"L\u2019iconique huile de Noix La Tourangelle \u00e0 l\u2019inimitable go\u00fbt toast\u00e9. Issue d\u2019un savoir-faire authentique plus que centenaire, les noix sont toast\u00e9es avant d\u2019\u00eatre press\u00e9es. Produit embl\u00e9matique de notre marque, son go\u00fbt est unique ! D\u00e9couvrez ses saveurs de noix d\u00e9licatement toast\u00e9es qui rehausseront vos vinaigrettes, viandes rouges, plats en sauce, grillades et m\u00eame vos p\u00e2tisseries ! L\u2019huile de Noix est naturellement riche en Om\u00e9ga 3, un acides gras essentiel au bon fonctionnement de notre corps. Elle est id\u00e9ale pour r\u00e9\u00e9quilibrer le rapport avec les om\u00e9ga 6, ce qui en fait un atout sant\u00e9 au quotidien.","og_url":"https:\/\/lentraide.es\/fr\/tienda\/huile-noix\/","og_site_name":"Entraide Fran\u00e7aise","article_publisher":"https:\/\/www.facebook.com\/entraide.francaisemadrid","article_modified_time":"2025-12-11T21:40:48+00:00","og_image":[{"width":752,"height":752,"url":"https:\/\/lentraide.es\/wp-content\/uploads\/2023\/11\/huile-de-noix-1.png","type":"image\/png"}],"twitter_card":"summary_large_image","twitter_misc":{"Tiempo de lectura":"1 minute"},"schema":{"@context":"https:\/\/schema.org","@graph":[{"@type":"WebPage","@id":"https:\/\/lentraide.es\/fr\/tienda\/huile-noix\/","url":"https:\/\/lentraide.es\/fr\/tienda\/huile-noix\/","name":"Huile de Noix | Entraide Fran\u00e7aise","isPartOf":{"@id":"https:\/\/lentraide.es\/fr\/#website"},"primaryImageOfPage":{"@id":"https:\/\/lentraide.es\/fr\/tienda\/huile-noix\/#primaryimage"},"image":{"@id":"https:\/\/lentraide.es\/fr\/tienda\/huile-noix\/#primaryimage"},"thumbnailUrl":"https:\/\/lentraide.es\/wp-content\/uploads\/2023\/11\/huile-de-noix-1.png","datePublished":"2023-11-06T11:00:30+00:00","dateModified":"2025-12-11T21:40:48+00:00","breadcrumb":{"@id":"https:\/\/lentraide.es\/fr\/tienda\/huile-noix\/#breadcrumb"},"inLanguage":"es","potentialAction":[{"@type":"ReadAction","target":["https:\/\/lentraide.es\/fr\/tienda\/huile-noix\/"]}]},{"@type":"ImageObject","inLanguage":"es","@id":"https:\/\/lentraide.es\/fr\/tienda\/huile-noix\/#primaryimage","url":"https:\/\/lentraide.es\/wp-content\/uploads\/2023\/11\/huile-de-noix-1.png","contentUrl":"https:\/\/lentraide.es\/wp-content\/uploads\/2023\/11\/huile-de-noix-1.png","width":752,"height":752},{"@type":"BreadcrumbList","@id":"https:\/\/lentraide.es\/fr\/tienda\/huile-noix\/#breadcrumb","itemListElement":[{"@type":"ListItem","position":1,"name":"Accueil","item":"https:\/\/lentraide.es\/fr\/"},{"@type":"ListItem","position":2,"name":"Boutique","item":"https:\/\/lentraide.es\/fr\/boutique-new\/"},{"@type":"ListItem","position":3,"name":"Huile de Noix"}]},{"@type":"WebSite","@id":"https:\/\/lentraide.es\/fr\/#website","url":"https:\/\/lentraide.es\/fr\/","name":"Entraide Fran\u00e7aise","description":"Une main tendue vers la France","publisher":{"@id":"https:\/\/lentraide.es\/fr\/#organization"},"alternateName":"L'entraide","potentialAction":[{"@type":"SearchAction","target":{"@type":"EntryPoint","urlTemplate":"https:\/\/lentraide.es\/fr\/?s={search_term_string}"},"query-input":{"@type":"PropertyValueSpecification","valueRequired":true,"valueName":"search_term_string"}}],"inLanguage":"es"},{"@type":"Organization","@id":"https:\/\/lentraide.es\/fr\/#organization","name":"Entraide Fran\u00e7aise","alternateName":"L'entraide","url":"https:\/\/lentraide.es\/fr\/","logo":{"@type":"ImageObject","inLanguage":"es","@id":"https:\/\/lentraide.es\/fr\/#\/schema\/logo\/image\/","url":"https:\/\/lentraide.es\/wp-content\/uploads\/2015\/07\/LOGO-azul2.png","contentUrl":"https:\/\/lentraide.es\/wp-content\/uploads\/2015\/07\/LOGO-azul2.png","width":232,"height":146,"caption":"Entraide Fran\u00e7aise"},"image":{"@id":"https:\/\/lentraide.es\/fr\/#\/schema\/logo\/image\/"},"sameAs":["https:\/\/www.facebook.com\/entraide.francaisemadrid","https:\/\/www.instagram.com\/entraidefrancaisemadrid\/"]}]}},"_links":{"self":[{"href":"https:\/\/lentraide.es\/fr\/wp-json\/wp\/v2\/product\/51539","targetHints":{"allow":["GET"]}}],"collection":[{"href":"https:\/\/lentraide.es\/fr\/wp-json\/wp\/v2\/product"}],"about":[{"href":"https:\/\/lentraide.es\/fr\/wp-json\/wp\/v2\/types\/product"}],"wp:featuredmedia":[{"embeddable":true,"href":"https:\/\/lentraide.es\/fr\/wp-json\/wp\/v2\/media\/51407"}],"wp:attachment":[{"href":"https:\/\/lentraide.es\/fr\/wp-json\/wp\/v2\/media?parent=51539"}],"wp:term":[{"taxonomy":"product_brand","embeddable":true,"href":"https:\/\/lentraide.es\/fr\/wp-json\/wp\/v2\/product_brand?post=51539"},{"taxonomy":"product_cat","embeddable":true,"href":"https:\/\/lentraide.es\/fr\/wp-json\/wp\/v2\/product_cat?post=51539"},{"taxonomy":"product_tag","embeddable":true,"href":"https:\/\/lentraide.es\/fr\/wp-json\/wp\/v2\/product_tag?post=51539"}],"curies":[{"name":"wp","href":"https:\/\/api.w.org\/{rel}","templated":true}]}}