{"id":51543,"date":"2023-11-06T12:00:25","date_gmt":"2023-11-06T11:00:25","guid":{"rendered":"https:\/\/lentraide.es\/?post_type=product&#038;p=51543"},"modified":"2025-12-11T22:40:48","modified_gmt":"2025-12-11T21:40:48","slug":"huile-noisette","status":"publish","type":"product","link":"https:\/\/lentraide.es\/fr\/tienda\/huile-noisette\/","title":{"rendered":"Huile de Noisette"},"content":{"rendered":"<div class=\"wpb-content-wrapper\"><p>[vc_row css_animation=\u00a0\u00bb\u00a0\u00bb row_type=\u00a0\u00bbrow\u00a0\u00bb use_row_as_full_screen_section=\u00a0\u00bbno\u00a0\u00bb type=\u00a0\u00bbfull_width\u00a0\u00bb angled_section=\u00a0\u00bbno\u00a0\u00bb text_align=\u00a0\u00bbleft\u00a0\u00bb background_image_as_pattern=\u00a0\u00bbwithout_pattern\u00a0\u00bb][vc_column][vc_column_text]<\/p>\n<h4><strong>L\u2019Huile de Noisette \u2013 Pralin\u00e9e et gourmande<\/strong><\/h4>\n<p>L\u2019huile de Noisette La Tourangelle est produite selon un savoir-faire plus que centenaire, h\u00e9rit\u00e9 des petits moulins qu\u2019on trouvait autrefois le long de la Loire.<br \/>\nSavourez\u00a0le go\u00fbt toast\u00e9 et pralin\u00e9\u00a0de la Noisette gr\u00e2ce \u00e0 cette huile unique et gourmande.<br \/>\nEssayez-la dans vos pr\u00e9parations sal\u00e9es ou sucr\u00e9es et surprenez vos invit\u00e9s avec cette touche d\u2019originalit\u00e9.<br \/>\nOn vous la conseille surtout pour concocter vos vinaigrettes (sublime avec des carottes r\u00e2p\u00e9es !), pour faire mariner vos viandes et m\u00eame en p\u00e2tisserie ![\/vc_column_text][\/vc_column][\/vc_row]<\/p>\n<\/div>","protected":false},"excerpt":{"rendered":"<h4><strong>L\u2019Huile de Noisette \u2013 Pralin\u00e9e et gourmande<\/strong><\/h4>\n<p>L\u2019huile de Noisette La Tourangelle est produite selon un savoir-faire plus que centenaire, h\u00e9rit\u00e9 des petits moulins qu\u2019on trouvait autrefois le long de la Loire.<br \/>\nSavourez\u00a0le go\u00fbt toast\u00e9 et pralin\u00e9\u00a0de la Noisette gr\u00e2ce \u00e0 cette huile unique et gourmande.<br \/>\nEssayez-la dans vos pr\u00e9parations sal\u00e9es ou sucr\u00e9es et surprenez vos invit\u00e9s avec cette touche d\u2019originalit\u00e9.<br \/>\nOn vous la conseille surtout pour concocter vos vinaigrettes (sublime avec des carottes r\u00e2p\u00e9es !), pour faire mariner vos viandes et m\u00eame en p\u00e2tisserie !<\/p>\n","protected":false},"featured_media":51409,"template":"","meta":{"_acf_changed":false},"product_brand":[],"product_cat":[248,166],"product_tag":[],"class_list":{"0":"post-51543","1":"product","2":"type-product","3":"status-publish","4":"has-post-thumbnail","6":"product_cat-huiles-noel","7":"product_cat-vente-de-noel","9":"first","10":"outofstock","11":"shipping-taxable","12":"purchasable","13":"product-type-simple"},"acf":[],"yoast_head":"<!-- This site is optimized with the Yoast SEO plugin v27.3 - https:\/\/yoast.com\/product\/yoast-seo-wordpress\/ -->\n<title>Huile de Noisette | Entraide Fran\u00e7aise<\/title>\n<meta name=\"robots\" content=\"index, follow, max-snippet:-1, max-image-preview:large, max-video-preview:-1\" \/>\n<link rel=\"canonical\" href=\"https:\/\/lentraide.es\/fr\/tienda\/huile-noisette\/\" \/>\n<meta property=\"og:locale\" content=\"fr_FR\" \/>\n<meta property=\"og:type\" content=\"article\" \/>\n<meta property=\"og:title\" content=\"Huile de Noisette | Entraide Fran\u00e7aise\" \/>\n<meta property=\"og:description\" content=\"L\u2019Huile de Noisette \u2013 Pralin\u00e9e et gourmande L\u2019huile de Noisette La Tourangelle est produite selon un savoir-faire plus que centenaire, h\u00e9rit\u00e9 des petits moulins qu\u2019on trouvait autrefois le long de la Loire. Savourez\u00a0le go\u00fbt toast\u00e9 et pralin\u00e9\u00a0de la Noisette gr\u00e2ce \u00e0 cette huile unique et gourmande. Essayez-la dans vos pr\u00e9parations sal\u00e9es ou sucr\u00e9es et surprenez vos invit\u00e9s avec cette touche d\u2019originalit\u00e9. On vous la conseille surtout pour concocter vos vinaigrettes (sublime avec des carottes r\u00e2p\u00e9es !), pour faire mariner vos viandes et m\u00eame en p\u00e2tisserie !\" \/>\n<meta property=\"og:url\" content=\"https:\/\/lentraide.es\/fr\/tienda\/huile-noisette\/\" \/>\n<meta property=\"og:site_name\" content=\"Entraide Fran\u00e7aise\" \/>\n<meta property=\"article:publisher\" content=\"https:\/\/www.facebook.com\/entraide.francaisemadrid\" \/>\n<meta property=\"article:modified_time\" content=\"2025-12-11T21:40:48+00:00\" \/>\n<meta property=\"og:image\" content=\"https:\/\/lentraide.es\/wp-content\/uploads\/2023\/11\/huile-noisette-1.png\" \/>\n\t<meta property=\"og:image:width\" content=\"750\" \/>\n\t<meta property=\"og:image:height\" content=\"750\" \/>\n\t<meta property=\"og:image:type\" content=\"image\/png\" \/>\n<meta name=\"twitter:card\" content=\"summary_large_image\" \/>\n<meta name=\"twitter:label1\" content=\"Tiempo de lectura\" \/>\n\t<meta name=\"twitter:data1\" content=\"1 minute\" \/>\n<script type=\"application\/ld+json\" class=\"yoast-schema-graph\">{\"@context\":\"https:\\\/\\\/schema.org\",\"@graph\":[{\"@type\":\"WebPage\",\"@id\":\"https:\\\/\\\/lentraide.es\\\/fr\\\/tienda\\\/huile-noisette\\\/\",\"url\":\"https:\\\/\\\/lentraide.es\\\/fr\\\/tienda\\\/huile-noisette\\\/\",\"name\":\"Huile de Noisette | Entraide Fran\u00e7aise\",\"isPartOf\":{\"@id\":\"https:\\\/\\\/lentraide.es\\\/fr\\\/#website\"},\"primaryImageOfPage\":{\"@id\":\"https:\\\/\\\/lentraide.es\\\/fr\\\/tienda\\\/huile-noisette\\\/#primaryimage\"},\"image\":{\"@id\":\"https:\\\/\\\/lentraide.es\\\/fr\\\/tienda\\\/huile-noisette\\\/#primaryimage\"},\"thumbnailUrl\":\"https:\\\/\\\/lentraide.es\\\/wp-content\\\/uploads\\\/2023\\\/11\\\/huile-noisette-1.png\",\"datePublished\":\"2023-11-06T11:00:25+00:00\",\"dateModified\":\"2025-12-11T21:40:48+00:00\",\"breadcrumb\":{\"@id\":\"https:\\\/\\\/lentraide.es\\\/fr\\\/tienda\\\/huile-noisette\\\/#breadcrumb\"},\"inLanguage\":\"es\",\"potentialAction\":[{\"@type\":\"ReadAction\",\"target\":[\"https:\\\/\\\/lentraide.es\\\/fr\\\/tienda\\\/huile-noisette\\\/\"]}]},{\"@type\":\"ImageObject\",\"inLanguage\":\"es\",\"@id\":\"https:\\\/\\\/lentraide.es\\\/fr\\\/tienda\\\/huile-noisette\\\/#primaryimage\",\"url\":\"https:\\\/\\\/lentraide.es\\\/wp-content\\\/uploads\\\/2023\\\/11\\\/huile-noisette-1.png\",\"contentUrl\":\"https:\\\/\\\/lentraide.es\\\/wp-content\\\/uploads\\\/2023\\\/11\\\/huile-noisette-1.png\",\"width\":750,\"height\":750},{\"@type\":\"BreadcrumbList\",\"@id\":\"https:\\\/\\\/lentraide.es\\\/fr\\\/tienda\\\/huile-noisette\\\/#breadcrumb\",\"itemListElement\":[{\"@type\":\"ListItem\",\"position\":1,\"name\":\"Accueil\",\"item\":\"https:\\\/\\\/lentraide.es\\\/fr\\\/\"},{\"@type\":\"ListItem\",\"position\":2,\"name\":\"Boutique\",\"item\":\"https:\\\/\\\/lentraide.es\\\/fr\\\/boutique-new\\\/\"},{\"@type\":\"ListItem\",\"position\":3,\"name\":\"Huile de Noisette\"}]},{\"@type\":\"WebSite\",\"@id\":\"https:\\\/\\\/lentraide.es\\\/fr\\\/#website\",\"url\":\"https:\\\/\\\/lentraide.es\\\/fr\\\/\",\"name\":\"Entraide Fran\u00e7aise\",\"description\":\"Une main tendue vers la France\",\"publisher\":{\"@id\":\"https:\\\/\\\/lentraide.es\\\/fr\\\/#organization\"},\"alternateName\":\"L'entraide\",\"potentialAction\":[{\"@type\":\"SearchAction\",\"target\":{\"@type\":\"EntryPoint\",\"urlTemplate\":\"https:\\\/\\\/lentraide.es\\\/fr\\\/?s={search_term_string}\"},\"query-input\":{\"@type\":\"PropertyValueSpecification\",\"valueRequired\":true,\"valueName\":\"search_term_string\"}}],\"inLanguage\":\"es\"},{\"@type\":\"Organization\",\"@id\":\"https:\\\/\\\/lentraide.es\\\/fr\\\/#organization\",\"name\":\"Entraide Fran\u00e7aise\",\"alternateName\":\"L'entraide\",\"url\":\"https:\\\/\\\/lentraide.es\\\/fr\\\/\",\"logo\":{\"@type\":\"ImageObject\",\"inLanguage\":\"es\",\"@id\":\"https:\\\/\\\/lentraide.es\\\/fr\\\/#\\\/schema\\\/logo\\\/image\\\/\",\"url\":\"https:\\\/\\\/lentraide.es\\\/wp-content\\\/uploads\\\/2015\\\/07\\\/LOGO-azul2.png\",\"contentUrl\":\"https:\\\/\\\/lentraide.es\\\/wp-content\\\/uploads\\\/2015\\\/07\\\/LOGO-azul2.png\",\"width\":232,\"height\":146,\"caption\":\"Entraide Fran\u00e7aise\"},\"image\":{\"@id\":\"https:\\\/\\\/lentraide.es\\\/fr\\\/#\\\/schema\\\/logo\\\/image\\\/\"},\"sameAs\":[\"https:\\\/\\\/www.facebook.com\\\/entraide.francaisemadrid\",\"https:\\\/\\\/www.instagram.com\\\/entraidefrancaisemadrid\\\/\"]}]}<\/script>\n<!-- \/ Yoast SEO plugin. -->","yoast_head_json":{"title":"Huile de Noisette | Entraide Fran\u00e7aise","robots":{"index":"index","follow":"follow","max-snippet":"max-snippet:-1","max-image-preview":"max-image-preview:large","max-video-preview":"max-video-preview:-1"},"canonical":"https:\/\/lentraide.es\/fr\/tienda\/huile-noisette\/","og_locale":"fr_FR","og_type":"article","og_title":"Huile de Noisette | Entraide Fran\u00e7aise","og_description":"L\u2019Huile de Noisette \u2013 Pralin\u00e9e et gourmande L\u2019huile de Noisette La Tourangelle est produite selon un savoir-faire plus que centenaire, h\u00e9rit\u00e9 des petits moulins qu\u2019on trouvait autrefois le long de la Loire. Savourez\u00a0le go\u00fbt toast\u00e9 et pralin\u00e9\u00a0de la Noisette gr\u00e2ce \u00e0 cette huile unique et gourmande. Essayez-la dans vos pr\u00e9parations sal\u00e9es ou sucr\u00e9es et surprenez vos invit\u00e9s avec cette touche d\u2019originalit\u00e9. On vous la conseille surtout pour concocter vos vinaigrettes (sublime avec des carottes r\u00e2p\u00e9es !), pour faire mariner vos viandes et m\u00eame en p\u00e2tisserie !","og_url":"https:\/\/lentraide.es\/fr\/tienda\/huile-noisette\/","og_site_name":"Entraide Fran\u00e7aise","article_publisher":"https:\/\/www.facebook.com\/entraide.francaisemadrid","article_modified_time":"2025-12-11T21:40:48+00:00","og_image":[{"width":750,"height":750,"url":"https:\/\/lentraide.es\/wp-content\/uploads\/2023\/11\/huile-noisette-1.png","type":"image\/png"}],"twitter_card":"summary_large_image","twitter_misc":{"Tiempo de lectura":"1 minute"},"schema":{"@context":"https:\/\/schema.org","@graph":[{"@type":"WebPage","@id":"https:\/\/lentraide.es\/fr\/tienda\/huile-noisette\/","url":"https:\/\/lentraide.es\/fr\/tienda\/huile-noisette\/","name":"Huile de Noisette | Entraide Fran\u00e7aise","isPartOf":{"@id":"https:\/\/lentraide.es\/fr\/#website"},"primaryImageOfPage":{"@id":"https:\/\/lentraide.es\/fr\/tienda\/huile-noisette\/#primaryimage"},"image":{"@id":"https:\/\/lentraide.es\/fr\/tienda\/huile-noisette\/#primaryimage"},"thumbnailUrl":"https:\/\/lentraide.es\/wp-content\/uploads\/2023\/11\/huile-noisette-1.png","datePublished":"2023-11-06T11:00:25+00:00","dateModified":"2025-12-11T21:40:48+00:00","breadcrumb":{"@id":"https:\/\/lentraide.es\/fr\/tienda\/huile-noisette\/#breadcrumb"},"inLanguage":"es","potentialAction":[{"@type":"ReadAction","target":["https:\/\/lentraide.es\/fr\/tienda\/huile-noisette\/"]}]},{"@type":"ImageObject","inLanguage":"es","@id":"https:\/\/lentraide.es\/fr\/tienda\/huile-noisette\/#primaryimage","url":"https:\/\/lentraide.es\/wp-content\/uploads\/2023\/11\/huile-noisette-1.png","contentUrl":"https:\/\/lentraide.es\/wp-content\/uploads\/2023\/11\/huile-noisette-1.png","width":750,"height":750},{"@type":"BreadcrumbList","@id":"https:\/\/lentraide.es\/fr\/tienda\/huile-noisette\/#breadcrumb","itemListElement":[{"@type":"ListItem","position":1,"name":"Accueil","item":"https:\/\/lentraide.es\/fr\/"},{"@type":"ListItem","position":2,"name":"Boutique","item":"https:\/\/lentraide.es\/fr\/boutique-new\/"},{"@type":"ListItem","position":3,"name":"Huile de Noisette"}]},{"@type":"WebSite","@id":"https:\/\/lentraide.es\/fr\/#website","url":"https:\/\/lentraide.es\/fr\/","name":"Entraide Fran\u00e7aise","description":"Une main tendue vers la France","publisher":{"@id":"https:\/\/lentraide.es\/fr\/#organization"},"alternateName":"L'entraide","potentialAction":[{"@type":"SearchAction","target":{"@type":"EntryPoint","urlTemplate":"https:\/\/lentraide.es\/fr\/?s={search_term_string}"},"query-input":{"@type":"PropertyValueSpecification","valueRequired":true,"valueName":"search_term_string"}}],"inLanguage":"es"},{"@type":"Organization","@id":"https:\/\/lentraide.es\/fr\/#organization","name":"Entraide Fran\u00e7aise","alternateName":"L'entraide","url":"https:\/\/lentraide.es\/fr\/","logo":{"@type":"ImageObject","inLanguage":"es","@id":"https:\/\/lentraide.es\/fr\/#\/schema\/logo\/image\/","url":"https:\/\/lentraide.es\/wp-content\/uploads\/2015\/07\/LOGO-azul2.png","contentUrl":"https:\/\/lentraide.es\/wp-content\/uploads\/2015\/07\/LOGO-azul2.png","width":232,"height":146,"caption":"Entraide Fran\u00e7aise"},"image":{"@id":"https:\/\/lentraide.es\/fr\/#\/schema\/logo\/image\/"},"sameAs":["https:\/\/www.facebook.com\/entraide.francaisemadrid","https:\/\/www.instagram.com\/entraidefrancaisemadrid\/"]}]}},"_links":{"self":[{"href":"https:\/\/lentraide.es\/fr\/wp-json\/wp\/v2\/product\/51543","targetHints":{"allow":["GET"]}}],"collection":[{"href":"https:\/\/lentraide.es\/fr\/wp-json\/wp\/v2\/product"}],"about":[{"href":"https:\/\/lentraide.es\/fr\/wp-json\/wp\/v2\/types\/product"}],"wp:featuredmedia":[{"embeddable":true,"href":"https:\/\/lentraide.es\/fr\/wp-json\/wp\/v2\/media\/51409"}],"wp:attachment":[{"href":"https:\/\/lentraide.es\/fr\/wp-json\/wp\/v2\/media?parent=51543"}],"wp:term":[{"taxonomy":"product_brand","embeddable":true,"href":"https:\/\/lentraide.es\/fr\/wp-json\/wp\/v2\/product_brand?post=51543"},{"taxonomy":"product_cat","embeddable":true,"href":"https:\/\/lentraide.es\/fr\/wp-json\/wp\/v2\/product_cat?post=51543"},{"taxonomy":"product_tag","embeddable":true,"href":"https:\/\/lentraide.es\/fr\/wp-json\/wp\/v2\/product_tag?post=51543"}],"curies":[{"name":"wp","href":"https:\/\/api.w.org\/{rel}","templated":true}]}}