{"id":51743,"date":"2023-11-08T19:26:21","date_gmt":"2023-11-08T18:26:21","guid":{"rendered":"https:\/\/lentraide.es\/?post_type=product&#038;p=51743"},"modified":"2026-01-07T23:09:56","modified_gmt":"2026-01-07T22:09:56","slug":"creme-de-cassis","status":"publish","type":"product","link":"https:\/\/lentraide.es\/fr\/tienda\/creme-de-cassis\/","title":{"rendered":"Cr\u00e8me de Cassis"},"content":{"rendered":"<h4><strong>Cr\u00e8me de cassis<\/strong><\/h4>\n<p><strong>G\u00e9rard Boudier Cr\u00e8me Cassis est \u00e9labor\u00e9e par mac\u00e9ration de petits cassis d\u2019une grande intensit\u00e9 aromatique. <\/strong><\/p>\n<p>Ils sont ensuite foul\u00e9s et mis en fermentation en cuve, puis press\u00e9s pour donner un jus qui, m\u00e9lang\u00e9 \u00e0 du sirop de sucre, du sirop simple et de l\u2019alcool neutre, forme la cr\u00e8me de cassis.<\/p>\n<p>Savoir-faire et excellence sont la signature et l\u2019esprit de la Maison Gabriel Boudier depuis 140 ans. Depuis sa fondation en 1874, elle a su inventer et moderniser ses proc\u00e9d\u00e9s de fabrication traditionnels. G.Boudier Cr\u00e8me Cassis est le symbole de la tradition et du savoir-faire de la Maison Gabriel Boudier \u00e0 travers les si\u00e8cles. Respectant un processus de fabrication extr\u00eamement pr\u00e9cis et rigoureux, sa saveur se retrouve aujourd\u2019hui partout dans le monde.<\/p>\n<p>Id\u00e9al pour pr\u00e9parer vos kirs.<\/p>\n","protected":false},"excerpt":{"rendered":"<p><strong>G\u00e9rard Boudier Cr\u00e8me Cassis est \u00e9labor\u00e9e par mac\u00e9ration de petits cassis d\u2019une grande intensit\u00e9 aromatique. <\/strong><\/p>\n<p>Ils sont ensuite foul\u00e9s et mis en fermentation en cuve, puis press\u00e9s pour donner un jus qui, m\u00e9lang\u00e9 \u00e0 du sirop de sucre, du sirop simple et de l\u2019alcool neutre, forme la cr\u00e8me de cassis.<\/p>\n<p>Savoir-faire et excellence sont la signature et l\u2019esprit de la Maison Gabriel Boudier depuis 140 ans. Depuis sa fondation en 1874, elle a su inventer et moderniser ses proc\u00e9d\u00e9s de fabrication traditionnels. G.Boudier Cr\u00e8me Cassis est le symbole de la tradition et du savoir-faire de la Maison Gabriel Boudier \u00e0 travers les si\u00e8cles. Respectant un processus de fabrication extr\u00eamement pr\u00e9cis et rigoureux, sa saveur se retrouve aujourd\u2019hui partout dans le monde.<\/p>\n<p>Id\u00e9al pour pr\u00e9parer vos kirs.<\/p>\n","protected":false},"featured_media":51574,"template":"","meta":{"_acf_changed":false},"product_brand":[],"product_cat":[87],"product_tag":[],"class_list":{"0":"post-51743","1":"product","2":"type-product","3":"status-publish","4":"has-post-thumbnail","6":"product_cat-vins-champagnes","8":"first","9":"outofstock","10":"shipping-taxable","11":"purchasable","12":"product-type-simple"},"acf":[],"yoast_head":"<!-- This site is optimized with the Yoast SEO plugin v26.9 - https:\/\/yoast.com\/product\/yoast-seo-wordpress\/ -->\n<title>Cr\u00e8me de Cassis | Entraide Fran\u00e7aise<\/title>\n<meta name=\"robots\" content=\"index, follow, max-snippet:-1, max-image-preview:large, max-video-preview:-1\" \/>\n<link rel=\"canonical\" href=\"https:\/\/lentraide.es\/fr\/tienda\/creme-de-cassis\/\" \/>\n<meta property=\"og:locale\" content=\"fr_FR\" \/>\n<meta property=\"og:type\" content=\"article\" \/>\n<meta property=\"og:title\" content=\"Cr\u00e8me de Cassis | Entraide Fran\u00e7aise\" \/>\n<meta property=\"og:description\" content=\"G\u00e9rard Boudier Cr\u00e8me Cassis est \u00e9labor\u00e9e par mac\u00e9ration de petits cassis d\u2019une grande intensit\u00e9 aromatique.   Ils sont ensuite foul\u00e9s et mis en fermentation en cuve, puis press\u00e9s pour donner un jus qui, m\u00e9lang\u00e9 \u00e0 du sirop de sucre, du sirop simple et de l\u2019alcool neutre, forme la cr\u00e8me de cassis.  Savoir-faire et excellence sont la signature et l\u2019esprit de la Maison Gabriel Boudier depuis 140 ans. Depuis sa fondation en 1874, elle a su inventer et moderniser ses proc\u00e9d\u00e9s de fabrication traditionnels. G.Boudier Cr\u00e8me Cassis est le symbole de la tradition et du savoir-faire de la Maison Gabriel Boudier \u00e0 travers les si\u00e8cles. Respectant un processus de fabrication extr\u00eamement pr\u00e9cis et rigoureux, sa saveur se retrouve aujourd\u2019hui partout dans le monde.  Id\u00e9al pour pr\u00e9parer vos kirs.\" \/>\n<meta property=\"og:url\" content=\"https:\/\/lentraide.es\/fr\/tienda\/creme-de-cassis\/\" \/>\n<meta property=\"og:site_name\" content=\"Entraide Fran\u00e7aise\" \/>\n<meta property=\"article:publisher\" content=\"https:\/\/www.facebook.com\/entraide.francaisemadrid\" \/>\n<meta property=\"article:modified_time\" content=\"2026-01-07T22:09:56+00:00\" \/>\n<meta property=\"og:image\" content=\"https:\/\/lentraide.es\/wp-content\/uploads\/2023\/11\/Creme-de-Cassis.png\" \/>\n\t<meta property=\"og:image:width\" content=\"362\" \/>\n\t<meta property=\"og:image:height\" content=\"681\" \/>\n\t<meta property=\"og:image:type\" content=\"image\/png\" \/>\n<meta name=\"twitter:card\" content=\"summary_large_image\" \/>\n<meta name=\"twitter:label1\" content=\"Tiempo de lectura\" \/>\n\t<meta name=\"twitter:data1\" content=\"1 minute\" \/>\n<script type=\"application\/ld+json\" class=\"yoast-schema-graph\">{\"@context\":\"https:\/\/schema.org\",\"@graph\":[{\"@type\":\"WebPage\",\"@id\":\"https:\/\/lentraide.es\/fr\/tienda\/creme-de-cassis\/\",\"url\":\"https:\/\/lentraide.es\/fr\/tienda\/creme-de-cassis\/\",\"name\":\"Cr\u00e8me de Cassis | Entraide Fran\u00e7aise\",\"isPartOf\":{\"@id\":\"https:\/\/lentraide.es\/fr\/#website\"},\"primaryImageOfPage\":{\"@id\":\"https:\/\/lentraide.es\/fr\/tienda\/creme-de-cassis\/#primaryimage\"},\"image\":{\"@id\":\"https:\/\/lentraide.es\/fr\/tienda\/creme-de-cassis\/#primaryimage\"},\"thumbnailUrl\":\"https:\/\/lentraide.es\/wp-content\/uploads\/2023\/11\/Creme-de-Cassis.png\",\"datePublished\":\"2023-11-08T18:26:21+00:00\",\"dateModified\":\"2026-01-07T22:09:56+00:00\",\"breadcrumb\":{\"@id\":\"https:\/\/lentraide.es\/fr\/tienda\/creme-de-cassis\/#breadcrumb\"},\"inLanguage\":\"es\",\"potentialAction\":[{\"@type\":\"ReadAction\",\"target\":[\"https:\/\/lentraide.es\/fr\/tienda\/creme-de-cassis\/\"]}]},{\"@type\":\"ImageObject\",\"inLanguage\":\"es\",\"@id\":\"https:\/\/lentraide.es\/fr\/tienda\/creme-de-cassis\/#primaryimage\",\"url\":\"https:\/\/lentraide.es\/wp-content\/uploads\/2023\/11\/Creme-de-Cassis.png\",\"contentUrl\":\"https:\/\/lentraide.es\/wp-content\/uploads\/2023\/11\/Creme-de-Cassis.png\",\"width\":362,\"height\":681},{\"@type\":\"BreadcrumbList\",\"@id\":\"https:\/\/lentraide.es\/fr\/tienda\/creme-de-cassis\/#breadcrumb\",\"itemListElement\":[{\"@type\":\"ListItem\",\"position\":1,\"name\":\"Accueil\",\"item\":\"https:\/\/lentraide.es\/fr\/\"},{\"@type\":\"ListItem\",\"position\":2,\"name\":\"Boutique\",\"item\":\"https:\/\/lentraide.es\/fr\/boutique-new\/\"},{\"@type\":\"ListItem\",\"position\":3,\"name\":\"Cr\u00e8me de Cassis\"}]},{\"@type\":\"WebSite\",\"@id\":\"https:\/\/lentraide.es\/fr\/#website\",\"url\":\"https:\/\/lentraide.es\/fr\/\",\"name\":\"Entraide Fran\u00e7aise\",\"description\":\"Une main tendue vers la France\",\"publisher\":{\"@id\":\"https:\/\/lentraide.es\/fr\/#organization\"},\"alternateName\":\"L'entraide\",\"potentialAction\":[{\"@type\":\"SearchAction\",\"target\":{\"@type\":\"EntryPoint\",\"urlTemplate\":\"https:\/\/lentraide.es\/fr\/?s={search_term_string}\"},\"query-input\":{\"@type\":\"PropertyValueSpecification\",\"valueRequired\":true,\"valueName\":\"search_term_string\"}}],\"inLanguage\":\"es\"},{\"@type\":\"Organization\",\"@id\":\"https:\/\/lentraide.es\/fr\/#organization\",\"name\":\"Entraide Fran\u00e7aise\",\"alternateName\":\"L'entraide\",\"url\":\"https:\/\/lentraide.es\/fr\/\",\"logo\":{\"@type\":\"ImageObject\",\"inLanguage\":\"es\",\"@id\":\"https:\/\/lentraide.es\/fr\/#\/schema\/logo\/image\/\",\"url\":\"https:\/\/lentraide.es\/wp-content\/uploads\/2015\/07\/LOGO-azul2.png\",\"contentUrl\":\"https:\/\/lentraide.es\/wp-content\/uploads\/2015\/07\/LOGO-azul2.png\",\"width\":232,\"height\":146,\"caption\":\"Entraide Fran\u00e7aise\"},\"image\":{\"@id\":\"https:\/\/lentraide.es\/fr\/#\/schema\/logo\/image\/\"},\"sameAs\":[\"https:\/\/www.facebook.com\/entraide.francaisemadrid\",\"https:\/\/www.instagram.com\/entraidefrancaisemadrid\/\"]}]}<\/script>\n<!-- \/ Yoast SEO plugin. -->","yoast_head_json":{"title":"Cr\u00e8me de Cassis | Entraide Fran\u00e7aise","robots":{"index":"index","follow":"follow","max-snippet":"max-snippet:-1","max-image-preview":"max-image-preview:large","max-video-preview":"max-video-preview:-1"},"canonical":"https:\/\/lentraide.es\/fr\/tienda\/creme-de-cassis\/","og_locale":"fr_FR","og_type":"article","og_title":"Cr\u00e8me de Cassis | Entraide Fran\u00e7aise","og_description":"G\u00e9rard Boudier Cr\u00e8me Cassis est \u00e9labor\u00e9e par mac\u00e9ration de petits cassis d\u2019une grande intensit\u00e9 aromatique.   Ils sont ensuite foul\u00e9s et mis en fermentation en cuve, puis press\u00e9s pour donner un jus qui, m\u00e9lang\u00e9 \u00e0 du sirop de sucre, du sirop simple et de l\u2019alcool neutre, forme la cr\u00e8me de cassis.  Savoir-faire et excellence sont la signature et l\u2019esprit de la Maison Gabriel Boudier depuis 140 ans. Depuis sa fondation en 1874, elle a su inventer et moderniser ses proc\u00e9d\u00e9s de fabrication traditionnels. G.Boudier Cr\u00e8me Cassis est le symbole de la tradition et du savoir-faire de la Maison Gabriel Boudier \u00e0 travers les si\u00e8cles. Respectant un processus de fabrication extr\u00eamement pr\u00e9cis et rigoureux, sa saveur se retrouve aujourd\u2019hui partout dans le monde.  Id\u00e9al pour pr\u00e9parer vos kirs.","og_url":"https:\/\/lentraide.es\/fr\/tienda\/creme-de-cassis\/","og_site_name":"Entraide Fran\u00e7aise","article_publisher":"https:\/\/www.facebook.com\/entraide.francaisemadrid","article_modified_time":"2026-01-07T22:09:56+00:00","og_image":[{"width":362,"height":681,"url":"https:\/\/lentraide.es\/wp-content\/uploads\/2023\/11\/Creme-de-Cassis.png","type":"image\/png"}],"twitter_card":"summary_large_image","twitter_misc":{"Tiempo de lectura":"1 minute"},"schema":{"@context":"https:\/\/schema.org","@graph":[{"@type":"WebPage","@id":"https:\/\/lentraide.es\/fr\/tienda\/creme-de-cassis\/","url":"https:\/\/lentraide.es\/fr\/tienda\/creme-de-cassis\/","name":"Cr\u00e8me de Cassis | Entraide Fran\u00e7aise","isPartOf":{"@id":"https:\/\/lentraide.es\/fr\/#website"},"primaryImageOfPage":{"@id":"https:\/\/lentraide.es\/fr\/tienda\/creme-de-cassis\/#primaryimage"},"image":{"@id":"https:\/\/lentraide.es\/fr\/tienda\/creme-de-cassis\/#primaryimage"},"thumbnailUrl":"https:\/\/lentraide.es\/wp-content\/uploads\/2023\/11\/Creme-de-Cassis.png","datePublished":"2023-11-08T18:26:21+00:00","dateModified":"2026-01-07T22:09:56+00:00","breadcrumb":{"@id":"https:\/\/lentraide.es\/fr\/tienda\/creme-de-cassis\/#breadcrumb"},"inLanguage":"es","potentialAction":[{"@type":"ReadAction","target":["https:\/\/lentraide.es\/fr\/tienda\/creme-de-cassis\/"]}]},{"@type":"ImageObject","inLanguage":"es","@id":"https:\/\/lentraide.es\/fr\/tienda\/creme-de-cassis\/#primaryimage","url":"https:\/\/lentraide.es\/wp-content\/uploads\/2023\/11\/Creme-de-Cassis.png","contentUrl":"https:\/\/lentraide.es\/wp-content\/uploads\/2023\/11\/Creme-de-Cassis.png","width":362,"height":681},{"@type":"BreadcrumbList","@id":"https:\/\/lentraide.es\/fr\/tienda\/creme-de-cassis\/#breadcrumb","itemListElement":[{"@type":"ListItem","position":1,"name":"Accueil","item":"https:\/\/lentraide.es\/fr\/"},{"@type":"ListItem","position":2,"name":"Boutique","item":"https:\/\/lentraide.es\/fr\/boutique-new\/"},{"@type":"ListItem","position":3,"name":"Cr\u00e8me de Cassis"}]},{"@type":"WebSite","@id":"https:\/\/lentraide.es\/fr\/#website","url":"https:\/\/lentraide.es\/fr\/","name":"Entraide Fran\u00e7aise","description":"Une main tendue vers la France","publisher":{"@id":"https:\/\/lentraide.es\/fr\/#organization"},"alternateName":"L'entraide","potentialAction":[{"@type":"SearchAction","target":{"@type":"EntryPoint","urlTemplate":"https:\/\/lentraide.es\/fr\/?s={search_term_string}"},"query-input":{"@type":"PropertyValueSpecification","valueRequired":true,"valueName":"search_term_string"}}],"inLanguage":"es"},{"@type":"Organization","@id":"https:\/\/lentraide.es\/fr\/#organization","name":"Entraide Fran\u00e7aise","alternateName":"L'entraide","url":"https:\/\/lentraide.es\/fr\/","logo":{"@type":"ImageObject","inLanguage":"es","@id":"https:\/\/lentraide.es\/fr\/#\/schema\/logo\/image\/","url":"https:\/\/lentraide.es\/wp-content\/uploads\/2015\/07\/LOGO-azul2.png","contentUrl":"https:\/\/lentraide.es\/wp-content\/uploads\/2015\/07\/LOGO-azul2.png","width":232,"height":146,"caption":"Entraide Fran\u00e7aise"},"image":{"@id":"https:\/\/lentraide.es\/fr\/#\/schema\/logo\/image\/"},"sameAs":["https:\/\/www.facebook.com\/entraide.francaisemadrid","https:\/\/www.instagram.com\/entraidefrancaisemadrid\/"]}]}},"_links":{"self":[{"href":"https:\/\/lentraide.es\/fr\/wp-json\/wp\/v2\/product\/51743","targetHints":{"allow":["GET"]}}],"collection":[{"href":"https:\/\/lentraide.es\/fr\/wp-json\/wp\/v2\/product"}],"about":[{"href":"https:\/\/lentraide.es\/fr\/wp-json\/wp\/v2\/types\/product"}],"wp:featuredmedia":[{"embeddable":true,"href":"https:\/\/lentraide.es\/fr\/wp-json\/wp\/v2\/media\/51574"}],"wp:attachment":[{"href":"https:\/\/lentraide.es\/fr\/wp-json\/wp\/v2\/media?parent=51743"}],"wp:term":[{"taxonomy":"product_brand","embeddable":true,"href":"https:\/\/lentraide.es\/fr\/wp-json\/wp\/v2\/product_brand?post=51743"},{"taxonomy":"product_cat","embeddable":true,"href":"https:\/\/lentraide.es\/fr\/wp-json\/wp\/v2\/product_cat?post=51743"},{"taxonomy":"product_tag","embeddable":true,"href":"https:\/\/lentraide.es\/fr\/wp-json\/wp\/v2\/product_tag?post=51743"}],"curies":[{"name":"wp","href":"https:\/\/api.w.org\/{rel}","templated":true}]}}