{"id":51745,"date":"2023-11-08T19:32:39","date_gmt":"2023-11-08T18:32:39","guid":{"rendered":"https:\/\/lentraide.es\/?post_type=product&#038;p=51745"},"modified":"2026-01-07T23:09:10","modified_gmt":"2026-01-07T22:09:10","slug":"picon-biere","status":"publish","type":"product","link":"https:\/\/lentraide.es\/fr\/tienda\/picon-biere\/","title":{"rendered":"Picon Bi\u00e8re"},"content":{"rendered":"<h4><strong>Picon Bi\u00e8re<\/strong><\/h4>\n<p>Le picon est un bitter de couleur caramel utilis\u00e9 pour accompagner la bi\u00e8re, traditionnellement utilis\u00e9 dans les r\u00e9gions de l\u2019est et du nord de la France. Cette boisson est pr\u00e9par\u00e9e \u00e0 partir de zestes d\u2019orange frais et s\u00e9ch\u00e9s, tremp\u00e9s dans une solution alcoolique et ensuite soumis au processus de distillation. Picon contient \u00e9galement des racines de gentiane et de quinquina mac\u00e9r\u00e9es. Enfin, du sirop de sucre et du caramel sont ajout\u00e9s \u00e0 la boisson.<\/p>\n","protected":false},"excerpt":{"rendered":"<p>Le picon est un bitter de couleur caramel utilis\u00e9 pour accompagner la bi\u00e8re, traditionnellement utilis\u00e9 dans les r\u00e9gions de l\u2019est et du nord de la France. Cette boisson est pr\u00e9par\u00e9e \u00e0 partir de zestes d\u2019orange frais et s\u00e9ch\u00e9s, tremp\u00e9s dans une solution alcoolique et ensuite soumis au processus de distillation. Picon contient \u00e9galement des racines de gentiane et de quinquina mac\u00e9r\u00e9es. Enfin, du sirop de sucre et du caramel sont ajout\u00e9s \u00e0 la boisson.<\/p>\n","protected":false},"featured_media":51576,"template":"","meta":{"_acf_changed":false},"product_brand":[],"product_cat":[87],"product_tag":[],"class_list":{"0":"post-51745","1":"product","2":"type-product","3":"status-publish","4":"has-post-thumbnail","6":"product_cat-vins-champagnes","8":"first","9":"outofstock","10":"shipping-taxable","11":"purchasable","12":"product-type-simple"},"acf":[],"yoast_head":"<!-- This site is optimized with the Yoast SEO plugin v26.9 - https:\/\/yoast.com\/product\/yoast-seo-wordpress\/ -->\n<title>Picon Bi\u00e8re | Entraide Fran\u00e7aise<\/title>\n<meta name=\"robots\" content=\"index, follow, max-snippet:-1, max-image-preview:large, max-video-preview:-1\" \/>\n<link rel=\"canonical\" href=\"https:\/\/lentraide.es\/fr\/tienda\/picon-biere\/\" \/>\n<meta property=\"og:locale\" content=\"fr_FR\" \/>\n<meta property=\"og:type\" content=\"article\" \/>\n<meta property=\"og:title\" content=\"Picon Bi\u00e8re | Entraide Fran\u00e7aise\" \/>\n<meta property=\"og:description\" content=\"Le picon est un bitter de couleur caramel utilis\u00e9 pour accompagner la bi\u00e8re, traditionnellement utilis\u00e9 dans les r\u00e9gions de l\u2019est et du nord de la France. Cette boisson est pr\u00e9par\u00e9e \u00e0 partir de zestes d\u2019orange frais et s\u00e9ch\u00e9s, tremp\u00e9s dans une solution alcoolique et ensuite soumis au processus de distillation. Picon contient \u00e9galement des racines de gentiane et de quinquina mac\u00e9r\u00e9es. Enfin, du sirop de sucre et du caramel sont ajout\u00e9s \u00e0 la boisson.\" \/>\n<meta property=\"og:url\" content=\"https:\/\/lentraide.es\/fr\/tienda\/picon-biere\/\" \/>\n<meta property=\"og:site_name\" content=\"Entraide Fran\u00e7aise\" \/>\n<meta property=\"article:publisher\" content=\"https:\/\/www.facebook.com\/entraide.francaisemadrid\" \/>\n<meta property=\"article:modified_time\" content=\"2026-01-07T22:09:10+00:00\" \/>\n<meta property=\"og:image\" content=\"https:\/\/lentraide.es\/wp-content\/uploads\/2023\/11\/Picon.png\" \/>\n\t<meta property=\"og:image:width\" content=\"417\" \/>\n\t<meta property=\"og:image:height\" content=\"598\" \/>\n\t<meta property=\"og:image:type\" content=\"image\/png\" \/>\n<meta name=\"twitter:card\" content=\"summary_large_image\" \/>\n<meta name=\"twitter:label1\" content=\"Tiempo de lectura\" \/>\n\t<meta name=\"twitter:data1\" content=\"1 minute\" \/>\n<script type=\"application\/ld+json\" class=\"yoast-schema-graph\">{\"@context\":\"https:\/\/schema.org\",\"@graph\":[{\"@type\":\"WebPage\",\"@id\":\"https:\/\/lentraide.es\/fr\/tienda\/picon-biere\/\",\"url\":\"https:\/\/lentraide.es\/fr\/tienda\/picon-biere\/\",\"name\":\"Picon Bi\u00e8re | Entraide Fran\u00e7aise\",\"isPartOf\":{\"@id\":\"https:\/\/lentraide.es\/fr\/#website\"},\"primaryImageOfPage\":{\"@id\":\"https:\/\/lentraide.es\/fr\/tienda\/picon-biere\/#primaryimage\"},\"image\":{\"@id\":\"https:\/\/lentraide.es\/fr\/tienda\/picon-biere\/#primaryimage\"},\"thumbnailUrl\":\"https:\/\/lentraide.es\/wp-content\/uploads\/2023\/11\/Picon.png\",\"datePublished\":\"2023-11-08T18:32:39+00:00\",\"dateModified\":\"2026-01-07T22:09:10+00:00\",\"breadcrumb\":{\"@id\":\"https:\/\/lentraide.es\/fr\/tienda\/picon-biere\/#breadcrumb\"},\"inLanguage\":\"es\",\"potentialAction\":[{\"@type\":\"ReadAction\",\"target\":[\"https:\/\/lentraide.es\/fr\/tienda\/picon-biere\/\"]}]},{\"@type\":\"ImageObject\",\"inLanguage\":\"es\",\"@id\":\"https:\/\/lentraide.es\/fr\/tienda\/picon-biere\/#primaryimage\",\"url\":\"https:\/\/lentraide.es\/wp-content\/uploads\/2023\/11\/Picon.png\",\"contentUrl\":\"https:\/\/lentraide.es\/wp-content\/uploads\/2023\/11\/Picon.png\",\"width\":417,\"height\":598},{\"@type\":\"BreadcrumbList\",\"@id\":\"https:\/\/lentraide.es\/fr\/tienda\/picon-biere\/#breadcrumb\",\"itemListElement\":[{\"@type\":\"ListItem\",\"position\":1,\"name\":\"Accueil\",\"item\":\"https:\/\/lentraide.es\/fr\/\"},{\"@type\":\"ListItem\",\"position\":2,\"name\":\"Boutique\",\"item\":\"https:\/\/lentraide.es\/fr\/boutique-new\/\"},{\"@type\":\"ListItem\",\"position\":3,\"name\":\"Picon Bi\u00e8re\"}]},{\"@type\":\"WebSite\",\"@id\":\"https:\/\/lentraide.es\/fr\/#website\",\"url\":\"https:\/\/lentraide.es\/fr\/\",\"name\":\"Entraide Fran\u00e7aise\",\"description\":\"Une main tendue vers la France\",\"publisher\":{\"@id\":\"https:\/\/lentraide.es\/fr\/#organization\"},\"alternateName\":\"L'entraide\",\"potentialAction\":[{\"@type\":\"SearchAction\",\"target\":{\"@type\":\"EntryPoint\",\"urlTemplate\":\"https:\/\/lentraide.es\/fr\/?s={search_term_string}\"},\"query-input\":{\"@type\":\"PropertyValueSpecification\",\"valueRequired\":true,\"valueName\":\"search_term_string\"}}],\"inLanguage\":\"es\"},{\"@type\":\"Organization\",\"@id\":\"https:\/\/lentraide.es\/fr\/#organization\",\"name\":\"Entraide Fran\u00e7aise\",\"alternateName\":\"L'entraide\",\"url\":\"https:\/\/lentraide.es\/fr\/\",\"logo\":{\"@type\":\"ImageObject\",\"inLanguage\":\"es\",\"@id\":\"https:\/\/lentraide.es\/fr\/#\/schema\/logo\/image\/\",\"url\":\"https:\/\/lentraide.es\/wp-content\/uploads\/2015\/07\/LOGO-azul2.png\",\"contentUrl\":\"https:\/\/lentraide.es\/wp-content\/uploads\/2015\/07\/LOGO-azul2.png\",\"width\":232,\"height\":146,\"caption\":\"Entraide Fran\u00e7aise\"},\"image\":{\"@id\":\"https:\/\/lentraide.es\/fr\/#\/schema\/logo\/image\/\"},\"sameAs\":[\"https:\/\/www.facebook.com\/entraide.francaisemadrid\",\"https:\/\/www.instagram.com\/entraidefrancaisemadrid\/\"]}]}<\/script>\n<!-- \/ Yoast SEO plugin. -->","yoast_head_json":{"title":"Picon Bi\u00e8re | Entraide Fran\u00e7aise","robots":{"index":"index","follow":"follow","max-snippet":"max-snippet:-1","max-image-preview":"max-image-preview:large","max-video-preview":"max-video-preview:-1"},"canonical":"https:\/\/lentraide.es\/fr\/tienda\/picon-biere\/","og_locale":"fr_FR","og_type":"article","og_title":"Picon Bi\u00e8re | Entraide Fran\u00e7aise","og_description":"Le picon est un bitter de couleur caramel utilis\u00e9 pour accompagner la bi\u00e8re, traditionnellement utilis\u00e9 dans les r\u00e9gions de l\u2019est et du nord de la France. Cette boisson est pr\u00e9par\u00e9e \u00e0 partir de zestes d\u2019orange frais et s\u00e9ch\u00e9s, tremp\u00e9s dans une solution alcoolique et ensuite soumis au processus de distillation. Picon contient \u00e9galement des racines de gentiane et de quinquina mac\u00e9r\u00e9es. Enfin, du sirop de sucre et du caramel sont ajout\u00e9s \u00e0 la boisson.","og_url":"https:\/\/lentraide.es\/fr\/tienda\/picon-biere\/","og_site_name":"Entraide Fran\u00e7aise","article_publisher":"https:\/\/www.facebook.com\/entraide.francaisemadrid","article_modified_time":"2026-01-07T22:09:10+00:00","og_image":[{"width":417,"height":598,"url":"https:\/\/lentraide.es\/wp-content\/uploads\/2023\/11\/Picon.png","type":"image\/png"}],"twitter_card":"summary_large_image","twitter_misc":{"Tiempo de lectura":"1 minute"},"schema":{"@context":"https:\/\/schema.org","@graph":[{"@type":"WebPage","@id":"https:\/\/lentraide.es\/fr\/tienda\/picon-biere\/","url":"https:\/\/lentraide.es\/fr\/tienda\/picon-biere\/","name":"Picon Bi\u00e8re | Entraide Fran\u00e7aise","isPartOf":{"@id":"https:\/\/lentraide.es\/fr\/#website"},"primaryImageOfPage":{"@id":"https:\/\/lentraide.es\/fr\/tienda\/picon-biere\/#primaryimage"},"image":{"@id":"https:\/\/lentraide.es\/fr\/tienda\/picon-biere\/#primaryimage"},"thumbnailUrl":"https:\/\/lentraide.es\/wp-content\/uploads\/2023\/11\/Picon.png","datePublished":"2023-11-08T18:32:39+00:00","dateModified":"2026-01-07T22:09:10+00:00","breadcrumb":{"@id":"https:\/\/lentraide.es\/fr\/tienda\/picon-biere\/#breadcrumb"},"inLanguage":"es","potentialAction":[{"@type":"ReadAction","target":["https:\/\/lentraide.es\/fr\/tienda\/picon-biere\/"]}]},{"@type":"ImageObject","inLanguage":"es","@id":"https:\/\/lentraide.es\/fr\/tienda\/picon-biere\/#primaryimage","url":"https:\/\/lentraide.es\/wp-content\/uploads\/2023\/11\/Picon.png","contentUrl":"https:\/\/lentraide.es\/wp-content\/uploads\/2023\/11\/Picon.png","width":417,"height":598},{"@type":"BreadcrumbList","@id":"https:\/\/lentraide.es\/fr\/tienda\/picon-biere\/#breadcrumb","itemListElement":[{"@type":"ListItem","position":1,"name":"Accueil","item":"https:\/\/lentraide.es\/fr\/"},{"@type":"ListItem","position":2,"name":"Boutique","item":"https:\/\/lentraide.es\/fr\/boutique-new\/"},{"@type":"ListItem","position":3,"name":"Picon Bi\u00e8re"}]},{"@type":"WebSite","@id":"https:\/\/lentraide.es\/fr\/#website","url":"https:\/\/lentraide.es\/fr\/","name":"Entraide Fran\u00e7aise","description":"Une main tendue vers la France","publisher":{"@id":"https:\/\/lentraide.es\/fr\/#organization"},"alternateName":"L'entraide","potentialAction":[{"@type":"SearchAction","target":{"@type":"EntryPoint","urlTemplate":"https:\/\/lentraide.es\/fr\/?s={search_term_string}"},"query-input":{"@type":"PropertyValueSpecification","valueRequired":true,"valueName":"search_term_string"}}],"inLanguage":"es"},{"@type":"Organization","@id":"https:\/\/lentraide.es\/fr\/#organization","name":"Entraide Fran\u00e7aise","alternateName":"L'entraide","url":"https:\/\/lentraide.es\/fr\/","logo":{"@type":"ImageObject","inLanguage":"es","@id":"https:\/\/lentraide.es\/fr\/#\/schema\/logo\/image\/","url":"https:\/\/lentraide.es\/wp-content\/uploads\/2015\/07\/LOGO-azul2.png","contentUrl":"https:\/\/lentraide.es\/wp-content\/uploads\/2015\/07\/LOGO-azul2.png","width":232,"height":146,"caption":"Entraide Fran\u00e7aise"},"image":{"@id":"https:\/\/lentraide.es\/fr\/#\/schema\/logo\/image\/"},"sameAs":["https:\/\/www.facebook.com\/entraide.francaisemadrid","https:\/\/www.instagram.com\/entraidefrancaisemadrid\/"]}]}},"_links":{"self":[{"href":"https:\/\/lentraide.es\/fr\/wp-json\/wp\/v2\/product\/51745","targetHints":{"allow":["GET"]}}],"collection":[{"href":"https:\/\/lentraide.es\/fr\/wp-json\/wp\/v2\/product"}],"about":[{"href":"https:\/\/lentraide.es\/fr\/wp-json\/wp\/v2\/types\/product"}],"wp:featuredmedia":[{"embeddable":true,"href":"https:\/\/lentraide.es\/fr\/wp-json\/wp\/v2\/media\/51576"}],"wp:attachment":[{"href":"https:\/\/lentraide.es\/fr\/wp-json\/wp\/v2\/media?parent=51745"}],"wp:term":[{"taxonomy":"product_brand","embeddable":true,"href":"https:\/\/lentraide.es\/fr\/wp-json\/wp\/v2\/product_brand?post=51745"},{"taxonomy":"product_cat","embeddable":true,"href":"https:\/\/lentraide.es\/fr\/wp-json\/wp\/v2\/product_cat?post=51745"},{"taxonomy":"product_tag","embeddable":true,"href":"https:\/\/lentraide.es\/fr\/wp-json\/wp\/v2\/product_tag?post=51745"}],"curies":[{"name":"wp","href":"https:\/\/api.w.org\/{rel}","templated":true}]}}