{"id":51766,"date":"2023-11-08T20:26:58","date_gmt":"2023-11-08T19:26:58","guid":{"rendered":"https:\/\/lentraide.es\/?post_type=product&#038;p=51766"},"modified":"2025-12-11T22:40:42","modified_gmt":"2025-12-11T21:40:42","slug":"confiture-poire-caramel","status":"publish","type":"product","link":"https:\/\/lentraide.es\/fr\/tienda\/confiture-poire-caramel\/","title":{"rendered":"CONFITURE POIRE CARAMEL AU SUCRE DE CANNE"},"content":{"rendered":"<h4><strong>CONFITURE POIRE CARAMEL AU SUCRE DE CANNE<\/strong><\/h4>\n<p>La poire cuisin\u00e9e comme un dessert pour une confiture sacr\u00e9ment gourmande qui fera l\u2019unanimit\u00e9.<br \/>\nLa saveur d\u00e9licate de la vanille et la gourmandise du caramel sublime cette confiture de poires.<br \/>\nD\u00e9licieuse sur une belle tartine de pain grill\u00e9 ou juste chauff\u00e9e, mais aussi dans un yaourt ou comme base de tarte aux poires ! Initialement cr\u00e9\u00e9e pour un conseil des Chefs d\u2019\u00c9tat \u00e0 la demande de l\u2019\u00c9lys\u00e9e, cette douce confiture au sucre de canne \u00e0 base de poires et de caramel saura ravir les papilles des petits comme des grands !<\/p>\n<h4><strong>Pot de 340 g<\/strong><\/h4>\n","protected":false},"excerpt":{"rendered":"<h4><strong>Pot de 340 g<\/strong><\/h4>\n<p>La poire cuisin\u00e9e comme un dessert pour une confiture sacr\u00e9ment gourmande qui fera l\u2019unanimit\u00e9.<br \/>\nLa saveur d\u00e9licate de la vanille et la gourmandise du caramel sublime cette confiture de poires.<br \/>\nD\u00e9licieuse sur une belle tartine de pain grill\u00e9 ou juste chauff\u00e9e, mais aussi dans un yaourt ou comme base de tarte aux poires ! Initialement cr\u00e9\u00e9e pour un conseil des Chefs d\u2019\u00c9tat \u00e0 la demande de l\u2019\u00c9lys\u00e9e, cette douce confiture au sucre de canne \u00e0 base de poires et de caramel saura ravir les papilles des petits comme des grands !<\/p>\n","protected":false},"featured_media":51424,"template":"","meta":{"_acf_changed":false},"product_brand":[],"product_cat":[249,166],"product_tag":[],"class_list":{"0":"post-51766","1":"product","2":"type-product","3":"status-publish","4":"has-post-thumbnail","6":"product_cat-confitures-noel","7":"product_cat-vente-de-noel","9":"first","10":"outofstock","11":"shipping-taxable","12":"purchasable","13":"product-type-simple"},"acf":[],"yoast_head":"<!-- This site is optimized with the Yoast SEO plugin v26.9 - https:\/\/yoast.com\/product\/yoast-seo-wordpress\/ -->\n<title>CONFITURE POIRE CARAMEL AU SUCRE DE CANNE | Entraide Fran\u00e7aise<\/title>\n<meta name=\"robots\" content=\"index, follow, max-snippet:-1, max-image-preview:large, max-video-preview:-1\" \/>\n<link rel=\"canonical\" href=\"https:\/\/lentraide.es\/fr\/tienda\/confiture-poire-caramel\/\" \/>\n<meta property=\"og:locale\" content=\"fr_FR\" \/>\n<meta property=\"og:type\" content=\"article\" \/>\n<meta property=\"og:title\" content=\"CONFITURE POIRE CARAMEL AU SUCRE DE CANNE | Entraide Fran\u00e7aise\" \/>\n<meta property=\"og:description\" content=\"Pot de 340 g La poire cuisin\u00e9e comme un dessert pour une confiture sacr\u00e9ment gourmande qui fera l\u2019unanimit\u00e9. La saveur d\u00e9licate de la vanille et la gourmandise du caramel sublime cette confiture de poires. D\u00e9licieuse sur une belle tartine de pain grill\u00e9 ou juste chauff\u00e9e, mais aussi dans un yaourt ou comme base de tarte aux poires ! Initialement cr\u00e9\u00e9e pour un conseil des Chefs d\u2019\u00c9tat \u00e0 la demande de l\u2019\u00c9lys\u00e9e, cette douce confiture au sucre de canne \u00e0 base de poires et de caramel saura ravir les papilles des petits comme des grands !\" \/>\n<meta property=\"og:url\" content=\"https:\/\/lentraide.es\/fr\/tienda\/confiture-poire-caramel\/\" \/>\n<meta property=\"og:site_name\" content=\"Entraide Fran\u00e7aise\" \/>\n<meta property=\"article:publisher\" content=\"https:\/\/www.facebook.com\/entraide.francaisemadrid\" \/>\n<meta property=\"article:modified_time\" content=\"2025-12-11T21:40:42+00:00\" \/>\n<meta property=\"og:image\" content=\"https:\/\/lentraide.es\/wp-content\/uploads\/2023\/11\/confiture-poire-caramel.png\" \/>\n\t<meta property=\"og:image:width\" content=\"500\" \/>\n\t<meta property=\"og:image:height\" content=\"500\" \/>\n\t<meta property=\"og:image:type\" content=\"image\/png\" \/>\n<meta name=\"twitter:card\" content=\"summary_large_image\" \/>\n<meta name=\"twitter:label1\" content=\"Tiempo de lectura\" \/>\n\t<meta name=\"twitter:data1\" content=\"1 minute\" \/>\n<script type=\"application\/ld+json\" class=\"yoast-schema-graph\">{\"@context\":\"https:\/\/schema.org\",\"@graph\":[{\"@type\":\"WebPage\",\"@id\":\"https:\/\/lentraide.es\/fr\/tienda\/confiture-poire-caramel\/\",\"url\":\"https:\/\/lentraide.es\/fr\/tienda\/confiture-poire-caramel\/\",\"name\":\"CONFITURE POIRE CARAMEL AU SUCRE DE CANNE | Entraide Fran\u00e7aise\",\"isPartOf\":{\"@id\":\"https:\/\/lentraide.es\/fr\/#website\"},\"primaryImageOfPage\":{\"@id\":\"https:\/\/lentraide.es\/fr\/tienda\/confiture-poire-caramel\/#primaryimage\"},\"image\":{\"@id\":\"https:\/\/lentraide.es\/fr\/tienda\/confiture-poire-caramel\/#primaryimage\"},\"thumbnailUrl\":\"https:\/\/lentraide.es\/wp-content\/uploads\/2023\/11\/confiture-poire-caramel.png\",\"datePublished\":\"2023-11-08T19:26:58+00:00\",\"dateModified\":\"2025-12-11T21:40:42+00:00\",\"breadcrumb\":{\"@id\":\"https:\/\/lentraide.es\/fr\/tienda\/confiture-poire-caramel\/#breadcrumb\"},\"inLanguage\":\"es\",\"potentialAction\":[{\"@type\":\"ReadAction\",\"target\":[\"https:\/\/lentraide.es\/fr\/tienda\/confiture-poire-caramel\/\"]}]},{\"@type\":\"ImageObject\",\"inLanguage\":\"es\",\"@id\":\"https:\/\/lentraide.es\/fr\/tienda\/confiture-poire-caramel\/#primaryimage\",\"url\":\"https:\/\/lentraide.es\/wp-content\/uploads\/2023\/11\/confiture-poire-caramel.png\",\"contentUrl\":\"https:\/\/lentraide.es\/wp-content\/uploads\/2023\/11\/confiture-poire-caramel.png\",\"width\":500,\"height\":500},{\"@type\":\"BreadcrumbList\",\"@id\":\"https:\/\/lentraide.es\/fr\/tienda\/confiture-poire-caramel\/#breadcrumb\",\"itemListElement\":[{\"@type\":\"ListItem\",\"position\":1,\"name\":\"Accueil\",\"item\":\"https:\/\/lentraide.es\/fr\/\"},{\"@type\":\"ListItem\",\"position\":2,\"name\":\"Boutique\",\"item\":\"https:\/\/lentraide.es\/fr\/boutique-new\/\"},{\"@type\":\"ListItem\",\"position\":3,\"name\":\"CONFITURE POIRE CARAMEL AU SUCRE DE CANNE\"}]},{\"@type\":\"WebSite\",\"@id\":\"https:\/\/lentraide.es\/fr\/#website\",\"url\":\"https:\/\/lentraide.es\/fr\/\",\"name\":\"Entraide Fran\u00e7aise\",\"description\":\"Une main tendue vers la France\",\"publisher\":{\"@id\":\"https:\/\/lentraide.es\/fr\/#organization\"},\"alternateName\":\"L'entraide\",\"potentialAction\":[{\"@type\":\"SearchAction\",\"target\":{\"@type\":\"EntryPoint\",\"urlTemplate\":\"https:\/\/lentraide.es\/fr\/?s={search_term_string}\"},\"query-input\":{\"@type\":\"PropertyValueSpecification\",\"valueRequired\":true,\"valueName\":\"search_term_string\"}}],\"inLanguage\":\"es\"},{\"@type\":\"Organization\",\"@id\":\"https:\/\/lentraide.es\/fr\/#organization\",\"name\":\"Entraide Fran\u00e7aise\",\"alternateName\":\"L'entraide\",\"url\":\"https:\/\/lentraide.es\/fr\/\",\"logo\":{\"@type\":\"ImageObject\",\"inLanguage\":\"es\",\"@id\":\"https:\/\/lentraide.es\/fr\/#\/schema\/logo\/image\/\",\"url\":\"https:\/\/lentraide.es\/wp-content\/uploads\/2015\/07\/LOGO-azul2.png\",\"contentUrl\":\"https:\/\/lentraide.es\/wp-content\/uploads\/2015\/07\/LOGO-azul2.png\",\"width\":232,\"height\":146,\"caption\":\"Entraide Fran\u00e7aise\"},\"image\":{\"@id\":\"https:\/\/lentraide.es\/fr\/#\/schema\/logo\/image\/\"},\"sameAs\":[\"https:\/\/www.facebook.com\/entraide.francaisemadrid\",\"https:\/\/www.instagram.com\/entraidefrancaisemadrid\/\"]}]}<\/script>\n<!-- \/ Yoast SEO plugin. -->","yoast_head_json":{"title":"CONFITURE POIRE CARAMEL AU SUCRE DE CANNE | Entraide Fran\u00e7aise","robots":{"index":"index","follow":"follow","max-snippet":"max-snippet:-1","max-image-preview":"max-image-preview:large","max-video-preview":"max-video-preview:-1"},"canonical":"https:\/\/lentraide.es\/fr\/tienda\/confiture-poire-caramel\/","og_locale":"fr_FR","og_type":"article","og_title":"CONFITURE POIRE CARAMEL AU SUCRE DE CANNE | Entraide Fran\u00e7aise","og_description":"Pot de 340 g La poire cuisin\u00e9e comme un dessert pour une confiture sacr\u00e9ment gourmande qui fera l\u2019unanimit\u00e9. La saveur d\u00e9licate de la vanille et la gourmandise du caramel sublime cette confiture de poires. D\u00e9licieuse sur une belle tartine de pain grill\u00e9 ou juste chauff\u00e9e, mais aussi dans un yaourt ou comme base de tarte aux poires ! Initialement cr\u00e9\u00e9e pour un conseil des Chefs d\u2019\u00c9tat \u00e0 la demande de l\u2019\u00c9lys\u00e9e, cette douce confiture au sucre de canne \u00e0 base de poires et de caramel saura ravir les papilles des petits comme des grands !","og_url":"https:\/\/lentraide.es\/fr\/tienda\/confiture-poire-caramel\/","og_site_name":"Entraide Fran\u00e7aise","article_publisher":"https:\/\/www.facebook.com\/entraide.francaisemadrid","article_modified_time":"2025-12-11T21:40:42+00:00","og_image":[{"width":500,"height":500,"url":"https:\/\/lentraide.es\/wp-content\/uploads\/2023\/11\/confiture-poire-caramel.png","type":"image\/png"}],"twitter_card":"summary_large_image","twitter_misc":{"Tiempo de lectura":"1 minute"},"schema":{"@context":"https:\/\/schema.org","@graph":[{"@type":"WebPage","@id":"https:\/\/lentraide.es\/fr\/tienda\/confiture-poire-caramel\/","url":"https:\/\/lentraide.es\/fr\/tienda\/confiture-poire-caramel\/","name":"CONFITURE POIRE CARAMEL AU SUCRE DE CANNE | Entraide Fran\u00e7aise","isPartOf":{"@id":"https:\/\/lentraide.es\/fr\/#website"},"primaryImageOfPage":{"@id":"https:\/\/lentraide.es\/fr\/tienda\/confiture-poire-caramel\/#primaryimage"},"image":{"@id":"https:\/\/lentraide.es\/fr\/tienda\/confiture-poire-caramel\/#primaryimage"},"thumbnailUrl":"https:\/\/lentraide.es\/wp-content\/uploads\/2023\/11\/confiture-poire-caramel.png","datePublished":"2023-11-08T19:26:58+00:00","dateModified":"2025-12-11T21:40:42+00:00","breadcrumb":{"@id":"https:\/\/lentraide.es\/fr\/tienda\/confiture-poire-caramel\/#breadcrumb"},"inLanguage":"es","potentialAction":[{"@type":"ReadAction","target":["https:\/\/lentraide.es\/fr\/tienda\/confiture-poire-caramel\/"]}]},{"@type":"ImageObject","inLanguage":"es","@id":"https:\/\/lentraide.es\/fr\/tienda\/confiture-poire-caramel\/#primaryimage","url":"https:\/\/lentraide.es\/wp-content\/uploads\/2023\/11\/confiture-poire-caramel.png","contentUrl":"https:\/\/lentraide.es\/wp-content\/uploads\/2023\/11\/confiture-poire-caramel.png","width":500,"height":500},{"@type":"BreadcrumbList","@id":"https:\/\/lentraide.es\/fr\/tienda\/confiture-poire-caramel\/#breadcrumb","itemListElement":[{"@type":"ListItem","position":1,"name":"Accueil","item":"https:\/\/lentraide.es\/fr\/"},{"@type":"ListItem","position":2,"name":"Boutique","item":"https:\/\/lentraide.es\/fr\/boutique-new\/"},{"@type":"ListItem","position":3,"name":"CONFITURE POIRE CARAMEL AU SUCRE DE CANNE"}]},{"@type":"WebSite","@id":"https:\/\/lentraide.es\/fr\/#website","url":"https:\/\/lentraide.es\/fr\/","name":"Entraide Fran\u00e7aise","description":"Une main tendue vers la France","publisher":{"@id":"https:\/\/lentraide.es\/fr\/#organization"},"alternateName":"L'entraide","potentialAction":[{"@type":"SearchAction","target":{"@type":"EntryPoint","urlTemplate":"https:\/\/lentraide.es\/fr\/?s={search_term_string}"},"query-input":{"@type":"PropertyValueSpecification","valueRequired":true,"valueName":"search_term_string"}}],"inLanguage":"es"},{"@type":"Organization","@id":"https:\/\/lentraide.es\/fr\/#organization","name":"Entraide Fran\u00e7aise","alternateName":"L'entraide","url":"https:\/\/lentraide.es\/fr\/","logo":{"@type":"ImageObject","inLanguage":"es","@id":"https:\/\/lentraide.es\/fr\/#\/schema\/logo\/image\/","url":"https:\/\/lentraide.es\/wp-content\/uploads\/2015\/07\/LOGO-azul2.png","contentUrl":"https:\/\/lentraide.es\/wp-content\/uploads\/2015\/07\/LOGO-azul2.png","width":232,"height":146,"caption":"Entraide Fran\u00e7aise"},"image":{"@id":"https:\/\/lentraide.es\/fr\/#\/schema\/logo\/image\/"},"sameAs":["https:\/\/www.facebook.com\/entraide.francaisemadrid","https:\/\/www.instagram.com\/entraidefrancaisemadrid\/"]}]}},"_links":{"self":[{"href":"https:\/\/lentraide.es\/fr\/wp-json\/wp\/v2\/product\/51766","targetHints":{"allow":["GET"]}}],"collection":[{"href":"https:\/\/lentraide.es\/fr\/wp-json\/wp\/v2\/product"}],"about":[{"href":"https:\/\/lentraide.es\/fr\/wp-json\/wp\/v2\/types\/product"}],"wp:featuredmedia":[{"embeddable":true,"href":"https:\/\/lentraide.es\/fr\/wp-json\/wp\/v2\/media\/51424"}],"wp:attachment":[{"href":"https:\/\/lentraide.es\/fr\/wp-json\/wp\/v2\/media?parent=51766"}],"wp:term":[{"taxonomy":"product_brand","embeddable":true,"href":"https:\/\/lentraide.es\/fr\/wp-json\/wp\/v2\/product_brand?post=51766"},{"taxonomy":"product_cat","embeddable":true,"href":"https:\/\/lentraide.es\/fr\/wp-json\/wp\/v2\/product_cat?post=51766"},{"taxonomy":"product_tag","embeddable":true,"href":"https:\/\/lentraide.es\/fr\/wp-json\/wp\/v2\/product_tag?post=51766"}],"curies":[{"name":"wp","href":"https:\/\/api.w.org\/{rel}","templated":true}]}}