{"id":52837,"date":"2023-12-06T18:56:50","date_gmt":"2023-12-06T17:56:50","guid":{"rendered":"https:\/\/lentraide.es\/?post_type=product&#038;p=52837"},"modified":"2026-01-07T23:35:21","modified_gmt":"2026-01-07T22:35:21","slug":"champagne-schloesser-brut-rose","status":"publish","type":"product","link":"https:\/\/lentraide.es\/fr\/tienda\/champagne-schloesser-brut-rose\/","title":{"rendered":"Champagne REN\u00c9 SCHLOESSER &#8211; Brut Ros\u00e9 &#8211; Caisse de 6 bouteilles"},"content":{"rendered":"","protected":false},"excerpt":{"rendered":"<p>Un assemblage de 40% Pinot noir, 25% Chardonnay, 25% Meunier et 10% de vins rouge issus du terroir de Damery Vall\u00e9e de la marne.<\/p>\n<p>Un champagne frais avec maturit\u00e9, \u00e9l\u00e9gance et une bulle d\u00e9licate et cr\u00e9meuse.<\/p>\n<p>Avec sa superbe couleur rose saumon\u00e9e, ce champagne est g\u00e9n\u00e9reux et raffin\u00e9 en bouche, avec un ar\u00f4me fruit\u00e9 d\u00e9licat.<\/p>\n<p>&nbsp;<\/p>\n<hr \/>\n<p>&nbsp;<\/p>\n<p><span style=\"color: #0000ff;\">Pour les ventes sur le site web, il est <strong>IMP\u00c9RATIF<\/strong> de choisir la modalit\u00e9 de livraison via le produit Livraison : <a href=\"https:\/\/lentraide.es\/tienda\/livraison-champagne-vins\/\">https:\/\/lentraide.es\/tienda\/livraison-champagne-vins\/<\/a><\/span><\/p>\n<p>&nbsp;<\/p>\n<ul>\n<li>le transport est GRATUIT sur MADRID (Province de Madrid)<\/li>\n<li>en dehors de ce p\u00e9rim\u00e8tre, il vous est demand\u00e9 10 \u20ac pour une ou deux caisses, et 15 \u20ac pour 3 caisses et plus.<\/li>\n<li>Iles Bal\u00e9ares et Canaries, merci de vous renseigner aupr\u00e8s de Bruno 639 70 79 02.<\/li>\n<\/ul>\n<p>&nbsp;<\/p>\n","protected":false},"featured_media":60885,"template":"","meta":{"_acf_changed":false},"product_brand":[],"product_cat":[87],"product_tag":[],"class_list":{"0":"post-52837","1":"product","2":"type-product","3":"status-publish","4":"has-post-thumbnail","6":"product_cat-vins-champagnes","8":"first","9":"outofstock","10":"shipping-taxable","11":"purchasable","12":"product-type-simple"},"acf":[],"yoast_head":"<!-- This site is optimized with the Yoast SEO plugin v27.3 - https:\/\/yoast.com\/product\/yoast-seo-wordpress\/ -->\n<title>Champagne REN\u00c9 SCHLOESSER - Brut Ros\u00e9 - Caisse de 6 bouteilles | Entraide Fran\u00e7aise<\/title>\n<meta name=\"robots\" content=\"index, follow, max-snippet:-1, max-image-preview:large, max-video-preview:-1\" \/>\n<link rel=\"canonical\" href=\"https:\/\/lentraide.es\/fr\/tienda\/champagne-schloesser-brut-rose\/\" \/>\n<meta property=\"og:locale\" content=\"fr_FR\" \/>\n<meta property=\"og:type\" content=\"article\" \/>\n<meta property=\"og:title\" content=\"Champagne REN\u00c9 SCHLOESSER - Brut Ros\u00e9 - Caisse de 6 bouteilles | Entraide Fran\u00e7aise\" \/>\n<meta property=\"og:description\" content=\"Un assemblage de 40% Pinot noir, 25% Chardonnay, 25% Meunier et 10% de vins rouge issus du terroir de Damery Vall\u00e9e de la marne.  Un champagne frais avec maturit\u00e9, \u00e9l\u00e9gance et une bulle d\u00e9licate et cr\u00e9meuse.  Avec sa superbe couleur rose saumon\u00e9e, ce champagne est g\u00e9n\u00e9reux et raffin\u00e9 en bouche, avec un ar\u00f4me fruit\u00e9 d\u00e9licat.  &nbsp;    &nbsp;  Pour les ventes sur le site web, il est IMP\u00c9RATIF de choisir la modalit\u00e9 de livraison via le produit Livraison : https:\/\/lentraide.es\/tienda\/livraison-champagne-vins\/  &nbsp;   le transport est GRATUIT sur MADRID (Province de Madrid)  en dehors de ce p\u00e9rim\u00e8tre, il vous est demand\u00e9 10 \u20ac pour une ou deux caisses, et 15 \u20ac pour 3 caisses et plus.  Iles Bal\u00e9ares et Canaries, merci de vous renseigner aupr\u00e8s de Bruno 639 70 79 02.  &nbsp;\" \/>\n<meta property=\"og:url\" content=\"https:\/\/lentraide.es\/fr\/tienda\/champagne-schloesser-brut-rose\/\" \/>\n<meta property=\"og:site_name\" content=\"Entraide Fran\u00e7aise\" \/>\n<meta property=\"article:publisher\" content=\"https:\/\/www.facebook.com\/entraide.francaisemadrid\" \/>\n<meta property=\"article:modified_time\" content=\"2026-01-07T22:35:21+00:00\" \/>\n<meta property=\"og:image\" content=\"https:\/\/lentraide.es\/wp-content\/uploads\/2023\/12\/32.png\" \/>\n\t<meta property=\"og:image:width\" content=\"963\" \/>\n\t<meta property=\"og:image:height\" content=\"963\" \/>\n\t<meta property=\"og:image:type\" content=\"image\/png\" \/>\n<meta name=\"twitter:card\" content=\"summary_large_image\" \/>\n<meta name=\"twitter:label1\" content=\"Tiempo de lectura\" \/>\n\t<meta name=\"twitter:data1\" content=\"1 minute\" \/>\n<script type=\"application\/ld+json\" class=\"yoast-schema-graph\">{\"@context\":\"https:\\\/\\\/schema.org\",\"@graph\":[{\"@type\":\"WebPage\",\"@id\":\"https:\\\/\\\/lentraide.es\\\/fr\\\/tienda\\\/champagne-schloesser-brut-rose\\\/\",\"url\":\"https:\\\/\\\/lentraide.es\\\/fr\\\/tienda\\\/champagne-schloesser-brut-rose\\\/\",\"name\":\"Champagne REN\u00c9 SCHLOESSER - Brut Ros\u00e9 - Caisse de 6 bouteilles | Entraide Fran\u00e7aise\",\"isPartOf\":{\"@id\":\"https:\\\/\\\/lentraide.es\\\/fr\\\/#website\"},\"primaryImageOfPage\":{\"@id\":\"https:\\\/\\\/lentraide.es\\\/fr\\\/tienda\\\/champagne-schloesser-brut-rose\\\/#primaryimage\"},\"image\":{\"@id\":\"https:\\\/\\\/lentraide.es\\\/fr\\\/tienda\\\/champagne-schloesser-brut-rose\\\/#primaryimage\"},\"thumbnailUrl\":\"https:\\\/\\\/lentraide.es\\\/wp-content\\\/uploads\\\/2023\\\/12\\\/32.png\",\"datePublished\":\"2023-12-06T17:56:50+00:00\",\"dateModified\":\"2026-01-07T22:35:21+00:00\",\"breadcrumb\":{\"@id\":\"https:\\\/\\\/lentraide.es\\\/fr\\\/tienda\\\/champagne-schloesser-brut-rose\\\/#breadcrumb\"},\"inLanguage\":\"es\",\"potentialAction\":[{\"@type\":\"ReadAction\",\"target\":[\"https:\\\/\\\/lentraide.es\\\/fr\\\/tienda\\\/champagne-schloesser-brut-rose\\\/\"]}]},{\"@type\":\"ImageObject\",\"inLanguage\":\"es\",\"@id\":\"https:\\\/\\\/lentraide.es\\\/fr\\\/tienda\\\/champagne-schloesser-brut-rose\\\/#primaryimage\",\"url\":\"https:\\\/\\\/lentraide.es\\\/wp-content\\\/uploads\\\/2023\\\/12\\\/32.png\",\"contentUrl\":\"https:\\\/\\\/lentraide.es\\\/wp-content\\\/uploads\\\/2023\\\/12\\\/32.png\",\"width\":963,\"height\":963},{\"@type\":\"BreadcrumbList\",\"@id\":\"https:\\\/\\\/lentraide.es\\\/fr\\\/tienda\\\/champagne-schloesser-brut-rose\\\/#breadcrumb\",\"itemListElement\":[{\"@type\":\"ListItem\",\"position\":1,\"name\":\"Accueil\",\"item\":\"https:\\\/\\\/lentraide.es\\\/fr\\\/\"},{\"@type\":\"ListItem\",\"position\":2,\"name\":\"Boutique\",\"item\":\"https:\\\/\\\/lentraide.es\\\/fr\\\/boutique-new\\\/\"},{\"@type\":\"ListItem\",\"position\":3,\"name\":\"Champagne REN\u00c9 SCHLOESSER &#8211; Brut Ros\u00e9 &#8211; Caisse de 6 bouteilles\"}]},{\"@type\":\"WebSite\",\"@id\":\"https:\\\/\\\/lentraide.es\\\/fr\\\/#website\",\"url\":\"https:\\\/\\\/lentraide.es\\\/fr\\\/\",\"name\":\"Entraide Fran\u00e7aise\",\"description\":\"Une main tendue vers la France\",\"publisher\":{\"@id\":\"https:\\\/\\\/lentraide.es\\\/fr\\\/#organization\"},\"alternateName\":\"L'entraide\",\"potentialAction\":[{\"@type\":\"SearchAction\",\"target\":{\"@type\":\"EntryPoint\",\"urlTemplate\":\"https:\\\/\\\/lentraide.es\\\/fr\\\/?s={search_term_string}\"},\"query-input\":{\"@type\":\"PropertyValueSpecification\",\"valueRequired\":true,\"valueName\":\"search_term_string\"}}],\"inLanguage\":\"es\"},{\"@type\":\"Organization\",\"@id\":\"https:\\\/\\\/lentraide.es\\\/fr\\\/#organization\",\"name\":\"Entraide Fran\u00e7aise\",\"alternateName\":\"L'entraide\",\"url\":\"https:\\\/\\\/lentraide.es\\\/fr\\\/\",\"logo\":{\"@type\":\"ImageObject\",\"inLanguage\":\"es\",\"@id\":\"https:\\\/\\\/lentraide.es\\\/fr\\\/#\\\/schema\\\/logo\\\/image\\\/\",\"url\":\"https:\\\/\\\/lentraide.es\\\/wp-content\\\/uploads\\\/2015\\\/07\\\/LOGO-azul2.png\",\"contentUrl\":\"https:\\\/\\\/lentraide.es\\\/wp-content\\\/uploads\\\/2015\\\/07\\\/LOGO-azul2.png\",\"width\":232,\"height\":146,\"caption\":\"Entraide Fran\u00e7aise\"},\"image\":{\"@id\":\"https:\\\/\\\/lentraide.es\\\/fr\\\/#\\\/schema\\\/logo\\\/image\\\/\"},\"sameAs\":[\"https:\\\/\\\/www.facebook.com\\\/entraide.francaisemadrid\",\"https:\\\/\\\/www.instagram.com\\\/entraidefrancaisemadrid\\\/\"]}]}<\/script>\n<!-- \/ Yoast SEO plugin. -->","yoast_head_json":{"title":"Champagne REN\u00c9 SCHLOESSER - Brut Ros\u00e9 - Caisse de 6 bouteilles | Entraide Fran\u00e7aise","robots":{"index":"index","follow":"follow","max-snippet":"max-snippet:-1","max-image-preview":"max-image-preview:large","max-video-preview":"max-video-preview:-1"},"canonical":"https:\/\/lentraide.es\/fr\/tienda\/champagne-schloesser-brut-rose\/","og_locale":"fr_FR","og_type":"article","og_title":"Champagne REN\u00c9 SCHLOESSER - Brut Ros\u00e9 - Caisse de 6 bouteilles | Entraide Fran\u00e7aise","og_description":"Un assemblage de 40% Pinot noir, 25% Chardonnay, 25% Meunier et 10% de vins rouge issus du terroir de Damery Vall\u00e9e de la marne.  Un champagne frais avec maturit\u00e9, \u00e9l\u00e9gance et une bulle d\u00e9licate et cr\u00e9meuse.  Avec sa superbe couleur rose saumon\u00e9e, ce champagne est g\u00e9n\u00e9reux et raffin\u00e9 en bouche, avec un ar\u00f4me fruit\u00e9 d\u00e9licat.  &nbsp;    &nbsp;  Pour les ventes sur le site web, il est IMP\u00c9RATIF de choisir la modalit\u00e9 de livraison via le produit Livraison : https:\/\/lentraide.es\/tienda\/livraison-champagne-vins\/  &nbsp;   le transport est GRATUIT sur MADRID (Province de Madrid)  en dehors de ce p\u00e9rim\u00e8tre, il vous est demand\u00e9 10 \u20ac pour une ou deux caisses, et 15 \u20ac pour 3 caisses et plus.  Iles Bal\u00e9ares et Canaries, merci de vous renseigner aupr\u00e8s de Bruno 639 70 79 02.  &nbsp;","og_url":"https:\/\/lentraide.es\/fr\/tienda\/champagne-schloesser-brut-rose\/","og_site_name":"Entraide Fran\u00e7aise","article_publisher":"https:\/\/www.facebook.com\/entraide.francaisemadrid","article_modified_time":"2026-01-07T22:35:21+00:00","og_image":[{"width":963,"height":963,"url":"https:\/\/lentraide.es\/wp-content\/uploads\/2023\/12\/32.png","type":"image\/png"}],"twitter_card":"summary_large_image","twitter_misc":{"Tiempo de lectura":"1 minute"},"schema":{"@context":"https:\/\/schema.org","@graph":[{"@type":"WebPage","@id":"https:\/\/lentraide.es\/fr\/tienda\/champagne-schloesser-brut-rose\/","url":"https:\/\/lentraide.es\/fr\/tienda\/champagne-schloesser-brut-rose\/","name":"Champagne REN\u00c9 SCHLOESSER - Brut Ros\u00e9 - Caisse de 6 bouteilles | Entraide Fran\u00e7aise","isPartOf":{"@id":"https:\/\/lentraide.es\/fr\/#website"},"primaryImageOfPage":{"@id":"https:\/\/lentraide.es\/fr\/tienda\/champagne-schloesser-brut-rose\/#primaryimage"},"image":{"@id":"https:\/\/lentraide.es\/fr\/tienda\/champagne-schloesser-brut-rose\/#primaryimage"},"thumbnailUrl":"https:\/\/lentraide.es\/wp-content\/uploads\/2023\/12\/32.png","datePublished":"2023-12-06T17:56:50+00:00","dateModified":"2026-01-07T22:35:21+00:00","breadcrumb":{"@id":"https:\/\/lentraide.es\/fr\/tienda\/champagne-schloesser-brut-rose\/#breadcrumb"},"inLanguage":"es","potentialAction":[{"@type":"ReadAction","target":["https:\/\/lentraide.es\/fr\/tienda\/champagne-schloesser-brut-rose\/"]}]},{"@type":"ImageObject","inLanguage":"es","@id":"https:\/\/lentraide.es\/fr\/tienda\/champagne-schloesser-brut-rose\/#primaryimage","url":"https:\/\/lentraide.es\/wp-content\/uploads\/2023\/12\/32.png","contentUrl":"https:\/\/lentraide.es\/wp-content\/uploads\/2023\/12\/32.png","width":963,"height":963},{"@type":"BreadcrumbList","@id":"https:\/\/lentraide.es\/fr\/tienda\/champagne-schloesser-brut-rose\/#breadcrumb","itemListElement":[{"@type":"ListItem","position":1,"name":"Accueil","item":"https:\/\/lentraide.es\/fr\/"},{"@type":"ListItem","position":2,"name":"Boutique","item":"https:\/\/lentraide.es\/fr\/boutique-new\/"},{"@type":"ListItem","position":3,"name":"Champagne REN\u00c9 SCHLOESSER &#8211; Brut Ros\u00e9 &#8211; Caisse de 6 bouteilles"}]},{"@type":"WebSite","@id":"https:\/\/lentraide.es\/fr\/#website","url":"https:\/\/lentraide.es\/fr\/","name":"Entraide Fran\u00e7aise","description":"Une main tendue vers la France","publisher":{"@id":"https:\/\/lentraide.es\/fr\/#organization"},"alternateName":"L'entraide","potentialAction":[{"@type":"SearchAction","target":{"@type":"EntryPoint","urlTemplate":"https:\/\/lentraide.es\/fr\/?s={search_term_string}"},"query-input":{"@type":"PropertyValueSpecification","valueRequired":true,"valueName":"search_term_string"}}],"inLanguage":"es"},{"@type":"Organization","@id":"https:\/\/lentraide.es\/fr\/#organization","name":"Entraide Fran\u00e7aise","alternateName":"L'entraide","url":"https:\/\/lentraide.es\/fr\/","logo":{"@type":"ImageObject","inLanguage":"es","@id":"https:\/\/lentraide.es\/fr\/#\/schema\/logo\/image\/","url":"https:\/\/lentraide.es\/wp-content\/uploads\/2015\/07\/LOGO-azul2.png","contentUrl":"https:\/\/lentraide.es\/wp-content\/uploads\/2015\/07\/LOGO-azul2.png","width":232,"height":146,"caption":"Entraide Fran\u00e7aise"},"image":{"@id":"https:\/\/lentraide.es\/fr\/#\/schema\/logo\/image\/"},"sameAs":["https:\/\/www.facebook.com\/entraide.francaisemadrid","https:\/\/www.instagram.com\/entraidefrancaisemadrid\/"]}]}},"_links":{"self":[{"href":"https:\/\/lentraide.es\/fr\/wp-json\/wp\/v2\/product\/52837","targetHints":{"allow":["GET"]}}],"collection":[{"href":"https:\/\/lentraide.es\/fr\/wp-json\/wp\/v2\/product"}],"about":[{"href":"https:\/\/lentraide.es\/fr\/wp-json\/wp\/v2\/types\/product"}],"wp:featuredmedia":[{"embeddable":true,"href":"https:\/\/lentraide.es\/fr\/wp-json\/wp\/v2\/media\/60885"}],"wp:attachment":[{"href":"https:\/\/lentraide.es\/fr\/wp-json\/wp\/v2\/media?parent=52837"}],"wp:term":[{"taxonomy":"product_brand","embeddable":true,"href":"https:\/\/lentraide.es\/fr\/wp-json\/wp\/v2\/product_brand?post=52837"},{"taxonomy":"product_cat","embeddable":true,"href":"https:\/\/lentraide.es\/fr\/wp-json\/wp\/v2\/product_cat?post=52837"},{"taxonomy":"product_tag","embeddable":true,"href":"https:\/\/lentraide.es\/fr\/wp-json\/wp\/v2\/product_tag?post=52837"}],"curies":[{"name":"wp","href":"https:\/\/api.w.org\/{rel}","templated":true}]}}