{"id":59062,"date":"2024-11-13T23:14:00","date_gmt":"2024-11-13T22:14:00","guid":{"rendered":"https:\/\/lentraide.es\/?post_type=product&#038;p=59062"},"modified":"2026-01-07T23:33:57","modified_gmt":"2026-01-07T22:33:57","slug":"porte-cles-lentraide","status":"publish","type":"product","link":"https:\/\/lentraide.es\/fr\/tienda\/porte-cles-lentraide\/","title":{"rendered":"Porte Cl\u00e9s L&rsquo;Entraide"},"content":{"rendered":"","protected":false},"excerpt":{"rendered":"<h4><strong>Porte cl\u00e9 de petites dimensions, l\u00e9ger et aux couleurs de L&rsquo;Entraide<\/strong><\/h4>\n","protected":false},"featured_media":59156,"template":"","meta":{"_acf_changed":false},"product_brand":[],"product_cat":[224],"product_tag":[],"class_list":{"0":"post-59062","1":"product","2":"type-product","3":"status-publish","4":"has-post-thumbnail","6":"product_cat-merchandising","8":"first","9":"outofstock","10":"shipping-taxable","11":"purchasable","12":"product-type-simple"},"acf":[],"yoast_head":"<!-- This site is optimized with the Yoast SEO plugin v27.3 - https:\/\/yoast.com\/product\/yoast-seo-wordpress\/ -->\n<title>Porte Cl\u00e9s L&#039;Entraide | Entraide Fran\u00e7aise<\/title>\n<meta name=\"robots\" content=\"index, follow, max-snippet:-1, max-image-preview:large, max-video-preview:-1\" \/>\n<link rel=\"canonical\" href=\"https:\/\/lentraide.es\/fr\/tienda\/porte-cles-lentraide\/\" \/>\n<meta property=\"og:locale\" content=\"fr_FR\" \/>\n<meta property=\"og:type\" content=\"article\" \/>\n<meta property=\"og:title\" content=\"Porte Cl\u00e9s L&#039;Entraide | Entraide Fran\u00e7aise\" \/>\n<meta property=\"og:description\" content=\"Porte cl\u00e9 de petites dimensions, l\u00e9ger et aux couleurs de L&#039;Entraide\" \/>\n<meta property=\"og:url\" content=\"https:\/\/lentraide.es\/fr\/tienda\/porte-cles-lentraide\/\" \/>\n<meta property=\"og:site_name\" content=\"Entraide Fran\u00e7aise\" \/>\n<meta property=\"article:publisher\" content=\"https:\/\/www.facebook.com\/entraide.francaisemadrid\" \/>\n<meta property=\"article:modified_time\" content=\"2026-01-07T22:33:57+00:00\" \/>\n<meta property=\"og:image\" content=\"https:\/\/lentraide.es\/wp-content\/uploads\/2024\/11\/llavero-lentraide-2.png\" \/>\n\t<meta property=\"og:image:width\" content=\"410\" \/>\n\t<meta property=\"og:image:height\" content=\"410\" \/>\n\t<meta property=\"og:image:type\" content=\"image\/png\" \/>\n<meta name=\"twitter:card\" content=\"summary_large_image\" \/>\n<meta name=\"twitter:label1\" content=\"Tiempo de lectura\" \/>\n\t<meta name=\"twitter:data1\" content=\"1 minute\" \/>\n<script type=\"application\/ld+json\" class=\"yoast-schema-graph\">{\"@context\":\"https:\\\/\\\/schema.org\",\"@graph\":[{\"@type\":\"WebPage\",\"@id\":\"https:\\\/\\\/lentraide.es\\\/fr\\\/tienda\\\/porte-cles-lentraide\\\/\",\"url\":\"https:\\\/\\\/lentraide.es\\\/fr\\\/tienda\\\/porte-cles-lentraide\\\/\",\"name\":\"Porte Cl\u00e9s L'Entraide | Entraide Fran\u00e7aise\",\"isPartOf\":{\"@id\":\"https:\\\/\\\/lentraide.es\\\/fr\\\/#website\"},\"primaryImageOfPage\":{\"@id\":\"https:\\\/\\\/lentraide.es\\\/fr\\\/tienda\\\/porte-cles-lentraide\\\/#primaryimage\"},\"image\":{\"@id\":\"https:\\\/\\\/lentraide.es\\\/fr\\\/tienda\\\/porte-cles-lentraide\\\/#primaryimage\"},\"thumbnailUrl\":\"https:\\\/\\\/lentraide.es\\\/wp-content\\\/uploads\\\/2024\\\/11\\\/llavero-lentraide-2.png\",\"datePublished\":\"2024-11-13T22:14:00+00:00\",\"dateModified\":\"2026-01-07T22:33:57+00:00\",\"breadcrumb\":{\"@id\":\"https:\\\/\\\/lentraide.es\\\/fr\\\/tienda\\\/porte-cles-lentraide\\\/#breadcrumb\"},\"inLanguage\":\"es\",\"potentialAction\":[{\"@type\":\"ReadAction\",\"target\":[\"https:\\\/\\\/lentraide.es\\\/fr\\\/tienda\\\/porte-cles-lentraide\\\/\"]}]},{\"@type\":\"ImageObject\",\"inLanguage\":\"es\",\"@id\":\"https:\\\/\\\/lentraide.es\\\/fr\\\/tienda\\\/porte-cles-lentraide\\\/#primaryimage\",\"url\":\"https:\\\/\\\/lentraide.es\\\/wp-content\\\/uploads\\\/2024\\\/11\\\/llavero-lentraide-2.png\",\"contentUrl\":\"https:\\\/\\\/lentraide.es\\\/wp-content\\\/uploads\\\/2024\\\/11\\\/llavero-lentraide-2.png\",\"width\":410,\"height\":410},{\"@type\":\"BreadcrumbList\",\"@id\":\"https:\\\/\\\/lentraide.es\\\/fr\\\/tienda\\\/porte-cles-lentraide\\\/#breadcrumb\",\"itemListElement\":[{\"@type\":\"ListItem\",\"position\":1,\"name\":\"Accueil\",\"item\":\"https:\\\/\\\/lentraide.es\\\/fr\\\/\"},{\"@type\":\"ListItem\",\"position\":2,\"name\":\"Boutique\",\"item\":\"https:\\\/\\\/lentraide.es\\\/fr\\\/boutique-new\\\/\"},{\"@type\":\"ListItem\",\"position\":3,\"name\":\"Porte Cl\u00e9s L&rsquo;Entraide\"}]},{\"@type\":\"WebSite\",\"@id\":\"https:\\\/\\\/lentraide.es\\\/fr\\\/#website\",\"url\":\"https:\\\/\\\/lentraide.es\\\/fr\\\/\",\"name\":\"Entraide Fran\u00e7aise\",\"description\":\"Une main tendue vers la France\",\"publisher\":{\"@id\":\"https:\\\/\\\/lentraide.es\\\/fr\\\/#organization\"},\"alternateName\":\"L'entraide\",\"potentialAction\":[{\"@type\":\"SearchAction\",\"target\":{\"@type\":\"EntryPoint\",\"urlTemplate\":\"https:\\\/\\\/lentraide.es\\\/fr\\\/?s={search_term_string}\"},\"query-input\":{\"@type\":\"PropertyValueSpecification\",\"valueRequired\":true,\"valueName\":\"search_term_string\"}}],\"inLanguage\":\"es\"},{\"@type\":\"Organization\",\"@id\":\"https:\\\/\\\/lentraide.es\\\/fr\\\/#organization\",\"name\":\"Entraide Fran\u00e7aise\",\"alternateName\":\"L'entraide\",\"url\":\"https:\\\/\\\/lentraide.es\\\/fr\\\/\",\"logo\":{\"@type\":\"ImageObject\",\"inLanguage\":\"es\",\"@id\":\"https:\\\/\\\/lentraide.es\\\/fr\\\/#\\\/schema\\\/logo\\\/image\\\/\",\"url\":\"https:\\\/\\\/lentraide.es\\\/wp-content\\\/uploads\\\/2015\\\/07\\\/LOGO-azul2.png\",\"contentUrl\":\"https:\\\/\\\/lentraide.es\\\/wp-content\\\/uploads\\\/2015\\\/07\\\/LOGO-azul2.png\",\"width\":232,\"height\":146,\"caption\":\"Entraide Fran\u00e7aise\"},\"image\":{\"@id\":\"https:\\\/\\\/lentraide.es\\\/fr\\\/#\\\/schema\\\/logo\\\/image\\\/\"},\"sameAs\":[\"https:\\\/\\\/www.facebook.com\\\/entraide.francaisemadrid\",\"https:\\\/\\\/www.instagram.com\\\/entraidefrancaisemadrid\\\/\"]}]}<\/script>\n<!-- \/ Yoast SEO plugin. -->","yoast_head_json":{"title":"Porte Cl\u00e9s L'Entraide | Entraide Fran\u00e7aise","robots":{"index":"index","follow":"follow","max-snippet":"max-snippet:-1","max-image-preview":"max-image-preview:large","max-video-preview":"max-video-preview:-1"},"canonical":"https:\/\/lentraide.es\/fr\/tienda\/porte-cles-lentraide\/","og_locale":"fr_FR","og_type":"article","og_title":"Porte Cl\u00e9s L'Entraide | Entraide Fran\u00e7aise","og_description":"Porte cl\u00e9 de petites dimensions, l\u00e9ger et aux couleurs de L'Entraide","og_url":"https:\/\/lentraide.es\/fr\/tienda\/porte-cles-lentraide\/","og_site_name":"Entraide Fran\u00e7aise","article_publisher":"https:\/\/www.facebook.com\/entraide.francaisemadrid","article_modified_time":"2026-01-07T22:33:57+00:00","og_image":[{"width":410,"height":410,"url":"https:\/\/lentraide.es\/wp-content\/uploads\/2024\/11\/llavero-lentraide-2.png","type":"image\/png"}],"twitter_card":"summary_large_image","twitter_misc":{"Tiempo de lectura":"1 minute"},"schema":{"@context":"https:\/\/schema.org","@graph":[{"@type":"WebPage","@id":"https:\/\/lentraide.es\/fr\/tienda\/porte-cles-lentraide\/","url":"https:\/\/lentraide.es\/fr\/tienda\/porte-cles-lentraide\/","name":"Porte Cl\u00e9s L'Entraide | Entraide Fran\u00e7aise","isPartOf":{"@id":"https:\/\/lentraide.es\/fr\/#website"},"primaryImageOfPage":{"@id":"https:\/\/lentraide.es\/fr\/tienda\/porte-cles-lentraide\/#primaryimage"},"image":{"@id":"https:\/\/lentraide.es\/fr\/tienda\/porte-cles-lentraide\/#primaryimage"},"thumbnailUrl":"https:\/\/lentraide.es\/wp-content\/uploads\/2024\/11\/llavero-lentraide-2.png","datePublished":"2024-11-13T22:14:00+00:00","dateModified":"2026-01-07T22:33:57+00:00","breadcrumb":{"@id":"https:\/\/lentraide.es\/fr\/tienda\/porte-cles-lentraide\/#breadcrumb"},"inLanguage":"es","potentialAction":[{"@type":"ReadAction","target":["https:\/\/lentraide.es\/fr\/tienda\/porte-cles-lentraide\/"]}]},{"@type":"ImageObject","inLanguage":"es","@id":"https:\/\/lentraide.es\/fr\/tienda\/porte-cles-lentraide\/#primaryimage","url":"https:\/\/lentraide.es\/wp-content\/uploads\/2024\/11\/llavero-lentraide-2.png","contentUrl":"https:\/\/lentraide.es\/wp-content\/uploads\/2024\/11\/llavero-lentraide-2.png","width":410,"height":410},{"@type":"BreadcrumbList","@id":"https:\/\/lentraide.es\/fr\/tienda\/porte-cles-lentraide\/#breadcrumb","itemListElement":[{"@type":"ListItem","position":1,"name":"Accueil","item":"https:\/\/lentraide.es\/fr\/"},{"@type":"ListItem","position":2,"name":"Boutique","item":"https:\/\/lentraide.es\/fr\/boutique-new\/"},{"@type":"ListItem","position":3,"name":"Porte Cl\u00e9s L&rsquo;Entraide"}]},{"@type":"WebSite","@id":"https:\/\/lentraide.es\/fr\/#website","url":"https:\/\/lentraide.es\/fr\/","name":"Entraide Fran\u00e7aise","description":"Une main tendue vers la France","publisher":{"@id":"https:\/\/lentraide.es\/fr\/#organization"},"alternateName":"L'entraide","potentialAction":[{"@type":"SearchAction","target":{"@type":"EntryPoint","urlTemplate":"https:\/\/lentraide.es\/fr\/?s={search_term_string}"},"query-input":{"@type":"PropertyValueSpecification","valueRequired":true,"valueName":"search_term_string"}}],"inLanguage":"es"},{"@type":"Organization","@id":"https:\/\/lentraide.es\/fr\/#organization","name":"Entraide Fran\u00e7aise","alternateName":"L'entraide","url":"https:\/\/lentraide.es\/fr\/","logo":{"@type":"ImageObject","inLanguage":"es","@id":"https:\/\/lentraide.es\/fr\/#\/schema\/logo\/image\/","url":"https:\/\/lentraide.es\/wp-content\/uploads\/2015\/07\/LOGO-azul2.png","contentUrl":"https:\/\/lentraide.es\/wp-content\/uploads\/2015\/07\/LOGO-azul2.png","width":232,"height":146,"caption":"Entraide Fran\u00e7aise"},"image":{"@id":"https:\/\/lentraide.es\/fr\/#\/schema\/logo\/image\/"},"sameAs":["https:\/\/www.facebook.com\/entraide.francaisemadrid","https:\/\/www.instagram.com\/entraidefrancaisemadrid\/"]}]}},"_links":{"self":[{"href":"https:\/\/lentraide.es\/fr\/wp-json\/wp\/v2\/product\/59062","targetHints":{"allow":["GET"]}}],"collection":[{"href":"https:\/\/lentraide.es\/fr\/wp-json\/wp\/v2\/product"}],"about":[{"href":"https:\/\/lentraide.es\/fr\/wp-json\/wp\/v2\/types\/product"}],"wp:featuredmedia":[{"embeddable":true,"href":"https:\/\/lentraide.es\/fr\/wp-json\/wp\/v2\/media\/59156"}],"wp:attachment":[{"href":"https:\/\/lentraide.es\/fr\/wp-json\/wp\/v2\/media?parent=59062"}],"wp:term":[{"taxonomy":"product_brand","embeddable":true,"href":"https:\/\/lentraide.es\/fr\/wp-json\/wp\/v2\/product_brand?post=59062"},{"taxonomy":"product_cat","embeddable":true,"href":"https:\/\/lentraide.es\/fr\/wp-json\/wp\/v2\/product_cat?post=59062"},{"taxonomy":"product_tag","embeddable":true,"href":"https:\/\/lentraide.es\/fr\/wp-json\/wp\/v2\/product_tag?post=59062"}],"curies":[{"name":"wp","href":"https:\/\/api.w.org\/{rel}","templated":true}]}}