{"id":60051,"date":"2026-03-05T14:01:41","date_gmt":"2026-03-05T13:01:41","guid":{"rendered":"https:\/\/lentraide.es\/?post_type=product&#038;p=60051"},"modified":"2026-03-23T16:36:32","modified_gmt":"2026-03-23T15:36:32","slug":"inscription-tournoi-petanque","status":"publish","type":"product","link":"https:\/\/lentraide.es\/fr\/tienda\/inscription-tournoi-petanque\/","title":{"rendered":"Inscription Tournoi P\u00e9tanque Samedi 30 Mai 2026"},"content":{"rendered":"","protected":false},"excerpt":{"rendered":"<h2><strong><span style=\"color: #0000ff;\">Le Grand Tournoi Solidaire de P\u00e9tanque au profit de l&rsquo;Entraide Fran\u00e7aise est de retour !!<\/span><\/strong><\/h2>\n<div>\n<p>&nbsp;<\/p>\n<p>\ud83d\udcc5 <strong>Samedi 30 mai \u00e0 partir de 15h30<\/strong><br \/>\n\ud83d\udccd <strong>Club de P\u00e9tanque Palomeras<\/strong><br \/>\n<strong>Calle Villalobos 36<\/strong> \u2013 M\u00e9tro ligne 1 <strong>Buenos Aires<\/strong> ou <strong>Portazgo<\/strong><br \/>\n\ud83d\ude97 Parking priv\u00e9 disponible sur le site<\/p>\n<p>&nbsp;<\/p>\n<p>\ud83c\udfaf <strong>Format<\/strong> : tournoi suisse international en doublettes<br \/>\nSans \u00e9limination directe \u2013 toutes les \u00e9quipes jouent plusieurs parties et cumulent des points.<br \/>\nLes \u00e9quipes se formeront sur le moment.<\/p>\n<p>&nbsp;<\/p>\n<h4>\ud83d\udcdd <strong>Inscriptions ouvertes jusqu\u2019au 30 mai<\/strong><br \/>\n<strong>Ticket<\/strong> \u2013 <strong>12 \u20ac par personne<\/strong><\/h4>\n<p>&nbsp;<\/p>\n<\/div>\n","protected":false},"featured_media":63218,"template":"","meta":{"_acf_changed":false},"product_brand":[],"product_cat":[149],"product_tag":[],"class_list":{"0":"post-60051","1":"product","2":"type-product","3":"status-publish","4":"has-post-thumbnail","6":"product_cat-evenements","8":"first","9":"instock","10":"shipping-taxable","11":"purchasable","12":"product-type-simple"},"acf":[],"yoast_head":"<!-- This site is optimized with the Yoast SEO plugin v27.3 - https:\/\/yoast.com\/product\/yoast-seo-wordpress\/ -->\n<title>Inscription Tournoi P\u00e9tanque Samedi 30 Mai 2026 | Entraide Fran\u00e7aise<\/title>\n<meta name=\"robots\" content=\"index, follow, max-snippet:-1, max-image-preview:large, max-video-preview:-1\" \/>\n<link rel=\"canonical\" href=\"https:\/\/lentraide.es\/fr\/tienda\/inscription-tournoi-petanque\/\" \/>\n<meta property=\"og:locale\" content=\"fr_FR\" \/>\n<meta property=\"og:type\" content=\"article\" \/>\n<meta property=\"og:title\" content=\"Inscription Tournoi P\u00e9tanque Samedi 30 Mai 2026 | Entraide Fran\u00e7aise\" \/>\n<meta property=\"og:description\" content=\"Le Grand Tournoi Solidaire de P\u00e9tanque au profit de l&#039;Entraide Fran\u00e7aise est de retour !!   &nbsp;  \ud83d\udcc5 Samedi 30 mai \u00e0 partir de 15h30 \ud83d\udccd Club de P\u00e9tanque Palomeras Calle Villalobos 36 \u2013 M\u00e9tro ligne 1 Buenos Aires ou Portazgo \ud83d\ude97 Parking priv\u00e9 disponible sur le site  &nbsp;  \ud83c\udfaf Format : tournoi suisse international en doublettes Sans \u00e9limination directe \u2013 toutes les \u00e9quipes jouent plusieurs parties et cumulent des points. Les \u00e9quipes se formeront sur le moment.  &nbsp; \ud83d\udcdd Inscriptions ouvertes jusqu\u2019au 30 mai Ticket \u2013 12 \u20ac par personne &nbsp;\" \/>\n<meta property=\"og:url\" content=\"https:\/\/lentraide.es\/fr\/tienda\/inscription-tournoi-petanque\/\" \/>\n<meta property=\"og:site_name\" content=\"Entraide Fran\u00e7aise\" \/>\n<meta property=\"article:publisher\" content=\"https:\/\/www.facebook.com\/entraide.francaisemadrid\" \/>\n<meta property=\"article:modified_time\" content=\"2026-03-23T15:36:32+00:00\" \/>\n<meta property=\"og:image\" content=\"https:\/\/lentraide.es\/wp-content\/uploads\/2025\/03\/Torneo-de-petanca-2026-V-Esp.jpg\" \/>\n\t<meta property=\"og:image:width\" content=\"738\" \/>\n\t<meta property=\"og:image:height\" content=\"738\" \/>\n\t<meta property=\"og:image:type\" content=\"image\/jpeg\" \/>\n<meta name=\"twitter:card\" content=\"summary_large_image\" \/>\n<meta name=\"twitter:label1\" content=\"Tiempo de lectura\" \/>\n\t<meta name=\"twitter:data1\" content=\"1 minute\" \/>\n<script type=\"application\/ld+json\" class=\"yoast-schema-graph\">{\"@context\":\"https:\\\/\\\/schema.org\",\"@graph\":[{\"@type\":\"WebPage\",\"@id\":\"https:\\\/\\\/lentraide.es\\\/fr\\\/tienda\\\/inscription-tournoi-petanque\\\/\",\"url\":\"https:\\\/\\\/lentraide.es\\\/fr\\\/tienda\\\/inscription-tournoi-petanque\\\/\",\"name\":\"Inscription Tournoi P\u00e9tanque Samedi 30 Mai 2026 | Entraide Fran\u00e7aise\",\"isPartOf\":{\"@id\":\"https:\\\/\\\/lentraide.es\\\/fr\\\/#website\"},\"primaryImageOfPage\":{\"@id\":\"https:\\\/\\\/lentraide.es\\\/fr\\\/tienda\\\/inscription-tournoi-petanque\\\/#primaryimage\"},\"image\":{\"@id\":\"https:\\\/\\\/lentraide.es\\\/fr\\\/tienda\\\/inscription-tournoi-petanque\\\/#primaryimage\"},\"thumbnailUrl\":\"https:\\\/\\\/lentraide.es\\\/wp-content\\\/uploads\\\/2025\\\/03\\\/Torneo-de-petanca-2026-V-Esp.jpg\",\"datePublished\":\"2026-03-05T13:01:41+00:00\",\"dateModified\":\"2026-03-23T15:36:32+00:00\",\"breadcrumb\":{\"@id\":\"https:\\\/\\\/lentraide.es\\\/fr\\\/tienda\\\/inscription-tournoi-petanque\\\/#breadcrumb\"},\"inLanguage\":\"es\",\"potentialAction\":[{\"@type\":\"ReadAction\",\"target\":[\"https:\\\/\\\/lentraide.es\\\/fr\\\/tienda\\\/inscription-tournoi-petanque\\\/\"]}]},{\"@type\":\"ImageObject\",\"inLanguage\":\"es\",\"@id\":\"https:\\\/\\\/lentraide.es\\\/fr\\\/tienda\\\/inscription-tournoi-petanque\\\/#primaryimage\",\"url\":\"https:\\\/\\\/lentraide.es\\\/wp-content\\\/uploads\\\/2025\\\/03\\\/Torneo-de-petanca-2026-V-Esp.jpg\",\"contentUrl\":\"https:\\\/\\\/lentraide.es\\\/wp-content\\\/uploads\\\/2025\\\/03\\\/Torneo-de-petanca-2026-V-Esp.jpg\",\"width\":738,\"height\":738},{\"@type\":\"BreadcrumbList\",\"@id\":\"https:\\\/\\\/lentraide.es\\\/fr\\\/tienda\\\/inscription-tournoi-petanque\\\/#breadcrumb\",\"itemListElement\":[{\"@type\":\"ListItem\",\"position\":1,\"name\":\"Accueil\",\"item\":\"https:\\\/\\\/lentraide.es\\\/fr\\\/\"},{\"@type\":\"ListItem\",\"position\":2,\"name\":\"Boutique\",\"item\":\"https:\\\/\\\/lentraide.es\\\/fr\\\/boutique-new\\\/\"},{\"@type\":\"ListItem\",\"position\":3,\"name\":\"Inscription Tournoi P\u00e9tanque Samedi 30 Mai 2026\"}]},{\"@type\":\"WebSite\",\"@id\":\"https:\\\/\\\/lentraide.es\\\/fr\\\/#website\",\"url\":\"https:\\\/\\\/lentraide.es\\\/fr\\\/\",\"name\":\"Entraide Fran\u00e7aise\",\"description\":\"Une main tendue vers la France\",\"publisher\":{\"@id\":\"https:\\\/\\\/lentraide.es\\\/fr\\\/#organization\"},\"alternateName\":\"L'entraide\",\"potentialAction\":[{\"@type\":\"SearchAction\",\"target\":{\"@type\":\"EntryPoint\",\"urlTemplate\":\"https:\\\/\\\/lentraide.es\\\/fr\\\/?s={search_term_string}\"},\"query-input\":{\"@type\":\"PropertyValueSpecification\",\"valueRequired\":true,\"valueName\":\"search_term_string\"}}],\"inLanguage\":\"es\"},{\"@type\":\"Organization\",\"@id\":\"https:\\\/\\\/lentraide.es\\\/fr\\\/#organization\",\"name\":\"Entraide Fran\u00e7aise\",\"alternateName\":\"L'entraide\",\"url\":\"https:\\\/\\\/lentraide.es\\\/fr\\\/\",\"logo\":{\"@type\":\"ImageObject\",\"inLanguage\":\"es\",\"@id\":\"https:\\\/\\\/lentraide.es\\\/fr\\\/#\\\/schema\\\/logo\\\/image\\\/\",\"url\":\"https:\\\/\\\/lentraide.es\\\/wp-content\\\/uploads\\\/2015\\\/07\\\/LOGO-azul2.png\",\"contentUrl\":\"https:\\\/\\\/lentraide.es\\\/wp-content\\\/uploads\\\/2015\\\/07\\\/LOGO-azul2.png\",\"width\":232,\"height\":146,\"caption\":\"Entraide Fran\u00e7aise\"},\"image\":{\"@id\":\"https:\\\/\\\/lentraide.es\\\/fr\\\/#\\\/schema\\\/logo\\\/image\\\/\"},\"sameAs\":[\"https:\\\/\\\/www.facebook.com\\\/entraide.francaisemadrid\",\"https:\\\/\\\/www.instagram.com\\\/entraidefrancaisemadrid\\\/\"]}]}<\/script>\n<!-- \/ Yoast SEO plugin. -->","yoast_head_json":{"title":"Inscription Tournoi P\u00e9tanque Samedi 30 Mai 2026 | Entraide Fran\u00e7aise","robots":{"index":"index","follow":"follow","max-snippet":"max-snippet:-1","max-image-preview":"max-image-preview:large","max-video-preview":"max-video-preview:-1"},"canonical":"https:\/\/lentraide.es\/fr\/tienda\/inscription-tournoi-petanque\/","og_locale":"fr_FR","og_type":"article","og_title":"Inscription Tournoi P\u00e9tanque Samedi 30 Mai 2026 | Entraide Fran\u00e7aise","og_description":"Le Grand Tournoi Solidaire de P\u00e9tanque au profit de l'Entraide Fran\u00e7aise est de retour !!   &nbsp;  \ud83d\udcc5 Samedi 30 mai \u00e0 partir de 15h30 \ud83d\udccd Club de P\u00e9tanque Palomeras Calle Villalobos 36 \u2013 M\u00e9tro ligne 1 Buenos Aires ou Portazgo \ud83d\ude97 Parking priv\u00e9 disponible sur le site  &nbsp;  \ud83c\udfaf Format : tournoi suisse international en doublettes Sans \u00e9limination directe \u2013 toutes les \u00e9quipes jouent plusieurs parties et cumulent des points. Les \u00e9quipes se formeront sur le moment.  &nbsp; \ud83d\udcdd Inscriptions ouvertes jusqu\u2019au 30 mai Ticket \u2013 12 \u20ac par personne &nbsp;","og_url":"https:\/\/lentraide.es\/fr\/tienda\/inscription-tournoi-petanque\/","og_site_name":"Entraide Fran\u00e7aise","article_publisher":"https:\/\/www.facebook.com\/entraide.francaisemadrid","article_modified_time":"2026-03-23T15:36:32+00:00","og_image":[{"width":738,"height":738,"url":"https:\/\/lentraide.es\/wp-content\/uploads\/2025\/03\/Torneo-de-petanca-2026-V-Esp.jpg","type":"image\/jpeg"}],"twitter_card":"summary_large_image","twitter_misc":{"Tiempo de lectura":"1 minute"},"schema":{"@context":"https:\/\/schema.org","@graph":[{"@type":"WebPage","@id":"https:\/\/lentraide.es\/fr\/tienda\/inscription-tournoi-petanque\/","url":"https:\/\/lentraide.es\/fr\/tienda\/inscription-tournoi-petanque\/","name":"Inscription Tournoi P\u00e9tanque Samedi 30 Mai 2026 | Entraide Fran\u00e7aise","isPartOf":{"@id":"https:\/\/lentraide.es\/fr\/#website"},"primaryImageOfPage":{"@id":"https:\/\/lentraide.es\/fr\/tienda\/inscription-tournoi-petanque\/#primaryimage"},"image":{"@id":"https:\/\/lentraide.es\/fr\/tienda\/inscription-tournoi-petanque\/#primaryimage"},"thumbnailUrl":"https:\/\/lentraide.es\/wp-content\/uploads\/2025\/03\/Torneo-de-petanca-2026-V-Esp.jpg","datePublished":"2026-03-05T13:01:41+00:00","dateModified":"2026-03-23T15:36:32+00:00","breadcrumb":{"@id":"https:\/\/lentraide.es\/fr\/tienda\/inscription-tournoi-petanque\/#breadcrumb"},"inLanguage":"es","potentialAction":[{"@type":"ReadAction","target":["https:\/\/lentraide.es\/fr\/tienda\/inscription-tournoi-petanque\/"]}]},{"@type":"ImageObject","inLanguage":"es","@id":"https:\/\/lentraide.es\/fr\/tienda\/inscription-tournoi-petanque\/#primaryimage","url":"https:\/\/lentraide.es\/wp-content\/uploads\/2025\/03\/Torneo-de-petanca-2026-V-Esp.jpg","contentUrl":"https:\/\/lentraide.es\/wp-content\/uploads\/2025\/03\/Torneo-de-petanca-2026-V-Esp.jpg","width":738,"height":738},{"@type":"BreadcrumbList","@id":"https:\/\/lentraide.es\/fr\/tienda\/inscription-tournoi-petanque\/#breadcrumb","itemListElement":[{"@type":"ListItem","position":1,"name":"Accueil","item":"https:\/\/lentraide.es\/fr\/"},{"@type":"ListItem","position":2,"name":"Boutique","item":"https:\/\/lentraide.es\/fr\/boutique-new\/"},{"@type":"ListItem","position":3,"name":"Inscription Tournoi P\u00e9tanque Samedi 30 Mai 2026"}]},{"@type":"WebSite","@id":"https:\/\/lentraide.es\/fr\/#website","url":"https:\/\/lentraide.es\/fr\/","name":"Entraide Fran\u00e7aise","description":"Une main tendue vers la France","publisher":{"@id":"https:\/\/lentraide.es\/fr\/#organization"},"alternateName":"L'entraide","potentialAction":[{"@type":"SearchAction","target":{"@type":"EntryPoint","urlTemplate":"https:\/\/lentraide.es\/fr\/?s={search_term_string}"},"query-input":{"@type":"PropertyValueSpecification","valueRequired":true,"valueName":"search_term_string"}}],"inLanguage":"es"},{"@type":"Organization","@id":"https:\/\/lentraide.es\/fr\/#organization","name":"Entraide Fran\u00e7aise","alternateName":"L'entraide","url":"https:\/\/lentraide.es\/fr\/","logo":{"@type":"ImageObject","inLanguage":"es","@id":"https:\/\/lentraide.es\/fr\/#\/schema\/logo\/image\/","url":"https:\/\/lentraide.es\/wp-content\/uploads\/2015\/07\/LOGO-azul2.png","contentUrl":"https:\/\/lentraide.es\/wp-content\/uploads\/2015\/07\/LOGO-azul2.png","width":232,"height":146,"caption":"Entraide Fran\u00e7aise"},"image":{"@id":"https:\/\/lentraide.es\/fr\/#\/schema\/logo\/image\/"},"sameAs":["https:\/\/www.facebook.com\/entraide.francaisemadrid","https:\/\/www.instagram.com\/entraidefrancaisemadrid\/"]}]}},"_links":{"self":[{"href":"https:\/\/lentraide.es\/fr\/wp-json\/wp\/v2\/product\/60051","targetHints":{"allow":["GET"]}}],"collection":[{"href":"https:\/\/lentraide.es\/fr\/wp-json\/wp\/v2\/product"}],"about":[{"href":"https:\/\/lentraide.es\/fr\/wp-json\/wp\/v2\/types\/product"}],"wp:featuredmedia":[{"embeddable":true,"href":"https:\/\/lentraide.es\/fr\/wp-json\/wp\/v2\/media\/63218"}],"wp:attachment":[{"href":"https:\/\/lentraide.es\/fr\/wp-json\/wp\/v2\/media?parent=60051"}],"wp:term":[{"taxonomy":"product_brand","embeddable":true,"href":"https:\/\/lentraide.es\/fr\/wp-json\/wp\/v2\/product_brand?post=60051"},{"taxonomy":"product_cat","embeddable":true,"href":"https:\/\/lentraide.es\/fr\/wp-json\/wp\/v2\/product_cat?post=60051"},{"taxonomy":"product_tag","embeddable":true,"href":"https:\/\/lentraide.es\/fr\/wp-json\/wp\/v2\/product_tag?post=60051"}],"curies":[{"name":"wp","href":"https:\/\/api.w.org\/{rel}","templated":true}]}}