{"id":60498,"date":"2025-03-24T15:25:09","date_gmt":"2025-03-24T14:25:09","guid":{"rendered":"https:\/\/lentraide.es\/?post_type=product&#038;p=60498"},"modified":"2026-03-01T12:52:07","modified_gmt":"2026-03-01T11:52:07","slug":"don-libre","status":"publish","type":"product","link":"https:\/\/lentraide.es\/fr\/tienda\/don-libre\/","title":{"rendered":"Don libre"},"content":{"rendered":"","protected":false},"excerpt":{"rendered":"<h2 class=\"qode-simple-quote-text-title\" style=\"text-align: justify;\">Gr\u00e2ce \u00e0 vos dons, l&rsquo;Entraide aide chaque ann\u00e9e pr\u00e8s de 200 personnes en difficult\u00e9. Aidez-nous \u00e0 continuer notre action. Nous comptons sur vous !<\/h2>\n<h4 style=\"text-align: justify;\"><\/h4>\n<p>&nbsp;<\/p>\n<h4 style=\"text-align: justify;\">Usage des dons recus :<\/h4>\n<h4 style=\"text-align: justify;\">&#8211; <strong>Payer des soins de sant\u00e9 :<\/strong> Donner acc\u00e8s \u00e0 des soins ophtalmologiques, dentaires. Par exemple 100\u20ac.<br \/>\n&#8211; <strong>Participer au paiement du loyer :<\/strong> Payer une partie du loyer, des factures d\u2019\u00e9lectricit\u00e9 ou de gaz. Par exemple 200\u20ac.<br \/>\n&#8211; <strong>Offrir un camp de vacances \u00e0 un enfant :<\/strong> Un camp de vacances ou du soutien scolaire toute l&rsquo;ann\u00e9e. Par exemple 500\u20ac.<br \/>\n&#8211; <strong>Payer une formation professionnelle :<\/strong> Aider \u00e0 l\u2019insertion \u00e9conomique des jeunes adultes. Par exemple 1000\u20ac.<\/h4>\n<h4 style=\"text-align: left;\">&#8212;&#8212;&#8212;&#8212;&#8212;&#8212;&#8212;&#8211;<\/h4>\n<h4 style=\"text-align: justify;\">L&rsquo;Entraide fournit \u00e9galement une aide alimentaire en nature. N&rsquo;h\u00e9sitez pas \u00e0 donner \u00e0 la banque alimentaire. Infos : <a href=\"mailto:info@lentraide.es\">info@lentraide.es<\/a><\/h4>\n<h4 style=\"text-align: left;\">&#8212;&#8212;&#8212;&#8212;&#8212;&#8212;&#8212;-<\/h4>\n<h4 class=\"vc_empty_space\" style=\"text-align: justify;\">L\u2019Entraide est une association d\u2019utilit\u00e9 publique.<\/h4>\n<div class=\"wpb_text_column wpb_content_element \">\n<div class=\"wpb_wrapper\">\n<h4 style=\"text-align: justify;\">Par cons\u00e9quent, vous pouvez b\u00e9n\u00e9ficier d\u2019une d\u00e9duction fiscale de 80% du montant vers\u00e9 (plafonn\u00e9e \u00e0 250\u20ac par an, 40% au del\u00e0 de 250 \u20ac de dons) sur l\u2019IRPF.<\/h4>\n<h4 style=\"text-align: justify;\">Exemple : Pour un don de 200 euros, la d\u00e9duction fiscale s&rsquo;\u00e9l\u00e8ve \u00e0 160 euros, soit un co\u00fbt r\u00e9el pour le donateur de 40 euros.<\/h4>\n<\/div>\n<\/div>\n","protected":false},"featured_media":60499,"template":"","meta":{"_acf_changed":false},"product_brand":[],"product_cat":[226],"product_tag":[],"class_list":{"0":"post-60498","1":"product","2":"type-product","3":"status-publish","4":"has-post-thumbnail","6":"product_cat-dons-cotisations","8":"first","9":"instock","10":"sold-individually","11":"shipping-taxable","12":"purchasable","13":"product-type-simple"},"acf":[],"yoast_head":"<!-- This site is optimized with the Yoast SEO plugin v26.9 - https:\/\/yoast.com\/product\/yoast-seo-wordpress\/ -->\n<title>Don libre | Entraide Fran\u00e7aise<\/title>\n<meta name=\"robots\" content=\"index, follow, max-snippet:-1, max-image-preview:large, max-video-preview:-1\" \/>\n<link rel=\"canonical\" href=\"https:\/\/lentraide.es\/fr\/tienda\/don-libre\/\" \/>\n<meta property=\"og:locale\" content=\"fr_FR\" \/>\n<meta property=\"og:type\" content=\"article\" \/>\n<meta property=\"og:title\" content=\"Don libre | Entraide Fran\u00e7aise\" \/>\n<meta property=\"og:description\" content=\"Gr\u00e2ce \u00e0 vos dons, l&#039;Entraide aide chaque ann\u00e9e pr\u00e8s de 200 personnes en difficult\u00e9. Aidez-nous \u00e0 continuer notre action. Nous comptons sur vous !  &nbsp; Usage des dons recus : - Payer des soins de sant\u00e9 : Donner acc\u00e8s \u00e0 des soins ophtalmologiques, dentaires. Par exemple 100\u20ac. - Participer au paiement du loyer : Payer une partie du loyer, des factures d\u2019\u00e9lectricit\u00e9 ou de gaz. Par exemple 200\u20ac. - Offrir un camp de vacances \u00e0 un enfant : Un camp de vacances ou du soutien scolaire toute l&#039;ann\u00e9e. Par exemple 500\u20ac. - Payer une formation professionnelle : Aider \u00e0 l\u2019insertion \u00e9conomique des jeunes adultes. Par exemple 1000\u20ac. ----------------------- L&#039;Entraide fournit \u00e9galement une aide alimentaire en nature. N&#039;h\u00e9sitez pas \u00e0 donner \u00e0 la banque alimentaire. Infos : info@lentraide.es ---------------------- L\u2019Entraide est une association d\u2019utilit\u00e9 publique.   Par cons\u00e9quent, vous pouvez b\u00e9n\u00e9ficier d\u2019une d\u00e9duction fiscale de 80% du montant vers\u00e9 (plafonn\u00e9e \u00e0 250\u20ac par an, 40% au del\u00e0 de 250 \u20ac de dons) sur l\u2019IRPF. Exemple : Pour un don de 200 euros, la d\u00e9duction fiscale s&#039;\u00e9l\u00e8ve \u00e0 160 euros, soit un co\u00fbt r\u00e9el pour le donateur de 40 euros.\" \/>\n<meta property=\"og:url\" content=\"https:\/\/lentraide.es\/fr\/tienda\/don-libre\/\" \/>\n<meta property=\"og:site_name\" content=\"Entraide Fran\u00e7aise\" \/>\n<meta property=\"article:publisher\" content=\"https:\/\/www.facebook.com\/entraide.francaisemadrid\" \/>\n<meta property=\"article:modified_time\" content=\"2026-03-01T11:52:07+00:00\" \/>\n<meta property=\"og:image\" content=\"https:\/\/lentraide.es\/wp-content\/uploads\/2025\/03\/FICHE_PRODUIT_ENTRAIDE-3.jpg\" \/>\n\t<meta property=\"og:image:width\" content=\"550\" \/>\n\t<meta property=\"og:image:height\" content=\"550\" \/>\n\t<meta property=\"og:image:type\" content=\"image\/jpeg\" \/>\n<meta name=\"twitter:card\" content=\"summary_large_image\" \/>\n<meta name=\"twitter:label1\" content=\"Tiempo de lectura\" \/>\n\t<meta name=\"twitter:data1\" content=\"1 minute\" \/>\n<script type=\"application\/ld+json\" class=\"yoast-schema-graph\">{\"@context\":\"https:\/\/schema.org\",\"@graph\":[{\"@type\":\"WebPage\",\"@id\":\"https:\/\/lentraide.es\/fr\/tienda\/don-libre\/\",\"url\":\"https:\/\/lentraide.es\/fr\/tienda\/don-libre\/\",\"name\":\"Don libre | Entraide Fran\u00e7aise\",\"isPartOf\":{\"@id\":\"https:\/\/lentraide.es\/fr\/#website\"},\"primaryImageOfPage\":{\"@id\":\"https:\/\/lentraide.es\/fr\/tienda\/don-libre\/#primaryimage\"},\"image\":{\"@id\":\"https:\/\/lentraide.es\/fr\/tienda\/don-libre\/#primaryimage\"},\"thumbnailUrl\":\"https:\/\/lentraide.es\/wp-content\/uploads\/2025\/03\/FICHE_PRODUIT_ENTRAIDE-3.jpg\",\"datePublished\":\"2025-03-24T14:25:09+00:00\",\"dateModified\":\"2026-03-01T11:52:07+00:00\",\"breadcrumb\":{\"@id\":\"https:\/\/lentraide.es\/fr\/tienda\/don-libre\/#breadcrumb\"},\"inLanguage\":\"es\",\"potentialAction\":[{\"@type\":\"ReadAction\",\"target\":[\"https:\/\/lentraide.es\/fr\/tienda\/don-libre\/\"]}]},{\"@type\":\"ImageObject\",\"inLanguage\":\"es\",\"@id\":\"https:\/\/lentraide.es\/fr\/tienda\/don-libre\/#primaryimage\",\"url\":\"https:\/\/lentraide.es\/wp-content\/uploads\/2025\/03\/FICHE_PRODUIT_ENTRAIDE-3.jpg\",\"contentUrl\":\"https:\/\/lentraide.es\/wp-content\/uploads\/2025\/03\/FICHE_PRODUIT_ENTRAIDE-3.jpg\",\"width\":550,\"height\":550},{\"@type\":\"BreadcrumbList\",\"@id\":\"https:\/\/lentraide.es\/fr\/tienda\/don-libre\/#breadcrumb\",\"itemListElement\":[{\"@type\":\"ListItem\",\"position\":1,\"name\":\"Accueil\",\"item\":\"https:\/\/lentraide.es\/fr\/\"},{\"@type\":\"ListItem\",\"position\":2,\"name\":\"Boutique\",\"item\":\"https:\/\/lentraide.es\/fr\/boutique-new\/\"},{\"@type\":\"ListItem\",\"position\":3,\"name\":\"Don libre\"}]},{\"@type\":\"WebSite\",\"@id\":\"https:\/\/lentraide.es\/fr\/#website\",\"url\":\"https:\/\/lentraide.es\/fr\/\",\"name\":\"Entraide Fran\u00e7aise\",\"description\":\"Une main tendue vers la France\",\"publisher\":{\"@id\":\"https:\/\/lentraide.es\/fr\/#organization\"},\"alternateName\":\"L'entraide\",\"potentialAction\":[{\"@type\":\"SearchAction\",\"target\":{\"@type\":\"EntryPoint\",\"urlTemplate\":\"https:\/\/lentraide.es\/fr\/?s={search_term_string}\"},\"query-input\":{\"@type\":\"PropertyValueSpecification\",\"valueRequired\":true,\"valueName\":\"search_term_string\"}}],\"inLanguage\":\"es\"},{\"@type\":\"Organization\",\"@id\":\"https:\/\/lentraide.es\/fr\/#organization\",\"name\":\"Entraide Fran\u00e7aise\",\"alternateName\":\"L'entraide\",\"url\":\"https:\/\/lentraide.es\/fr\/\",\"logo\":{\"@type\":\"ImageObject\",\"inLanguage\":\"es\",\"@id\":\"https:\/\/lentraide.es\/fr\/#\/schema\/logo\/image\/\",\"url\":\"https:\/\/lentraide.es\/wp-content\/uploads\/2015\/07\/LOGO-azul2.png\",\"contentUrl\":\"https:\/\/lentraide.es\/wp-content\/uploads\/2015\/07\/LOGO-azul2.png\",\"width\":232,\"height\":146,\"caption\":\"Entraide Fran\u00e7aise\"},\"image\":{\"@id\":\"https:\/\/lentraide.es\/fr\/#\/schema\/logo\/image\/\"},\"sameAs\":[\"https:\/\/www.facebook.com\/entraide.francaisemadrid\",\"https:\/\/www.instagram.com\/entraidefrancaisemadrid\/\"]}]}<\/script>\n<!-- \/ Yoast SEO plugin. -->","yoast_head_json":{"title":"Don libre | Entraide Fran\u00e7aise","robots":{"index":"index","follow":"follow","max-snippet":"max-snippet:-1","max-image-preview":"max-image-preview:large","max-video-preview":"max-video-preview:-1"},"canonical":"https:\/\/lentraide.es\/fr\/tienda\/don-libre\/","og_locale":"fr_FR","og_type":"article","og_title":"Don libre | Entraide Fran\u00e7aise","og_description":"Gr\u00e2ce \u00e0 vos dons, l'Entraide aide chaque ann\u00e9e pr\u00e8s de 200 personnes en difficult\u00e9. Aidez-nous \u00e0 continuer notre action. Nous comptons sur vous !  &nbsp; Usage des dons recus : - Payer des soins de sant\u00e9 : Donner acc\u00e8s \u00e0 des soins ophtalmologiques, dentaires. Par exemple 100\u20ac. - Participer au paiement du loyer : Payer une partie du loyer, des factures d\u2019\u00e9lectricit\u00e9 ou de gaz. Par exemple 200\u20ac. - Offrir un camp de vacances \u00e0 un enfant : Un camp de vacances ou du soutien scolaire toute l'ann\u00e9e. Par exemple 500\u20ac. - Payer une formation professionnelle : Aider \u00e0 l\u2019insertion \u00e9conomique des jeunes adultes. Par exemple 1000\u20ac. ----------------------- L'Entraide fournit \u00e9galement une aide alimentaire en nature. N'h\u00e9sitez pas \u00e0 donner \u00e0 la banque alimentaire. Infos : info@lentraide.es ---------------------- L\u2019Entraide est une association d\u2019utilit\u00e9 publique.   Par cons\u00e9quent, vous pouvez b\u00e9n\u00e9ficier d\u2019une d\u00e9duction fiscale de 80% du montant vers\u00e9 (plafonn\u00e9e \u00e0 250\u20ac par an, 40% au del\u00e0 de 250 \u20ac de dons) sur l\u2019IRPF. Exemple : Pour un don de 200 euros, la d\u00e9duction fiscale s'\u00e9l\u00e8ve \u00e0 160 euros, soit un co\u00fbt r\u00e9el pour le donateur de 40 euros.","og_url":"https:\/\/lentraide.es\/fr\/tienda\/don-libre\/","og_site_name":"Entraide Fran\u00e7aise","article_publisher":"https:\/\/www.facebook.com\/entraide.francaisemadrid","article_modified_time":"2026-03-01T11:52:07+00:00","og_image":[{"width":550,"height":550,"url":"https:\/\/lentraide.es\/wp-content\/uploads\/2025\/03\/FICHE_PRODUIT_ENTRAIDE-3.jpg","type":"image\/jpeg"}],"twitter_card":"summary_large_image","twitter_misc":{"Tiempo de lectura":"1 minute"},"schema":{"@context":"https:\/\/schema.org","@graph":[{"@type":"WebPage","@id":"https:\/\/lentraide.es\/fr\/tienda\/don-libre\/","url":"https:\/\/lentraide.es\/fr\/tienda\/don-libre\/","name":"Don libre | Entraide Fran\u00e7aise","isPartOf":{"@id":"https:\/\/lentraide.es\/fr\/#website"},"primaryImageOfPage":{"@id":"https:\/\/lentraide.es\/fr\/tienda\/don-libre\/#primaryimage"},"image":{"@id":"https:\/\/lentraide.es\/fr\/tienda\/don-libre\/#primaryimage"},"thumbnailUrl":"https:\/\/lentraide.es\/wp-content\/uploads\/2025\/03\/FICHE_PRODUIT_ENTRAIDE-3.jpg","datePublished":"2025-03-24T14:25:09+00:00","dateModified":"2026-03-01T11:52:07+00:00","breadcrumb":{"@id":"https:\/\/lentraide.es\/fr\/tienda\/don-libre\/#breadcrumb"},"inLanguage":"es","potentialAction":[{"@type":"ReadAction","target":["https:\/\/lentraide.es\/fr\/tienda\/don-libre\/"]}]},{"@type":"ImageObject","inLanguage":"es","@id":"https:\/\/lentraide.es\/fr\/tienda\/don-libre\/#primaryimage","url":"https:\/\/lentraide.es\/wp-content\/uploads\/2025\/03\/FICHE_PRODUIT_ENTRAIDE-3.jpg","contentUrl":"https:\/\/lentraide.es\/wp-content\/uploads\/2025\/03\/FICHE_PRODUIT_ENTRAIDE-3.jpg","width":550,"height":550},{"@type":"BreadcrumbList","@id":"https:\/\/lentraide.es\/fr\/tienda\/don-libre\/#breadcrumb","itemListElement":[{"@type":"ListItem","position":1,"name":"Accueil","item":"https:\/\/lentraide.es\/fr\/"},{"@type":"ListItem","position":2,"name":"Boutique","item":"https:\/\/lentraide.es\/fr\/boutique-new\/"},{"@type":"ListItem","position":3,"name":"Don libre"}]},{"@type":"WebSite","@id":"https:\/\/lentraide.es\/fr\/#website","url":"https:\/\/lentraide.es\/fr\/","name":"Entraide Fran\u00e7aise","description":"Une main tendue vers la France","publisher":{"@id":"https:\/\/lentraide.es\/fr\/#organization"},"alternateName":"L'entraide","potentialAction":[{"@type":"SearchAction","target":{"@type":"EntryPoint","urlTemplate":"https:\/\/lentraide.es\/fr\/?s={search_term_string}"},"query-input":{"@type":"PropertyValueSpecification","valueRequired":true,"valueName":"search_term_string"}}],"inLanguage":"es"},{"@type":"Organization","@id":"https:\/\/lentraide.es\/fr\/#organization","name":"Entraide Fran\u00e7aise","alternateName":"L'entraide","url":"https:\/\/lentraide.es\/fr\/","logo":{"@type":"ImageObject","inLanguage":"es","@id":"https:\/\/lentraide.es\/fr\/#\/schema\/logo\/image\/","url":"https:\/\/lentraide.es\/wp-content\/uploads\/2015\/07\/LOGO-azul2.png","contentUrl":"https:\/\/lentraide.es\/wp-content\/uploads\/2015\/07\/LOGO-azul2.png","width":232,"height":146,"caption":"Entraide Fran\u00e7aise"},"image":{"@id":"https:\/\/lentraide.es\/fr\/#\/schema\/logo\/image\/"},"sameAs":["https:\/\/www.facebook.com\/entraide.francaisemadrid","https:\/\/www.instagram.com\/entraidefrancaisemadrid\/"]}]}},"_links":{"self":[{"href":"https:\/\/lentraide.es\/fr\/wp-json\/wp\/v2\/product\/60498","targetHints":{"allow":["GET"]}}],"collection":[{"href":"https:\/\/lentraide.es\/fr\/wp-json\/wp\/v2\/product"}],"about":[{"href":"https:\/\/lentraide.es\/fr\/wp-json\/wp\/v2\/types\/product"}],"wp:featuredmedia":[{"embeddable":true,"href":"https:\/\/lentraide.es\/fr\/wp-json\/wp\/v2\/media\/60499"}],"wp:attachment":[{"href":"https:\/\/lentraide.es\/fr\/wp-json\/wp\/v2\/media?parent=60498"}],"wp:term":[{"taxonomy":"product_brand","embeddable":true,"href":"https:\/\/lentraide.es\/fr\/wp-json\/wp\/v2\/product_brand?post=60498"},{"taxonomy":"product_cat","embeddable":true,"href":"https:\/\/lentraide.es\/fr\/wp-json\/wp\/v2\/product_cat?post=60498"},{"taxonomy":"product_tag","embeddable":true,"href":"https:\/\/lentraide.es\/fr\/wp-json\/wp\/v2\/product_tag?post=60498"}],"curies":[{"name":"wp","href":"https:\/\/api.w.org\/{rel}","templated":true}]}}