{"id":60539,"date":"2025-03-24T22:46:17","date_gmt":"2025-03-24T21:46:17","guid":{"rendered":"https:\/\/lentraide.es\/?post_type=product&#038;p=60539"},"modified":"2026-01-07T23:33:00","modified_gmt":"2026-01-07T22:33:00","slug":"le-cote-du-rhone-village-tinto-le-hardi","status":"publish","type":"product","link":"https:\/\/lentraide.es\/fr\/tienda\/le-cote-du-rhone-village-tinto-le-hardi\/","title":{"rendered":"Le C\u00f4te du Rh\u00f4ne village Tinto &#8211; Le Hardi &#8211; Caisse de 6 bouteilles"},"content":{"rendered":"","protected":false},"excerpt":{"rendered":"<p><em>80% Garnacha, 20% Syrah<\/em><\/p>\n<p>DEGUSTACI\u00d3N: A menudo descrito como un \u00abBaby Ch\u00e2teauneuf du Pape\u00a0\u00bb, este vino es rico, complejo pero accesible. En nariz y boca encontramos frutas rojas y negras, cerezas, especias y regaliz.<\/p>\n<p>MARIDAJE: Este vino es perfecto con jugosos y suculentos platos de carnes blancas y rojas en guisos u horneadas, acompa\u00f1adas con salsas de setas, y tradicionales. combina muy bien con quesos duros y a\u00f1ejos, como el Comt\u00e9.<\/p>\n<p>&nbsp;<\/p>\n<hr \/>\n<p>&nbsp;<\/p>\n<p><span style=\"color: #0000ff;\">Pour les ventes sur le site web, il est <strong>imp\u00e9ratif<\/strong> de choisir la modalit\u00e9 de livraison via le produit Livraison : <a href=\"https:\/\/lentraide.es\/tienda\/livraison-champagne-vins\/\">https:\/\/lentraide.es\/tienda\/livraison-champagne-vins\/<\/a><\/span><\/p>\n<p>&nbsp;<\/p>\n<ul>\n<li>le transport est GRATUIT sur MADRID (Province de Madrid)<\/li>\n<li>en dehors de ce p\u00e9rim\u00e8tre, il vous est demand\u00e9 10 \u20ac pour une ou deux caisses, et 15 \u20ac pour 3 caisses et plus.<\/li>\n<li>Iles Bal\u00e9ares et Canaries, merci de vous renseigner aupr\u00e8s de Bruno 639 70 79 02.<\/li>\n<\/ul>\n","protected":false},"featured_media":60540,"template":"","meta":{"_acf_changed":false},"product_brand":[],"product_cat":[87],"product_tag":[],"class_list":{"0":"post-60539","1":"product","2":"type-product","3":"status-publish","4":"has-post-thumbnail","6":"product_cat-vins-champagnes","8":"first","9":"outofstock","10":"shipping-taxable","11":"purchasable","12":"product-type-simple"},"acf":[],"yoast_head":"<!-- This site is optimized with the Yoast SEO plugin v26.9 - https:\/\/yoast.com\/product\/yoast-seo-wordpress\/ -->\n<title>Le C\u00f4te du Rh\u00f4ne village Tinto - Le Hardi - Caisse de 6 bouteilles | Entraide Fran\u00e7aise<\/title>\n<meta name=\"robots\" content=\"index, follow, max-snippet:-1, max-image-preview:large, max-video-preview:-1\" \/>\n<link rel=\"canonical\" href=\"https:\/\/lentraide.es\/fr\/tienda\/le-cote-du-rhone-village-tinto-le-hardi\/\" \/>\n<meta property=\"og:locale\" content=\"fr_FR\" \/>\n<meta property=\"og:type\" content=\"article\" \/>\n<meta property=\"og:title\" content=\"Le C\u00f4te du Rh\u00f4ne village Tinto - Le Hardi - Caisse de 6 bouteilles | Entraide Fran\u00e7aise\" \/>\n<meta property=\"og:description\" content=\"80% Garnacha, 20% Syrah  DEGUSTACI\u00d3N: A menudo descrito como un &quot;Baby Ch\u00e2teauneuf du Pape&quot;, este vino es rico, complejo pero accesible. En nariz y boca encontramos frutas rojas y negras, cerezas, especias y regaliz.  MARIDAJE: Este vino es perfecto con jugosos y suculentos platos de carnes blancas y rojas en guisos u horneadas, acompa\u00f1adas con salsas de setas, y tradicionales. combina muy bien con quesos duros y a\u00f1ejos, como el Comt\u00e9.  &nbsp;    &nbsp;  Pour les ventes sur le site web, il est imp\u00e9ratif de choisir la modalit\u00e9 de livraison via le produit Livraison : https:\/\/lentraide.es\/tienda\/livraison-champagne-vins\/  &nbsp;   le transport est GRATUIT sur MADRID (Province de Madrid)  en dehors de ce p\u00e9rim\u00e8tre, il vous est demand\u00e9 10 \u20ac pour une ou deux caisses, et 15 \u20ac pour 3 caisses et plus.  Iles Bal\u00e9ares et Canaries, merci de vous renseigner aupr\u00e8s de Bruno 639 70 79 02.\" \/>\n<meta property=\"og:url\" content=\"https:\/\/lentraide.es\/fr\/tienda\/le-cote-du-rhone-village-tinto-le-hardi\/\" \/>\n<meta property=\"og:site_name\" content=\"Entraide Fran\u00e7aise\" \/>\n<meta property=\"article:publisher\" content=\"https:\/\/www.facebook.com\/entraide.francaisemadrid\" \/>\n<meta property=\"article:modified_time\" content=\"2026-01-07T22:33:00+00:00\" \/>\n<meta property=\"og:image\" content=\"https:\/\/lentraide.es\/wp-content\/uploads\/2025\/03\/THEATRE-3.png\" \/>\n\t<meta property=\"og:image:width\" content=\"756\" \/>\n\t<meta property=\"og:image:height\" content=\"756\" \/>\n\t<meta property=\"og:image:type\" content=\"image\/png\" \/>\n<meta name=\"twitter:card\" content=\"summary_large_image\" \/>\n<meta name=\"twitter:label1\" content=\"Tiempo de lectura\" \/>\n\t<meta name=\"twitter:data1\" content=\"1 minute\" \/>\n<script type=\"application\/ld+json\" class=\"yoast-schema-graph\">{\"@context\":\"https:\/\/schema.org\",\"@graph\":[{\"@type\":\"WebPage\",\"@id\":\"https:\/\/lentraide.es\/fr\/tienda\/le-cote-du-rhone-village-tinto-le-hardi\/\",\"url\":\"https:\/\/lentraide.es\/fr\/tienda\/le-cote-du-rhone-village-tinto-le-hardi\/\",\"name\":\"Le C\u00f4te du Rh\u00f4ne village Tinto - Le Hardi - Caisse de 6 bouteilles | Entraide Fran\u00e7aise\",\"isPartOf\":{\"@id\":\"https:\/\/lentraide.es\/fr\/#website\"},\"primaryImageOfPage\":{\"@id\":\"https:\/\/lentraide.es\/fr\/tienda\/le-cote-du-rhone-village-tinto-le-hardi\/#primaryimage\"},\"image\":{\"@id\":\"https:\/\/lentraide.es\/fr\/tienda\/le-cote-du-rhone-village-tinto-le-hardi\/#primaryimage\"},\"thumbnailUrl\":\"https:\/\/lentraide.es\/wp-content\/uploads\/2025\/03\/THEATRE-3.png\",\"datePublished\":\"2025-03-24T21:46:17+00:00\",\"dateModified\":\"2026-01-07T22:33:00+00:00\",\"breadcrumb\":{\"@id\":\"https:\/\/lentraide.es\/fr\/tienda\/le-cote-du-rhone-village-tinto-le-hardi\/#breadcrumb\"},\"inLanguage\":\"es\",\"potentialAction\":[{\"@type\":\"ReadAction\",\"target\":[\"https:\/\/lentraide.es\/fr\/tienda\/le-cote-du-rhone-village-tinto-le-hardi\/\"]}]},{\"@type\":\"ImageObject\",\"inLanguage\":\"es\",\"@id\":\"https:\/\/lentraide.es\/fr\/tienda\/le-cote-du-rhone-village-tinto-le-hardi\/#primaryimage\",\"url\":\"https:\/\/lentraide.es\/wp-content\/uploads\/2025\/03\/THEATRE-3.png\",\"contentUrl\":\"https:\/\/lentraide.es\/wp-content\/uploads\/2025\/03\/THEATRE-3.png\",\"width\":756,\"height\":756},{\"@type\":\"BreadcrumbList\",\"@id\":\"https:\/\/lentraide.es\/fr\/tienda\/le-cote-du-rhone-village-tinto-le-hardi\/#breadcrumb\",\"itemListElement\":[{\"@type\":\"ListItem\",\"position\":1,\"name\":\"Accueil\",\"item\":\"https:\/\/lentraide.es\/fr\/\"},{\"@type\":\"ListItem\",\"position\":2,\"name\":\"Boutique\",\"item\":\"https:\/\/lentraide.es\/fr\/boutique-new\/\"},{\"@type\":\"ListItem\",\"position\":3,\"name\":\"Le C\u00f4te du Rh\u00f4ne village Tinto &#8211; Le Hardi &#8211; Caisse de 6 bouteilles\"}]},{\"@type\":\"WebSite\",\"@id\":\"https:\/\/lentraide.es\/fr\/#website\",\"url\":\"https:\/\/lentraide.es\/fr\/\",\"name\":\"Entraide Fran\u00e7aise\",\"description\":\"Une main tendue vers la France\",\"publisher\":{\"@id\":\"https:\/\/lentraide.es\/fr\/#organization\"},\"alternateName\":\"L'entraide\",\"potentialAction\":[{\"@type\":\"SearchAction\",\"target\":{\"@type\":\"EntryPoint\",\"urlTemplate\":\"https:\/\/lentraide.es\/fr\/?s={search_term_string}\"},\"query-input\":{\"@type\":\"PropertyValueSpecification\",\"valueRequired\":true,\"valueName\":\"search_term_string\"}}],\"inLanguage\":\"es\"},{\"@type\":\"Organization\",\"@id\":\"https:\/\/lentraide.es\/fr\/#organization\",\"name\":\"Entraide Fran\u00e7aise\",\"alternateName\":\"L'entraide\",\"url\":\"https:\/\/lentraide.es\/fr\/\",\"logo\":{\"@type\":\"ImageObject\",\"inLanguage\":\"es\",\"@id\":\"https:\/\/lentraide.es\/fr\/#\/schema\/logo\/image\/\",\"url\":\"https:\/\/lentraide.es\/wp-content\/uploads\/2015\/07\/LOGO-azul2.png\",\"contentUrl\":\"https:\/\/lentraide.es\/wp-content\/uploads\/2015\/07\/LOGO-azul2.png\",\"width\":232,\"height\":146,\"caption\":\"Entraide Fran\u00e7aise\"},\"image\":{\"@id\":\"https:\/\/lentraide.es\/fr\/#\/schema\/logo\/image\/\"},\"sameAs\":[\"https:\/\/www.facebook.com\/entraide.francaisemadrid\",\"https:\/\/www.instagram.com\/entraidefrancaisemadrid\/\"]}]}<\/script>\n<!-- \/ Yoast SEO plugin. -->","yoast_head_json":{"title":"Le C\u00f4te du Rh\u00f4ne village Tinto - Le Hardi - Caisse de 6 bouteilles | Entraide Fran\u00e7aise","robots":{"index":"index","follow":"follow","max-snippet":"max-snippet:-1","max-image-preview":"max-image-preview:large","max-video-preview":"max-video-preview:-1"},"canonical":"https:\/\/lentraide.es\/fr\/tienda\/le-cote-du-rhone-village-tinto-le-hardi\/","og_locale":"fr_FR","og_type":"article","og_title":"Le C\u00f4te du Rh\u00f4ne village Tinto - Le Hardi - Caisse de 6 bouteilles | Entraide Fran\u00e7aise","og_description":"80% Garnacha, 20% Syrah  DEGUSTACI\u00d3N: A menudo descrito como un \"Baby Ch\u00e2teauneuf du Pape\", este vino es rico, complejo pero accesible. En nariz y boca encontramos frutas rojas y negras, cerezas, especias y regaliz.  MARIDAJE: Este vino es perfecto con jugosos y suculentos platos de carnes blancas y rojas en guisos u horneadas, acompa\u00f1adas con salsas de setas, y tradicionales. combina muy bien con quesos duros y a\u00f1ejos, como el Comt\u00e9.  &nbsp;    &nbsp;  Pour les ventes sur le site web, il est imp\u00e9ratif de choisir la modalit\u00e9 de livraison via le produit Livraison : https:\/\/lentraide.es\/tienda\/livraison-champagne-vins\/  &nbsp;   le transport est GRATUIT sur MADRID (Province de Madrid)  en dehors de ce p\u00e9rim\u00e8tre, il vous est demand\u00e9 10 \u20ac pour une ou deux caisses, et 15 \u20ac pour 3 caisses et plus.  Iles Bal\u00e9ares et Canaries, merci de vous renseigner aupr\u00e8s de Bruno 639 70 79 02.","og_url":"https:\/\/lentraide.es\/fr\/tienda\/le-cote-du-rhone-village-tinto-le-hardi\/","og_site_name":"Entraide Fran\u00e7aise","article_publisher":"https:\/\/www.facebook.com\/entraide.francaisemadrid","article_modified_time":"2026-01-07T22:33:00+00:00","og_image":[{"width":756,"height":756,"url":"https:\/\/lentraide.es\/wp-content\/uploads\/2025\/03\/THEATRE-3.png","type":"image\/png"}],"twitter_card":"summary_large_image","twitter_misc":{"Tiempo de lectura":"1 minute"},"schema":{"@context":"https:\/\/schema.org","@graph":[{"@type":"WebPage","@id":"https:\/\/lentraide.es\/fr\/tienda\/le-cote-du-rhone-village-tinto-le-hardi\/","url":"https:\/\/lentraide.es\/fr\/tienda\/le-cote-du-rhone-village-tinto-le-hardi\/","name":"Le C\u00f4te du Rh\u00f4ne village Tinto - Le Hardi - Caisse de 6 bouteilles | Entraide Fran\u00e7aise","isPartOf":{"@id":"https:\/\/lentraide.es\/fr\/#website"},"primaryImageOfPage":{"@id":"https:\/\/lentraide.es\/fr\/tienda\/le-cote-du-rhone-village-tinto-le-hardi\/#primaryimage"},"image":{"@id":"https:\/\/lentraide.es\/fr\/tienda\/le-cote-du-rhone-village-tinto-le-hardi\/#primaryimage"},"thumbnailUrl":"https:\/\/lentraide.es\/wp-content\/uploads\/2025\/03\/THEATRE-3.png","datePublished":"2025-03-24T21:46:17+00:00","dateModified":"2026-01-07T22:33:00+00:00","breadcrumb":{"@id":"https:\/\/lentraide.es\/fr\/tienda\/le-cote-du-rhone-village-tinto-le-hardi\/#breadcrumb"},"inLanguage":"es","potentialAction":[{"@type":"ReadAction","target":["https:\/\/lentraide.es\/fr\/tienda\/le-cote-du-rhone-village-tinto-le-hardi\/"]}]},{"@type":"ImageObject","inLanguage":"es","@id":"https:\/\/lentraide.es\/fr\/tienda\/le-cote-du-rhone-village-tinto-le-hardi\/#primaryimage","url":"https:\/\/lentraide.es\/wp-content\/uploads\/2025\/03\/THEATRE-3.png","contentUrl":"https:\/\/lentraide.es\/wp-content\/uploads\/2025\/03\/THEATRE-3.png","width":756,"height":756},{"@type":"BreadcrumbList","@id":"https:\/\/lentraide.es\/fr\/tienda\/le-cote-du-rhone-village-tinto-le-hardi\/#breadcrumb","itemListElement":[{"@type":"ListItem","position":1,"name":"Accueil","item":"https:\/\/lentraide.es\/fr\/"},{"@type":"ListItem","position":2,"name":"Boutique","item":"https:\/\/lentraide.es\/fr\/boutique-new\/"},{"@type":"ListItem","position":3,"name":"Le C\u00f4te du Rh\u00f4ne village Tinto &#8211; Le Hardi &#8211; Caisse de 6 bouteilles"}]},{"@type":"WebSite","@id":"https:\/\/lentraide.es\/fr\/#website","url":"https:\/\/lentraide.es\/fr\/","name":"Entraide Fran\u00e7aise","description":"Une main tendue vers la France","publisher":{"@id":"https:\/\/lentraide.es\/fr\/#organization"},"alternateName":"L'entraide","potentialAction":[{"@type":"SearchAction","target":{"@type":"EntryPoint","urlTemplate":"https:\/\/lentraide.es\/fr\/?s={search_term_string}"},"query-input":{"@type":"PropertyValueSpecification","valueRequired":true,"valueName":"search_term_string"}}],"inLanguage":"es"},{"@type":"Organization","@id":"https:\/\/lentraide.es\/fr\/#organization","name":"Entraide Fran\u00e7aise","alternateName":"L'entraide","url":"https:\/\/lentraide.es\/fr\/","logo":{"@type":"ImageObject","inLanguage":"es","@id":"https:\/\/lentraide.es\/fr\/#\/schema\/logo\/image\/","url":"https:\/\/lentraide.es\/wp-content\/uploads\/2015\/07\/LOGO-azul2.png","contentUrl":"https:\/\/lentraide.es\/wp-content\/uploads\/2015\/07\/LOGO-azul2.png","width":232,"height":146,"caption":"Entraide Fran\u00e7aise"},"image":{"@id":"https:\/\/lentraide.es\/fr\/#\/schema\/logo\/image\/"},"sameAs":["https:\/\/www.facebook.com\/entraide.francaisemadrid","https:\/\/www.instagram.com\/entraidefrancaisemadrid\/"]}]}},"_links":{"self":[{"href":"https:\/\/lentraide.es\/fr\/wp-json\/wp\/v2\/product\/60539","targetHints":{"allow":["GET"]}}],"collection":[{"href":"https:\/\/lentraide.es\/fr\/wp-json\/wp\/v2\/product"}],"about":[{"href":"https:\/\/lentraide.es\/fr\/wp-json\/wp\/v2\/types\/product"}],"wp:featuredmedia":[{"embeddable":true,"href":"https:\/\/lentraide.es\/fr\/wp-json\/wp\/v2\/media\/60540"}],"wp:attachment":[{"href":"https:\/\/lentraide.es\/fr\/wp-json\/wp\/v2\/media?parent=60539"}],"wp:term":[{"taxonomy":"product_brand","embeddable":true,"href":"https:\/\/lentraide.es\/fr\/wp-json\/wp\/v2\/product_brand?post=60539"},{"taxonomy":"product_cat","embeddable":true,"href":"https:\/\/lentraide.es\/fr\/wp-json\/wp\/v2\/product_cat?post=60539"},{"taxonomy":"product_tag","embeddable":true,"href":"https:\/\/lentraide.es\/fr\/wp-json\/wp\/v2\/product_tag?post=60539"}],"curies":[{"name":"wp","href":"https:\/\/api.w.org\/{rel}","templated":true}]}}