{"id":61863,"date":"2025-10-29T11:39:42","date_gmt":"2025-10-29T10:39:42","guid":{"rendered":"https:\/\/lentraide.es\/?post_type=product&#038;p=61863"},"modified":"2025-12-11T22:39:24","modified_gmt":"2025-12-11T21:39:24","slug":"bisque-de-homard","status":"publish","type":"product","link":"https:\/\/lentraide.es\/fr\/tienda\/bisque-de-homard\/","title":{"rendered":"Bisque de Homard"},"content":{"rendered":"","protected":false},"excerpt":{"rendered":"<p>Savourez\u00a0<strong>l\u2019excellence et la finesse<\/strong>\u00a0de cette bisque de homard \u00e0\u00a0<strong>la douceur et l\u2019onctuosit\u00e9 rares<\/strong>. <strong>Offrez-vous un instant privil\u00e9gi\u00e9<\/strong>\u00a0avec cette exquise bisque de homard.\u00a0<strong>Son go\u00fbt unique<\/strong>, propre \u00e0 la belle-iloise, vous fera red\u00e9couvrir\u00a0<strong>ce grand classique de la gastronomie fran\u00e7aise<\/strong>\u00a0sous un nouveau jour !<\/p>\n<p>&nbsp;<\/p>\n<p>400g<\/p>\n","protected":false},"featured_media":61834,"template":"","meta":{"_acf_changed":false},"product_brand":[],"product_cat":[247,166],"product_tag":[],"class_list":{"0":"post-61863","1":"product","2":"type-product","3":"status-publish","4":"has-post-thumbnail","6":"product_cat-conserverie-gourmet-noel","7":"product_cat-vente-de-noel","9":"first","10":"outofstock","11":"shipping-taxable","12":"purchasable","13":"product-type-simple"},"acf":[],"yoast_head":"<!-- This site is optimized with the Yoast SEO plugin v26.9 - https:\/\/yoast.com\/product\/yoast-seo-wordpress\/ -->\n<title>Bisque de Homard | Entraide Fran\u00e7aise<\/title>\n<meta name=\"robots\" content=\"index, follow, max-snippet:-1, max-image-preview:large, max-video-preview:-1\" \/>\n<link rel=\"canonical\" href=\"https:\/\/lentraide.es\/fr\/tienda\/bisque-de-homard\/\" \/>\n<meta property=\"og:locale\" content=\"fr_FR\" \/>\n<meta property=\"og:type\" content=\"article\" \/>\n<meta property=\"og:title\" content=\"Bisque de Homard | Entraide Fran\u00e7aise\" \/>\n<meta property=\"og:description\" content=\"Savourez\u00a0l\u2019excellence et la finesse\u00a0de cette bisque de homard \u00e0\u00a0la douceur et l\u2019onctuosit\u00e9 rares. Offrez-vous un instant privil\u00e9gi\u00e9\u00a0avec cette exquise bisque de homard.\u00a0Son go\u00fbt unique, propre \u00e0 la belle-iloise, vous fera red\u00e9couvrir\u00a0ce grand classique de la gastronomie fran\u00e7aise\u00a0sous un nouveau jour !  &nbsp;  400g\" \/>\n<meta property=\"og:url\" content=\"https:\/\/lentraide.es\/fr\/tienda\/bisque-de-homard\/\" \/>\n<meta property=\"og:site_name\" content=\"Entraide Fran\u00e7aise\" \/>\n<meta property=\"article:publisher\" content=\"https:\/\/www.facebook.com\/entraide.francaisemadrid\" \/>\n<meta property=\"article:modified_time\" content=\"2025-12-11T21:39:24+00:00\" \/>\n<meta property=\"og:image\" content=\"https:\/\/lentraide.es\/wp-content\/uploads\/2024\/10\/bisque-de-homard-6-boites-de-800g.png\" \/>\n\t<meta property=\"og:image:width\" content=\"650\" \/>\n\t<meta property=\"og:image:height\" content=\"650\" \/>\n\t<meta property=\"og:image:type\" content=\"image\/png\" \/>\n<meta name=\"twitter:card\" content=\"summary_large_image\" \/>\n<meta name=\"twitter:label1\" content=\"Tiempo de lectura\" \/>\n\t<meta name=\"twitter:data1\" content=\"1 minute\" \/>\n<script type=\"application\/ld+json\" class=\"yoast-schema-graph\">{\"@context\":\"https:\/\/schema.org\",\"@graph\":[{\"@type\":\"WebPage\",\"@id\":\"https:\/\/lentraide.es\/fr\/tienda\/bisque-de-homard\/\",\"url\":\"https:\/\/lentraide.es\/fr\/tienda\/bisque-de-homard\/\",\"name\":\"Bisque de Homard | Entraide Fran\u00e7aise\",\"isPartOf\":{\"@id\":\"https:\/\/lentraide.es\/fr\/#website\"},\"primaryImageOfPage\":{\"@id\":\"https:\/\/lentraide.es\/fr\/tienda\/bisque-de-homard\/#primaryimage\"},\"image\":{\"@id\":\"https:\/\/lentraide.es\/fr\/tienda\/bisque-de-homard\/#primaryimage\"},\"thumbnailUrl\":\"https:\/\/lentraide.es\/wp-content\/uploads\/2024\/10\/bisque-de-homard-6-boites-de-800g.png\",\"datePublished\":\"2025-10-29T10:39:42+00:00\",\"dateModified\":\"2025-12-11T21:39:24+00:00\",\"breadcrumb\":{\"@id\":\"https:\/\/lentraide.es\/fr\/tienda\/bisque-de-homard\/#breadcrumb\"},\"inLanguage\":\"es\",\"potentialAction\":[{\"@type\":\"ReadAction\",\"target\":[\"https:\/\/lentraide.es\/fr\/tienda\/bisque-de-homard\/\"]}]},{\"@type\":\"ImageObject\",\"inLanguage\":\"es\",\"@id\":\"https:\/\/lentraide.es\/fr\/tienda\/bisque-de-homard\/#primaryimage\",\"url\":\"https:\/\/lentraide.es\/wp-content\/uploads\/2024\/10\/bisque-de-homard-6-boites-de-800g.png\",\"contentUrl\":\"https:\/\/lentraide.es\/wp-content\/uploads\/2024\/10\/bisque-de-homard-6-boites-de-800g.png\",\"width\":650,\"height\":650},{\"@type\":\"BreadcrumbList\",\"@id\":\"https:\/\/lentraide.es\/fr\/tienda\/bisque-de-homard\/#breadcrumb\",\"itemListElement\":[{\"@type\":\"ListItem\",\"position\":1,\"name\":\"Accueil\",\"item\":\"https:\/\/lentraide.es\/fr\/\"},{\"@type\":\"ListItem\",\"position\":2,\"name\":\"Boutique\",\"item\":\"https:\/\/lentraide.es\/fr\/boutique-new\/\"},{\"@type\":\"ListItem\",\"position\":3,\"name\":\"Bisque de Homard\"}]},{\"@type\":\"WebSite\",\"@id\":\"https:\/\/lentraide.es\/fr\/#website\",\"url\":\"https:\/\/lentraide.es\/fr\/\",\"name\":\"Entraide Fran\u00e7aise\",\"description\":\"Une main tendue vers la France\",\"publisher\":{\"@id\":\"https:\/\/lentraide.es\/fr\/#organization\"},\"alternateName\":\"L'entraide\",\"potentialAction\":[{\"@type\":\"SearchAction\",\"target\":{\"@type\":\"EntryPoint\",\"urlTemplate\":\"https:\/\/lentraide.es\/fr\/?s={search_term_string}\"},\"query-input\":{\"@type\":\"PropertyValueSpecification\",\"valueRequired\":true,\"valueName\":\"search_term_string\"}}],\"inLanguage\":\"es\"},{\"@type\":\"Organization\",\"@id\":\"https:\/\/lentraide.es\/fr\/#organization\",\"name\":\"Entraide Fran\u00e7aise\",\"alternateName\":\"L'entraide\",\"url\":\"https:\/\/lentraide.es\/fr\/\",\"logo\":{\"@type\":\"ImageObject\",\"inLanguage\":\"es\",\"@id\":\"https:\/\/lentraide.es\/fr\/#\/schema\/logo\/image\/\",\"url\":\"https:\/\/lentraide.es\/wp-content\/uploads\/2015\/07\/LOGO-azul2.png\",\"contentUrl\":\"https:\/\/lentraide.es\/wp-content\/uploads\/2015\/07\/LOGO-azul2.png\",\"width\":232,\"height\":146,\"caption\":\"Entraide Fran\u00e7aise\"},\"image\":{\"@id\":\"https:\/\/lentraide.es\/fr\/#\/schema\/logo\/image\/\"},\"sameAs\":[\"https:\/\/www.facebook.com\/entraide.francaisemadrid\",\"https:\/\/www.instagram.com\/entraidefrancaisemadrid\/\"]}]}<\/script>\n<!-- \/ Yoast SEO plugin. -->","yoast_head_json":{"title":"Bisque de Homard | Entraide Fran\u00e7aise","robots":{"index":"index","follow":"follow","max-snippet":"max-snippet:-1","max-image-preview":"max-image-preview:large","max-video-preview":"max-video-preview:-1"},"canonical":"https:\/\/lentraide.es\/fr\/tienda\/bisque-de-homard\/","og_locale":"fr_FR","og_type":"article","og_title":"Bisque de Homard | Entraide Fran\u00e7aise","og_description":"Savourez\u00a0l\u2019excellence et la finesse\u00a0de cette bisque de homard \u00e0\u00a0la douceur et l\u2019onctuosit\u00e9 rares. Offrez-vous un instant privil\u00e9gi\u00e9\u00a0avec cette exquise bisque de homard.\u00a0Son go\u00fbt unique, propre \u00e0 la belle-iloise, vous fera red\u00e9couvrir\u00a0ce grand classique de la gastronomie fran\u00e7aise\u00a0sous un nouveau jour !  &nbsp;  400g","og_url":"https:\/\/lentraide.es\/fr\/tienda\/bisque-de-homard\/","og_site_name":"Entraide Fran\u00e7aise","article_publisher":"https:\/\/www.facebook.com\/entraide.francaisemadrid","article_modified_time":"2025-12-11T21:39:24+00:00","og_image":[{"width":650,"height":650,"url":"https:\/\/lentraide.es\/wp-content\/uploads\/2024\/10\/bisque-de-homard-6-boites-de-800g.png","type":"image\/png"}],"twitter_card":"summary_large_image","twitter_misc":{"Tiempo de lectura":"1 minute"},"schema":{"@context":"https:\/\/schema.org","@graph":[{"@type":"WebPage","@id":"https:\/\/lentraide.es\/fr\/tienda\/bisque-de-homard\/","url":"https:\/\/lentraide.es\/fr\/tienda\/bisque-de-homard\/","name":"Bisque de Homard | Entraide Fran\u00e7aise","isPartOf":{"@id":"https:\/\/lentraide.es\/fr\/#website"},"primaryImageOfPage":{"@id":"https:\/\/lentraide.es\/fr\/tienda\/bisque-de-homard\/#primaryimage"},"image":{"@id":"https:\/\/lentraide.es\/fr\/tienda\/bisque-de-homard\/#primaryimage"},"thumbnailUrl":"https:\/\/lentraide.es\/wp-content\/uploads\/2024\/10\/bisque-de-homard-6-boites-de-800g.png","datePublished":"2025-10-29T10:39:42+00:00","dateModified":"2025-12-11T21:39:24+00:00","breadcrumb":{"@id":"https:\/\/lentraide.es\/fr\/tienda\/bisque-de-homard\/#breadcrumb"},"inLanguage":"es","potentialAction":[{"@type":"ReadAction","target":["https:\/\/lentraide.es\/fr\/tienda\/bisque-de-homard\/"]}]},{"@type":"ImageObject","inLanguage":"es","@id":"https:\/\/lentraide.es\/fr\/tienda\/bisque-de-homard\/#primaryimage","url":"https:\/\/lentraide.es\/wp-content\/uploads\/2024\/10\/bisque-de-homard-6-boites-de-800g.png","contentUrl":"https:\/\/lentraide.es\/wp-content\/uploads\/2024\/10\/bisque-de-homard-6-boites-de-800g.png","width":650,"height":650},{"@type":"BreadcrumbList","@id":"https:\/\/lentraide.es\/fr\/tienda\/bisque-de-homard\/#breadcrumb","itemListElement":[{"@type":"ListItem","position":1,"name":"Accueil","item":"https:\/\/lentraide.es\/fr\/"},{"@type":"ListItem","position":2,"name":"Boutique","item":"https:\/\/lentraide.es\/fr\/boutique-new\/"},{"@type":"ListItem","position":3,"name":"Bisque de Homard"}]},{"@type":"WebSite","@id":"https:\/\/lentraide.es\/fr\/#website","url":"https:\/\/lentraide.es\/fr\/","name":"Entraide Fran\u00e7aise","description":"Une main tendue vers la France","publisher":{"@id":"https:\/\/lentraide.es\/fr\/#organization"},"alternateName":"L'entraide","potentialAction":[{"@type":"SearchAction","target":{"@type":"EntryPoint","urlTemplate":"https:\/\/lentraide.es\/fr\/?s={search_term_string}"},"query-input":{"@type":"PropertyValueSpecification","valueRequired":true,"valueName":"search_term_string"}}],"inLanguage":"es"},{"@type":"Organization","@id":"https:\/\/lentraide.es\/fr\/#organization","name":"Entraide Fran\u00e7aise","alternateName":"L'entraide","url":"https:\/\/lentraide.es\/fr\/","logo":{"@type":"ImageObject","inLanguage":"es","@id":"https:\/\/lentraide.es\/fr\/#\/schema\/logo\/image\/","url":"https:\/\/lentraide.es\/wp-content\/uploads\/2015\/07\/LOGO-azul2.png","contentUrl":"https:\/\/lentraide.es\/wp-content\/uploads\/2015\/07\/LOGO-azul2.png","width":232,"height":146,"caption":"Entraide Fran\u00e7aise"},"image":{"@id":"https:\/\/lentraide.es\/fr\/#\/schema\/logo\/image\/"},"sameAs":["https:\/\/www.facebook.com\/entraide.francaisemadrid","https:\/\/www.instagram.com\/entraidefrancaisemadrid\/"]}]}},"_links":{"self":[{"href":"https:\/\/lentraide.es\/fr\/wp-json\/wp\/v2\/product\/61863","targetHints":{"allow":["GET"]}}],"collection":[{"href":"https:\/\/lentraide.es\/fr\/wp-json\/wp\/v2\/product"}],"about":[{"href":"https:\/\/lentraide.es\/fr\/wp-json\/wp\/v2\/types\/product"}],"wp:featuredmedia":[{"embeddable":true,"href":"https:\/\/lentraide.es\/fr\/wp-json\/wp\/v2\/media\/61834"}],"wp:attachment":[{"href":"https:\/\/lentraide.es\/fr\/wp-json\/wp\/v2\/media?parent=61863"}],"wp:term":[{"taxonomy":"product_brand","embeddable":true,"href":"https:\/\/lentraide.es\/fr\/wp-json\/wp\/v2\/product_brand?post=61863"},{"taxonomy":"product_cat","embeddable":true,"href":"https:\/\/lentraide.es\/fr\/wp-json\/wp\/v2\/product_cat?post=61863"},{"taxonomy":"product_tag","embeddable":true,"href":"https:\/\/lentraide.es\/fr\/wp-json\/wp\/v2\/product_tag?post=61863"}],"curies":[{"name":"wp","href":"https:\/\/api.w.org\/{rel}","templated":true}]}}