{"id":61866,"date":"2025-10-29T11:44:59","date_gmt":"2025-10-29T10:44:59","guid":{"rendered":"https:\/\/lentraide.es\/?post_type=product&#038;p=61866"},"modified":"2025-12-11T22:39:23","modified_gmt":"2025-12-11T21:39:23","slug":"coffret-best-seller-noix-noisette-sesame","status":"publish","type":"product","link":"https:\/\/lentraide.es\/fr\/tienda\/coffret-best-seller-noix-noisette-sesame\/","title":{"rendered":"Coffret Best-seller : Noix, Noisette, S\u00e9same"},"content":{"rendered":"","protected":false},"excerpt":{"rendered":"<p><strong>Le coffret cadeau qui r\u00e9unit les produits phares de La Tourangelle !\u00a0<\/strong><\/p>\n<p>D\u00e9couvrez et offrez ces 3 huiles savoureuses, issues de notre <strong>savoir-faire unique<\/strong>, plus que centenaire. Ce trio d&rsquo;huiles rassemble dans un m\u00eame coffret cadeau les <strong>produits embl\u00e9matiques de La Tourangelle<\/strong> pour le plus grand plaisir des gourmands.<\/p>\n<p>Bidons de 250 ml<\/p>\n","protected":false},"featured_media":61858,"template":"","meta":{"_acf_changed":false},"product_brand":[],"product_cat":[248,166],"product_tag":[],"class_list":{"0":"post-61866","1":"product","2":"type-product","3":"status-publish","4":"has-post-thumbnail","6":"product_cat-huiles-noel","7":"product_cat-vente-de-noel","9":"first","10":"outofstock","11":"shipping-taxable","12":"purchasable","13":"product-type-simple"},"acf":[],"yoast_head":"<!-- This site is optimized with the Yoast SEO plugin v26.9 - https:\/\/yoast.com\/product\/yoast-seo-wordpress\/ -->\n<title>Coffret Best-seller : Noix, Noisette, S\u00e9same | Entraide Fran\u00e7aise<\/title>\n<meta name=\"robots\" content=\"index, follow, max-snippet:-1, max-image-preview:large, max-video-preview:-1\" \/>\n<link rel=\"canonical\" href=\"https:\/\/lentraide.es\/fr\/tienda\/coffret-best-seller-noix-noisette-sesame\/\" \/>\n<meta property=\"og:locale\" content=\"fr_FR\" \/>\n<meta property=\"og:type\" content=\"article\" \/>\n<meta property=\"og:title\" content=\"Coffret Best-seller : Noix, Noisette, S\u00e9same | Entraide Fran\u00e7aise\" \/>\n<meta property=\"og:description\" content=\"Le coffret cadeau qui r\u00e9unit les produits phares de La Tourangelle !\u00a0  D\u00e9couvrez et offrez ces 3 huiles savoureuses, issues de notre savoir-faire unique, plus que centenaire. Ce trio d&#039;huiles rassemble dans un m\u00eame coffret cadeau les produits embl\u00e9matiques de La Tourangelle pour le plus grand plaisir des gourmands.  Bidons de 250 ml\" \/>\n<meta property=\"og:url\" content=\"https:\/\/lentraide.es\/fr\/tienda\/coffret-best-seller-noix-noisette-sesame\/\" \/>\n<meta property=\"og:site_name\" content=\"Entraide Fran\u00e7aise\" \/>\n<meta property=\"article:publisher\" content=\"https:\/\/www.facebook.com\/entraide.francaisemadrid\" \/>\n<meta property=\"article:modified_time\" content=\"2025-12-11T21:39:23+00:00\" \/>\n<meta property=\"og:image\" content=\"https:\/\/lentraide.es\/wp-content\/uploads\/2024\/10\/trio-best-seller-noix-noisette-sesame.jpg\" \/>\n\t<meta property=\"og:image:width\" content=\"800\" \/>\n\t<meta property=\"og:image:height\" content=\"800\" \/>\n\t<meta property=\"og:image:type\" content=\"image\/jpeg\" \/>\n<meta name=\"twitter:card\" content=\"summary_large_image\" \/>\n<meta name=\"twitter:label1\" content=\"Tiempo de lectura\" \/>\n\t<meta name=\"twitter:data1\" content=\"1 minute\" \/>\n<script type=\"application\/ld+json\" class=\"yoast-schema-graph\">{\"@context\":\"https:\/\/schema.org\",\"@graph\":[{\"@type\":\"WebPage\",\"@id\":\"https:\/\/lentraide.es\/fr\/tienda\/coffret-best-seller-noix-noisette-sesame\/\",\"url\":\"https:\/\/lentraide.es\/fr\/tienda\/coffret-best-seller-noix-noisette-sesame\/\",\"name\":\"Coffret Best-seller : Noix, Noisette, S\u00e9same | Entraide Fran\u00e7aise\",\"isPartOf\":{\"@id\":\"https:\/\/lentraide.es\/fr\/#website\"},\"primaryImageOfPage\":{\"@id\":\"https:\/\/lentraide.es\/fr\/tienda\/coffret-best-seller-noix-noisette-sesame\/#primaryimage\"},\"image\":{\"@id\":\"https:\/\/lentraide.es\/fr\/tienda\/coffret-best-seller-noix-noisette-sesame\/#primaryimage\"},\"thumbnailUrl\":\"https:\/\/lentraide.es\/wp-content\/uploads\/2024\/10\/trio-best-seller-noix-noisette-sesame.jpg\",\"datePublished\":\"2025-10-29T10:44:59+00:00\",\"dateModified\":\"2025-12-11T21:39:23+00:00\",\"breadcrumb\":{\"@id\":\"https:\/\/lentraide.es\/fr\/tienda\/coffret-best-seller-noix-noisette-sesame\/#breadcrumb\"},\"inLanguage\":\"es\",\"potentialAction\":[{\"@type\":\"ReadAction\",\"target\":[\"https:\/\/lentraide.es\/fr\/tienda\/coffret-best-seller-noix-noisette-sesame\/\"]}]},{\"@type\":\"ImageObject\",\"inLanguage\":\"es\",\"@id\":\"https:\/\/lentraide.es\/fr\/tienda\/coffret-best-seller-noix-noisette-sesame\/#primaryimage\",\"url\":\"https:\/\/lentraide.es\/wp-content\/uploads\/2024\/10\/trio-best-seller-noix-noisette-sesame.jpg\",\"contentUrl\":\"https:\/\/lentraide.es\/wp-content\/uploads\/2024\/10\/trio-best-seller-noix-noisette-sesame.jpg\",\"width\":800,\"height\":800},{\"@type\":\"BreadcrumbList\",\"@id\":\"https:\/\/lentraide.es\/fr\/tienda\/coffret-best-seller-noix-noisette-sesame\/#breadcrumb\",\"itemListElement\":[{\"@type\":\"ListItem\",\"position\":1,\"name\":\"Accueil\",\"item\":\"https:\/\/lentraide.es\/fr\/\"},{\"@type\":\"ListItem\",\"position\":2,\"name\":\"Boutique\",\"item\":\"https:\/\/lentraide.es\/fr\/boutique-new\/\"},{\"@type\":\"ListItem\",\"position\":3,\"name\":\"Coffret Best-seller : Noix, Noisette, S\u00e9same\"}]},{\"@type\":\"WebSite\",\"@id\":\"https:\/\/lentraide.es\/fr\/#website\",\"url\":\"https:\/\/lentraide.es\/fr\/\",\"name\":\"Entraide Fran\u00e7aise\",\"description\":\"Une main tendue vers la France\",\"publisher\":{\"@id\":\"https:\/\/lentraide.es\/fr\/#organization\"},\"alternateName\":\"L'entraide\",\"potentialAction\":[{\"@type\":\"SearchAction\",\"target\":{\"@type\":\"EntryPoint\",\"urlTemplate\":\"https:\/\/lentraide.es\/fr\/?s={search_term_string}\"},\"query-input\":{\"@type\":\"PropertyValueSpecification\",\"valueRequired\":true,\"valueName\":\"search_term_string\"}}],\"inLanguage\":\"es\"},{\"@type\":\"Organization\",\"@id\":\"https:\/\/lentraide.es\/fr\/#organization\",\"name\":\"Entraide Fran\u00e7aise\",\"alternateName\":\"L'entraide\",\"url\":\"https:\/\/lentraide.es\/fr\/\",\"logo\":{\"@type\":\"ImageObject\",\"inLanguage\":\"es\",\"@id\":\"https:\/\/lentraide.es\/fr\/#\/schema\/logo\/image\/\",\"url\":\"https:\/\/lentraide.es\/wp-content\/uploads\/2015\/07\/LOGO-azul2.png\",\"contentUrl\":\"https:\/\/lentraide.es\/wp-content\/uploads\/2015\/07\/LOGO-azul2.png\",\"width\":232,\"height\":146,\"caption\":\"Entraide Fran\u00e7aise\"},\"image\":{\"@id\":\"https:\/\/lentraide.es\/fr\/#\/schema\/logo\/image\/\"},\"sameAs\":[\"https:\/\/www.facebook.com\/entraide.francaisemadrid\",\"https:\/\/www.instagram.com\/entraidefrancaisemadrid\/\"]}]}<\/script>\n<!-- \/ Yoast SEO plugin. -->","yoast_head_json":{"title":"Coffret Best-seller : Noix, Noisette, S\u00e9same | Entraide Fran\u00e7aise","robots":{"index":"index","follow":"follow","max-snippet":"max-snippet:-1","max-image-preview":"max-image-preview:large","max-video-preview":"max-video-preview:-1"},"canonical":"https:\/\/lentraide.es\/fr\/tienda\/coffret-best-seller-noix-noisette-sesame\/","og_locale":"fr_FR","og_type":"article","og_title":"Coffret Best-seller : Noix, Noisette, S\u00e9same | Entraide Fran\u00e7aise","og_description":"Le coffret cadeau qui r\u00e9unit les produits phares de La Tourangelle !\u00a0  D\u00e9couvrez et offrez ces 3 huiles savoureuses, issues de notre savoir-faire unique, plus que centenaire. Ce trio d'huiles rassemble dans un m\u00eame coffret cadeau les produits embl\u00e9matiques de La Tourangelle pour le plus grand plaisir des gourmands.  Bidons de 250 ml","og_url":"https:\/\/lentraide.es\/fr\/tienda\/coffret-best-seller-noix-noisette-sesame\/","og_site_name":"Entraide Fran\u00e7aise","article_publisher":"https:\/\/www.facebook.com\/entraide.francaisemadrid","article_modified_time":"2025-12-11T21:39:23+00:00","og_image":[{"width":800,"height":800,"url":"https:\/\/lentraide.es\/wp-content\/uploads\/2024\/10\/trio-best-seller-noix-noisette-sesame.jpg","type":"image\/jpeg"}],"twitter_card":"summary_large_image","twitter_misc":{"Tiempo de lectura":"1 minute"},"schema":{"@context":"https:\/\/schema.org","@graph":[{"@type":"WebPage","@id":"https:\/\/lentraide.es\/fr\/tienda\/coffret-best-seller-noix-noisette-sesame\/","url":"https:\/\/lentraide.es\/fr\/tienda\/coffret-best-seller-noix-noisette-sesame\/","name":"Coffret Best-seller : Noix, Noisette, S\u00e9same | Entraide Fran\u00e7aise","isPartOf":{"@id":"https:\/\/lentraide.es\/fr\/#website"},"primaryImageOfPage":{"@id":"https:\/\/lentraide.es\/fr\/tienda\/coffret-best-seller-noix-noisette-sesame\/#primaryimage"},"image":{"@id":"https:\/\/lentraide.es\/fr\/tienda\/coffret-best-seller-noix-noisette-sesame\/#primaryimage"},"thumbnailUrl":"https:\/\/lentraide.es\/wp-content\/uploads\/2024\/10\/trio-best-seller-noix-noisette-sesame.jpg","datePublished":"2025-10-29T10:44:59+00:00","dateModified":"2025-12-11T21:39:23+00:00","breadcrumb":{"@id":"https:\/\/lentraide.es\/fr\/tienda\/coffret-best-seller-noix-noisette-sesame\/#breadcrumb"},"inLanguage":"es","potentialAction":[{"@type":"ReadAction","target":["https:\/\/lentraide.es\/fr\/tienda\/coffret-best-seller-noix-noisette-sesame\/"]}]},{"@type":"ImageObject","inLanguage":"es","@id":"https:\/\/lentraide.es\/fr\/tienda\/coffret-best-seller-noix-noisette-sesame\/#primaryimage","url":"https:\/\/lentraide.es\/wp-content\/uploads\/2024\/10\/trio-best-seller-noix-noisette-sesame.jpg","contentUrl":"https:\/\/lentraide.es\/wp-content\/uploads\/2024\/10\/trio-best-seller-noix-noisette-sesame.jpg","width":800,"height":800},{"@type":"BreadcrumbList","@id":"https:\/\/lentraide.es\/fr\/tienda\/coffret-best-seller-noix-noisette-sesame\/#breadcrumb","itemListElement":[{"@type":"ListItem","position":1,"name":"Accueil","item":"https:\/\/lentraide.es\/fr\/"},{"@type":"ListItem","position":2,"name":"Boutique","item":"https:\/\/lentraide.es\/fr\/boutique-new\/"},{"@type":"ListItem","position":3,"name":"Coffret Best-seller : Noix, Noisette, S\u00e9same"}]},{"@type":"WebSite","@id":"https:\/\/lentraide.es\/fr\/#website","url":"https:\/\/lentraide.es\/fr\/","name":"Entraide Fran\u00e7aise","description":"Une main tendue vers la France","publisher":{"@id":"https:\/\/lentraide.es\/fr\/#organization"},"alternateName":"L'entraide","potentialAction":[{"@type":"SearchAction","target":{"@type":"EntryPoint","urlTemplate":"https:\/\/lentraide.es\/fr\/?s={search_term_string}"},"query-input":{"@type":"PropertyValueSpecification","valueRequired":true,"valueName":"search_term_string"}}],"inLanguage":"es"},{"@type":"Organization","@id":"https:\/\/lentraide.es\/fr\/#organization","name":"Entraide Fran\u00e7aise","alternateName":"L'entraide","url":"https:\/\/lentraide.es\/fr\/","logo":{"@type":"ImageObject","inLanguage":"es","@id":"https:\/\/lentraide.es\/fr\/#\/schema\/logo\/image\/","url":"https:\/\/lentraide.es\/wp-content\/uploads\/2015\/07\/LOGO-azul2.png","contentUrl":"https:\/\/lentraide.es\/wp-content\/uploads\/2015\/07\/LOGO-azul2.png","width":232,"height":146,"caption":"Entraide Fran\u00e7aise"},"image":{"@id":"https:\/\/lentraide.es\/fr\/#\/schema\/logo\/image\/"},"sameAs":["https:\/\/www.facebook.com\/entraide.francaisemadrid","https:\/\/www.instagram.com\/entraidefrancaisemadrid\/"]}]}},"_links":{"self":[{"href":"https:\/\/lentraide.es\/fr\/wp-json\/wp\/v2\/product\/61866","targetHints":{"allow":["GET"]}}],"collection":[{"href":"https:\/\/lentraide.es\/fr\/wp-json\/wp\/v2\/product"}],"about":[{"href":"https:\/\/lentraide.es\/fr\/wp-json\/wp\/v2\/types\/product"}],"wp:featuredmedia":[{"embeddable":true,"href":"https:\/\/lentraide.es\/fr\/wp-json\/wp\/v2\/media\/61858"}],"wp:attachment":[{"href":"https:\/\/lentraide.es\/fr\/wp-json\/wp\/v2\/media?parent=61866"}],"wp:term":[{"taxonomy":"product_brand","embeddable":true,"href":"https:\/\/lentraide.es\/fr\/wp-json\/wp\/v2\/product_brand?post=61866"},{"taxonomy":"product_cat","embeddable":true,"href":"https:\/\/lentraide.es\/fr\/wp-json\/wp\/v2\/product_cat?post=61866"},{"taxonomy":"product_tag","embeddable":true,"href":"https:\/\/lentraide.es\/fr\/wp-json\/wp\/v2\/product_tag?post=61866"}],"curies":[{"name":"wp","href":"https:\/\/api.w.org\/{rel}","templated":true}]}}