{"id":61873,"date":"2025-10-29T11:56:19","date_gmt":"2025-10-29T10:56:19","guid":{"rendered":"https:\/\/lentraide.es\/?post_type=product&#038;p=61873"},"modified":"2025-12-11T22:38:36","modified_gmt":"2025-12-11T21:38:36","slug":"terrine-de-porc-noir-de-bigorre","status":"publish","type":"product","link":"https:\/\/lentraide.es\/fr\/tienda\/terrine-de-porc-noir-de-bigorre\/","title":{"rendered":"Terrine de porc noir de Bigorre"},"content":{"rendered":"","protected":false},"excerpt":{"rendered":"<p>Je suis le<strong> p\u00e2t\u00e9 de porc le plus recherch\u00e9<\/strong>. Je suis issu de<strong> porcs \u00e9lev\u00e9s en libert\u00e9 <\/strong>dans les<strong> Pyr\u00e9n\u00e9es centrales, <\/strong>b\u00e9n\u00e9ficiant d\u2019une<strong> alimentation naturelle <\/strong>et<strong> soumis \u00e0 l&rsquo;exercice. <\/strong>C&rsquo;est ce qui me conf\u00e8re une<strong> saveur unique.<\/strong><\/p>\n<p>180g<\/p>\n","protected":false},"featured_media":61852,"template":"","meta":{"_acf_changed":false},"product_brand":[],"product_cat":[262,166],"product_tag":[],"class_list":{"0":"post-61873","1":"product","2":"type-product","3":"status-publish","4":"has-post-thumbnail","6":"product_cat-rillettes-olala","7":"product_cat-vente-de-noel","9":"first","10":"outofstock","11":"shipping-taxable","12":"purchasable","13":"product-type-simple"},"acf":[],"yoast_head":"<!-- This site is optimized with the Yoast SEO plugin v26.9 - https:\/\/yoast.com\/product\/yoast-seo-wordpress\/ -->\n<title>Terrine de porc noir de Bigorre | Entraide Fran\u00e7aise<\/title>\n<meta name=\"robots\" content=\"index, follow, max-snippet:-1, max-image-preview:large, max-video-preview:-1\" \/>\n<link rel=\"canonical\" href=\"https:\/\/lentraide.es\/fr\/tienda\/terrine-de-porc-noir-de-bigorre\/\" \/>\n<meta property=\"og:locale\" content=\"fr_FR\" \/>\n<meta property=\"og:type\" content=\"article\" \/>\n<meta property=\"og:title\" content=\"Terrine de porc noir de Bigorre | Entraide Fran\u00e7aise\" \/>\n<meta property=\"og:description\" content=\"Je suis le p\u00e2t\u00e9 de porc le plus recherch\u00e9. Je suis issu de porcs \u00e9lev\u00e9s en libert\u00e9 dans les Pyr\u00e9n\u00e9es centrales, b\u00e9n\u00e9ficiant d\u2019une alimentation naturelle et soumis \u00e0 l&#039;exercice. C&#039;est ce qui me conf\u00e8re une saveur unique.  180g\" \/>\n<meta property=\"og:url\" content=\"https:\/\/lentraide.es\/fr\/tienda\/terrine-de-porc-noir-de-bigorre\/\" \/>\n<meta property=\"og:site_name\" content=\"Entraide Fran\u00e7aise\" \/>\n<meta property=\"article:publisher\" content=\"https:\/\/www.facebook.com\/entraide.francaisemadrid\" \/>\n<meta property=\"article:modified_time\" content=\"2025-12-11T21:38:36+00:00\" \/>\n<meta property=\"og:image\" content=\"https:\/\/lentraide.es\/wp-content\/uploads\/2024\/10\/Terrine-de-Noir-de-Bigorre.png\" \/>\n\t<meta property=\"og:image:width\" content=\"371\" \/>\n\t<meta property=\"og:image:height\" content=\"423\" \/>\n\t<meta property=\"og:image:type\" content=\"image\/png\" \/>\n<meta name=\"twitter:card\" content=\"summary_large_image\" \/>\n<meta name=\"twitter:label1\" content=\"Tiempo de lectura\" \/>\n\t<meta name=\"twitter:data1\" content=\"1 minute\" \/>\n<script type=\"application\/ld+json\" class=\"yoast-schema-graph\">{\"@context\":\"https:\/\/schema.org\",\"@graph\":[{\"@type\":\"WebPage\",\"@id\":\"https:\/\/lentraide.es\/fr\/tienda\/terrine-de-porc-noir-de-bigorre\/\",\"url\":\"https:\/\/lentraide.es\/fr\/tienda\/terrine-de-porc-noir-de-bigorre\/\",\"name\":\"Terrine de porc noir de Bigorre | Entraide Fran\u00e7aise\",\"isPartOf\":{\"@id\":\"https:\/\/lentraide.es\/fr\/#website\"},\"primaryImageOfPage\":{\"@id\":\"https:\/\/lentraide.es\/fr\/tienda\/terrine-de-porc-noir-de-bigorre\/#primaryimage\"},\"image\":{\"@id\":\"https:\/\/lentraide.es\/fr\/tienda\/terrine-de-porc-noir-de-bigorre\/#primaryimage\"},\"thumbnailUrl\":\"https:\/\/lentraide.es\/wp-content\/uploads\/2024\/10\/Terrine-de-Noir-de-Bigorre.png\",\"datePublished\":\"2025-10-29T10:56:19+00:00\",\"dateModified\":\"2025-12-11T21:38:36+00:00\",\"breadcrumb\":{\"@id\":\"https:\/\/lentraide.es\/fr\/tienda\/terrine-de-porc-noir-de-bigorre\/#breadcrumb\"},\"inLanguage\":\"es\",\"potentialAction\":[{\"@type\":\"ReadAction\",\"target\":[\"https:\/\/lentraide.es\/fr\/tienda\/terrine-de-porc-noir-de-bigorre\/\"]}]},{\"@type\":\"ImageObject\",\"inLanguage\":\"es\",\"@id\":\"https:\/\/lentraide.es\/fr\/tienda\/terrine-de-porc-noir-de-bigorre\/#primaryimage\",\"url\":\"https:\/\/lentraide.es\/wp-content\/uploads\/2024\/10\/Terrine-de-Noir-de-Bigorre.png\",\"contentUrl\":\"https:\/\/lentraide.es\/wp-content\/uploads\/2024\/10\/Terrine-de-Noir-de-Bigorre.png\",\"width\":371,\"height\":423},{\"@type\":\"BreadcrumbList\",\"@id\":\"https:\/\/lentraide.es\/fr\/tienda\/terrine-de-porc-noir-de-bigorre\/#breadcrumb\",\"itemListElement\":[{\"@type\":\"ListItem\",\"position\":1,\"name\":\"Accueil\",\"item\":\"https:\/\/lentraide.es\/fr\/\"},{\"@type\":\"ListItem\",\"position\":2,\"name\":\"Boutique\",\"item\":\"https:\/\/lentraide.es\/fr\/boutique-new\/\"},{\"@type\":\"ListItem\",\"position\":3,\"name\":\"Terrine de porc noir de Bigorre\"}]},{\"@type\":\"WebSite\",\"@id\":\"https:\/\/lentraide.es\/fr\/#website\",\"url\":\"https:\/\/lentraide.es\/fr\/\",\"name\":\"Entraide Fran\u00e7aise\",\"description\":\"Une main tendue vers la France\",\"publisher\":{\"@id\":\"https:\/\/lentraide.es\/fr\/#organization\"},\"alternateName\":\"L'entraide\",\"potentialAction\":[{\"@type\":\"SearchAction\",\"target\":{\"@type\":\"EntryPoint\",\"urlTemplate\":\"https:\/\/lentraide.es\/fr\/?s={search_term_string}\"},\"query-input\":{\"@type\":\"PropertyValueSpecification\",\"valueRequired\":true,\"valueName\":\"search_term_string\"}}],\"inLanguage\":\"es\"},{\"@type\":\"Organization\",\"@id\":\"https:\/\/lentraide.es\/fr\/#organization\",\"name\":\"Entraide Fran\u00e7aise\",\"alternateName\":\"L'entraide\",\"url\":\"https:\/\/lentraide.es\/fr\/\",\"logo\":{\"@type\":\"ImageObject\",\"inLanguage\":\"es\",\"@id\":\"https:\/\/lentraide.es\/fr\/#\/schema\/logo\/image\/\",\"url\":\"https:\/\/lentraide.es\/wp-content\/uploads\/2015\/07\/LOGO-azul2.png\",\"contentUrl\":\"https:\/\/lentraide.es\/wp-content\/uploads\/2015\/07\/LOGO-azul2.png\",\"width\":232,\"height\":146,\"caption\":\"Entraide Fran\u00e7aise\"},\"image\":{\"@id\":\"https:\/\/lentraide.es\/fr\/#\/schema\/logo\/image\/\"},\"sameAs\":[\"https:\/\/www.facebook.com\/entraide.francaisemadrid\",\"https:\/\/www.instagram.com\/entraidefrancaisemadrid\/\"]}]}<\/script>\n<!-- \/ Yoast SEO plugin. -->","yoast_head_json":{"title":"Terrine de porc noir de Bigorre | Entraide Fran\u00e7aise","robots":{"index":"index","follow":"follow","max-snippet":"max-snippet:-1","max-image-preview":"max-image-preview:large","max-video-preview":"max-video-preview:-1"},"canonical":"https:\/\/lentraide.es\/fr\/tienda\/terrine-de-porc-noir-de-bigorre\/","og_locale":"fr_FR","og_type":"article","og_title":"Terrine de porc noir de Bigorre | Entraide Fran\u00e7aise","og_description":"Je suis le p\u00e2t\u00e9 de porc le plus recherch\u00e9. Je suis issu de porcs \u00e9lev\u00e9s en libert\u00e9 dans les Pyr\u00e9n\u00e9es centrales, b\u00e9n\u00e9ficiant d\u2019une alimentation naturelle et soumis \u00e0 l'exercice. C'est ce qui me conf\u00e8re une saveur unique.  180g","og_url":"https:\/\/lentraide.es\/fr\/tienda\/terrine-de-porc-noir-de-bigorre\/","og_site_name":"Entraide Fran\u00e7aise","article_publisher":"https:\/\/www.facebook.com\/entraide.francaisemadrid","article_modified_time":"2025-12-11T21:38:36+00:00","og_image":[{"width":371,"height":423,"url":"https:\/\/lentraide.es\/wp-content\/uploads\/2024\/10\/Terrine-de-Noir-de-Bigorre.png","type":"image\/png"}],"twitter_card":"summary_large_image","twitter_misc":{"Tiempo de lectura":"1 minute"},"schema":{"@context":"https:\/\/schema.org","@graph":[{"@type":"WebPage","@id":"https:\/\/lentraide.es\/fr\/tienda\/terrine-de-porc-noir-de-bigorre\/","url":"https:\/\/lentraide.es\/fr\/tienda\/terrine-de-porc-noir-de-bigorre\/","name":"Terrine de porc noir de Bigorre | Entraide Fran\u00e7aise","isPartOf":{"@id":"https:\/\/lentraide.es\/fr\/#website"},"primaryImageOfPage":{"@id":"https:\/\/lentraide.es\/fr\/tienda\/terrine-de-porc-noir-de-bigorre\/#primaryimage"},"image":{"@id":"https:\/\/lentraide.es\/fr\/tienda\/terrine-de-porc-noir-de-bigorre\/#primaryimage"},"thumbnailUrl":"https:\/\/lentraide.es\/wp-content\/uploads\/2024\/10\/Terrine-de-Noir-de-Bigorre.png","datePublished":"2025-10-29T10:56:19+00:00","dateModified":"2025-12-11T21:38:36+00:00","breadcrumb":{"@id":"https:\/\/lentraide.es\/fr\/tienda\/terrine-de-porc-noir-de-bigorre\/#breadcrumb"},"inLanguage":"es","potentialAction":[{"@type":"ReadAction","target":["https:\/\/lentraide.es\/fr\/tienda\/terrine-de-porc-noir-de-bigorre\/"]}]},{"@type":"ImageObject","inLanguage":"es","@id":"https:\/\/lentraide.es\/fr\/tienda\/terrine-de-porc-noir-de-bigorre\/#primaryimage","url":"https:\/\/lentraide.es\/wp-content\/uploads\/2024\/10\/Terrine-de-Noir-de-Bigorre.png","contentUrl":"https:\/\/lentraide.es\/wp-content\/uploads\/2024\/10\/Terrine-de-Noir-de-Bigorre.png","width":371,"height":423},{"@type":"BreadcrumbList","@id":"https:\/\/lentraide.es\/fr\/tienda\/terrine-de-porc-noir-de-bigorre\/#breadcrumb","itemListElement":[{"@type":"ListItem","position":1,"name":"Accueil","item":"https:\/\/lentraide.es\/fr\/"},{"@type":"ListItem","position":2,"name":"Boutique","item":"https:\/\/lentraide.es\/fr\/boutique-new\/"},{"@type":"ListItem","position":3,"name":"Terrine de porc noir de Bigorre"}]},{"@type":"WebSite","@id":"https:\/\/lentraide.es\/fr\/#website","url":"https:\/\/lentraide.es\/fr\/","name":"Entraide Fran\u00e7aise","description":"Une main tendue vers la France","publisher":{"@id":"https:\/\/lentraide.es\/fr\/#organization"},"alternateName":"L'entraide","potentialAction":[{"@type":"SearchAction","target":{"@type":"EntryPoint","urlTemplate":"https:\/\/lentraide.es\/fr\/?s={search_term_string}"},"query-input":{"@type":"PropertyValueSpecification","valueRequired":true,"valueName":"search_term_string"}}],"inLanguage":"es"},{"@type":"Organization","@id":"https:\/\/lentraide.es\/fr\/#organization","name":"Entraide Fran\u00e7aise","alternateName":"L'entraide","url":"https:\/\/lentraide.es\/fr\/","logo":{"@type":"ImageObject","inLanguage":"es","@id":"https:\/\/lentraide.es\/fr\/#\/schema\/logo\/image\/","url":"https:\/\/lentraide.es\/wp-content\/uploads\/2015\/07\/LOGO-azul2.png","contentUrl":"https:\/\/lentraide.es\/wp-content\/uploads\/2015\/07\/LOGO-azul2.png","width":232,"height":146,"caption":"Entraide Fran\u00e7aise"},"image":{"@id":"https:\/\/lentraide.es\/fr\/#\/schema\/logo\/image\/"},"sameAs":["https:\/\/www.facebook.com\/entraide.francaisemadrid","https:\/\/www.instagram.com\/entraidefrancaisemadrid\/"]}]}},"_links":{"self":[{"href":"https:\/\/lentraide.es\/fr\/wp-json\/wp\/v2\/product\/61873","targetHints":{"allow":["GET"]}}],"collection":[{"href":"https:\/\/lentraide.es\/fr\/wp-json\/wp\/v2\/product"}],"about":[{"href":"https:\/\/lentraide.es\/fr\/wp-json\/wp\/v2\/types\/product"}],"wp:featuredmedia":[{"embeddable":true,"href":"https:\/\/lentraide.es\/fr\/wp-json\/wp\/v2\/media\/61852"}],"wp:attachment":[{"href":"https:\/\/lentraide.es\/fr\/wp-json\/wp\/v2\/media?parent=61873"}],"wp:term":[{"taxonomy":"product_brand","embeddable":true,"href":"https:\/\/lentraide.es\/fr\/wp-json\/wp\/v2\/product_brand?post=61873"},{"taxonomy":"product_cat","embeddable":true,"href":"https:\/\/lentraide.es\/fr\/wp-json\/wp\/v2\/product_cat?post=61873"},{"taxonomy":"product_tag","embeddable":true,"href":"https:\/\/lentraide.es\/fr\/wp-json\/wp\/v2\/product_tag?post=61873"}],"curies":[{"name":"wp","href":"https:\/\/api.w.org\/{rel}","templated":true}]}}