{"id":61876,"date":"2025-10-29T12:02:19","date_gmt":"2025-10-29T11:02:19","guid":{"rendered":"https:\/\/lentraide.es\/?post_type=product&#038;p=61876"},"modified":"2025-12-11T22:38:35","modified_gmt":"2025-12-11T21:38:35","slug":"baeckoffe-de-sanglier-et-cerf-sauvages","status":"publish","type":"product","link":"https:\/\/lentraide.es\/fr\/tienda\/baeckoffe-de-sanglier-et-cerf-sauvages\/","title":{"rendered":"Baeckoffe de sanglier et cerf sauvages"},"content":{"rendered":"","protected":false},"excerpt":{"rendered":"<p>Je suis <strong>Alsacien<\/strong>. Son <strong>plat le plus c\u00e9l\u00e8bre,<\/strong> mais dans sa version sauvage. Mon m\u00e9lange de <strong>sanglier et de cerf sauvages<\/strong> est <strong>mijot\u00e9 au vin rouge<\/strong>, avec un <strong>accompagnement v\u00e9g\u00e9tal<\/strong> :\u00a0 pommes de terre, de poireaux, d&rsquo;oignons et de carottes.<\/p>\n<p>750g<\/p>\n","protected":false},"featured_media":61832,"template":"","meta":{"_acf_changed":false},"product_brand":[],"product_cat":[262,166],"product_tag":[],"class_list":{"0":"post-61876","1":"product","2":"type-product","3":"status-publish","4":"has-post-thumbnail","6":"product_cat-rillettes-olala","7":"product_cat-vente-de-noel","9":"first","10":"outofstock","11":"shipping-taxable","12":"purchasable","13":"product-type-simple"},"acf":[],"yoast_head":"<!-- This site is optimized with the Yoast SEO plugin v26.9 - https:\/\/yoast.com\/product\/yoast-seo-wordpress\/ -->\n<title>Baeckoffe de sanglier et cerf sauvages | Entraide Fran\u00e7aise<\/title>\n<meta name=\"robots\" content=\"index, follow, max-snippet:-1, max-image-preview:large, max-video-preview:-1\" \/>\n<link rel=\"canonical\" href=\"https:\/\/lentraide.es\/fr\/tienda\/baeckoffe-de-sanglier-et-cerf-sauvages\/\" \/>\n<meta property=\"og:locale\" content=\"fr_FR\" \/>\n<meta property=\"og:type\" content=\"article\" \/>\n<meta property=\"og:title\" content=\"Baeckoffe de sanglier et cerf sauvages | Entraide Fran\u00e7aise\" \/>\n<meta property=\"og:description\" content=\"Je suis Alsacien. Son plat le plus c\u00e9l\u00e8bre, mais dans sa version sauvage. Mon m\u00e9lange de sanglier et de cerf sauvages est mijot\u00e9 au vin rouge, avec un accompagnement v\u00e9g\u00e9tal :\u00a0 pommes de terre, de poireaux, d&#039;oignons et de carottes.  750g\" \/>\n<meta property=\"og:url\" content=\"https:\/\/lentraide.es\/fr\/tienda\/baeckoffe-de-sanglier-et-cerf-sauvages\/\" \/>\n<meta property=\"og:site_name\" content=\"Entraide Fran\u00e7aise\" \/>\n<meta property=\"article:publisher\" content=\"https:\/\/www.facebook.com\/entraide.francaisemadrid\" \/>\n<meta property=\"article:modified_time\" content=\"2025-12-11T21:38:35+00:00\" \/>\n<meta property=\"og:image\" content=\"https:\/\/lentraide.es\/wp-content\/uploads\/2024\/10\/Baeckoffe.png\" \/>\n\t<meta property=\"og:image:width\" content=\"309\" \/>\n\t<meta property=\"og:image:height\" content=\"353\" \/>\n\t<meta property=\"og:image:type\" content=\"image\/png\" \/>\n<meta name=\"twitter:card\" content=\"summary_large_image\" \/>\n<meta name=\"twitter:label1\" content=\"Tiempo de lectura\" \/>\n\t<meta name=\"twitter:data1\" content=\"1 minute\" \/>\n<script type=\"application\/ld+json\" class=\"yoast-schema-graph\">{\"@context\":\"https:\/\/schema.org\",\"@graph\":[{\"@type\":\"WebPage\",\"@id\":\"https:\/\/lentraide.es\/fr\/tienda\/baeckoffe-de-sanglier-et-cerf-sauvages\/\",\"url\":\"https:\/\/lentraide.es\/fr\/tienda\/baeckoffe-de-sanglier-et-cerf-sauvages\/\",\"name\":\"Baeckoffe de sanglier et cerf sauvages | Entraide Fran\u00e7aise\",\"isPartOf\":{\"@id\":\"https:\/\/lentraide.es\/fr\/#website\"},\"primaryImageOfPage\":{\"@id\":\"https:\/\/lentraide.es\/fr\/tienda\/baeckoffe-de-sanglier-et-cerf-sauvages\/#primaryimage\"},\"image\":{\"@id\":\"https:\/\/lentraide.es\/fr\/tienda\/baeckoffe-de-sanglier-et-cerf-sauvages\/#primaryimage\"},\"thumbnailUrl\":\"https:\/\/lentraide.es\/wp-content\/uploads\/2024\/10\/Baeckoffe.png\",\"datePublished\":\"2025-10-29T11:02:19+00:00\",\"dateModified\":\"2025-12-11T21:38:35+00:00\",\"breadcrumb\":{\"@id\":\"https:\/\/lentraide.es\/fr\/tienda\/baeckoffe-de-sanglier-et-cerf-sauvages\/#breadcrumb\"},\"inLanguage\":\"es\",\"potentialAction\":[{\"@type\":\"ReadAction\",\"target\":[\"https:\/\/lentraide.es\/fr\/tienda\/baeckoffe-de-sanglier-et-cerf-sauvages\/\"]}]},{\"@type\":\"ImageObject\",\"inLanguage\":\"es\",\"@id\":\"https:\/\/lentraide.es\/fr\/tienda\/baeckoffe-de-sanglier-et-cerf-sauvages\/#primaryimage\",\"url\":\"https:\/\/lentraide.es\/wp-content\/uploads\/2024\/10\/Baeckoffe.png\",\"contentUrl\":\"https:\/\/lentraide.es\/wp-content\/uploads\/2024\/10\/Baeckoffe.png\",\"width\":309,\"height\":353},{\"@type\":\"BreadcrumbList\",\"@id\":\"https:\/\/lentraide.es\/fr\/tienda\/baeckoffe-de-sanglier-et-cerf-sauvages\/#breadcrumb\",\"itemListElement\":[{\"@type\":\"ListItem\",\"position\":1,\"name\":\"Accueil\",\"item\":\"https:\/\/lentraide.es\/fr\/\"},{\"@type\":\"ListItem\",\"position\":2,\"name\":\"Boutique\",\"item\":\"https:\/\/lentraide.es\/fr\/boutique-new\/\"},{\"@type\":\"ListItem\",\"position\":3,\"name\":\"Baeckoffe de sanglier et cerf sauvages\"}]},{\"@type\":\"WebSite\",\"@id\":\"https:\/\/lentraide.es\/fr\/#website\",\"url\":\"https:\/\/lentraide.es\/fr\/\",\"name\":\"Entraide Fran\u00e7aise\",\"description\":\"Une main tendue vers la France\",\"publisher\":{\"@id\":\"https:\/\/lentraide.es\/fr\/#organization\"},\"alternateName\":\"L'entraide\",\"potentialAction\":[{\"@type\":\"SearchAction\",\"target\":{\"@type\":\"EntryPoint\",\"urlTemplate\":\"https:\/\/lentraide.es\/fr\/?s={search_term_string}\"},\"query-input\":{\"@type\":\"PropertyValueSpecification\",\"valueRequired\":true,\"valueName\":\"search_term_string\"}}],\"inLanguage\":\"es\"},{\"@type\":\"Organization\",\"@id\":\"https:\/\/lentraide.es\/fr\/#organization\",\"name\":\"Entraide Fran\u00e7aise\",\"alternateName\":\"L'entraide\",\"url\":\"https:\/\/lentraide.es\/fr\/\",\"logo\":{\"@type\":\"ImageObject\",\"inLanguage\":\"es\",\"@id\":\"https:\/\/lentraide.es\/fr\/#\/schema\/logo\/image\/\",\"url\":\"https:\/\/lentraide.es\/wp-content\/uploads\/2015\/07\/LOGO-azul2.png\",\"contentUrl\":\"https:\/\/lentraide.es\/wp-content\/uploads\/2015\/07\/LOGO-azul2.png\",\"width\":232,\"height\":146,\"caption\":\"Entraide Fran\u00e7aise\"},\"image\":{\"@id\":\"https:\/\/lentraide.es\/fr\/#\/schema\/logo\/image\/\"},\"sameAs\":[\"https:\/\/www.facebook.com\/entraide.francaisemadrid\",\"https:\/\/www.instagram.com\/entraidefrancaisemadrid\/\"]}]}<\/script>\n<!-- \/ Yoast SEO plugin. -->","yoast_head_json":{"title":"Baeckoffe de sanglier et cerf sauvages | Entraide Fran\u00e7aise","robots":{"index":"index","follow":"follow","max-snippet":"max-snippet:-1","max-image-preview":"max-image-preview:large","max-video-preview":"max-video-preview:-1"},"canonical":"https:\/\/lentraide.es\/fr\/tienda\/baeckoffe-de-sanglier-et-cerf-sauvages\/","og_locale":"fr_FR","og_type":"article","og_title":"Baeckoffe de sanglier et cerf sauvages | Entraide Fran\u00e7aise","og_description":"Je suis Alsacien. Son plat le plus c\u00e9l\u00e8bre, mais dans sa version sauvage. Mon m\u00e9lange de sanglier et de cerf sauvages est mijot\u00e9 au vin rouge, avec un accompagnement v\u00e9g\u00e9tal :\u00a0 pommes de terre, de poireaux, d'oignons et de carottes.  750g","og_url":"https:\/\/lentraide.es\/fr\/tienda\/baeckoffe-de-sanglier-et-cerf-sauvages\/","og_site_name":"Entraide Fran\u00e7aise","article_publisher":"https:\/\/www.facebook.com\/entraide.francaisemadrid","article_modified_time":"2025-12-11T21:38:35+00:00","og_image":[{"width":309,"height":353,"url":"https:\/\/lentraide.es\/wp-content\/uploads\/2024\/10\/Baeckoffe.png","type":"image\/png"}],"twitter_card":"summary_large_image","twitter_misc":{"Tiempo de lectura":"1 minute"},"schema":{"@context":"https:\/\/schema.org","@graph":[{"@type":"WebPage","@id":"https:\/\/lentraide.es\/fr\/tienda\/baeckoffe-de-sanglier-et-cerf-sauvages\/","url":"https:\/\/lentraide.es\/fr\/tienda\/baeckoffe-de-sanglier-et-cerf-sauvages\/","name":"Baeckoffe de sanglier et cerf sauvages | Entraide Fran\u00e7aise","isPartOf":{"@id":"https:\/\/lentraide.es\/fr\/#website"},"primaryImageOfPage":{"@id":"https:\/\/lentraide.es\/fr\/tienda\/baeckoffe-de-sanglier-et-cerf-sauvages\/#primaryimage"},"image":{"@id":"https:\/\/lentraide.es\/fr\/tienda\/baeckoffe-de-sanglier-et-cerf-sauvages\/#primaryimage"},"thumbnailUrl":"https:\/\/lentraide.es\/wp-content\/uploads\/2024\/10\/Baeckoffe.png","datePublished":"2025-10-29T11:02:19+00:00","dateModified":"2025-12-11T21:38:35+00:00","breadcrumb":{"@id":"https:\/\/lentraide.es\/fr\/tienda\/baeckoffe-de-sanglier-et-cerf-sauvages\/#breadcrumb"},"inLanguage":"es","potentialAction":[{"@type":"ReadAction","target":["https:\/\/lentraide.es\/fr\/tienda\/baeckoffe-de-sanglier-et-cerf-sauvages\/"]}]},{"@type":"ImageObject","inLanguage":"es","@id":"https:\/\/lentraide.es\/fr\/tienda\/baeckoffe-de-sanglier-et-cerf-sauvages\/#primaryimage","url":"https:\/\/lentraide.es\/wp-content\/uploads\/2024\/10\/Baeckoffe.png","contentUrl":"https:\/\/lentraide.es\/wp-content\/uploads\/2024\/10\/Baeckoffe.png","width":309,"height":353},{"@type":"BreadcrumbList","@id":"https:\/\/lentraide.es\/fr\/tienda\/baeckoffe-de-sanglier-et-cerf-sauvages\/#breadcrumb","itemListElement":[{"@type":"ListItem","position":1,"name":"Accueil","item":"https:\/\/lentraide.es\/fr\/"},{"@type":"ListItem","position":2,"name":"Boutique","item":"https:\/\/lentraide.es\/fr\/boutique-new\/"},{"@type":"ListItem","position":3,"name":"Baeckoffe de sanglier et cerf sauvages"}]},{"@type":"WebSite","@id":"https:\/\/lentraide.es\/fr\/#website","url":"https:\/\/lentraide.es\/fr\/","name":"Entraide Fran\u00e7aise","description":"Une main tendue vers la France","publisher":{"@id":"https:\/\/lentraide.es\/fr\/#organization"},"alternateName":"L'entraide","potentialAction":[{"@type":"SearchAction","target":{"@type":"EntryPoint","urlTemplate":"https:\/\/lentraide.es\/fr\/?s={search_term_string}"},"query-input":{"@type":"PropertyValueSpecification","valueRequired":true,"valueName":"search_term_string"}}],"inLanguage":"es"},{"@type":"Organization","@id":"https:\/\/lentraide.es\/fr\/#organization","name":"Entraide Fran\u00e7aise","alternateName":"L'entraide","url":"https:\/\/lentraide.es\/fr\/","logo":{"@type":"ImageObject","inLanguage":"es","@id":"https:\/\/lentraide.es\/fr\/#\/schema\/logo\/image\/","url":"https:\/\/lentraide.es\/wp-content\/uploads\/2015\/07\/LOGO-azul2.png","contentUrl":"https:\/\/lentraide.es\/wp-content\/uploads\/2015\/07\/LOGO-azul2.png","width":232,"height":146,"caption":"Entraide Fran\u00e7aise"},"image":{"@id":"https:\/\/lentraide.es\/fr\/#\/schema\/logo\/image\/"},"sameAs":["https:\/\/www.facebook.com\/entraide.francaisemadrid","https:\/\/www.instagram.com\/entraidefrancaisemadrid\/"]}]}},"_links":{"self":[{"href":"https:\/\/lentraide.es\/fr\/wp-json\/wp\/v2\/product\/61876","targetHints":{"allow":["GET"]}}],"collection":[{"href":"https:\/\/lentraide.es\/fr\/wp-json\/wp\/v2\/product"}],"about":[{"href":"https:\/\/lentraide.es\/fr\/wp-json\/wp\/v2\/types\/product"}],"wp:featuredmedia":[{"embeddable":true,"href":"https:\/\/lentraide.es\/fr\/wp-json\/wp\/v2\/media\/61832"}],"wp:attachment":[{"href":"https:\/\/lentraide.es\/fr\/wp-json\/wp\/v2\/media?parent=61876"}],"wp:term":[{"taxonomy":"product_brand","embeddable":true,"href":"https:\/\/lentraide.es\/fr\/wp-json\/wp\/v2\/product_brand?post=61876"},{"taxonomy":"product_cat","embeddable":true,"href":"https:\/\/lentraide.es\/fr\/wp-json\/wp\/v2\/product_cat?post=61876"},{"taxonomy":"product_tag","embeddable":true,"href":"https:\/\/lentraide.es\/fr\/wp-json\/wp\/v2\/product_tag?post=61876"}],"curies":[{"name":"wp","href":"https:\/\/api.w.org\/{rel}","templated":true}]}}