{"id":61969,"date":"2025-10-30T11:59:57","date_gmt":"2025-10-30T10:59:57","guid":{"rendered":"https:\/\/lentraide.es\/?post_type=product&#038;p=61969"},"modified":"2025-12-11T22:38:33","modified_gmt":"2025-12-11T21:38:33","slug":"cote-du-rhone-villages-plan-de-dieu","status":"publish","type":"product","link":"https:\/\/lentraide.es\/fr\/tienda\/cote-du-rhone-villages-plan-de-dieu\/","title":{"rendered":"C\u00d4TE-DU-RH\u00d4NE VILLAGES &#8211; Plan de Dieu"},"content":{"rendered":"","protected":false},"excerpt":{"rendered":"<p>CEPAGE: Grenache, Syrah, Mourv\u00e8dre, Carignan<\/p>\n<p>SOL :Vaste terrasse alluviale du Riss Plan de Dieu<\/p>\n<p>Grenache , Syrah, Mourv\u00e8dre, Carignan<\/p>\n<p>surplombant de 80 \u00e0 150 m d\u2019altitude, deux rivi\u00e8res : l\u2019Aygues et l\u2019Ouv\u00e8ze<\/p>\n<p>Formation\u00a0 g\u00e9ologique compos\u00e9e de galets roul\u00e9s et de graviers calcaires.<\/p>\n<p>VINIFICATION: Les raisins sont \u00e9grapp\u00e9s, foul\u00e9s et vinifi\u00e9s en cuves b\u00e9ton. La vinification est traditionnelle avec des pigeages journaliers et r\u00e9gulation de la temp\u00e9rature.<\/p>\n<p>ELEVAGE: En cuves.<\/p>\n<p>DEGUSTATION:<\/p>\n<p>Robe : grenat profond et tr\u00e8s intense.<\/p>\n<p>Reflets pourpres. Robe brillante.<\/p>\n<p>Nez : ar\u00f4mes de fruits noirs frais : m\u00fbre et cassis, r\u00e9glisse, garrigue et violette<\/p>\n<p>Bouche : de belle et tr\u00e8s savoureuse densit\u00e9.\u00a0 Vin puissant pr\u00e9sentant une finale \u00e9pic\u00e9e et tr\u00e8s aromatique<\/p>\n","protected":false},"featured_media":61958,"template":"","meta":{"_acf_changed":false},"product_brand":[],"product_cat":[166,251],"product_tag":[],"class_list":{"0":"post-61969","1":"product","2":"type-product","3":"status-publish","4":"has-post-thumbnail","6":"product_cat-vente-de-noel","7":"product_cat-vins-noel-entraide","9":"first","10":"outofstock","11":"shipping-taxable","12":"purchasable","13":"product-type-simple"},"acf":[],"yoast_head":"<!-- This site is optimized with the Yoast SEO plugin v26.9 - https:\/\/yoast.com\/product\/yoast-seo-wordpress\/ -->\n<title>C\u00d4TE-DU-RH\u00d4NE VILLAGES - Plan de Dieu | Entraide Fran\u00e7aise<\/title>\n<meta name=\"robots\" content=\"index, follow, max-snippet:-1, max-image-preview:large, max-video-preview:-1\" \/>\n<link rel=\"canonical\" href=\"https:\/\/lentraide.es\/fr\/tienda\/cote-du-rhone-villages-plan-de-dieu\/\" \/>\n<meta property=\"og:locale\" content=\"fr_FR\" \/>\n<meta property=\"og:type\" content=\"article\" \/>\n<meta property=\"og:title\" content=\"C\u00d4TE-DU-RH\u00d4NE VILLAGES - Plan de Dieu | Entraide Fran\u00e7aise\" \/>\n<meta property=\"og:description\" content=\"CEPAGE: Grenache, Syrah, Mourv\u00e8dre, Carignan  SOL :Vaste terrasse alluviale du Riss Plan de Dieu  Grenache , Syrah, Mourv\u00e8dre, Carignan  surplombant de 80 \u00e0 150 m d\u2019altitude, deux rivi\u00e8res : l\u2019Aygues et l\u2019Ouv\u00e8ze  Formation\u00a0 g\u00e9ologique compos\u00e9e de galets roul\u00e9s et de graviers calcaires.  VINIFICATION: Les raisins sont \u00e9grapp\u00e9s, foul\u00e9s et vinifi\u00e9s en cuves b\u00e9ton. La vinification est traditionnelle avec des pigeages journaliers et r\u00e9gulation de la temp\u00e9rature.  ELEVAGE: En cuves.  DEGUSTATION:  Robe : grenat profond et tr\u00e8s intense.  Reflets pourpres. Robe brillante.  Nez : ar\u00f4mes de fruits noirs frais : m\u00fbre et cassis, r\u00e9glisse, garrigue et violette  Bouche : de belle et tr\u00e8s savoureuse densit\u00e9.\u00a0 Vin puissant pr\u00e9sentant une finale \u00e9pic\u00e9e et tr\u00e8s aromatique\" \/>\n<meta property=\"og:url\" content=\"https:\/\/lentraide.es\/fr\/tienda\/cote-du-rhone-villages-plan-de-dieu\/\" \/>\n<meta property=\"og:site_name\" content=\"Entraide Fran\u00e7aise\" \/>\n<meta property=\"article:publisher\" content=\"https:\/\/www.facebook.com\/entraide.francaisemadrid\" \/>\n<meta property=\"article:modified_time\" content=\"2025-12-11T21:38:33+00:00\" \/>\n<meta property=\"og:image\" content=\"https:\/\/lentraide.es\/wp-content\/uploads\/2025\/10\/cote-du-rhones-villages-plan-de-dieu.jpg\" \/>\n\t<meta property=\"og:image:width\" content=\"204\" \/>\n\t<meta property=\"og:image:height\" content=\"652\" \/>\n\t<meta property=\"og:image:type\" content=\"image\/jpeg\" \/>\n<meta name=\"twitter:card\" content=\"summary_large_image\" \/>\n<meta name=\"twitter:label1\" content=\"Tiempo de lectura\" \/>\n\t<meta name=\"twitter:data1\" content=\"1 minute\" \/>\n<script type=\"application\/ld+json\" class=\"yoast-schema-graph\">{\"@context\":\"https:\/\/schema.org\",\"@graph\":[{\"@type\":\"WebPage\",\"@id\":\"https:\/\/lentraide.es\/fr\/tienda\/cote-du-rhone-villages-plan-de-dieu\/\",\"url\":\"https:\/\/lentraide.es\/fr\/tienda\/cote-du-rhone-villages-plan-de-dieu\/\",\"name\":\"C\u00d4TE-DU-RH\u00d4NE VILLAGES - Plan de Dieu | Entraide Fran\u00e7aise\",\"isPartOf\":{\"@id\":\"https:\/\/lentraide.es\/fr\/#website\"},\"primaryImageOfPage\":{\"@id\":\"https:\/\/lentraide.es\/fr\/tienda\/cote-du-rhone-villages-plan-de-dieu\/#primaryimage\"},\"image\":{\"@id\":\"https:\/\/lentraide.es\/fr\/tienda\/cote-du-rhone-villages-plan-de-dieu\/#primaryimage\"},\"thumbnailUrl\":\"https:\/\/lentraide.es\/wp-content\/uploads\/2025\/10\/cote-du-rhones-villages-plan-de-dieu.jpg\",\"datePublished\":\"2025-10-30T10:59:57+00:00\",\"dateModified\":\"2025-12-11T21:38:33+00:00\",\"breadcrumb\":{\"@id\":\"https:\/\/lentraide.es\/fr\/tienda\/cote-du-rhone-villages-plan-de-dieu\/#breadcrumb\"},\"inLanguage\":\"es\",\"potentialAction\":[{\"@type\":\"ReadAction\",\"target\":[\"https:\/\/lentraide.es\/fr\/tienda\/cote-du-rhone-villages-plan-de-dieu\/\"]}]},{\"@type\":\"ImageObject\",\"inLanguage\":\"es\",\"@id\":\"https:\/\/lentraide.es\/fr\/tienda\/cote-du-rhone-villages-plan-de-dieu\/#primaryimage\",\"url\":\"https:\/\/lentraide.es\/wp-content\/uploads\/2025\/10\/cote-du-rhones-villages-plan-de-dieu.jpg\",\"contentUrl\":\"https:\/\/lentraide.es\/wp-content\/uploads\/2025\/10\/cote-du-rhones-villages-plan-de-dieu.jpg\",\"width\":204,\"height\":652},{\"@type\":\"BreadcrumbList\",\"@id\":\"https:\/\/lentraide.es\/fr\/tienda\/cote-du-rhone-villages-plan-de-dieu\/#breadcrumb\",\"itemListElement\":[{\"@type\":\"ListItem\",\"position\":1,\"name\":\"Accueil\",\"item\":\"https:\/\/lentraide.es\/fr\/\"},{\"@type\":\"ListItem\",\"position\":2,\"name\":\"Boutique\",\"item\":\"https:\/\/lentraide.es\/fr\/boutique-new\/\"},{\"@type\":\"ListItem\",\"position\":3,\"name\":\"C\u00d4TE-DU-RH\u00d4NE VILLAGES &#8211; Plan de Dieu\"}]},{\"@type\":\"WebSite\",\"@id\":\"https:\/\/lentraide.es\/fr\/#website\",\"url\":\"https:\/\/lentraide.es\/fr\/\",\"name\":\"Entraide Fran\u00e7aise\",\"description\":\"Une main tendue vers la France\",\"publisher\":{\"@id\":\"https:\/\/lentraide.es\/fr\/#organization\"},\"alternateName\":\"L'entraide\",\"potentialAction\":[{\"@type\":\"SearchAction\",\"target\":{\"@type\":\"EntryPoint\",\"urlTemplate\":\"https:\/\/lentraide.es\/fr\/?s={search_term_string}\"},\"query-input\":{\"@type\":\"PropertyValueSpecification\",\"valueRequired\":true,\"valueName\":\"search_term_string\"}}],\"inLanguage\":\"es\"},{\"@type\":\"Organization\",\"@id\":\"https:\/\/lentraide.es\/fr\/#organization\",\"name\":\"Entraide Fran\u00e7aise\",\"alternateName\":\"L'entraide\",\"url\":\"https:\/\/lentraide.es\/fr\/\",\"logo\":{\"@type\":\"ImageObject\",\"inLanguage\":\"es\",\"@id\":\"https:\/\/lentraide.es\/fr\/#\/schema\/logo\/image\/\",\"url\":\"https:\/\/lentraide.es\/wp-content\/uploads\/2015\/07\/LOGO-azul2.png\",\"contentUrl\":\"https:\/\/lentraide.es\/wp-content\/uploads\/2015\/07\/LOGO-azul2.png\",\"width\":232,\"height\":146,\"caption\":\"Entraide Fran\u00e7aise\"},\"image\":{\"@id\":\"https:\/\/lentraide.es\/fr\/#\/schema\/logo\/image\/\"},\"sameAs\":[\"https:\/\/www.facebook.com\/entraide.francaisemadrid\",\"https:\/\/www.instagram.com\/entraidefrancaisemadrid\/\"]}]}<\/script>\n<!-- \/ Yoast SEO plugin. -->","yoast_head_json":{"title":"C\u00d4TE-DU-RH\u00d4NE VILLAGES - Plan de Dieu | Entraide Fran\u00e7aise","robots":{"index":"index","follow":"follow","max-snippet":"max-snippet:-1","max-image-preview":"max-image-preview:large","max-video-preview":"max-video-preview:-1"},"canonical":"https:\/\/lentraide.es\/fr\/tienda\/cote-du-rhone-villages-plan-de-dieu\/","og_locale":"fr_FR","og_type":"article","og_title":"C\u00d4TE-DU-RH\u00d4NE VILLAGES - Plan de Dieu | Entraide Fran\u00e7aise","og_description":"CEPAGE: Grenache, Syrah, Mourv\u00e8dre, Carignan  SOL :Vaste terrasse alluviale du Riss Plan de Dieu  Grenache , Syrah, Mourv\u00e8dre, Carignan  surplombant de 80 \u00e0 150 m d\u2019altitude, deux rivi\u00e8res : l\u2019Aygues et l\u2019Ouv\u00e8ze  Formation\u00a0 g\u00e9ologique compos\u00e9e de galets roul\u00e9s et de graviers calcaires.  VINIFICATION: Les raisins sont \u00e9grapp\u00e9s, foul\u00e9s et vinifi\u00e9s en cuves b\u00e9ton. La vinification est traditionnelle avec des pigeages journaliers et r\u00e9gulation de la temp\u00e9rature.  ELEVAGE: En cuves.  DEGUSTATION:  Robe : grenat profond et tr\u00e8s intense.  Reflets pourpres. Robe brillante.  Nez : ar\u00f4mes de fruits noirs frais : m\u00fbre et cassis, r\u00e9glisse, garrigue et violette  Bouche : de belle et tr\u00e8s savoureuse densit\u00e9.\u00a0 Vin puissant pr\u00e9sentant une finale \u00e9pic\u00e9e et tr\u00e8s aromatique","og_url":"https:\/\/lentraide.es\/fr\/tienda\/cote-du-rhone-villages-plan-de-dieu\/","og_site_name":"Entraide Fran\u00e7aise","article_publisher":"https:\/\/www.facebook.com\/entraide.francaisemadrid","article_modified_time":"2025-12-11T21:38:33+00:00","og_image":[{"width":204,"height":652,"url":"https:\/\/lentraide.es\/wp-content\/uploads\/2025\/10\/cote-du-rhones-villages-plan-de-dieu.jpg","type":"image\/jpeg"}],"twitter_card":"summary_large_image","twitter_misc":{"Tiempo de lectura":"1 minute"},"schema":{"@context":"https:\/\/schema.org","@graph":[{"@type":"WebPage","@id":"https:\/\/lentraide.es\/fr\/tienda\/cote-du-rhone-villages-plan-de-dieu\/","url":"https:\/\/lentraide.es\/fr\/tienda\/cote-du-rhone-villages-plan-de-dieu\/","name":"C\u00d4TE-DU-RH\u00d4NE VILLAGES - Plan de Dieu | Entraide Fran\u00e7aise","isPartOf":{"@id":"https:\/\/lentraide.es\/fr\/#website"},"primaryImageOfPage":{"@id":"https:\/\/lentraide.es\/fr\/tienda\/cote-du-rhone-villages-plan-de-dieu\/#primaryimage"},"image":{"@id":"https:\/\/lentraide.es\/fr\/tienda\/cote-du-rhone-villages-plan-de-dieu\/#primaryimage"},"thumbnailUrl":"https:\/\/lentraide.es\/wp-content\/uploads\/2025\/10\/cote-du-rhones-villages-plan-de-dieu.jpg","datePublished":"2025-10-30T10:59:57+00:00","dateModified":"2025-12-11T21:38:33+00:00","breadcrumb":{"@id":"https:\/\/lentraide.es\/fr\/tienda\/cote-du-rhone-villages-plan-de-dieu\/#breadcrumb"},"inLanguage":"es","potentialAction":[{"@type":"ReadAction","target":["https:\/\/lentraide.es\/fr\/tienda\/cote-du-rhone-villages-plan-de-dieu\/"]}]},{"@type":"ImageObject","inLanguage":"es","@id":"https:\/\/lentraide.es\/fr\/tienda\/cote-du-rhone-villages-plan-de-dieu\/#primaryimage","url":"https:\/\/lentraide.es\/wp-content\/uploads\/2025\/10\/cote-du-rhones-villages-plan-de-dieu.jpg","contentUrl":"https:\/\/lentraide.es\/wp-content\/uploads\/2025\/10\/cote-du-rhones-villages-plan-de-dieu.jpg","width":204,"height":652},{"@type":"BreadcrumbList","@id":"https:\/\/lentraide.es\/fr\/tienda\/cote-du-rhone-villages-plan-de-dieu\/#breadcrumb","itemListElement":[{"@type":"ListItem","position":1,"name":"Accueil","item":"https:\/\/lentraide.es\/fr\/"},{"@type":"ListItem","position":2,"name":"Boutique","item":"https:\/\/lentraide.es\/fr\/boutique-new\/"},{"@type":"ListItem","position":3,"name":"C\u00d4TE-DU-RH\u00d4NE VILLAGES &#8211; Plan de Dieu"}]},{"@type":"WebSite","@id":"https:\/\/lentraide.es\/fr\/#website","url":"https:\/\/lentraide.es\/fr\/","name":"Entraide Fran\u00e7aise","description":"Une main tendue vers la France","publisher":{"@id":"https:\/\/lentraide.es\/fr\/#organization"},"alternateName":"L'entraide","potentialAction":[{"@type":"SearchAction","target":{"@type":"EntryPoint","urlTemplate":"https:\/\/lentraide.es\/fr\/?s={search_term_string}"},"query-input":{"@type":"PropertyValueSpecification","valueRequired":true,"valueName":"search_term_string"}}],"inLanguage":"es"},{"@type":"Organization","@id":"https:\/\/lentraide.es\/fr\/#organization","name":"Entraide Fran\u00e7aise","alternateName":"L'entraide","url":"https:\/\/lentraide.es\/fr\/","logo":{"@type":"ImageObject","inLanguage":"es","@id":"https:\/\/lentraide.es\/fr\/#\/schema\/logo\/image\/","url":"https:\/\/lentraide.es\/wp-content\/uploads\/2015\/07\/LOGO-azul2.png","contentUrl":"https:\/\/lentraide.es\/wp-content\/uploads\/2015\/07\/LOGO-azul2.png","width":232,"height":146,"caption":"Entraide Fran\u00e7aise"},"image":{"@id":"https:\/\/lentraide.es\/fr\/#\/schema\/logo\/image\/"},"sameAs":["https:\/\/www.facebook.com\/entraide.francaisemadrid","https:\/\/www.instagram.com\/entraidefrancaisemadrid\/"]}]}},"_links":{"self":[{"href":"https:\/\/lentraide.es\/fr\/wp-json\/wp\/v2\/product\/61969","targetHints":{"allow":["GET"]}}],"collection":[{"href":"https:\/\/lentraide.es\/fr\/wp-json\/wp\/v2\/product"}],"about":[{"href":"https:\/\/lentraide.es\/fr\/wp-json\/wp\/v2\/types\/product"}],"wp:featuredmedia":[{"embeddable":true,"href":"https:\/\/lentraide.es\/fr\/wp-json\/wp\/v2\/media\/61958"}],"wp:attachment":[{"href":"https:\/\/lentraide.es\/fr\/wp-json\/wp\/v2\/media?parent=61969"}],"wp:term":[{"taxonomy":"product_brand","embeddable":true,"href":"https:\/\/lentraide.es\/fr\/wp-json\/wp\/v2\/product_brand?post=61969"},{"taxonomy":"product_cat","embeddable":true,"href":"https:\/\/lentraide.es\/fr\/wp-json\/wp\/v2\/product_cat?post=61969"},{"taxonomy":"product_tag","embeddable":true,"href":"https:\/\/lentraide.es\/fr\/wp-json\/wp\/v2\/product_tag?post=61969"}],"curies":[{"name":"wp","href":"https:\/\/api.w.org\/{rel}","templated":true}]}}