{"id":61980,"date":"2025-10-30T12:06:47","date_gmt":"2025-10-30T11:06:47","guid":{"rendered":"https:\/\/lentraide.es\/?post_type=product&#038;p=61980"},"modified":"2025-12-11T22:38:33","modified_gmt":"2025-12-11T21:38:33","slug":"dominio-del-soto-blanco-ribera-del-duero","status":"publish","type":"product","link":"https:\/\/lentraide.es\/fr\/tienda\/dominio-del-soto-blanco-ribera-del-duero\/","title":{"rendered":"Dominio del Soto Blanco &#8211; Ribera del Duero"},"content":{"rendered":"","protected":false},"excerpt":{"rendered":"<p>CEPAGE : 100\u00a0% Albillo mayor.<\/p>\n<p>Sol argilo-calcaire. Climat m\u00e9diterran\u00e9en \u00e0 tendance continentale caract\u00e9ris\u00e9e par des hivers rigoureux Avec des \u00e9t\u00e9s chauds et secs avec une amplitude thermique importante entre le jour et la nuit. La r\u00e9colte est effectu\u00e9e manuellement dans des caisses. Vinification : Pressurage de grappes enti\u00e8res, soutirage \u00e0 froid statique, fermentation avec levures en cuves inox (70\u00a0%) et demi-muids (30\u00a0%). Pas de fermentation malolactique.<\/p>\n<p>ELEVAGE : Le vin a \u00e9t\u00e9 \u00e9lev\u00e9 sur lies pendant 12 mois.<\/p>\n<p>Couleur : jaune dor\u00e9. Nez : il est complexe, avec des ar\u00f4mes fruit\u00e9s de poire et de fleur blanche, mais aussi avec des notes de Ar\u00f4mes fum\u00e9s et beurr\u00e9s.<\/p>\n<p>Bouche : le vin pr\u00e9sente une structure magnifique, beaucoup de rondeur et une finale fum\u00e9e et saline, offrant une grande persistance.<\/p>\n<p>Temp\u00e9rature de service : 10-12\u00ba C.<\/p>\n<p>Conservation : De 2 \u00e0 4 ans.<\/p>\n","protected":false},"featured_media":61962,"template":"","meta":{"_acf_changed":false},"product_brand":[],"product_cat":[166,251],"product_tag":[],"class_list":{"0":"post-61980","1":"product","2":"type-product","3":"status-publish","4":"has-post-thumbnail","6":"product_cat-vente-de-noel","7":"product_cat-vins-noel-entraide","9":"first","10":"outofstock","11":"shipping-taxable","12":"purchasable","13":"product-type-simple"},"acf":[],"yoast_head":"<!-- This site is optimized with the Yoast SEO plugin v27.3 - https:\/\/yoast.com\/product\/yoast-seo-wordpress\/ -->\n<title>Dominio del Soto Blanco - Ribera del Duero | Entraide Fran\u00e7aise<\/title>\n<meta name=\"robots\" content=\"index, follow, max-snippet:-1, max-image-preview:large, max-video-preview:-1\" \/>\n<link rel=\"canonical\" href=\"https:\/\/lentraide.es\/fr\/tienda\/dominio-del-soto-blanco-ribera-del-duero\/\" \/>\n<meta property=\"og:locale\" content=\"fr_FR\" \/>\n<meta property=\"og:type\" content=\"article\" \/>\n<meta property=\"og:title\" content=\"Dominio del Soto Blanco - Ribera del Duero | Entraide Fran\u00e7aise\" \/>\n<meta property=\"og:description\" content=\"CEPAGE : 100\u00a0% Albillo mayor.  Sol argilo-calcaire. Climat m\u00e9diterran\u00e9en \u00e0 tendance continentale caract\u00e9ris\u00e9e par des hivers rigoureux Avec des \u00e9t\u00e9s chauds et secs avec une amplitude thermique importante entre le jour et la nuit. La r\u00e9colte est effectu\u00e9e manuellement dans des caisses. Vinification : Pressurage de grappes enti\u00e8res, soutirage \u00e0 froid statique, fermentation avec levures en cuves inox (70\u00a0%) et demi-muids (30\u00a0%). Pas de fermentation malolactique.  ELEVAGE : Le vin a \u00e9t\u00e9 \u00e9lev\u00e9 sur lies pendant 12 mois.  Couleur : jaune dor\u00e9. Nez : il est complexe, avec des ar\u00f4mes fruit\u00e9s de poire et de fleur blanche, mais aussi avec des notes de Ar\u00f4mes fum\u00e9s et beurr\u00e9s.  Bouche : le vin pr\u00e9sente une structure magnifique, beaucoup de rondeur et une finale fum\u00e9e et saline, offrant une grande persistance.  Temp\u00e9rature de service : 10-12\u00ba C.  Conservation : De 2 \u00e0 4 ans.\" \/>\n<meta property=\"og:url\" content=\"https:\/\/lentraide.es\/fr\/tienda\/dominio-del-soto-blanco-ribera-del-duero\/\" \/>\n<meta property=\"og:site_name\" content=\"Entraide Fran\u00e7aise\" \/>\n<meta property=\"article:publisher\" content=\"https:\/\/www.facebook.com\/entraide.francaisemadrid\" \/>\n<meta property=\"article:modified_time\" content=\"2025-12-11T21:38:33+00:00\" \/>\n<meta property=\"og:image\" content=\"https:\/\/lentraide.es\/wp-content\/uploads\/2025\/10\/Dominio-del-soto-blanco.jpg\" \/>\n\t<meta property=\"og:image:width\" content=\"171\" \/>\n\t<meta property=\"og:image:height\" content=\"574\" \/>\n\t<meta property=\"og:image:type\" content=\"image\/jpeg\" \/>\n<meta name=\"twitter:card\" content=\"summary_large_image\" \/>\n<meta name=\"twitter:label1\" content=\"Tiempo de lectura\" \/>\n\t<meta name=\"twitter:data1\" content=\"1 minute\" \/>\n<script type=\"application\/ld+json\" class=\"yoast-schema-graph\">{\"@context\":\"https:\\\/\\\/schema.org\",\"@graph\":[{\"@type\":\"WebPage\",\"@id\":\"https:\\\/\\\/lentraide.es\\\/fr\\\/tienda\\\/dominio-del-soto-blanco-ribera-del-duero\\\/\",\"url\":\"https:\\\/\\\/lentraide.es\\\/fr\\\/tienda\\\/dominio-del-soto-blanco-ribera-del-duero\\\/\",\"name\":\"Dominio del Soto Blanco - Ribera del Duero | Entraide Fran\u00e7aise\",\"isPartOf\":{\"@id\":\"https:\\\/\\\/lentraide.es\\\/fr\\\/#website\"},\"primaryImageOfPage\":{\"@id\":\"https:\\\/\\\/lentraide.es\\\/fr\\\/tienda\\\/dominio-del-soto-blanco-ribera-del-duero\\\/#primaryimage\"},\"image\":{\"@id\":\"https:\\\/\\\/lentraide.es\\\/fr\\\/tienda\\\/dominio-del-soto-blanco-ribera-del-duero\\\/#primaryimage\"},\"thumbnailUrl\":\"https:\\\/\\\/lentraide.es\\\/wp-content\\\/uploads\\\/2025\\\/10\\\/Dominio-del-soto-blanco.jpg\",\"datePublished\":\"2025-10-30T11:06:47+00:00\",\"dateModified\":\"2025-12-11T21:38:33+00:00\",\"breadcrumb\":{\"@id\":\"https:\\\/\\\/lentraide.es\\\/fr\\\/tienda\\\/dominio-del-soto-blanco-ribera-del-duero\\\/#breadcrumb\"},\"inLanguage\":\"es\",\"potentialAction\":[{\"@type\":\"ReadAction\",\"target\":[\"https:\\\/\\\/lentraide.es\\\/fr\\\/tienda\\\/dominio-del-soto-blanco-ribera-del-duero\\\/\"]}]},{\"@type\":\"ImageObject\",\"inLanguage\":\"es\",\"@id\":\"https:\\\/\\\/lentraide.es\\\/fr\\\/tienda\\\/dominio-del-soto-blanco-ribera-del-duero\\\/#primaryimage\",\"url\":\"https:\\\/\\\/lentraide.es\\\/wp-content\\\/uploads\\\/2025\\\/10\\\/Dominio-del-soto-blanco.jpg\",\"contentUrl\":\"https:\\\/\\\/lentraide.es\\\/wp-content\\\/uploads\\\/2025\\\/10\\\/Dominio-del-soto-blanco.jpg\",\"width\":171,\"height\":574},{\"@type\":\"BreadcrumbList\",\"@id\":\"https:\\\/\\\/lentraide.es\\\/fr\\\/tienda\\\/dominio-del-soto-blanco-ribera-del-duero\\\/#breadcrumb\",\"itemListElement\":[{\"@type\":\"ListItem\",\"position\":1,\"name\":\"Accueil\",\"item\":\"https:\\\/\\\/lentraide.es\\\/fr\\\/\"},{\"@type\":\"ListItem\",\"position\":2,\"name\":\"Boutique\",\"item\":\"https:\\\/\\\/lentraide.es\\\/fr\\\/boutique-new\\\/\"},{\"@type\":\"ListItem\",\"position\":3,\"name\":\"Dominio del Soto Blanco &#8211; Ribera del Duero\"}]},{\"@type\":\"WebSite\",\"@id\":\"https:\\\/\\\/lentraide.es\\\/fr\\\/#website\",\"url\":\"https:\\\/\\\/lentraide.es\\\/fr\\\/\",\"name\":\"Entraide Fran\u00e7aise\",\"description\":\"Une main tendue vers la France\",\"publisher\":{\"@id\":\"https:\\\/\\\/lentraide.es\\\/fr\\\/#organization\"},\"alternateName\":\"L'entraide\",\"potentialAction\":[{\"@type\":\"SearchAction\",\"target\":{\"@type\":\"EntryPoint\",\"urlTemplate\":\"https:\\\/\\\/lentraide.es\\\/fr\\\/?s={search_term_string}\"},\"query-input\":{\"@type\":\"PropertyValueSpecification\",\"valueRequired\":true,\"valueName\":\"search_term_string\"}}],\"inLanguage\":\"es\"},{\"@type\":\"Organization\",\"@id\":\"https:\\\/\\\/lentraide.es\\\/fr\\\/#organization\",\"name\":\"Entraide Fran\u00e7aise\",\"alternateName\":\"L'entraide\",\"url\":\"https:\\\/\\\/lentraide.es\\\/fr\\\/\",\"logo\":{\"@type\":\"ImageObject\",\"inLanguage\":\"es\",\"@id\":\"https:\\\/\\\/lentraide.es\\\/fr\\\/#\\\/schema\\\/logo\\\/image\\\/\",\"url\":\"https:\\\/\\\/lentraide.es\\\/wp-content\\\/uploads\\\/2015\\\/07\\\/LOGO-azul2.png\",\"contentUrl\":\"https:\\\/\\\/lentraide.es\\\/wp-content\\\/uploads\\\/2015\\\/07\\\/LOGO-azul2.png\",\"width\":232,\"height\":146,\"caption\":\"Entraide Fran\u00e7aise\"},\"image\":{\"@id\":\"https:\\\/\\\/lentraide.es\\\/fr\\\/#\\\/schema\\\/logo\\\/image\\\/\"},\"sameAs\":[\"https:\\\/\\\/www.facebook.com\\\/entraide.francaisemadrid\",\"https:\\\/\\\/www.instagram.com\\\/entraidefrancaisemadrid\\\/\"]}]}<\/script>\n<!-- \/ Yoast SEO plugin. -->","yoast_head_json":{"title":"Dominio del Soto Blanco - Ribera del Duero | Entraide Fran\u00e7aise","robots":{"index":"index","follow":"follow","max-snippet":"max-snippet:-1","max-image-preview":"max-image-preview:large","max-video-preview":"max-video-preview:-1"},"canonical":"https:\/\/lentraide.es\/fr\/tienda\/dominio-del-soto-blanco-ribera-del-duero\/","og_locale":"fr_FR","og_type":"article","og_title":"Dominio del Soto Blanco - Ribera del Duero | Entraide Fran\u00e7aise","og_description":"CEPAGE : 100\u00a0% Albillo mayor.  Sol argilo-calcaire. Climat m\u00e9diterran\u00e9en \u00e0 tendance continentale caract\u00e9ris\u00e9e par des hivers rigoureux Avec des \u00e9t\u00e9s chauds et secs avec une amplitude thermique importante entre le jour et la nuit. La r\u00e9colte est effectu\u00e9e manuellement dans des caisses. Vinification : Pressurage de grappes enti\u00e8res, soutirage \u00e0 froid statique, fermentation avec levures en cuves inox (70\u00a0%) et demi-muids (30\u00a0%). Pas de fermentation malolactique.  ELEVAGE : Le vin a \u00e9t\u00e9 \u00e9lev\u00e9 sur lies pendant 12 mois.  Couleur : jaune dor\u00e9. Nez : il est complexe, avec des ar\u00f4mes fruit\u00e9s de poire et de fleur blanche, mais aussi avec des notes de Ar\u00f4mes fum\u00e9s et beurr\u00e9s.  Bouche : le vin pr\u00e9sente une structure magnifique, beaucoup de rondeur et une finale fum\u00e9e et saline, offrant une grande persistance.  Temp\u00e9rature de service : 10-12\u00ba C.  Conservation : De 2 \u00e0 4 ans.","og_url":"https:\/\/lentraide.es\/fr\/tienda\/dominio-del-soto-blanco-ribera-del-duero\/","og_site_name":"Entraide Fran\u00e7aise","article_publisher":"https:\/\/www.facebook.com\/entraide.francaisemadrid","article_modified_time":"2025-12-11T21:38:33+00:00","og_image":[{"width":171,"height":574,"url":"https:\/\/lentraide.es\/wp-content\/uploads\/2025\/10\/Dominio-del-soto-blanco.jpg","type":"image\/jpeg"}],"twitter_card":"summary_large_image","twitter_misc":{"Tiempo de lectura":"1 minute"},"schema":{"@context":"https:\/\/schema.org","@graph":[{"@type":"WebPage","@id":"https:\/\/lentraide.es\/fr\/tienda\/dominio-del-soto-blanco-ribera-del-duero\/","url":"https:\/\/lentraide.es\/fr\/tienda\/dominio-del-soto-blanco-ribera-del-duero\/","name":"Dominio del Soto Blanco - Ribera del Duero | Entraide Fran\u00e7aise","isPartOf":{"@id":"https:\/\/lentraide.es\/fr\/#website"},"primaryImageOfPage":{"@id":"https:\/\/lentraide.es\/fr\/tienda\/dominio-del-soto-blanco-ribera-del-duero\/#primaryimage"},"image":{"@id":"https:\/\/lentraide.es\/fr\/tienda\/dominio-del-soto-blanco-ribera-del-duero\/#primaryimage"},"thumbnailUrl":"https:\/\/lentraide.es\/wp-content\/uploads\/2025\/10\/Dominio-del-soto-blanco.jpg","datePublished":"2025-10-30T11:06:47+00:00","dateModified":"2025-12-11T21:38:33+00:00","breadcrumb":{"@id":"https:\/\/lentraide.es\/fr\/tienda\/dominio-del-soto-blanco-ribera-del-duero\/#breadcrumb"},"inLanguage":"es","potentialAction":[{"@type":"ReadAction","target":["https:\/\/lentraide.es\/fr\/tienda\/dominio-del-soto-blanco-ribera-del-duero\/"]}]},{"@type":"ImageObject","inLanguage":"es","@id":"https:\/\/lentraide.es\/fr\/tienda\/dominio-del-soto-blanco-ribera-del-duero\/#primaryimage","url":"https:\/\/lentraide.es\/wp-content\/uploads\/2025\/10\/Dominio-del-soto-blanco.jpg","contentUrl":"https:\/\/lentraide.es\/wp-content\/uploads\/2025\/10\/Dominio-del-soto-blanco.jpg","width":171,"height":574},{"@type":"BreadcrumbList","@id":"https:\/\/lentraide.es\/fr\/tienda\/dominio-del-soto-blanco-ribera-del-duero\/#breadcrumb","itemListElement":[{"@type":"ListItem","position":1,"name":"Accueil","item":"https:\/\/lentraide.es\/fr\/"},{"@type":"ListItem","position":2,"name":"Boutique","item":"https:\/\/lentraide.es\/fr\/boutique-new\/"},{"@type":"ListItem","position":3,"name":"Dominio del Soto Blanco &#8211; Ribera del Duero"}]},{"@type":"WebSite","@id":"https:\/\/lentraide.es\/fr\/#website","url":"https:\/\/lentraide.es\/fr\/","name":"Entraide Fran\u00e7aise","description":"Une main tendue vers la France","publisher":{"@id":"https:\/\/lentraide.es\/fr\/#organization"},"alternateName":"L'entraide","potentialAction":[{"@type":"SearchAction","target":{"@type":"EntryPoint","urlTemplate":"https:\/\/lentraide.es\/fr\/?s={search_term_string}"},"query-input":{"@type":"PropertyValueSpecification","valueRequired":true,"valueName":"search_term_string"}}],"inLanguage":"es"},{"@type":"Organization","@id":"https:\/\/lentraide.es\/fr\/#organization","name":"Entraide Fran\u00e7aise","alternateName":"L'entraide","url":"https:\/\/lentraide.es\/fr\/","logo":{"@type":"ImageObject","inLanguage":"es","@id":"https:\/\/lentraide.es\/fr\/#\/schema\/logo\/image\/","url":"https:\/\/lentraide.es\/wp-content\/uploads\/2015\/07\/LOGO-azul2.png","contentUrl":"https:\/\/lentraide.es\/wp-content\/uploads\/2015\/07\/LOGO-azul2.png","width":232,"height":146,"caption":"Entraide Fran\u00e7aise"},"image":{"@id":"https:\/\/lentraide.es\/fr\/#\/schema\/logo\/image\/"},"sameAs":["https:\/\/www.facebook.com\/entraide.francaisemadrid","https:\/\/www.instagram.com\/entraidefrancaisemadrid\/"]}]}},"_links":{"self":[{"href":"https:\/\/lentraide.es\/fr\/wp-json\/wp\/v2\/product\/61980","targetHints":{"allow":["GET"]}}],"collection":[{"href":"https:\/\/lentraide.es\/fr\/wp-json\/wp\/v2\/product"}],"about":[{"href":"https:\/\/lentraide.es\/fr\/wp-json\/wp\/v2\/types\/product"}],"wp:featuredmedia":[{"embeddable":true,"href":"https:\/\/lentraide.es\/fr\/wp-json\/wp\/v2\/media\/61962"}],"wp:attachment":[{"href":"https:\/\/lentraide.es\/fr\/wp-json\/wp\/v2\/media?parent=61980"}],"wp:term":[{"taxonomy":"product_brand","embeddable":true,"href":"https:\/\/lentraide.es\/fr\/wp-json\/wp\/v2\/product_brand?post=61980"},{"taxonomy":"product_cat","embeddable":true,"href":"https:\/\/lentraide.es\/fr\/wp-json\/wp\/v2\/product_cat?post=61980"},{"taxonomy":"product_tag","embeddable":true,"href":"https:\/\/lentraide.es\/fr\/wp-json\/wp\/v2\/product_tag?post=61980"}],"curies":[{"name":"wp","href":"https:\/\/api.w.org\/{rel}","templated":true}]}}