{"id":62005,"date":"2025-10-30T17:03:09","date_gmt":"2025-10-30T16:03:09","guid":{"rendered":"https:\/\/lentraide.es\/?post_type=product&#038;p=62005"},"modified":"2025-12-11T22:38:30","modified_gmt":"2025-12-11T21:38:30","slug":"champagne-brut-la-vallee","status":"publish","type":"product","link":"https:\/\/lentraide.es\/fr\/tienda\/champagne-brut-la-vallee\/","title":{"rendered":"Champagne Brut La Malaurie &#8211; La Vall\u00e9e"},"content":{"rendered":"","protected":false},"excerpt":{"rendered":"<p><strong>Champagnes LA MALAURIE \u2013 Famille THIBAUT<\/strong><\/p>\n<p><strong>Brut<\/strong><\/p>\n<h4><strong><em>La Vall\u00e9e<\/em><\/strong><\/h4>\n<p class=\"mt-4\"><em>Assemblage de trois c\u00e9pages champenois de vignes de la r\u00e9gion d\u2019Epernay.<\/em><\/p>\n<p>&#8212;&#8212;&#8212;&#8212;&#8212;&#8211;<\/p>\n<p>Pour les ventes sur le site web, il est IMP\u00c9RATIF de choisir la modalit\u00e9 de livraison via le produit Livraison : <a href=\"https:\/\/lentraide.es\/fr\/tienda\/livraison-champagne-vins\/\">https:\/\/lentraide.es\/fr\/tienda\/livraison-champagne-vins\/ <\/a><\/p>\n<p>le transport est GRATUIT sur MADRID (Province de Madrid) en dehors de ce p\u00e9rim\u00e8tre, il vous est demand\u00e9 10 \u20ac pour une ou deux caisses, et 15 \u20ac pour 3 caisses et plus. Iles Bal\u00e9ares et Canaries, merci de vous renseigner aupr\u00e8s de Bruno 639 70 79 02.<\/p>\n","protected":false},"featured_media":61670,"template":"","meta":{"_acf_changed":false},"product_brand":[],"product_cat":[243,166],"product_tag":[],"class_list":{"0":"post-62005","1":"product","2":"type-product","3":"status-publish","4":"has-post-thumbnail","6":"product_cat-champagne-noel","7":"product_cat-vente-de-noel","9":"first","10":"outofstock","11":"shipping-taxable","12":"purchasable","13":"product-type-simple"},"acf":[],"yoast_head":"<!-- This site is optimized with the Yoast SEO plugin v26.9 - https:\/\/yoast.com\/product\/yoast-seo-wordpress\/ -->\n<title>Champagne Brut La Malaurie - La Vall\u00e9e | Entraide Fran\u00e7aise<\/title>\n<meta name=\"robots\" content=\"index, follow, max-snippet:-1, max-image-preview:large, max-video-preview:-1\" \/>\n<link rel=\"canonical\" href=\"https:\/\/lentraide.es\/fr\/tienda\/champagne-brut-la-vallee\/\" \/>\n<meta property=\"og:locale\" content=\"fr_FR\" \/>\n<meta property=\"og:type\" content=\"article\" \/>\n<meta property=\"og:title\" content=\"Champagne Brut La Malaurie - La Vall\u00e9e | Entraide Fran\u00e7aise\" \/>\n<meta property=\"og:description\" content=\"Champagnes LA MALAURIE \u2013 Famille THIBAUT  Brut La Vall\u00e9e Assemblage de trois c\u00e9pages champenois de vignes de la r\u00e9gion d\u2019Epernay. -----------------  Pour les ventes sur le site web, il est IMP\u00c9RATIF de choisir la modalit\u00e9 de livraison via le produit Livraison : https:\/\/lentraide.es\/fr\/tienda\/livraison-champagne-vins\/   le transport est GRATUIT sur MADRID (Province de Madrid) en dehors de ce p\u00e9rim\u00e8tre, il vous est demand\u00e9 10 \u20ac pour une ou deux caisses, et 15 \u20ac pour 3 caisses et plus. Iles Bal\u00e9ares et Canaries, merci de vous renseigner aupr\u00e8s de Bruno 639 70 79 02.\" \/>\n<meta property=\"og:url\" content=\"https:\/\/lentraide.es\/fr\/tienda\/champagne-brut-la-vallee\/\" \/>\n<meta property=\"og:site_name\" content=\"Entraide Fran\u00e7aise\" \/>\n<meta property=\"article:publisher\" content=\"https:\/\/www.facebook.com\/entraide.francaisemadrid\" \/>\n<meta property=\"article:modified_time\" content=\"2025-12-11T21:38:30+00:00\" \/>\n<meta property=\"og:image\" content=\"https:\/\/lentraide.es\/wp-content\/uploads\/2024\/10\/image003.jpg\" \/>\n\t<meta property=\"og:image:width\" content=\"527\" \/>\n\t<meta property=\"og:image:height\" content=\"1500\" \/>\n\t<meta property=\"og:image:type\" content=\"image\/jpeg\" \/>\n<meta name=\"twitter:card\" content=\"summary_large_image\" \/>\n<meta name=\"twitter:label1\" content=\"Tiempo de lectura\" \/>\n\t<meta name=\"twitter:data1\" content=\"1 minute\" \/>\n<script type=\"application\/ld+json\" class=\"yoast-schema-graph\">{\"@context\":\"https:\/\/schema.org\",\"@graph\":[{\"@type\":\"WebPage\",\"@id\":\"https:\/\/lentraide.es\/fr\/tienda\/champagne-brut-la-vallee\/\",\"url\":\"https:\/\/lentraide.es\/fr\/tienda\/champagne-brut-la-vallee\/\",\"name\":\"Champagne Brut La Malaurie - La Vall\u00e9e | Entraide Fran\u00e7aise\",\"isPartOf\":{\"@id\":\"https:\/\/lentraide.es\/fr\/#website\"},\"primaryImageOfPage\":{\"@id\":\"https:\/\/lentraide.es\/fr\/tienda\/champagne-brut-la-vallee\/#primaryimage\"},\"image\":{\"@id\":\"https:\/\/lentraide.es\/fr\/tienda\/champagne-brut-la-vallee\/#primaryimage\"},\"thumbnailUrl\":\"https:\/\/lentraide.es\/wp-content\/uploads\/2024\/10\/image003.jpg\",\"datePublished\":\"2025-10-30T16:03:09+00:00\",\"dateModified\":\"2025-12-11T21:38:30+00:00\",\"breadcrumb\":{\"@id\":\"https:\/\/lentraide.es\/fr\/tienda\/champagne-brut-la-vallee\/#breadcrumb\"},\"inLanguage\":\"es\",\"potentialAction\":[{\"@type\":\"ReadAction\",\"target\":[\"https:\/\/lentraide.es\/fr\/tienda\/champagne-brut-la-vallee\/\"]}]},{\"@type\":\"ImageObject\",\"inLanguage\":\"es\",\"@id\":\"https:\/\/lentraide.es\/fr\/tienda\/champagne-brut-la-vallee\/#primaryimage\",\"url\":\"https:\/\/lentraide.es\/wp-content\/uploads\/2024\/10\/image003.jpg\",\"contentUrl\":\"https:\/\/lentraide.es\/wp-content\/uploads\/2024\/10\/image003.jpg\",\"width\":527,\"height\":1500},{\"@type\":\"BreadcrumbList\",\"@id\":\"https:\/\/lentraide.es\/fr\/tienda\/champagne-brut-la-vallee\/#breadcrumb\",\"itemListElement\":[{\"@type\":\"ListItem\",\"position\":1,\"name\":\"Accueil\",\"item\":\"https:\/\/lentraide.es\/fr\/\"},{\"@type\":\"ListItem\",\"position\":2,\"name\":\"Boutique\",\"item\":\"https:\/\/lentraide.es\/fr\/boutique-new\/\"},{\"@type\":\"ListItem\",\"position\":3,\"name\":\"Champagne Brut La Malaurie &#8211; La Vall\u00e9e\"}]},{\"@type\":\"WebSite\",\"@id\":\"https:\/\/lentraide.es\/fr\/#website\",\"url\":\"https:\/\/lentraide.es\/fr\/\",\"name\":\"Entraide Fran\u00e7aise\",\"description\":\"Une main tendue vers la France\",\"publisher\":{\"@id\":\"https:\/\/lentraide.es\/fr\/#organization\"},\"alternateName\":\"L'entraide\",\"potentialAction\":[{\"@type\":\"SearchAction\",\"target\":{\"@type\":\"EntryPoint\",\"urlTemplate\":\"https:\/\/lentraide.es\/fr\/?s={search_term_string}\"},\"query-input\":{\"@type\":\"PropertyValueSpecification\",\"valueRequired\":true,\"valueName\":\"search_term_string\"}}],\"inLanguage\":\"es\"},{\"@type\":\"Organization\",\"@id\":\"https:\/\/lentraide.es\/fr\/#organization\",\"name\":\"Entraide Fran\u00e7aise\",\"alternateName\":\"L'entraide\",\"url\":\"https:\/\/lentraide.es\/fr\/\",\"logo\":{\"@type\":\"ImageObject\",\"inLanguage\":\"es\",\"@id\":\"https:\/\/lentraide.es\/fr\/#\/schema\/logo\/image\/\",\"url\":\"https:\/\/lentraide.es\/wp-content\/uploads\/2015\/07\/LOGO-azul2.png\",\"contentUrl\":\"https:\/\/lentraide.es\/wp-content\/uploads\/2015\/07\/LOGO-azul2.png\",\"width\":232,\"height\":146,\"caption\":\"Entraide Fran\u00e7aise\"},\"image\":{\"@id\":\"https:\/\/lentraide.es\/fr\/#\/schema\/logo\/image\/\"},\"sameAs\":[\"https:\/\/www.facebook.com\/entraide.francaisemadrid\",\"https:\/\/www.instagram.com\/entraidefrancaisemadrid\/\"]}]}<\/script>\n<!-- \/ Yoast SEO plugin. -->","yoast_head_json":{"title":"Champagne Brut La Malaurie - La Vall\u00e9e | Entraide Fran\u00e7aise","robots":{"index":"index","follow":"follow","max-snippet":"max-snippet:-1","max-image-preview":"max-image-preview:large","max-video-preview":"max-video-preview:-1"},"canonical":"https:\/\/lentraide.es\/fr\/tienda\/champagne-brut-la-vallee\/","og_locale":"fr_FR","og_type":"article","og_title":"Champagne Brut La Malaurie - La Vall\u00e9e | Entraide Fran\u00e7aise","og_description":"Champagnes LA MALAURIE \u2013 Famille THIBAUT  Brut La Vall\u00e9e Assemblage de trois c\u00e9pages champenois de vignes de la r\u00e9gion d\u2019Epernay. -----------------  Pour les ventes sur le site web, il est IMP\u00c9RATIF de choisir la modalit\u00e9 de livraison via le produit Livraison : https:\/\/lentraide.es\/fr\/tienda\/livraison-champagne-vins\/   le transport est GRATUIT sur MADRID (Province de Madrid) en dehors de ce p\u00e9rim\u00e8tre, il vous est demand\u00e9 10 \u20ac pour une ou deux caisses, et 15 \u20ac pour 3 caisses et plus. Iles Bal\u00e9ares et Canaries, merci de vous renseigner aupr\u00e8s de Bruno 639 70 79 02.","og_url":"https:\/\/lentraide.es\/fr\/tienda\/champagne-brut-la-vallee\/","og_site_name":"Entraide Fran\u00e7aise","article_publisher":"https:\/\/www.facebook.com\/entraide.francaisemadrid","article_modified_time":"2025-12-11T21:38:30+00:00","og_image":[{"width":527,"height":1500,"url":"https:\/\/lentraide.es\/wp-content\/uploads\/2024\/10\/image003.jpg","type":"image\/jpeg"}],"twitter_card":"summary_large_image","twitter_misc":{"Tiempo de lectura":"1 minute"},"schema":{"@context":"https:\/\/schema.org","@graph":[{"@type":"WebPage","@id":"https:\/\/lentraide.es\/fr\/tienda\/champagne-brut-la-vallee\/","url":"https:\/\/lentraide.es\/fr\/tienda\/champagne-brut-la-vallee\/","name":"Champagne Brut La Malaurie - La Vall\u00e9e | Entraide Fran\u00e7aise","isPartOf":{"@id":"https:\/\/lentraide.es\/fr\/#website"},"primaryImageOfPage":{"@id":"https:\/\/lentraide.es\/fr\/tienda\/champagne-brut-la-vallee\/#primaryimage"},"image":{"@id":"https:\/\/lentraide.es\/fr\/tienda\/champagne-brut-la-vallee\/#primaryimage"},"thumbnailUrl":"https:\/\/lentraide.es\/wp-content\/uploads\/2024\/10\/image003.jpg","datePublished":"2025-10-30T16:03:09+00:00","dateModified":"2025-12-11T21:38:30+00:00","breadcrumb":{"@id":"https:\/\/lentraide.es\/fr\/tienda\/champagne-brut-la-vallee\/#breadcrumb"},"inLanguage":"es","potentialAction":[{"@type":"ReadAction","target":["https:\/\/lentraide.es\/fr\/tienda\/champagne-brut-la-vallee\/"]}]},{"@type":"ImageObject","inLanguage":"es","@id":"https:\/\/lentraide.es\/fr\/tienda\/champagne-brut-la-vallee\/#primaryimage","url":"https:\/\/lentraide.es\/wp-content\/uploads\/2024\/10\/image003.jpg","contentUrl":"https:\/\/lentraide.es\/wp-content\/uploads\/2024\/10\/image003.jpg","width":527,"height":1500},{"@type":"BreadcrumbList","@id":"https:\/\/lentraide.es\/fr\/tienda\/champagne-brut-la-vallee\/#breadcrumb","itemListElement":[{"@type":"ListItem","position":1,"name":"Accueil","item":"https:\/\/lentraide.es\/fr\/"},{"@type":"ListItem","position":2,"name":"Boutique","item":"https:\/\/lentraide.es\/fr\/boutique-new\/"},{"@type":"ListItem","position":3,"name":"Champagne Brut La Malaurie &#8211; La Vall\u00e9e"}]},{"@type":"WebSite","@id":"https:\/\/lentraide.es\/fr\/#website","url":"https:\/\/lentraide.es\/fr\/","name":"Entraide Fran\u00e7aise","description":"Une main tendue vers la France","publisher":{"@id":"https:\/\/lentraide.es\/fr\/#organization"},"alternateName":"L'entraide","potentialAction":[{"@type":"SearchAction","target":{"@type":"EntryPoint","urlTemplate":"https:\/\/lentraide.es\/fr\/?s={search_term_string}"},"query-input":{"@type":"PropertyValueSpecification","valueRequired":true,"valueName":"search_term_string"}}],"inLanguage":"es"},{"@type":"Organization","@id":"https:\/\/lentraide.es\/fr\/#organization","name":"Entraide Fran\u00e7aise","alternateName":"L'entraide","url":"https:\/\/lentraide.es\/fr\/","logo":{"@type":"ImageObject","inLanguage":"es","@id":"https:\/\/lentraide.es\/fr\/#\/schema\/logo\/image\/","url":"https:\/\/lentraide.es\/wp-content\/uploads\/2015\/07\/LOGO-azul2.png","contentUrl":"https:\/\/lentraide.es\/wp-content\/uploads\/2015\/07\/LOGO-azul2.png","width":232,"height":146,"caption":"Entraide Fran\u00e7aise"},"image":{"@id":"https:\/\/lentraide.es\/fr\/#\/schema\/logo\/image\/"},"sameAs":["https:\/\/www.facebook.com\/entraide.francaisemadrid","https:\/\/www.instagram.com\/entraidefrancaisemadrid\/"]}]}},"_links":{"self":[{"href":"https:\/\/lentraide.es\/fr\/wp-json\/wp\/v2\/product\/62005","targetHints":{"allow":["GET"]}}],"collection":[{"href":"https:\/\/lentraide.es\/fr\/wp-json\/wp\/v2\/product"}],"about":[{"href":"https:\/\/lentraide.es\/fr\/wp-json\/wp\/v2\/types\/product"}],"wp:featuredmedia":[{"embeddable":true,"href":"https:\/\/lentraide.es\/fr\/wp-json\/wp\/v2\/media\/61670"}],"wp:attachment":[{"href":"https:\/\/lentraide.es\/fr\/wp-json\/wp\/v2\/media?parent=62005"}],"wp:term":[{"taxonomy":"product_brand","embeddable":true,"href":"https:\/\/lentraide.es\/fr\/wp-json\/wp\/v2\/product_brand?post=62005"},{"taxonomy":"product_cat","embeddable":true,"href":"https:\/\/lentraide.es\/fr\/wp-json\/wp\/v2\/product_cat?post=62005"},{"taxonomy":"product_tag","embeddable":true,"href":"https:\/\/lentraide.es\/fr\/wp-json\/wp\/v2\/product_tag?post=62005"}],"curies":[{"name":"wp","href":"https:\/\/api.w.org\/{rel}","templated":true}]}}