{"id":62328,"date":"2025-11-29T10:57:48","date_gmt":"2025-11-29T09:57:48","guid":{"rendered":"https:\/\/lentraide.es\/?post_type=product&#038;p=62328"},"modified":"2026-01-07T23:32:42","modified_gmt":"2026-01-07T22:32:42","slug":"sculpture-lentraide-par-david-vaamonde","status":"publish","type":"product","link":"https:\/\/lentraide.es\/fr\/tienda\/sculpture-lentraide-par-david-vaamonde\/","title":{"rendered":"Sculpture \u00abL&rsquo;entraide\u00a0\u00bb par David Vaamonde"},"content":{"rendered":"","protected":false},"excerpt":{"rendered":"<p>Sculpture en bronze poli avec patine verte, pos\u00e9e sur un socle en marbre blanc. La forme repr\u00e9sente un E symbolisant l\u2019Entraide, avec un c\u0153ur \u00e9voquant la solidarit\u00e9. Une pi\u00e8ce compacte et raffin\u00e9e, cr\u00e9\u00e9e sp\u00e9cialement pour l\u2019Entraide, pens\u00e9e pour transmettre un message de soutien.<\/p>\n<p>Dimensions : 9 cm\u00d7 11 cm, pour une hauteur totale de 12 cm.<\/p>\n<p>Livraison : Sur commande, \u00e0 venir chercher dans les bureaux de l&rsquo;Entraide sur rendez-vous.<\/p>\n<p>&#8212;&#8212;&#8212;&#8212;&#8212;<\/p>\n<p>David Vaamonde (N\u00eemes, 1976) est un artiste pluridisciplinaire qui s\u2019exprime \u00e0 travers la sculpture, la peinture, la gravure et l\u2019illustration. Il a expos\u00e9 aux c\u00f4t\u00e9s de grands noms comme Chillida, Chirino ou Picasso, et travaille avec des galeries \u00e0 Madrid, Paris et en Suisse. Cr\u00e9ateur de plusieurs prix embl\u00e9matiques entre l\u2019Espagne et la France, il d\u00e9veloppe une \u0153uvre fortement li\u00e9e au flamenco, \u00e0 la musique et au jazz. Ses \u0153uvres figurent dans des collections publiques et priv\u00e9es internationales.<\/p>\n<p>L\u2019artiste sera pr\u00e9sent au march\u00e9 de No\u00ebl de l\u2019Entraide \u00e0 l\u2019Eurobuilding le 14 d\u00e9cembre pour pr\u00e9senter quelques-unes de ses \u0153uvres et de ses peintures. Cette sculpture a \u00e9t\u00e9 cr\u00e9\u00e9e sp\u00e9cialement pour l\u2019Entraide.<\/p>\n<p><a href=\"https:\/\/www.vaamondeart.com\/\">https:\/\/www.vaamondeart.com\/<\/a><\/p>\n","protected":false},"featured_media":62330,"template":"","meta":{"_acf_changed":false},"product_brand":[],"product_cat":[166],"product_tag":[],"class_list":{"0":"post-62328","1":"product","2":"type-product","3":"status-publish","4":"has-post-thumbnail","6":"product_cat-vente-de-noel","8":"first","9":"outofstock","10":"shipping-taxable","11":"purchasable","12":"product-type-simple"},"acf":[],"yoast_head":"<!-- This site is optimized with the Yoast SEO plugin v26.9 - https:\/\/yoast.com\/product\/yoast-seo-wordpress\/ -->\n<title>Sculpture &quot;L&#039;entraide&quot; par David Vaamonde | Entraide Fran\u00e7aise<\/title>\n<meta name=\"robots\" content=\"index, follow, max-snippet:-1, max-image-preview:large, max-video-preview:-1\" \/>\n<link rel=\"canonical\" href=\"https:\/\/lentraide.es\/fr\/tienda\/sculpture-lentraide-par-david-vaamonde\/\" \/>\n<meta property=\"og:locale\" content=\"fr_FR\" \/>\n<meta property=\"og:type\" content=\"article\" \/>\n<meta property=\"og:title\" content=\"Sculpture &quot;L&#039;entraide&quot; par David Vaamonde | Entraide Fran\u00e7aise\" \/>\n<meta property=\"og:description\" content=\"Sculpture en bronze poli avec patine verte, pos\u00e9e sur un socle en marbre blanc. La forme repr\u00e9sente un E symbolisant l\u2019Entraide, avec un c\u0153ur \u00e9voquant la solidarit\u00e9. Une pi\u00e8ce compacte et raffin\u00e9e, cr\u00e9\u00e9e sp\u00e9cialement pour l\u2019Entraide, pens\u00e9e pour transmettre un message de soutien.  Dimensions : 9 cm\u00d7 11 cm, pour une hauteur totale de 12 cm.  Livraison : Sur commande, \u00e0 venir chercher dans les bureaux de l&#039;Entraide sur rendez-vous.  ---------------  David Vaamonde (N\u00eemes, 1976) est un artiste pluridisciplinaire qui s\u2019exprime \u00e0 travers la sculpture, la peinture, la gravure et l\u2019illustration. Il a expos\u00e9 aux c\u00f4t\u00e9s de grands noms comme Chillida, Chirino ou Picasso, et travaille avec des galeries \u00e0 Madrid, Paris et en Suisse. Cr\u00e9ateur de plusieurs prix embl\u00e9matiques entre l\u2019Espagne et la France, il d\u00e9veloppe une \u0153uvre fortement li\u00e9e au flamenco, \u00e0 la musique et au jazz. Ses \u0153uvres figurent dans des collections publiques et priv\u00e9es internationales.  L\u2019artiste sera pr\u00e9sent au march\u00e9 de No\u00ebl de l\u2019Entraide \u00e0 l\u2019Eurobuilding le 14 d\u00e9cembre pour pr\u00e9senter quelques-unes de ses \u0153uvres et de ses peintures. Cette sculpture a \u00e9t\u00e9 cr\u00e9\u00e9e sp\u00e9cialement pour l\u2019Entraide.  https:\/\/www.vaamondeart.com\/\" \/>\n<meta property=\"og:url\" content=\"https:\/\/lentraide.es\/fr\/tienda\/sculpture-lentraide-par-david-vaamonde\/\" \/>\n<meta property=\"og:site_name\" content=\"Entraide Fran\u00e7aise\" \/>\n<meta property=\"article:publisher\" content=\"https:\/\/www.facebook.com\/entraide.francaisemadrid\" \/>\n<meta property=\"article:modified_time\" content=\"2026-01-07T22:32:42+00:00\" \/>\n<meta property=\"og:image\" content=\"https:\/\/lentraide.es\/wp-content\/uploads\/2025\/11\/Oeuvre-E_David-Vaamonde.png\" \/>\n\t<meta property=\"og:image:width\" content=\"500\" \/>\n\t<meta property=\"og:image:height\" content=\"500\" \/>\n\t<meta property=\"og:image:type\" content=\"image\/png\" \/>\n<meta name=\"twitter:card\" content=\"summary_large_image\" \/>\n<meta name=\"twitter:label1\" content=\"Tiempo de lectura\" \/>\n\t<meta name=\"twitter:data1\" content=\"1 minute\" \/>\n<script type=\"application\/ld+json\" class=\"yoast-schema-graph\">{\"@context\":\"https:\/\/schema.org\",\"@graph\":[{\"@type\":\"WebPage\",\"@id\":\"https:\/\/lentraide.es\/fr\/tienda\/sculpture-lentraide-par-david-vaamonde\/\",\"url\":\"https:\/\/lentraide.es\/fr\/tienda\/sculpture-lentraide-par-david-vaamonde\/\",\"name\":\"Sculpture \\\"L'entraide\\\" par David Vaamonde | Entraide Fran\u00e7aise\",\"isPartOf\":{\"@id\":\"https:\/\/lentraide.es\/fr\/#website\"},\"primaryImageOfPage\":{\"@id\":\"https:\/\/lentraide.es\/fr\/tienda\/sculpture-lentraide-par-david-vaamonde\/#primaryimage\"},\"image\":{\"@id\":\"https:\/\/lentraide.es\/fr\/tienda\/sculpture-lentraide-par-david-vaamonde\/#primaryimage\"},\"thumbnailUrl\":\"https:\/\/lentraide.es\/wp-content\/uploads\/2025\/11\/Oeuvre-E_David-Vaamonde.png\",\"datePublished\":\"2025-11-29T09:57:48+00:00\",\"dateModified\":\"2026-01-07T22:32:42+00:00\",\"breadcrumb\":{\"@id\":\"https:\/\/lentraide.es\/fr\/tienda\/sculpture-lentraide-par-david-vaamonde\/#breadcrumb\"},\"inLanguage\":\"es\",\"potentialAction\":[{\"@type\":\"ReadAction\",\"target\":[\"https:\/\/lentraide.es\/fr\/tienda\/sculpture-lentraide-par-david-vaamonde\/\"]}]},{\"@type\":\"ImageObject\",\"inLanguage\":\"es\",\"@id\":\"https:\/\/lentraide.es\/fr\/tienda\/sculpture-lentraide-par-david-vaamonde\/#primaryimage\",\"url\":\"https:\/\/lentraide.es\/wp-content\/uploads\/2025\/11\/Oeuvre-E_David-Vaamonde.png\",\"contentUrl\":\"https:\/\/lentraide.es\/wp-content\/uploads\/2025\/11\/Oeuvre-E_David-Vaamonde.png\",\"width\":500,\"height\":500},{\"@type\":\"BreadcrumbList\",\"@id\":\"https:\/\/lentraide.es\/fr\/tienda\/sculpture-lentraide-par-david-vaamonde\/#breadcrumb\",\"itemListElement\":[{\"@type\":\"ListItem\",\"position\":1,\"name\":\"Accueil\",\"item\":\"https:\/\/lentraide.es\/fr\/\"},{\"@type\":\"ListItem\",\"position\":2,\"name\":\"Boutique\",\"item\":\"https:\/\/lentraide.es\/fr\/boutique-new\/\"},{\"@type\":\"ListItem\",\"position\":3,\"name\":\"Sculpture \u00abL&rsquo;entraide\u00a0\u00bb par David Vaamonde\"}]},{\"@type\":\"WebSite\",\"@id\":\"https:\/\/lentraide.es\/fr\/#website\",\"url\":\"https:\/\/lentraide.es\/fr\/\",\"name\":\"Entraide Fran\u00e7aise\",\"description\":\"Une main tendue vers la France\",\"publisher\":{\"@id\":\"https:\/\/lentraide.es\/fr\/#organization\"},\"alternateName\":\"L'entraide\",\"potentialAction\":[{\"@type\":\"SearchAction\",\"target\":{\"@type\":\"EntryPoint\",\"urlTemplate\":\"https:\/\/lentraide.es\/fr\/?s={search_term_string}\"},\"query-input\":{\"@type\":\"PropertyValueSpecification\",\"valueRequired\":true,\"valueName\":\"search_term_string\"}}],\"inLanguage\":\"es\"},{\"@type\":\"Organization\",\"@id\":\"https:\/\/lentraide.es\/fr\/#organization\",\"name\":\"Entraide Fran\u00e7aise\",\"alternateName\":\"L'entraide\",\"url\":\"https:\/\/lentraide.es\/fr\/\",\"logo\":{\"@type\":\"ImageObject\",\"inLanguage\":\"es\",\"@id\":\"https:\/\/lentraide.es\/fr\/#\/schema\/logo\/image\/\",\"url\":\"https:\/\/lentraide.es\/wp-content\/uploads\/2015\/07\/LOGO-azul2.png\",\"contentUrl\":\"https:\/\/lentraide.es\/wp-content\/uploads\/2015\/07\/LOGO-azul2.png\",\"width\":232,\"height\":146,\"caption\":\"Entraide Fran\u00e7aise\"},\"image\":{\"@id\":\"https:\/\/lentraide.es\/fr\/#\/schema\/logo\/image\/\"},\"sameAs\":[\"https:\/\/www.facebook.com\/entraide.francaisemadrid\",\"https:\/\/www.instagram.com\/entraidefrancaisemadrid\/\"]}]}<\/script>\n<!-- \/ Yoast SEO plugin. -->","yoast_head_json":{"title":"Sculpture \"L'entraide\" par David Vaamonde | Entraide Fran\u00e7aise","robots":{"index":"index","follow":"follow","max-snippet":"max-snippet:-1","max-image-preview":"max-image-preview:large","max-video-preview":"max-video-preview:-1"},"canonical":"https:\/\/lentraide.es\/fr\/tienda\/sculpture-lentraide-par-david-vaamonde\/","og_locale":"fr_FR","og_type":"article","og_title":"Sculpture \"L'entraide\" par David Vaamonde | Entraide Fran\u00e7aise","og_description":"Sculpture en bronze poli avec patine verte, pos\u00e9e sur un socle en marbre blanc. La forme repr\u00e9sente un E symbolisant l\u2019Entraide, avec un c\u0153ur \u00e9voquant la solidarit\u00e9. Une pi\u00e8ce compacte et raffin\u00e9e, cr\u00e9\u00e9e sp\u00e9cialement pour l\u2019Entraide, pens\u00e9e pour transmettre un message de soutien.  Dimensions : 9 cm\u00d7 11 cm, pour une hauteur totale de 12 cm.  Livraison : Sur commande, \u00e0 venir chercher dans les bureaux de l'Entraide sur rendez-vous.  ---------------  David Vaamonde (N\u00eemes, 1976) est un artiste pluridisciplinaire qui s\u2019exprime \u00e0 travers la sculpture, la peinture, la gravure et l\u2019illustration. Il a expos\u00e9 aux c\u00f4t\u00e9s de grands noms comme Chillida, Chirino ou Picasso, et travaille avec des galeries \u00e0 Madrid, Paris et en Suisse. Cr\u00e9ateur de plusieurs prix embl\u00e9matiques entre l\u2019Espagne et la France, il d\u00e9veloppe une \u0153uvre fortement li\u00e9e au flamenco, \u00e0 la musique et au jazz. Ses \u0153uvres figurent dans des collections publiques et priv\u00e9es internationales.  L\u2019artiste sera pr\u00e9sent au march\u00e9 de No\u00ebl de l\u2019Entraide \u00e0 l\u2019Eurobuilding le 14 d\u00e9cembre pour pr\u00e9senter quelques-unes de ses \u0153uvres et de ses peintures. Cette sculpture a \u00e9t\u00e9 cr\u00e9\u00e9e sp\u00e9cialement pour l\u2019Entraide.  https:\/\/www.vaamondeart.com\/","og_url":"https:\/\/lentraide.es\/fr\/tienda\/sculpture-lentraide-par-david-vaamonde\/","og_site_name":"Entraide Fran\u00e7aise","article_publisher":"https:\/\/www.facebook.com\/entraide.francaisemadrid","article_modified_time":"2026-01-07T22:32:42+00:00","og_image":[{"width":500,"height":500,"url":"https:\/\/lentraide.es\/wp-content\/uploads\/2025\/11\/Oeuvre-E_David-Vaamonde.png","type":"image\/png"}],"twitter_card":"summary_large_image","twitter_misc":{"Tiempo de lectura":"1 minute"},"schema":{"@context":"https:\/\/schema.org","@graph":[{"@type":"WebPage","@id":"https:\/\/lentraide.es\/fr\/tienda\/sculpture-lentraide-par-david-vaamonde\/","url":"https:\/\/lentraide.es\/fr\/tienda\/sculpture-lentraide-par-david-vaamonde\/","name":"Sculpture \"L'entraide\" par David Vaamonde | Entraide Fran\u00e7aise","isPartOf":{"@id":"https:\/\/lentraide.es\/fr\/#website"},"primaryImageOfPage":{"@id":"https:\/\/lentraide.es\/fr\/tienda\/sculpture-lentraide-par-david-vaamonde\/#primaryimage"},"image":{"@id":"https:\/\/lentraide.es\/fr\/tienda\/sculpture-lentraide-par-david-vaamonde\/#primaryimage"},"thumbnailUrl":"https:\/\/lentraide.es\/wp-content\/uploads\/2025\/11\/Oeuvre-E_David-Vaamonde.png","datePublished":"2025-11-29T09:57:48+00:00","dateModified":"2026-01-07T22:32:42+00:00","breadcrumb":{"@id":"https:\/\/lentraide.es\/fr\/tienda\/sculpture-lentraide-par-david-vaamonde\/#breadcrumb"},"inLanguage":"es","potentialAction":[{"@type":"ReadAction","target":["https:\/\/lentraide.es\/fr\/tienda\/sculpture-lentraide-par-david-vaamonde\/"]}]},{"@type":"ImageObject","inLanguage":"es","@id":"https:\/\/lentraide.es\/fr\/tienda\/sculpture-lentraide-par-david-vaamonde\/#primaryimage","url":"https:\/\/lentraide.es\/wp-content\/uploads\/2025\/11\/Oeuvre-E_David-Vaamonde.png","contentUrl":"https:\/\/lentraide.es\/wp-content\/uploads\/2025\/11\/Oeuvre-E_David-Vaamonde.png","width":500,"height":500},{"@type":"BreadcrumbList","@id":"https:\/\/lentraide.es\/fr\/tienda\/sculpture-lentraide-par-david-vaamonde\/#breadcrumb","itemListElement":[{"@type":"ListItem","position":1,"name":"Accueil","item":"https:\/\/lentraide.es\/fr\/"},{"@type":"ListItem","position":2,"name":"Boutique","item":"https:\/\/lentraide.es\/fr\/boutique-new\/"},{"@type":"ListItem","position":3,"name":"Sculpture \u00abL&rsquo;entraide\u00a0\u00bb par David Vaamonde"}]},{"@type":"WebSite","@id":"https:\/\/lentraide.es\/fr\/#website","url":"https:\/\/lentraide.es\/fr\/","name":"Entraide Fran\u00e7aise","description":"Une main tendue vers la France","publisher":{"@id":"https:\/\/lentraide.es\/fr\/#organization"},"alternateName":"L'entraide","potentialAction":[{"@type":"SearchAction","target":{"@type":"EntryPoint","urlTemplate":"https:\/\/lentraide.es\/fr\/?s={search_term_string}"},"query-input":{"@type":"PropertyValueSpecification","valueRequired":true,"valueName":"search_term_string"}}],"inLanguage":"es"},{"@type":"Organization","@id":"https:\/\/lentraide.es\/fr\/#organization","name":"Entraide Fran\u00e7aise","alternateName":"L'entraide","url":"https:\/\/lentraide.es\/fr\/","logo":{"@type":"ImageObject","inLanguage":"es","@id":"https:\/\/lentraide.es\/fr\/#\/schema\/logo\/image\/","url":"https:\/\/lentraide.es\/wp-content\/uploads\/2015\/07\/LOGO-azul2.png","contentUrl":"https:\/\/lentraide.es\/wp-content\/uploads\/2015\/07\/LOGO-azul2.png","width":232,"height":146,"caption":"Entraide Fran\u00e7aise"},"image":{"@id":"https:\/\/lentraide.es\/fr\/#\/schema\/logo\/image\/"},"sameAs":["https:\/\/www.facebook.com\/entraide.francaisemadrid","https:\/\/www.instagram.com\/entraidefrancaisemadrid\/"]}]}},"_links":{"self":[{"href":"https:\/\/lentraide.es\/fr\/wp-json\/wp\/v2\/product\/62328","targetHints":{"allow":["GET"]}}],"collection":[{"href":"https:\/\/lentraide.es\/fr\/wp-json\/wp\/v2\/product"}],"about":[{"href":"https:\/\/lentraide.es\/fr\/wp-json\/wp\/v2\/types\/product"}],"wp:featuredmedia":[{"embeddable":true,"href":"https:\/\/lentraide.es\/fr\/wp-json\/wp\/v2\/media\/62330"}],"wp:attachment":[{"href":"https:\/\/lentraide.es\/fr\/wp-json\/wp\/v2\/media?parent=62328"}],"wp:term":[{"taxonomy":"product_brand","embeddable":true,"href":"https:\/\/lentraide.es\/fr\/wp-json\/wp\/v2\/product_brand?post=62328"},{"taxonomy":"product_cat","embeddable":true,"href":"https:\/\/lentraide.es\/fr\/wp-json\/wp\/v2\/product_cat?post=62328"},{"taxonomy":"product_tag","embeddable":true,"href":"https:\/\/lentraide.es\/fr\/wp-json\/wp\/v2\/product_tag?post=62328"}],"curies":[{"name":"wp","href":"https:\/\/api.w.org\/{rel}","templated":true}]}}