{"id":62912,"date":"2026-03-01T11:52:47","date_gmt":"2026-03-01T10:52:47","guid":{"rendered":"https:\/\/lentraide.es\/?post_type=product&#038;p=62912"},"modified":"2026-03-17T16:14:49","modified_gmt":"2026-03-17T15:14:49","slug":"theatre-en-francais-le-porteur-dhistoire-ven-17-sam-18-avril","status":"publish","type":"product","link":"https:\/\/lentraide.es\/fr\/tienda\/theatre-en-francais-le-porteur-dhistoire-ven-17-sam-18-avril\/","title":{"rendered":"Th\u00e9\u00e2tre en fran\u00e7ais &#8211; Le Porteur d&rsquo;Histoire &#8211; Ven 17 &#038; Sam 18 Avril"},"content":{"rendered":"","protected":false},"excerpt":{"rendered":"<h2><\/h2>\n<h2>Th\u00e9\u00e2tre en Fran\u00e7ais<\/h2>\n<h2><\/h2>\n<h2>LE PORTEUR D\u2019HISTOIRE d&rsquo;Alexis Michalik.<\/h2>\n<p>&nbsp;<\/p>\n<h2>Nouvelle mise en sc\u00e8ne de la troupe Th\u00e9\u00e2tre &amp; Solidarit\u00e9.<\/h2>\n<p>&nbsp;<\/p>\n<h4>Venez assister \u00e0 une enqu\u00eate haletante qui vous tiendra en alerte du d\u00e9but \u00e0 la fin.<\/h4>\n<p>&nbsp;<\/p>\n<h4>Pi\u00e8ce doublement r\u00e9compens\u00e9e aux Moli\u00e8res 2014.<\/h4>\n<p>&nbsp;<\/p>\n<h4><strong>Repr\u00e9sentations<\/strong><\/h4>\n<h4><strong>* Vendredi 17 avril \u00e0 20 h<\/strong><\/h4>\n<h4><strong>* Samedi 18 avril \u00e0 17 h et \u00e0 20 h<\/strong><\/h4>\n<h4><strong>Institut Fran\u00e7ais de Madrid, c\/ Marqu\u00e9s de la Ensenada, 10<\/strong><\/h4>\n<p>&nbsp;<\/p>\n<p><strong>Synopsis :<\/strong><\/p>\n<p>Une disparition.<br \/>\nUn tr\u00e9sor.<br \/>\nUn saut dans le temps jusqu\u2019en l\u2019an 258.<\/p>\n<p>Six acteurs incarnent des dizaines de personnages \u2014 de Alexandre Dumas au pape Cl\u00e9ment VI, en passant par Eug\u00e8ne Delacroix et bien d\u2019autres \u2014 dans une travers\u00e9e extraordinaire des \u00e9poques.<\/p>\n<p>Un voyage de ville en ville, \u00e0 travers pays et continents, o\u00f9 les destins se croisent et les histoires s\u2019entrelacent.<\/p>\n<p>&nbsp;<\/p>\n<p><em>Avec :<br \/>\nRobert Fillias, Cl\u00e9mence Larroumet, Lara Harfouche, C\u00e9dric Delassise, Adrien Clamens et David Thibodeau.<\/em><\/p>\n","protected":false},"featured_media":62927,"template":"","meta":{"_acf_changed":false},"product_brand":[],"product_cat":[149],"product_tag":[],"class_list":{"0":"post-62912","1":"product","2":"type-product","3":"status-publish","4":"has-post-thumbnail","6":"product_cat-evenements","8":"first","9":"instock","10":"shipping-taxable","11":"purchasable","12":"product-type-variable"},"acf":[],"yoast_head":"<!-- This site is optimized with the Yoast SEO plugin v27.3 - https:\/\/yoast.com\/product\/yoast-seo-wordpress\/ -->\n<title>Th\u00e9\u00e2tre en fran\u00e7ais - Le Porteur d&#039;Histoire - Ven 17 &amp; Sam 18 Avril | Entraide Fran\u00e7aise<\/title>\n<meta name=\"robots\" content=\"index, follow, max-snippet:-1, max-image-preview:large, max-video-preview:-1\" \/>\n<link rel=\"canonical\" href=\"https:\/\/lentraide.es\/fr\/tienda\/theatre-en-francais-le-porteur-dhistoire-ven-17-sam-18-avril\/\" \/>\n<meta property=\"og:locale\" content=\"fr_FR\" \/>\n<meta property=\"og:type\" content=\"article\" \/>\n<meta property=\"og:title\" content=\"Th\u00e9\u00e2tre en fran\u00e7ais - Le Porteur d&#039;Histoire - Ven 17 &amp; Sam 18 Avril | Entraide Fran\u00e7aise\" \/>\n<meta property=\"og:description\" content=\"Th\u00e9\u00e2tre en Fran\u00e7ais  LE PORTEUR D\u2019HISTOIRE d&#039;Alexis Michalik. &nbsp; Nouvelle mise en sc\u00e8ne de la troupe Th\u00e9\u00e2tre &amp; Solidarit\u00e9. &nbsp; Venez assister \u00e0 une enqu\u00eate haletante qui vous tiendra en alerte du d\u00e9but \u00e0 la fin. &nbsp; Pi\u00e8ce doublement r\u00e9compens\u00e9e aux Moli\u00e8res 2014. &nbsp; Repr\u00e9sentations * Vendredi 17 avril \u00e0 20 h * Samedi 18 avril \u00e0 17 h et \u00e0 20 h Institut Fran\u00e7ais de Madrid, c\/ Marqu\u00e9s de la Ensenada, 10 &nbsp;  Synopsis :  Une disparition. Un tr\u00e9sor. Un saut dans le temps jusqu\u2019en l\u2019an 258.  Six acteurs incarnent des dizaines de personnages \u2014 de Alexandre Dumas au pape Cl\u00e9ment VI, en passant par Eug\u00e8ne Delacroix et bien d\u2019autres \u2014 dans une travers\u00e9e extraordinaire des \u00e9poques.  Un voyage de ville en ville, \u00e0 travers pays et continents, o\u00f9 les destins se croisent et les histoires s\u2019entrelacent.  &nbsp;  Avec : Robert Fillias, Cl\u00e9mence Larroumet, Lara Harfouche, C\u00e9dric Delassise, Adrien Clamens et David Thibodeau.\" \/>\n<meta property=\"og:url\" content=\"https:\/\/lentraide.es\/fr\/tienda\/theatre-en-francais-le-porteur-dhistoire-ven-17-sam-18-avril\/\" \/>\n<meta property=\"og:site_name\" content=\"Entraide Fran\u00e7aise\" \/>\n<meta property=\"article:publisher\" content=\"https:\/\/www.facebook.com\/entraide.francaisemadrid\" \/>\n<meta property=\"article:modified_time\" content=\"2026-03-17T15:14:49+00:00\" \/>\n<meta property=\"og:image\" content=\"https:\/\/lentraide.es\/wp-content\/uploads\/2026\/03\/Porteur-Histoire-Billets.png\" \/>\n\t<meta property=\"og:image:width\" content=\"500\" \/>\n\t<meta property=\"og:image:height\" content=\"500\" \/>\n\t<meta property=\"og:image:type\" content=\"image\/png\" \/>\n<meta name=\"twitter:card\" content=\"summary_large_image\" \/>\n<meta name=\"twitter:label1\" content=\"Tiempo de lectura\" \/>\n\t<meta name=\"twitter:data1\" content=\"1 minute\" \/>\n<script type=\"application\/ld+json\" class=\"yoast-schema-graph\">{\"@context\":\"https:\\\/\\\/schema.org\",\"@graph\":[{\"@type\":\"WebPage\",\"@id\":\"https:\\\/\\\/lentraide.es\\\/fr\\\/tienda\\\/theatre-en-francais-le-porteur-dhistoire-ven-17-sam-18-avril\\\/\",\"url\":\"https:\\\/\\\/lentraide.es\\\/fr\\\/tienda\\\/theatre-en-francais-le-porteur-dhistoire-ven-17-sam-18-avril\\\/\",\"name\":\"Th\u00e9\u00e2tre en fran\u00e7ais - Le Porteur d'Histoire - Ven 17 & Sam 18 Avril | Entraide Fran\u00e7aise\",\"isPartOf\":{\"@id\":\"https:\\\/\\\/lentraide.es\\\/fr\\\/#website\"},\"primaryImageOfPage\":{\"@id\":\"https:\\\/\\\/lentraide.es\\\/fr\\\/tienda\\\/theatre-en-francais-le-porteur-dhistoire-ven-17-sam-18-avril\\\/#primaryimage\"},\"image\":{\"@id\":\"https:\\\/\\\/lentraide.es\\\/fr\\\/tienda\\\/theatre-en-francais-le-porteur-dhistoire-ven-17-sam-18-avril\\\/#primaryimage\"},\"thumbnailUrl\":\"https:\\\/\\\/lentraide.es\\\/wp-content\\\/uploads\\\/2026\\\/03\\\/Porteur-Histoire-Billets.png\",\"datePublished\":\"2026-03-01T10:52:47+00:00\",\"dateModified\":\"2026-03-17T15:14:49+00:00\",\"breadcrumb\":{\"@id\":\"https:\\\/\\\/lentraide.es\\\/fr\\\/tienda\\\/theatre-en-francais-le-porteur-dhistoire-ven-17-sam-18-avril\\\/#breadcrumb\"},\"inLanguage\":\"es\",\"potentialAction\":[{\"@type\":\"ReadAction\",\"target\":[\"https:\\\/\\\/lentraide.es\\\/fr\\\/tienda\\\/theatre-en-francais-le-porteur-dhistoire-ven-17-sam-18-avril\\\/\"]}]},{\"@type\":\"ImageObject\",\"inLanguage\":\"es\",\"@id\":\"https:\\\/\\\/lentraide.es\\\/fr\\\/tienda\\\/theatre-en-francais-le-porteur-dhistoire-ven-17-sam-18-avril\\\/#primaryimage\",\"url\":\"https:\\\/\\\/lentraide.es\\\/wp-content\\\/uploads\\\/2026\\\/03\\\/Porteur-Histoire-Billets.png\",\"contentUrl\":\"https:\\\/\\\/lentraide.es\\\/wp-content\\\/uploads\\\/2026\\\/03\\\/Porteur-Histoire-Billets.png\",\"width\":500,\"height\":500},{\"@type\":\"BreadcrumbList\",\"@id\":\"https:\\\/\\\/lentraide.es\\\/fr\\\/tienda\\\/theatre-en-francais-le-porteur-dhistoire-ven-17-sam-18-avril\\\/#breadcrumb\",\"itemListElement\":[{\"@type\":\"ListItem\",\"position\":1,\"name\":\"Accueil\",\"item\":\"https:\\\/\\\/lentraide.es\\\/fr\\\/\"},{\"@type\":\"ListItem\",\"position\":2,\"name\":\"Boutique\",\"item\":\"https:\\\/\\\/lentraide.es\\\/fr\\\/boutique-new\\\/\"},{\"@type\":\"ListItem\",\"position\":3,\"name\":\"Th\u00e9\u00e2tre en fran\u00e7ais &#8211; Le Porteur d&rsquo;Histoire &#8211; Ven 17 &#038; Sam 18 Avril\"}]},{\"@type\":\"WebSite\",\"@id\":\"https:\\\/\\\/lentraide.es\\\/fr\\\/#website\",\"url\":\"https:\\\/\\\/lentraide.es\\\/fr\\\/\",\"name\":\"Entraide Fran\u00e7aise\",\"description\":\"Une main tendue vers la France\",\"publisher\":{\"@id\":\"https:\\\/\\\/lentraide.es\\\/fr\\\/#organization\"},\"alternateName\":\"L'entraide\",\"potentialAction\":[{\"@type\":\"SearchAction\",\"target\":{\"@type\":\"EntryPoint\",\"urlTemplate\":\"https:\\\/\\\/lentraide.es\\\/fr\\\/?s={search_term_string}\"},\"query-input\":{\"@type\":\"PropertyValueSpecification\",\"valueRequired\":true,\"valueName\":\"search_term_string\"}}],\"inLanguage\":\"es\"},{\"@type\":\"Organization\",\"@id\":\"https:\\\/\\\/lentraide.es\\\/fr\\\/#organization\",\"name\":\"Entraide Fran\u00e7aise\",\"alternateName\":\"L'entraide\",\"url\":\"https:\\\/\\\/lentraide.es\\\/fr\\\/\",\"logo\":{\"@type\":\"ImageObject\",\"inLanguage\":\"es\",\"@id\":\"https:\\\/\\\/lentraide.es\\\/fr\\\/#\\\/schema\\\/logo\\\/image\\\/\",\"url\":\"https:\\\/\\\/lentraide.es\\\/wp-content\\\/uploads\\\/2015\\\/07\\\/LOGO-azul2.png\",\"contentUrl\":\"https:\\\/\\\/lentraide.es\\\/wp-content\\\/uploads\\\/2015\\\/07\\\/LOGO-azul2.png\",\"width\":232,\"height\":146,\"caption\":\"Entraide Fran\u00e7aise\"},\"image\":{\"@id\":\"https:\\\/\\\/lentraide.es\\\/fr\\\/#\\\/schema\\\/logo\\\/image\\\/\"},\"sameAs\":[\"https:\\\/\\\/www.facebook.com\\\/entraide.francaisemadrid\",\"https:\\\/\\\/www.instagram.com\\\/entraidefrancaisemadrid\\\/\"]}]}<\/script>\n<!-- \/ Yoast SEO plugin. -->","yoast_head_json":{"title":"Th\u00e9\u00e2tre en fran\u00e7ais - Le Porteur d'Histoire - Ven 17 & Sam 18 Avril | Entraide Fran\u00e7aise","robots":{"index":"index","follow":"follow","max-snippet":"max-snippet:-1","max-image-preview":"max-image-preview:large","max-video-preview":"max-video-preview:-1"},"canonical":"https:\/\/lentraide.es\/fr\/tienda\/theatre-en-francais-le-porteur-dhistoire-ven-17-sam-18-avril\/","og_locale":"fr_FR","og_type":"article","og_title":"Th\u00e9\u00e2tre en fran\u00e7ais - Le Porteur d'Histoire - Ven 17 & Sam 18 Avril | Entraide Fran\u00e7aise","og_description":"Th\u00e9\u00e2tre en Fran\u00e7ais  LE PORTEUR D\u2019HISTOIRE d'Alexis Michalik. &nbsp; Nouvelle mise en sc\u00e8ne de la troupe Th\u00e9\u00e2tre &amp; Solidarit\u00e9. &nbsp; Venez assister \u00e0 une enqu\u00eate haletante qui vous tiendra en alerte du d\u00e9but \u00e0 la fin. &nbsp; Pi\u00e8ce doublement r\u00e9compens\u00e9e aux Moli\u00e8res 2014. &nbsp; Repr\u00e9sentations * Vendredi 17 avril \u00e0 20 h * Samedi 18 avril \u00e0 17 h et \u00e0 20 h Institut Fran\u00e7ais de Madrid, c\/ Marqu\u00e9s de la Ensenada, 10 &nbsp;  Synopsis :  Une disparition. Un tr\u00e9sor. Un saut dans le temps jusqu\u2019en l\u2019an 258.  Six acteurs incarnent des dizaines de personnages \u2014 de Alexandre Dumas au pape Cl\u00e9ment VI, en passant par Eug\u00e8ne Delacroix et bien d\u2019autres \u2014 dans une travers\u00e9e extraordinaire des \u00e9poques.  Un voyage de ville en ville, \u00e0 travers pays et continents, o\u00f9 les destins se croisent et les histoires s\u2019entrelacent.  &nbsp;  Avec : Robert Fillias, Cl\u00e9mence Larroumet, Lara Harfouche, C\u00e9dric Delassise, Adrien Clamens et David Thibodeau.","og_url":"https:\/\/lentraide.es\/fr\/tienda\/theatre-en-francais-le-porteur-dhistoire-ven-17-sam-18-avril\/","og_site_name":"Entraide Fran\u00e7aise","article_publisher":"https:\/\/www.facebook.com\/entraide.francaisemadrid","article_modified_time":"2026-03-17T15:14:49+00:00","og_image":[{"width":500,"height":500,"url":"https:\/\/lentraide.es\/wp-content\/uploads\/2026\/03\/Porteur-Histoire-Billets.png","type":"image\/png"}],"twitter_card":"summary_large_image","twitter_misc":{"Tiempo de lectura":"1 minute"},"schema":{"@context":"https:\/\/schema.org","@graph":[{"@type":"WebPage","@id":"https:\/\/lentraide.es\/fr\/tienda\/theatre-en-francais-le-porteur-dhistoire-ven-17-sam-18-avril\/","url":"https:\/\/lentraide.es\/fr\/tienda\/theatre-en-francais-le-porteur-dhistoire-ven-17-sam-18-avril\/","name":"Th\u00e9\u00e2tre en fran\u00e7ais - Le Porteur d'Histoire - Ven 17 & Sam 18 Avril | Entraide Fran\u00e7aise","isPartOf":{"@id":"https:\/\/lentraide.es\/fr\/#website"},"primaryImageOfPage":{"@id":"https:\/\/lentraide.es\/fr\/tienda\/theatre-en-francais-le-porteur-dhistoire-ven-17-sam-18-avril\/#primaryimage"},"image":{"@id":"https:\/\/lentraide.es\/fr\/tienda\/theatre-en-francais-le-porteur-dhistoire-ven-17-sam-18-avril\/#primaryimage"},"thumbnailUrl":"https:\/\/lentraide.es\/wp-content\/uploads\/2026\/03\/Porteur-Histoire-Billets.png","datePublished":"2026-03-01T10:52:47+00:00","dateModified":"2026-03-17T15:14:49+00:00","breadcrumb":{"@id":"https:\/\/lentraide.es\/fr\/tienda\/theatre-en-francais-le-porteur-dhistoire-ven-17-sam-18-avril\/#breadcrumb"},"inLanguage":"es","potentialAction":[{"@type":"ReadAction","target":["https:\/\/lentraide.es\/fr\/tienda\/theatre-en-francais-le-porteur-dhistoire-ven-17-sam-18-avril\/"]}]},{"@type":"ImageObject","inLanguage":"es","@id":"https:\/\/lentraide.es\/fr\/tienda\/theatre-en-francais-le-porteur-dhistoire-ven-17-sam-18-avril\/#primaryimage","url":"https:\/\/lentraide.es\/wp-content\/uploads\/2026\/03\/Porteur-Histoire-Billets.png","contentUrl":"https:\/\/lentraide.es\/wp-content\/uploads\/2026\/03\/Porteur-Histoire-Billets.png","width":500,"height":500},{"@type":"BreadcrumbList","@id":"https:\/\/lentraide.es\/fr\/tienda\/theatre-en-francais-le-porteur-dhistoire-ven-17-sam-18-avril\/#breadcrumb","itemListElement":[{"@type":"ListItem","position":1,"name":"Accueil","item":"https:\/\/lentraide.es\/fr\/"},{"@type":"ListItem","position":2,"name":"Boutique","item":"https:\/\/lentraide.es\/fr\/boutique-new\/"},{"@type":"ListItem","position":3,"name":"Th\u00e9\u00e2tre en fran\u00e7ais &#8211; Le Porteur d&rsquo;Histoire &#8211; Ven 17 &#038; Sam 18 Avril"}]},{"@type":"WebSite","@id":"https:\/\/lentraide.es\/fr\/#website","url":"https:\/\/lentraide.es\/fr\/","name":"Entraide Fran\u00e7aise","description":"Une main tendue vers la France","publisher":{"@id":"https:\/\/lentraide.es\/fr\/#organization"},"alternateName":"L'entraide","potentialAction":[{"@type":"SearchAction","target":{"@type":"EntryPoint","urlTemplate":"https:\/\/lentraide.es\/fr\/?s={search_term_string}"},"query-input":{"@type":"PropertyValueSpecification","valueRequired":true,"valueName":"search_term_string"}}],"inLanguage":"es"},{"@type":"Organization","@id":"https:\/\/lentraide.es\/fr\/#organization","name":"Entraide Fran\u00e7aise","alternateName":"L'entraide","url":"https:\/\/lentraide.es\/fr\/","logo":{"@type":"ImageObject","inLanguage":"es","@id":"https:\/\/lentraide.es\/fr\/#\/schema\/logo\/image\/","url":"https:\/\/lentraide.es\/wp-content\/uploads\/2015\/07\/LOGO-azul2.png","contentUrl":"https:\/\/lentraide.es\/wp-content\/uploads\/2015\/07\/LOGO-azul2.png","width":232,"height":146,"caption":"Entraide Fran\u00e7aise"},"image":{"@id":"https:\/\/lentraide.es\/fr\/#\/schema\/logo\/image\/"},"sameAs":["https:\/\/www.facebook.com\/entraide.francaisemadrid","https:\/\/www.instagram.com\/entraidefrancaisemadrid\/"]}]}},"_links":{"self":[{"href":"https:\/\/lentraide.es\/fr\/wp-json\/wp\/v2\/product\/62912","targetHints":{"allow":["GET"]}}],"collection":[{"href":"https:\/\/lentraide.es\/fr\/wp-json\/wp\/v2\/product"}],"about":[{"href":"https:\/\/lentraide.es\/fr\/wp-json\/wp\/v2\/types\/product"}],"wp:featuredmedia":[{"embeddable":true,"href":"https:\/\/lentraide.es\/fr\/wp-json\/wp\/v2\/media\/62927"}],"wp:attachment":[{"href":"https:\/\/lentraide.es\/fr\/wp-json\/wp\/v2\/media?parent=62912"}],"wp:term":[{"taxonomy":"product_brand","embeddable":true,"href":"https:\/\/lentraide.es\/fr\/wp-json\/wp\/v2\/product_brand?post=62912"},{"taxonomy":"product_cat","embeddable":true,"href":"https:\/\/lentraide.es\/fr\/wp-json\/wp\/v2\/product_cat?post=62912"},{"taxonomy":"product_tag","embeddable":true,"href":"https:\/\/lentraide.es\/fr\/wp-json\/wp\/v2\/product_tag?post=62912"}],"curies":[{"name":"wp","href":"https:\/\/api.w.org\/{rel}","templated":true}]}}